{"id":66510,"date":"2026-04-30T09:12:37","date_gmt":"2026-04-30T07:12:37","guid":{"rendered":"https:\/\/mf.ag\/?page_id=66510"},"modified":"2026-04-30T15:03:42","modified_gmt":"2026-04-30T13:03:42","slug":"restrukturierung-restrukturierung-in-belgien","status":"publish","type":"page","link":"https:\/\/mf.ag\/de\/restrukturierung-restrukturierung-in-belgien\/","title":{"rendered":"Restrukturierung in Belgien"},"content":{"rendered":"\n<figure class=\"wp-block-image size-large\"><img loading=\"lazy\" decoding=\"async\" width=\"1024\" height=\"576\" src=\"https:\/\/mf.ag\/wp-content\/uploads\/2026\/04\/Website-Bilder-Neu-2026-04-30T082054.263-1-1024x576.png\" alt=\"\" class=\"wp-image-66517\" srcset=\"https:\/\/mf.ag\/wp-content\/uploads\/2026\/04\/Website-Bilder-Neu-2026-04-30T082054.263-1-1024x576.png 1024w, https:\/\/mf.ag\/wp-content\/uploads\/2026\/04\/Website-Bilder-Neu-2026-04-30T082054.263-1-300x169.png 300w, https:\/\/mf.ag\/wp-content\/uploads\/2026\/04\/Website-Bilder-Neu-2026-04-30T082054.263-1-768x432.png 768w, https:\/\/mf.ag\/wp-content\/uploads\/2026\/04\/Website-Bilder-Neu-2026-04-30T082054.263-1-1536x864.png 1536w, https:\/\/mf.ag\/wp-content\/uploads\/2026\/04\/Website-Bilder-Neu-2026-04-30T082054.263-1.png 1920w\" sizes=\"auto, (max-width: 1024px) 100vw, 1024px\" \/><\/figure>\n\n\n\n<p>Bei <a href=\"https:\/\/valtusgroup.com\/\" type=\"link\" id=\"https:\/\/valtusgroup.com\/\" target=\"_blank\" rel=\"noreferrer noopener\">Valtus<\/a> greifen wir auf ein globales Netzwerk von <a href=\"https:\/\/mf.ag\/de\/restrukturierung\/\">Restrukturierungsexpert:innen<\/a> zur\u00fcck, da sich rechtliche Rahmenbedingungen und Restrukturierungskulturen zwischen L\u00e4ndern und Kontinenten unterscheiden. In diesem grenz\u00fcberschreitenden Gespr\u00e4ch teilt <a href=\"https:\/\/www.linkedin.com\/in\/wimdemulder\/\" type=\"link\" id=\"https:\/\/www.linkedin.com\/in\/wimdemulder\/\" target=\"_blank\" rel=\"noreferrer noopener\">Wim De Mulder<\/a>, Partner bei <a href=\"https:\/\/www.valpeo.com\/\" type=\"link\" id=\"https:\/\/www.valpeo.com\/\" target=\"_blank\" rel=\"noreferrer noopener\">VALPEO<\/a> in Br\u00fcssel, seine Erkenntnisse aus jahrzehntelanger Erfahrung im Austausch mit <a href=\"https:\/\/www.linkedin.com\/in\/gildescobar\/\" type=\"link\" id=\"https:\/\/www.linkedin.com\/in\/gildescobar\/\" target=\"_blank\" rel=\"noreferrer noopener\">Juan Manuel Gil de Escobar Delgado<\/a> von <a href=\"https:\/\/epunto.es\/en\/\" type=\"link\" id=\"https:\/\/epunto.es\/en\/\" target=\"_blank\" rel=\"noreferrer noopener\">Epunto Interim<\/a> in Madrid.<\/p>\n\n\n\n<h3 class=\"wp-block-heading\" id=\"h-was-zeichnet-den-rechtlichen-rahmen-fur-insolvenzen-und-restrukturierungen-in-belgien-aus\">Was zeichnet den rechtlichen Rahmen f\u00fcr Insolvenzen und Restrukturierungen in Belgien aus?<\/h3>\n\n\n\n<p>Nach belgischem Recht k\u00f6nnen insolvente Unternehmen ihre Insolvenz vertraulich vorbereiten \u2013 im Rahmen einer sogenannten \u201eStillen Insolvenz\u201c. Dieses vergleichsweise neue Verfahren zielt darauf ab, die negative \u00f6ffentliche Wahrnehmung einer offenen Insolvenz zu vermeiden und gleichzeitig die \u00dcbertragung von Verm\u00f6genswerten oder Gesch\u00e4ftsbetrieben im Rahmen einer Fortf\u00fchrung (\u201egoing concern\u201c) zu erm\u00f6glichen.<\/p>\n\n\n\n<p>Innerhalb eines begrenzten Zeitraums verhandelt die Schuldnerseite diese \u00dcbertragungen vertraulich und unter eingeschr\u00e4nkter gerichtlicher Aufsicht. Sind die Verhandlungen erfolgreich, wird anschlie\u00dfend ein \u00f6ffentliches Insolvenzverfahren er\u00f6ffnet und die \u00dcbertragung dann auch gleich darauf durchgef\u00fchrt.<\/p>\n\n\n\n<p>Das Verfahren wird nur gew\u00e4hrt, wenn glaubhaft gemacht werden kann, dass die vorbereitete Ver\u00e4u\u00dferung eine geordnete Liquidation unterst\u00fctzt und den Interessen von Gl\u00e4ubiger:innen und Mitarbeiter:innen dient. Wird es genehmigt, wird eine potenzielle Insolvenzverwalter:in f\u00fcr bis zu 30 Tage bestellt, verl\u00e4ngerbar auf maximal 60 Tage.<\/p>\n\n\n\n<h3 class=\"wp-block-heading\" id=\"h-was-ist-deiner-erfahrung-nach-der-haufigste-fehler-von-unternehmen-in-der-fruhen-phase-einer-liquiditatskrise\">Was ist deiner Erfahrung nach der h\u00e4ufigste Fehler von Unternehmen in der fr\u00fchen Phase einer Liquidit\u00e4tskrise?<\/h3>\n\n\n\n<p>Unternehmen reagieren h\u00e4ufig zu sp\u00e4t, was ihre Verhandlungsposition deutlich schw\u00e4cht und zu schlechteren Ergebnissen bei Kapitalma\u00dfnahmen oder Kostensenkungen f\u00fchrt.<\/p>\n\n\n\n<p>Ein weiteres h\u00e4ufiges Problem ist ein ineffizientes Forderungsmanagement: Unternehmen treiben offene Forderungen nicht konsequent ein und finanzieren dadurch faktisch ihre Kund:innen zinsfrei \u2013 w\u00e4hrend ihnen selbst die Liquidit\u00e4t ausgeht.<\/p>\n\n\n\n<p>Zus\u00e4tzlich wird der Cash-Zyklus oft vernachl\u00e4ssigt, etwa durch fehlende oder ungenaue kurzfristige Liquidit\u00e4tsplanungen, was zu Fehlentscheidungen und unn\u00f6tig hohen Aufwendungen f\u00fchren kann. Im schlimmsten Fall erfolgt dann parallel auch noch ein Personalaufbau auf Basis veralteter Finanzprognosen, was die Siuation dann erst recht versch\u00e4rft.<\/p>\n\n\n\n<p>Diese Fehler sind kritisch, da Unternehmen auf dem Papier profitabel erscheinen k\u00f6nnen, obwohl sie tats\u00e4chlich in einer Liquidit\u00e4tskrise stecken \u2013 insbesondere bei schnell wachsenden Unternehmen, bei denen Ein- und Auszahlungen nicht im Gleichgewicht sind.<\/p>\n\n\n\n<h3 class=\"wp-block-heading\" id=\"h-wann-und-in-welcher-rolle-sollte-eine-externe-restrukturierungsexpert-in-hinzugezogen-werden-und-wer-sollte-sie-mandatieren\">Wann und in welcher Rolle sollte eine externe Restrukturierungsexpert:in hinzugezogen werden \u2013 und wer sollte sie mandatieren?<\/h3>\n\n\n\n<p>Eine externe Expert:in, etwa als <a href=\"https:\/\/mf.ag\/de\/chief-restructuring-officer\/\" type=\"link\" id=\"https:\/\/mf.ag\/de\/chief-restructuring-officer\/\">CRO<\/a> oder Interim <a href=\"https:\/\/mf.ag\/de\/interim-cfo\/\" type=\"link\" id=\"https:\/\/mf.ag\/en\/interim-cfo\/\">CFO<\/a>, sollte eingebunden werden, wenn ein Unternehmen seinen laufenden Liquidit\u00e4tsbedarf oder seine Schuldenverpflichtungen nicht mehr erf\u00fcllen kann, finanzielle Kennzahlen verletzt, deutliche Ergebnisr\u00fcckg\u00e4nge verzeichnet oder intern nicht \u00fcber ausreichend Know-how f\u00fcr komplexe Turnaround-Situationen verf\u00fcgt.<\/p>\n\n\n\n<p>Auch Druck von Stakeholdern \u2013 etwa von Gl\u00e4ubiger:innen, die eine unabh\u00e4ngige Einsch\u00e4tzung verlangen \u2013 kann diesen Schritt ausl\u00f6sen.<\/p>\n\n\n\n<p>Mandatiert werden solche Expert:innen typischerweise vom Vorstand bzw. Verwaltungsrat, von Gl\u00e4ubiger:innen, der Gesch\u00e4ftsf\u00fchrung, Eigent\u00fcmer:innen oder auch durch Gerichte.<\/p>\n\n\n\n<p>Fr\u00fches Handeln ist entscheidend, da es die Erfolgschancen einer Restrukturierung erheblich erh\u00f6ht. Externe Expert:innen bringen eine unabh\u00e4ngige Perspektive, Glaubw\u00fcrdigkeit gegen\u00fcber Stakeholdern sowie die F\u00e4higkeit mit, schwierige Entscheidungen zu treffen und gleichzeitig eng mit dem bestehenden Management zusammenzuarbeiten.<\/p>\n\n\n\n<h3 class=\"wp-block-heading\" id=\"h-welchen-rat-hast-du-fur-geschaftsfuhrer-innen-von-unternehmen-in-finanziellen-schwierigkeiten\">Welchen Rat hast du f\u00fcr Gesch\u00e4ftsf\u00fchrer:innen von Unternehmen in finanziellen Schwierigkeiten?<\/h3>\n\n\n\n<p>Gesch\u00e4ftsf\u00fchrer:innen sollten die Liquidit\u00e4t und die Entwicklung des Working Capitals. Eine rollierende detaillierte Cashflow-Prognose ist hier unerl\u00e4sslich.<\/p>\n\n\n\n<p>Wichtig ist auch die Erh\u00f6hung der Frequenz von Board- bzw. Gesch\u00e4ftsleitungssitzungen, um finanzielle Entwicklungen laufend zu analysieren und Restrukturierungsma\u00dfnahmen zu bewerten. Entscheidungen sollten sorgf\u00e4ltig dokumentiert werden, um nachweisen zu k\u00f6nnen, dass sie im besten Interesse des Unternehmens getroffen wurden.<\/p>\n\n\n\n<p>In Krisensituationen haben die Interessen der Gl\u00e4ubiger:innen Vorrang vor denen der Anteilseigner:innen. Bei konzerninternen Transaktionen ist besondere Vorsicht geboten. Eine transparente, aber vertrauliche Kommunikation mit Stakeholdern ist bei Unternehmen in Schwierigkeit ebenso wichtig wie das fr\u00fchzeitige Einholen externer Beratung.<\/p>\n\n\n\n<h3 class=\"wp-block-heading\" id=\"h-kannst-du-ein-aktuelles-restrukturierungsbeispiel-aus-belgien-beschreiben\">Kannst du ein aktuelles Restrukturierungsbeispiel aus Belgien beschreiben?<\/h3>\n\n\n\n<p>Ein aktuelles Mandat betraf die Rekapitalisierung und Neuverhandlung der Finanzstruktur eines belgischen Portfoliounternehmens im Besitz einer britischen Private-Equity-Gesellschaft. Ziel war es, die Verschuldung zu reduzieren und die Fortf\u00fchrung des Unternehmens zu sichern.<\/p>\n\n\n\n<p>Der eingesetzte CRO leitete sowohl finanzielle als auch rechtliche Restrukturierungsma\u00dfnahmen ein, er steuerte die Liquidit\u00e4t und f\u00fchrte Verhandlungen mit zentralen Stakeholdern wie Banken, Gl\u00e4ubiger:innen und Investor:innen. Parallel wurden operative Verbesserungen und Kostensenkungen umgesetzt.<\/p>\n\n\n\n<p>Innerhalb von sechs Monaten konnten die Finanzierungsstruktur erfolgreich neu verhandelt werden, wodurch das Unternehmen stabilisiert und seine Gesch\u00e4ftst\u00e4tigkeit gest\u00e4rkt werden konnten.<\/p>\n\n\n\n<h3 class=\"wp-block-heading\" id=\"h-wie-viele-restrukturierungsmanager-innen-umfasst-der-talentpool-von-valpeo\">Wie viele Restrukturierungsmanager:innen umfasst der Talentpool von VALPEO?<\/h3>\n\n\n\n<p>VALPEO verf\u00fcgt \u00fcber rund 75 Restrukturierungsmanager:innen mit umfassender Erfahrung mit Transformationen, Post-<a href=\"https:\/\/mf.ag\/de\/transaktionsberatung\/\" type=\"link\" id=\"https:\/\/mf.ag\/de\/transaktionsberatung\/\">M&amp;A<\/a>-Integrationen und Krisenmanagement. Sie werden je nach Anforderungen und Komplexit\u00e4t passgenau eingesetzt. Im Jahr 2025 schloss VALPEO vierzehn Restrukturierungsmandate ab.<\/p>\n\n\n\n<h3 class=\"wp-block-heading\" id=\"h-wie-effizient-ist-die-zusammenarbeit-zwischen-management-glaubiger-innen-und-gerichten-in-belgien\">Wie effizient ist die Zusammenarbeit zwischen Management, Gl\u00e4ubiger:innen und Gerichten in Belgien?<\/h3>\n\n\n\n<p>Die Zusammenarbeit gilt insgesamt als effizient und ausgewogen \u2013 insbesondere nach Reformen im Jahr 2023, die das belgische Recht an die EU-Restrukturierungsrichtlinie angepasst haben.<\/p>\n\n\n\n<p>Der rechtliche Rahmen verbindet schuldnerfreundliche Instrumente mit dem Schutz der Gl\u00e4ubiger:innen und schafft so ein flexibles System zur Sanierung tragf\u00e4higer Unternehmen.<\/p>\n\n\n\n<h3 class=\"wp-block-heading\" id=\"h-wie-etabliert-ist-private-equity-in-restrukturierungssituationen-in-belgien\">Wie etabliert ist <a href=\"https:\/\/mf.ag\/de\/artikel\/warum-private-equity-unternehmen-executive-interim-managerinnen-einsetzen\/\" type=\"link\" id=\"https:\/\/mf.ag\/de\/artikel\/warum-private-equity-unternehmen-executive-interim-managerinnen-einsetzen\/\">Private Equity<\/a> in Restrukturierungssituationen in Belgien?<\/h3>\n\n\n\n<p>W\u00e4hrend Banken und bestehende Anteilseigner:innen in fr\u00fchen Krisenphasen weiterhin dominieren, gewinnt Private Equity bei der L\u00f6sung von Krisen zunehmend an Bedeutung. Unternehmen wie <a href=\"https:\/\/argos.fund\/de\/startseite-2\/\" type=\"link\" id=\"https:\/\/argos.fund\/de\/startseite-2\/\" target=\"_blank\" rel=\"noreferrer noopener\">Argos Wityu<\/a>, <a href=\"https:\/\/www.cimcapital.be\/\" type=\"link\" id=\"https:\/\/www.cimcapital.be\/\" target=\"_blank\" rel=\"noreferrer noopener\">CIM Capital<\/a> und <a href=\"https:\/\/www.waterlandpe.com\/de\/\" type=\"link\" id=\"https:\/\/www.waterlandpe.com\/de\/\" target=\"_blank\" rel=\"noreferrer noopener\">Waterland Private Equity<\/a> stellen Kapital, Transformationsexpertise und operative Unterst\u00fctzung bereit und schlie\u00dfen damit eine wichtige L\u00fccke im Markt.<\/p>\n\n\n\n<h3 class=\"wp-block-heading\" id=\"h-wie-verhalten-sich-belgische-hausbanken-in-restrukturierungsprozessen\">Wie verhalten sich belgische Hausbanken in Restrukturierungsprozessen?<\/h3>\n\n\n\n<p>Hausbanken in Belgien k\u00f6nnen sowohl unterst\u00fctzende Partner:innen als auch Hindernisse sein. Wird ein Unternehmen als \u00fcberlebensf\u00e4hig eingesch\u00e4tzt und agiert es transparent, so unterst\u00fctzen Banken in der Regel Restrukturierungsma\u00dfnahmen.<\/p>\n\n\n\n<p>Sind die Risiken jedoch hoch oder fehlt es an Transparenz, dann konzentrieren sich Banken st\u00e4rker auf den Schutz ihrer eigenen Bilanzen und verfolgen h\u00e4ufig eine restriktivere Haltung.<\/p>\n\n\n\n<p><\/p>\n","protected":false},"excerpt":{"rendered":"<p>Bei Valtus greifen wir auf ein globales Netzwerk von Restrukturierungsexpert:innen zur\u00fcck, da sich rechtliche Rahmenbedingungen und Restrukturierungskulturen zwischen L\u00e4ndern und Kontinenten unterscheiden. In diesem grenz\u00fcberschreitenden Gespr\u00e4ch teilt Wim De Mulder, Partner bei VALPEO in Br\u00fcssel, seine Erkenntnisse aus jahrzehntelanger Erfahrung im Austausch mit Juan Manuel Gil de Escobar Delgado von Epunto Interim in Madrid. Was [&hellip;]<\/p>\n","protected":false},"author":32,"featured_media":66511,"parent":0,"menu_order":0,"comment_status":"closed","ping_status":"closed","template":"","meta":{"inline_featured_image":false,"footnotes":""},"class_list":["post-66510","page","type-page","status-publish","has-post-thumbnail","hentry"],"featured_image_urls_v2":{"full":["https:\/\/mf.ag\/wp-content\/uploads\/2026\/04\/Website-Bilder-Neu-2026-04-30T082054.263.png",1920,1080,false],"thumbnail":["https:\/\/mf.ag\/wp-content\/uploads\/2026\/04\/Website-Bilder-Neu-2026-04-30T082054.263-250x250.png",250,250,true],"medium":["https:\/\/mf.ag\/wp-content\/uploads\/2026\/04\/Website-Bilder-Neu-2026-04-30T082054.263-300x169.png",300,169,true],"medium_large":["https:\/\/mf.ag\/wp-content\/uploads\/2026\/04\/Website-Bilder-Neu-2026-04-30T082054.263-768x432.png",768,432,true],"large":["https:\/\/mf.ag\/wp-content\/uploads\/2026\/04\/Website-Bilder-Neu-2026-04-30T082054.263-1024x576.png",1024,576,true],"1536x1536":["https:\/\/mf.ag\/wp-content\/uploads\/2026\/04\/Website-Bilder-Neu-2026-04-30T082054.263-1536x864.png",1536,864,true],"2048x2048":["https:\/\/mf.ag\/wp-content\/uploads\/2026\/04\/Website-Bilder-Neu-2026-04-30T082054.263.png",1920,1080,false],"gform-image-choice-sm":["https:\/\/mf.ag\/wp-content\/uploads\/2026\/04\/Website-Bilder-Neu-2026-04-30T082054.263.png",300,169,false],"gform-image-choice-md":["https:\/\/mf.ag\/wp-content\/uploads\/2026\/04\/Website-Bilder-Neu-2026-04-30T082054.263.png",400,225,false],"gform-image-choice-lg":["https:\/\/mf.ag\/wp-content\/uploads\/2026\/04\/Website-Bilder-Neu-2026-04-30T082054.263.png",600,338,false],"profile_24":["https:\/\/mf.ag\/wp-content\/uploads\/2026\/04\/Website-Bilder-Neu-2026-04-30T082054.263-24x24.png",24,24,true],"profile_48":["https:\/\/mf.ag\/wp-content\/uploads\/2026\/04\/Website-Bilder-Neu-2026-04-30T082054.263-48x48.png",48,48,true],"profile_96":["https:\/\/mf.ag\/wp-content\/uploads\/2026\/04\/Website-Bilder-Neu-2026-04-30T082054.263-96x96.png",96,96,true],"profile_150":["https:\/\/mf.ag\/wp-content\/uploads\/2026\/04\/Website-Bilder-Neu-2026-04-30T082054.263-150x150.png",150,150,true],"profile_300":["https:\/\/mf.ag\/wp-content\/uploads\/2026\/04\/Website-Bilder-Neu-2026-04-30T082054.263-300x300.png",300,300,true]},"post_excerpt_stackable_v2":"<p>Bei Valtus greifen wir auf ein globales Netzwerk von Restrukturierungsexpert:innen zur\u00fcck, da sich rechtliche Rahmenbedingungen und Restrukturierungskulturen zwischen L\u00e4ndern und Kontinenten unterscheiden. In diesem grenz\u00fcberschreitenden Gespr\u00e4ch teilt Wim De Mulder, Partner bei VALPEO in Br\u00fcssel, seine Erkenntnisse aus jahrzehntelanger Erfahrung im Austausch mit Juan Manuel Gil de Escobar Delgado von Epunto Interim in Madrid. Was zeichnet den rechtlichen Rahmen f\u00fcr Insolvenzen und Restrukturierungen in Belgien aus? Nach belgischem Recht k\u00f6nnen insolvente Unternehmen ihre Insolvenz vertraulich vorbereiten \u2013 im Rahmen einer sogenannten \u201eStillen Insolvenz\u201c. Dieses vergleichsweise neue Verfahren zielt darauf ab, die negative \u00f6ffentliche Wahrnehmung einer offenen Insolvenz zu vermeiden und&hellip;<\/p>\n","category_list_v2":"","author_info_v2":{"name":"VALTUS Management Factory","url":"https:\/\/mf.ag\/de\/author\/managementfactory\/"},"comments_num_v2":"0 comments","yoast_head":"<!-- This site is optimized with the Yoast SEO Premium plugin v25.8 (Yoast SEO v27.5) - https:\/\/yoast.com\/product\/yoast-seo-premium-wordpress\/ -->\n<title>Restrukturierung in Belgien &#187; Management Factory<\/title>\n<meta name=\"description\" content=\"Bei Valtus Alliance teilen Wim De Mulder und Juan Manuel Gil de Escobar Delgado ihre internationale Restrukturierungsexpertise.\" \/>\n<meta name=\"robots\" content=\"index, follow, max-snippet:-1, max-image-preview:large, max-video-preview:-1\" \/>\n<link rel=\"canonical\" href=\"https:\/\/mf.ag\/de\/restrukturierung-restrukturierung-in-belgien\/\" \/>\n<meta property=\"og:locale\" content=\"de_DE\" \/>\n<meta property=\"og:type\" content=\"article\" \/>\n<meta property=\"og:title\" content=\"Restrukturierung in Belgien\" \/>\n<meta property=\"og:description\" content=\"Bei Valtus Alliance teilen Wim De Mulder und Juan Manuel Gil de Escobar Delgado ihre internationale Restrukturierungsexpertise.\" \/>\n<meta property=\"og:url\" content=\"https:\/\/mf.ag\/de\/restrukturierung-restrukturierung-in-belgien\/\" \/>\n<meta property=\"og:site_name\" content=\"Management Factory\" \/>\n<meta property=\"article:modified_time\" content=\"2026-04-30T13:03:42+00:00\" \/>\n<meta property=\"og:image\" content=\"https:\/\/mf.ag\/wp-content\/uploads\/2026\/04\/Website-Bilder-Neu-2026-04-30T082054.263-1024x576.png\" \/>\n\t<meta property=\"og:image:width\" content=\"1024\" \/>\n\t<meta property=\"og:image:height\" content=\"576\" \/>\n\t<meta property=\"og:image:type\" content=\"image\/png\" \/>\n<meta name=\"twitter:card\" content=\"summary_large_image\" \/>\n<meta name=\"twitter:label1\" content=\"Gesch\u00e4tzte Lesezeit\" \/>\n\t<meta name=\"twitter:data1\" content=\"6\u00a0Minuten\" \/>\n<script type=\"application\/ld+json\" class=\"yoast-schema-graph\">{\"@context\":\"https:\\\/\\\/schema.org\",\"@graph\":[{\"@type\":\"WebPage\",\"@id\":\"https:\\\/\\\/mf.ag\\\/de\\\/restrukturierung-restrukturierung-in-belgien\\\/\",\"url\":\"https:\\\/\\\/mf.ag\\\/de\\\/restrukturierung-restrukturierung-in-belgien\\\/\",\"name\":\"Restrukturierung in Belgien &#187; Management Factory\",\"isPartOf\":{\"@id\":\"https:\\\/\\\/mf.ag\\\/de\\\/#website\"},\"primaryImageOfPage\":{\"@id\":\"https:\\\/\\\/mf.ag\\\/de\\\/restrukturierung-restrukturierung-in-belgien\\\/#primaryimage\"},\"image\":{\"@id\":\"https:\\\/\\\/mf.ag\\\/de\\\/restrukturierung-restrukturierung-in-belgien\\\/#primaryimage\"},\"thumbnailUrl\":\"https:\\\/\\\/mf.ag\\\/wp-content\\\/uploads\\\/2026\\\/04\\\/Website-Bilder-Neu-2026-04-30T082054.263.png\",\"datePublished\":\"2026-04-30T07:12:37+00:00\",\"dateModified\":\"2026-04-30T13:03:42+00:00\",\"description\":\"Bei Valtus Alliance teilen Wim De Mulder und Juan Manuel Gil de Escobar Delgado ihre internationale Restrukturierungsexpertise.\",\"breadcrumb\":{\"@id\":\"https:\\\/\\\/mf.ag\\\/de\\\/restrukturierung-restrukturierung-in-belgien\\\/#breadcrumb\"},\"inLanguage\":\"de\",\"potentialAction\":[{\"@type\":\"ReadAction\",\"target\":[\"https:\\\/\\\/mf.ag\\\/de\\\/restrukturierung-restrukturierung-in-belgien\\\/\"]}]},{\"@type\":\"ImageObject\",\"inLanguage\":\"de\",\"@id\":\"https:\\\/\\\/mf.ag\\\/de\\\/restrukturierung-restrukturierung-in-belgien\\\/#primaryimage\",\"url\":\"https:\\\/\\\/mf.ag\\\/wp-content\\\/uploads\\\/2026\\\/04\\\/Website-Bilder-Neu-2026-04-30T082054.263.png\",\"contentUrl\":\"https:\\\/\\\/mf.ag\\\/wp-content\\\/uploads\\\/2026\\\/04\\\/Website-Bilder-Neu-2026-04-30T082054.263.png\",\"width\":1920,\"height\":1080},{\"@type\":\"BreadcrumbList\",\"@id\":\"https:\\\/\\\/mf.ag\\\/de\\\/restrukturierung-restrukturierung-in-belgien\\\/#breadcrumb\",\"itemListElement\":[{\"@type\":\"ListItem\",\"position\":1,\"name\":\"Home\",\"item\":\"https:\\\/\\\/mf.ag\\\/de\\\/\"},{\"@type\":\"ListItem\",\"position\":2,\"name\":\"Restrukturierung in Belgien\"}]},{\"@type\":\"WebSite\",\"@id\":\"https:\\\/\\\/mf.ag\\\/de\\\/#website\",\"url\":\"https:\\\/\\\/mf.ag\\\/de\\\/\",\"name\":\"Management Factory\",\"description\":\"Mit Executive Interim Management und Financial Advisory das Gesch\u00e4ft voranbringen\",\"publisher\":{\"@id\":\"https:\\\/\\\/mf.ag\\\/de\\\/#organization\"},\"potentialAction\":[{\"@type\":\"SearchAction\",\"target\":{\"@type\":\"EntryPoint\",\"urlTemplate\":\"https:\\\/\\\/mf.ag\\\/de\\\/?s={search_term_string}\"},\"query-input\":{\"@type\":\"PropertyValueSpecification\",\"valueRequired\":true,\"valueName\":\"search_term_string\"}}],\"inLanguage\":\"de\"},{\"@type\":\"Organization\",\"@id\":\"https:\\\/\\\/mf.ag\\\/de\\\/#organization\",\"name\":\"Management Factory\",\"url\":\"https:\\\/\\\/mf.ag\\\/de\\\/\",\"logo\":{\"@type\":\"ImageObject\",\"inLanguage\":\"de\",\"@id\":\"https:\\\/\\\/mf.ag\\\/de\\\/#\\\/schema\\\/logo\\\/image\\\/\",\"url\":\"\",\"contentUrl\":\"\",\"caption\":\"Management Factory\"},\"image\":{\"@id\":\"https:\\\/\\\/mf.ag\\\/de\\\/#\\\/schema\\\/logo\\\/image\\\/\"}}]}<\/script>\n<!-- \/ Yoast SEO Premium plugin. -->","yoast_head_json":{"title":"Restrukturierung in Belgien &#187; Management Factory","description":"Bei Valtus Alliance teilen Wim De Mulder und Juan Manuel Gil de Escobar Delgado ihre internationale Restrukturierungsexpertise.","robots":{"index":"index","follow":"follow","max-snippet":"max-snippet:-1","max-image-preview":"max-image-preview:large","max-video-preview":"max-video-preview:-1"},"canonical":"https:\/\/mf.ag\/de\/restrukturierung-restrukturierung-in-belgien\/","og_locale":"de_DE","og_type":"article","og_title":"Restrukturierung in Belgien","og_description":"Bei Valtus Alliance teilen Wim De Mulder und Juan Manuel Gil de Escobar Delgado ihre internationale Restrukturierungsexpertise.","og_url":"https:\/\/mf.ag\/de\/restrukturierung-restrukturierung-in-belgien\/","og_site_name":"Management Factory","article_modified_time":"2026-04-30T13:03:42+00:00","og_image":[{"width":1024,"height":576,"url":"https:\/\/mf.ag\/wp-content\/uploads\/2026\/04\/Website-Bilder-Neu-2026-04-30T082054.263-1024x576.png","type":"image\/png"}],"twitter_card":"summary_large_image","twitter_misc":{"Gesch\u00e4tzte Lesezeit":"6\u00a0Minuten"},"schema":{"@context":"https:\/\/schema.org","@graph":[{"@type":"WebPage","@id":"https:\/\/mf.ag\/de\/restrukturierung-restrukturierung-in-belgien\/","url":"https:\/\/mf.ag\/de\/restrukturierung-restrukturierung-in-belgien\/","name":"Restrukturierung in Belgien &#187; Management Factory","isPartOf":{"@id":"https:\/\/mf.ag\/de\/#website"},"primaryImageOfPage":{"@id":"https:\/\/mf.ag\/de\/restrukturierung-restrukturierung-in-belgien\/#primaryimage"},"image":{"@id":"https:\/\/mf.ag\/de\/restrukturierung-restrukturierung-in-belgien\/#primaryimage"},"thumbnailUrl":"https:\/\/mf.ag\/wp-content\/uploads\/2026\/04\/Website-Bilder-Neu-2026-04-30T082054.263.png","datePublished":"2026-04-30T07:12:37+00:00","dateModified":"2026-04-30T13:03:42+00:00","description":"Bei Valtus Alliance teilen Wim De Mulder und Juan Manuel Gil de Escobar Delgado ihre internationale Restrukturierungsexpertise.","breadcrumb":{"@id":"https:\/\/mf.ag\/de\/restrukturierung-restrukturierung-in-belgien\/#breadcrumb"},"inLanguage":"de","potentialAction":[{"@type":"ReadAction","target":["https:\/\/mf.ag\/de\/restrukturierung-restrukturierung-in-belgien\/"]}]},{"@type":"ImageObject","inLanguage":"de","@id":"https:\/\/mf.ag\/de\/restrukturierung-restrukturierung-in-belgien\/#primaryimage","url":"https:\/\/mf.ag\/wp-content\/uploads\/2026\/04\/Website-Bilder-Neu-2026-04-30T082054.263.png","contentUrl":"https:\/\/mf.ag\/wp-content\/uploads\/2026\/04\/Website-Bilder-Neu-2026-04-30T082054.263.png","width":1920,"height":1080},{"@type":"BreadcrumbList","@id":"https:\/\/mf.ag\/de\/restrukturierung-restrukturierung-in-belgien\/#breadcrumb","itemListElement":[{"@type":"ListItem","position":1,"name":"Home","item":"https:\/\/mf.ag\/de\/"},{"@type":"ListItem","position":2,"name":"Restrukturierung in Belgien"}]},{"@type":"WebSite","@id":"https:\/\/mf.ag\/de\/#website","url":"https:\/\/mf.ag\/de\/","name":"Management Factory","description":"Mit Executive Interim Management und Financial Advisory das Gesch\u00e4ft voranbringen","publisher":{"@id":"https:\/\/mf.ag\/de\/#organization"},"potentialAction":[{"@type":"SearchAction","target":{"@type":"EntryPoint","urlTemplate":"https:\/\/mf.ag\/de\/?s={search_term_string}"},"query-input":{"@type":"PropertyValueSpecification","valueRequired":true,"valueName":"search_term_string"}}],"inLanguage":"de"},{"@type":"Organization","@id":"https:\/\/mf.ag\/de\/#organization","name":"Management Factory","url":"https:\/\/mf.ag\/de\/","logo":{"@type":"ImageObject","inLanguage":"de","@id":"https:\/\/mf.ag\/de\/#\/schema\/logo\/image\/","url":"","contentUrl":"","caption":"Management Factory"},"image":{"@id":"https:\/\/mf.ag\/de\/#\/schema\/logo\/image\/"}}]}},"_links":{"self":[{"href":"https:\/\/mf.ag\/de\/wp-json\/wp\/v2\/pages\/66510","targetHints":{"allow":["GET"]}}],"collection":[{"href":"https:\/\/mf.ag\/de\/wp-json\/wp\/v2\/pages"}],"about":[{"href":"https:\/\/mf.ag\/de\/wp-json\/wp\/v2\/types\/page"}],"author":[{"embeddable":true,"href":"https:\/\/mf.ag\/de\/wp-json\/wp\/v2\/users\/32"}],"replies":[{"embeddable":true,"href":"https:\/\/mf.ag\/de\/wp-json\/wp\/v2\/comments?post=66510"}],"version-history":[{"count":13,"href":"https:\/\/mf.ag\/de\/wp-json\/wp\/v2\/pages\/66510\/revisions"}],"predecessor-version":[{"id":66564,"href":"https:\/\/mf.ag\/de\/wp-json\/wp\/v2\/pages\/66510\/revisions\/66564"}],"wp:featuredmedia":[{"embeddable":true,"href":"https:\/\/mf.ag\/de\/wp-json\/wp\/v2\/media\/66511"}],"wp:attachment":[{"href":"https:\/\/mf.ag\/de\/wp-json\/wp\/v2\/media?parent=66510"}],"curies":[{"name":"wp","href":"https:\/\/api.w.org\/{rel}","templated":true}]}}