{"id":66359,"date":"2026-04-14T17:58:25","date_gmt":"2026-04-14T15:58:25","guid":{"rendered":"https:\/\/mf.ag\/?page_id=66359"},"modified":"2026-04-14T23:26:15","modified_gmt":"2026-04-14T21:26:15","slug":"solvente-liquidation","status":"publish","type":"page","link":"https:\/\/mf.ag\/de\/solvente-liquidation\/","title":{"rendered":"Unterst\u00fctzung\u00a0bei\u00a0solventen\u00a0Liquidationen\u00a0"},"content":{"rendered":"\n<p>VALTUS Management Factory unterst\u00fctzt Sie gerne beim solventen Herunterfahren eines nicht mehr&nbsp;wettbewerbsf\u00e4higen Gesch\u00e4ftsbereichs. Unser <a href=\"https:\/\/mf.ag\/de\/financial-advisory\/\" type=\"link\" id=\"https:\/\/mf.ag\/de\/financial-advisory\/\">Financial Advisory<\/a> Team&nbsp;\u00fcbernimmt die Planung&nbsp;und&nbsp;die Abstimmung mit den Banken. Unsere <a href=\"https:\/\/mf.ag\/de\/executive-interim-management\/\" type=\"link\" id=\"https:\/\/mf.ag\/de\/executive-interim-management\/\">Executive Interim&nbsp;Manager:innen<\/a>&nbsp;kommen zum Einsatz, wenn das&nbsp;Konzept in die Umsetzung geht.&nbsp;&nbsp;&nbsp;<\/p>\n\n\n\n<div class=\"wp-block-media-text alignwide is-stacked-on-mobile is-style-tw-overlap has-background\" style=\"background-color:#ffffff\"><figure class=\"wp-block-media-text__media\"><img loading=\"lazy\" decoding=\"async\" width=\"1024\" height=\"683\" src=\"https:\/\/mf.ag\/wp-content\/uploads\/2025\/05\/ManagementFactory_c_David_Bohmann_047-1536x1024-1-1024x683.jpg\" alt=\"\" class=\"wp-image-60747 size-full\" srcset=\"https:\/\/mf.ag\/wp-content\/uploads\/2025\/05\/ManagementFactory_c_David_Bohmann_047-1536x1024-1-1024x683.jpg 1024w, https:\/\/mf.ag\/wp-content\/uploads\/2025\/05\/ManagementFactory_c_David_Bohmann_047-1536x1024-1-300x200.jpg 300w, https:\/\/mf.ag\/wp-content\/uploads\/2025\/05\/ManagementFactory_c_David_Bohmann_047-1536x1024-1-768x512.jpg 768w, https:\/\/mf.ag\/wp-content\/uploads\/2025\/05\/ManagementFactory_c_David_Bohmann_047-1536x1024-1.jpg 1536w\" sizes=\"auto, (max-width: 1024px) 100vw, 1024px\" \/><\/figure><div class=\"wp-block-media-text__content\">\n<blockquote class=\"wp-block-quote is-style-tw-icon is-layout-flow wp-block-quote-is-layout-flow\">\n<p>Was strategisch verbockt ist, l\u00e4sst sich operativ nicht sanieren.&nbsp;Manchmal ist die&nbsp;Liquidation&nbsp;einer Gesellschaft&nbsp;die beste L\u00f6sung.<\/p>\n<\/blockquote>\n<\/div><\/div>\n\n\n\n<h3 class=\"wp-block-heading\" id=\"h-was-nbsp-versteht-man-unter-nbsp-einer-nbsp-solventen-nbsp-liquidation-nbsp\">Was&nbsp;versteht man unter&nbsp;einer&nbsp;solventen&nbsp;Liquidation?&nbsp;<\/h3>\n\n\n\n<p>Die solvente Liquidation wird durchgef\u00fchrt, wenn ein Unternehmen&nbsp;mangels zukunftsf\u00e4higem Gesch\u00e4ftsmodell&nbsp;geordnet, aber&nbsp;au\u00dferhalb eines&nbsp;Insolvenzverfahren&nbsp;abgewickelt werden soll. Im Mittelpunkt stehen&nbsp;das&nbsp;Herunterfahren&nbsp;des operativen&nbsp;Betriebs&nbsp;mit einer parallelen&nbsp;systematischen&nbsp;Verm\u00f6gensverwertung,&nbsp;aus der die&nbsp;R\u00fcckf\u00fchrung&nbsp;aller&nbsp;Verbindlichkeiten&nbsp;bzw. Erf\u00fcllung aller vertraglichen Verpflichtungen&nbsp;erzielt werden soll.&nbsp;<\/p>\n\n\n\n<p>Eine besondere Herausforderung besteht darin, dass w\u00e4hrend des gesamten Abwicklungsprozesses zu keinem Zeitpunkt Insolvenztatbest\u00e4nde eintreten d\u00fcrfen. Die laufende \u00dcberwachung der Liquidit\u00e4tslage, der Zahlungsstr\u00f6me und der Verpflichtungsst\u00e4nde ist daher von zentraler Bedeutung. Erg\u00e4nzend ist regelm\u00e4\u00dfig die Erstellung einer detaillierten Liquidationsrechnung erforderlich, in der s\u00e4mtliche Verwertungserl\u00f6se, Kosten der Abwicklung und R\u00fcckf\u00fchrungsquoten transparent dargestellt werden. In vielen F\u00e4llen bedarf es zudem der Verhandlung eines Endverzichts mit finanzierenden Banken, bei dem diese auf einen Teil ihrer Forderungen verzichten, um eine geordnete Abwicklung au\u00dferhalb eines Insolvenzverfahrens zu erm\u00f6glichen. Nur durch ein konsequentes Monitoring, eine vorausschauende Finanzplanung und abgestimmte Vereinbarungen mit Finanzierungspartnern kann gew\u00e4hrleistet werden, dass die solvente Liquidation rechtssicher durchgef\u00fchrt und ein \u00dcbergang in ein Insolvenzverfahren vermieden wird.&nbsp;<\/p>\n\n\n\n<p>Die solvente Liquidation wird umgangssprachlich auch oft als \u201ewind-down\u201c oder \u201ebusiness&nbsp;sunsetting\u201c bezeichnet.&nbsp;<\/p>\n\n\n\n<p>Beim&nbsp;\u201ewind-down\u201c&nbsp;von Unimarkt&nbsp;war&nbsp;die Management Factory mit&nbsp;<a href=\"https:\/\/mf.ag\/de\/interim-manager\/\" type=\"link\" id=\"https:\/\/mf.ag\/de\/interim-manager\/\">Interim Managern<\/a>&nbsp;und&nbsp;Financial Advisory&nbsp;Experten&nbsp;t\u00e4tig.&nbsp;Dabei wurden Ablaufpl\u00e4ne entwickelt,&nbsp;werthaltige Verm\u00f6genskomponenten bewertet sowie finanzielle und operative Entscheidungen begleitet. Die strukturierte Vorgehensweise gew\u00e4hrleistete eine geordnete Abwicklung unter Maximierung der wirtschaftlichen Ergebnisse.<\/p>\n\n\n\n<p>&nbsp;<\/p>\n\n\n\n<div class=\"wp-block-media-text alignwide is-stacked-on-mobile is-vertically-aligned-center is-style-tw-overlap has-white-background-color has-background\" style=\"margin-top:0\"><figure class=\"wp-block-media-text__media\"><img loading=\"lazy\" decoding=\"async\" width=\"955\" height=\"1024\" src=\"https:\/\/mf.ag\/wp-content\/uploads\/2025\/05\/ManagementFactory_c_David_Bohmann_207-1-1024x1536-1-e1776181041879-955x1024.jpg\" alt=\"\" class=\"wp-image-60751 size-full\" srcset=\"https:\/\/mf.ag\/wp-content\/uploads\/2025\/05\/ManagementFactory_c_David_Bohmann_207-1-1024x1536-1-e1776181041879-955x1024.jpg 955w, https:\/\/mf.ag\/wp-content\/uploads\/2025\/05\/ManagementFactory_c_David_Bohmann_207-1-1024x1536-1-e1776181041879-280x300.jpg 280w, https:\/\/mf.ag\/wp-content\/uploads\/2025\/05\/ManagementFactory_c_David_Bohmann_207-1-1024x1536-1-e1776181041879-768x824.jpg 768w, https:\/\/mf.ag\/wp-content\/uploads\/2025\/05\/ManagementFactory_c_David_Bohmann_207-1-1024x1536-1-e1776181041879.jpg 1024w\" sizes=\"auto, (max-width: 955px) 100vw, 955px\" \/><\/figure><div class=\"wp-block-media-text__content\">\n<h2 class=\"wp-block-heading\" id=\"h-sie-planen-eine-solvente-liquidation-melden-sie-sich-bei-uns-wir-begleiten-sie-kompetent-durch-den-gesamten-prozess\">Sie planen eine solvente Liquidation? Melden Sie sich bei uns \u2013 wir begleiten Sie kompetent durch den gesamten Prozess.<\/h2>\n\n\n\n<div class=\"wp-block-buttons is-nowrap is-layout-flex wp-container-core-buttons-is-layout-e1411b87 wp-block-buttons-is-layout-flex\" style=\"margin-top:var(--wp--preset--spacing--30)\">\n<div class=\"wp-block-button\"><a class=\"wp-block-button__link has-base-color has-text-color has-link-color wp-element-button\" href=\"https:\/\/mf.ag\/de\/kontakt\/\">Kontaktieren Sie uns<\/a><\/div>\n<\/div>\n<\/div><\/div>\n\n\n\n<h3 class=\"wp-block-heading\" id=\"h-was-sind-die-vorteile-nbsp-der-solventen-liquidation-im-vergleich-zur-insolvenz-nbsp\">Was sind die Vorteile&nbsp;der solventen Liquidation im Vergleich zur Insolvenz?&nbsp;<\/h3>\n\n\n\n<p>Die solvente Liquidation bietet gegen\u00fcber einem Insolvenzverfahren den Vorteil, dass die Abwicklung au\u00dferhalb eines gerichtlichen Verfahrens und ohne formale Insolvenzer\u00f6ffnung erfolgen kann.\u00a0Dadurch k\u00f6nnen\u00a0Entscheidungsprozesse\u00a0und\u00a0Transaktionen\u00a0flexibler gestaltet werden. W\u00e4hrend im Insolvenzverfahren die Verwertung unter insolvenzrechtlichen Rahmenbedingungen erfolgt, erm\u00f6glicht die <a href=\"https:\/\/mf.ag\/de\/artikel\/newsletter-03-2022-solvente-liquidation-erfolgreich-durchfuehren\/\" type=\"link\" id=\"https:\/\/mf.ag\/de\/artikel\/newsletter-03-2022-solvente-liquidation-erfolgreich-durchfuehren\/\">solvente Liquidation<\/a> h\u00e4ufig\u00a0durch die gr\u00f6\u00dfere (zeitliche) Flexibilit\u00e4t\u00a0eine wertschonendere Realisierung von Verm\u00f6gensgegenst\u00e4nden.\u00a0Zudem wird eine \u00f6ffentliche Insolvenzer\u00f6ffnung vermieden, wodurch Reputationsrisiken\u00a0f\u00fcr Unternehmen und Gl\u00e4ubiger\u00a0reduziert und vertragliche K\u00fcndigungs- oder F\u00e4lligkeitsmechanismen oftmals nicht automatisch ausgel\u00f6st werden.\u00a0Durch diese Faktoren\u00a0werden \u00fcblicherweise\u00a0in einer solventen Liquidation\u00a0h\u00f6here\u00a0Quoten\u00a0als bei einem Insolvenzverfahren\u00a0f\u00fcr die Gl\u00e4ubiger\u00a0erwartet.\u00a0Voraussetzung ist jedoch, dass w\u00e4hrend des gesamten Prozesses keine Insolvenztatbest\u00e4nde eintreten und die Zahlungsf\u00e4higkeit jederzeit sichergestellt bleibt.\u00a0<\/p>\n\n\n\n<div class=\"wp-block-media-text alignwide is-stacked-on-mobile is-style-tw-overlap has-background\" style=\"background-color:#ffffff\"><figure class=\"wp-block-media-text__media\"><img loading=\"lazy\" decoding=\"async\" width=\"1024\" height=\"576\" src=\"https:\/\/mf.ag\/wp-content\/uploads\/2026\/04\/Website-Bilder-Neu-2026-04-14T175058.981-1024x576.png\" alt=\"\" class=\"wp-image-66362 size-full\" srcset=\"https:\/\/mf.ag\/wp-content\/uploads\/2026\/04\/Website-Bilder-Neu-2026-04-14T175058.981-1024x576.png 1024w, https:\/\/mf.ag\/wp-content\/uploads\/2026\/04\/Website-Bilder-Neu-2026-04-14T175058.981-300x169.png 300w, https:\/\/mf.ag\/wp-content\/uploads\/2026\/04\/Website-Bilder-Neu-2026-04-14T175058.981-768x432.png 768w, https:\/\/mf.ag\/wp-content\/uploads\/2026\/04\/Website-Bilder-Neu-2026-04-14T175058.981-1536x864.png 1536w, https:\/\/mf.ag\/wp-content\/uploads\/2026\/04\/Website-Bilder-Neu-2026-04-14T175058.981.png 1920w\" sizes=\"auto, (max-width: 1024px) 100vw, 1024px\" \/><\/figure><div class=\"wp-block-media-text__content\">\n<blockquote class=\"wp-block-quote is-style-tw-icon is-layout-flow wp-block-quote-is-layout-flow\">\n<p>Besser Downsizing als riskante Gro\u00dfauftr\u00e4ge.<\/p>\n<\/blockquote>\n<\/div><\/div>\n","protected":false},"excerpt":{"rendered":"<p>VALTUS Management Factory unterst\u00fctzt Sie gerne beim solventen Herunterfahren eines nicht mehr&nbsp;wettbewerbsf\u00e4higen Gesch\u00e4ftsbereichs. Unser Financial Advisory Team&nbsp;\u00fcbernimmt die Planung&nbsp;und&nbsp;die Abstimmung mit den Banken. Unsere Executive Interim&nbsp;Manager:innen&nbsp;kommen zum Einsatz, wenn das&nbsp;Konzept in die Umsetzung geht.&nbsp;&nbsp;&nbsp; Was&nbsp;versteht man unter&nbsp;einer&nbsp;solventen&nbsp;Liquidation?&nbsp; Die solvente Liquidation wird durchgef\u00fchrt, wenn ein Unternehmen&nbsp;mangels zukunftsf\u00e4higem Gesch\u00e4ftsmodell&nbsp;geordnet, aber&nbsp;au\u00dferhalb eines&nbsp;Insolvenzverfahren&nbsp;abgewickelt werden soll. Im Mittelpunkt stehen&nbsp;das&nbsp;Herunterfahren&nbsp;des operativen&nbsp;Betriebs&nbsp;mit [&hellip;]<\/p>\n","protected":false},"author":48,"featured_media":0,"parent":0,"menu_order":0,"comment_status":"closed","ping_status":"closed","template":"","meta":{"inline_featured_image":false,"footnotes":""},"class_list":["post-66359","page","type-page","status-publish","hentry"],"featured_image_urls_v2":{"full":"","thumbnail":"","medium":"","medium_large":"","large":"","1536x1536":"","2048x2048":"","gform-image-choice-sm":"","gform-image-choice-md":"","gform-image-choice-lg":"","profile_24":"","profile_48":"","profile_96":"","profile_150":"","profile_300":""},"post_excerpt_stackable_v2":"<p>VALTUS Management Factory unterst\u00fctzt Sie gerne beim solventen Herunterfahren eines nicht mehr&nbsp;wettbewerbsf\u00e4higen Gesch\u00e4ftsbereichs. Unser Financial Advisory Team&nbsp;\u00fcbernimmt die Planung&nbsp;und&nbsp;die Abstimmung mit den Banken. Unsere Executive Interim&nbsp;Manager:innen&nbsp;kommen zum Einsatz, wenn das&nbsp;Konzept in die Umsetzung geht.&nbsp;&nbsp;&nbsp; Was strategisch verbockt ist, l\u00e4sst sich operativ nicht sanieren.&nbsp;Manchmal ist die&nbsp;Liquidation&nbsp;einer Gesellschaft&nbsp;die beste L\u00f6sung. Was&nbsp;versteht man unter&nbsp;einer&nbsp;solventen&nbsp;Liquidation?&nbsp; Die solvente Liquidation wird durchgef\u00fchrt, wenn ein Unternehmen&nbsp;mangels zukunftsf\u00e4higem Gesch\u00e4ftsmodell&nbsp;geordnet, aber&nbsp;au\u00dferhalb eines&nbsp;Insolvenzverfahren&nbsp;abgewickelt werden soll. Im Mittelpunkt stehen&nbsp;das&nbsp;Herunterfahren&nbsp;des operativen&nbsp;Betriebs&nbsp;mit einer parallelen&nbsp;systematischen&nbsp;Verm\u00f6gensverwertung,&nbsp;aus der die&nbsp;R\u00fcckf\u00fchrung&nbsp;aller&nbsp;Verbindlichkeiten&nbsp;bzw. Erf\u00fcllung aller vertraglichen Verpflichtungen&nbsp;erzielt werden soll.&nbsp; Eine besondere Herausforderung besteht darin, dass w\u00e4hrend des gesamten Abwicklungsprozesses zu keinem Zeitpunkt Insolvenztatbest\u00e4nde eintreten d\u00fcrfen. Die laufende \u00dcberwachung der Liquidit\u00e4tslage,&hellip;<\/p>\n","category_list_v2":"","author_info_v2":{"name":"Julian Wildpaner","url":"https:\/\/mf.ag\/de\/author\/julian-wildpaner\/"},"comments_num_v2":"0 comments","yoast_head":"<!-- This site is optimized with the Yoast SEO Premium plugin v25.8 (Yoast SEO v27.4) - https:\/\/yoast.com\/product\/yoast-seo-premium-wordpress\/ -->\n<title>Unterst\u00fctzung\u00a0bei\u00a0solventen\u00a0Liquidationen\u00a0 &#187; Management Factory<\/title>\n<meta name=\"description\" content=\"Die solvente Liquidation ist die geordnete Abwicklung eines Unternehmens au\u00dferhalb eines Insolvenzverfahrens.\" \/>\n<meta name=\"robots\" content=\"index, follow, max-snippet:-1, max-image-preview:large, max-video-preview:-1\" \/>\n<link rel=\"canonical\" href=\"https:\/\/mf.ag\/de\/solvente-liquidation\/\" \/>\n<meta property=\"og:locale\" content=\"de_DE\" \/>\n<meta property=\"og:type\" content=\"article\" \/>\n<meta property=\"og:title\" content=\"Unterst\u00fctzung\u00a0bei\u00a0solventen\u00a0Liquidationen\u00a0\" \/>\n<meta property=\"og:description\" content=\"Die solvente Liquidation ist die geordnete Abwicklung eines Unternehmens au\u00dferhalb eines Insolvenzverfahrens.\" \/>\n<meta property=\"og:url\" content=\"https:\/\/mf.ag\/de\/solvente-liquidation\/\" \/>\n<meta property=\"og:site_name\" content=\"Management Factory\" \/>\n<meta property=\"article:modified_time\" content=\"2026-04-14T21:26:15+00:00\" \/>\n<meta property=\"og:image\" content=\"https:\/\/mf.ag\/wp-content\/uploads\/2025\/05\/ManagementFactory_c_David_Bohmann_047-1536x1024-1.jpg\" \/>\n\t<meta property=\"og:image:width\" content=\"1536\" \/>\n\t<meta property=\"og:image:height\" content=\"1024\" \/>\n\t<meta property=\"og:image:type\" content=\"image\/jpeg\" \/>\n<meta name=\"twitter:card\" content=\"summary_large_image\" \/>\n<meta name=\"twitter:label1\" content=\"Gesch\u00e4tzte Lesezeit\" \/>\n\t<meta name=\"twitter:data1\" content=\"3\u00a0Minuten\" \/>\n<script type=\"application\/ld+json\" class=\"yoast-schema-graph\">{\"@context\":\"https:\\\/\\\/schema.org\",\"@graph\":[{\"@type\":\"WebPage\",\"@id\":\"https:\\\/\\\/mf.ag\\\/de\\\/solvente-liquidation\\\/\",\"url\":\"https:\\\/\\\/mf.ag\\\/de\\\/solvente-liquidation\\\/\",\"name\":\"Unterst\u00fctzung\u00a0bei\u00a0solventen\u00a0Liquidationen\u00a0 &#187; Management Factory\",\"isPartOf\":{\"@id\":\"https:\\\/\\\/mf.ag\\\/de\\\/#website\"},\"primaryImageOfPage\":{\"@id\":\"https:\\\/\\\/mf.ag\\\/de\\\/solvente-liquidation\\\/#primaryimage\"},\"image\":{\"@id\":\"https:\\\/\\\/mf.ag\\\/de\\\/solvente-liquidation\\\/#primaryimage\"},\"thumbnailUrl\":\"https:\\\/\\\/mf.ag\\\/wp-content\\\/uploads\\\/2025\\\/05\\\/ManagementFactory_c_David_Bohmann_047-1536x1024-1-1024x683.jpg\",\"datePublished\":\"2026-04-14T15:58:25+00:00\",\"dateModified\":\"2026-04-14T21:26:15+00:00\",\"description\":\"Die solvente Liquidation ist die geordnete Abwicklung eines Unternehmens au\u00dferhalb eines Insolvenzverfahrens.\",\"breadcrumb\":{\"@id\":\"https:\\\/\\\/mf.ag\\\/de\\\/solvente-liquidation\\\/#breadcrumb\"},\"inLanguage\":\"de\",\"potentialAction\":[{\"@type\":\"ReadAction\",\"target\":[\"https:\\\/\\\/mf.ag\\\/de\\\/solvente-liquidation\\\/\"]}]},{\"@type\":\"ImageObject\",\"inLanguage\":\"de\",\"@id\":\"https:\\\/\\\/mf.ag\\\/de\\\/solvente-liquidation\\\/#primaryimage\",\"url\":\"https:\\\/\\\/mf.ag\\\/wp-content\\\/uploads\\\/2025\\\/05\\\/ManagementFactory_c_David_Bohmann_047-1536x1024-1-1024x683.jpg\",\"contentUrl\":\"https:\\\/\\\/mf.ag\\\/wp-content\\\/uploads\\\/2025\\\/05\\\/ManagementFactory_c_David_Bohmann_047-1536x1024-1-1024x683.jpg\"},{\"@type\":\"BreadcrumbList\",\"@id\":\"https:\\\/\\\/mf.ag\\\/de\\\/solvente-liquidation\\\/#breadcrumb\",\"itemListElement\":[{\"@type\":\"ListItem\",\"position\":1,\"name\":\"Home\",\"item\":\"https:\\\/\\\/mf.ag\\\/de\\\/\"},{\"@type\":\"ListItem\",\"position\":2,\"name\":\"Unterst\u00fctzung\u00a0bei\u00a0solventen\u00a0Liquidationen\u00a0\"}]},{\"@type\":\"WebSite\",\"@id\":\"https:\\\/\\\/mf.ag\\\/de\\\/#website\",\"url\":\"https:\\\/\\\/mf.ag\\\/de\\\/\",\"name\":\"Management Factory\",\"description\":\"Mit Executive Interim Management und Financial Advisory das Gesch\u00e4ft voranbringen\",\"publisher\":{\"@id\":\"https:\\\/\\\/mf.ag\\\/de\\\/#organization\"},\"potentialAction\":[{\"@type\":\"SearchAction\",\"target\":{\"@type\":\"EntryPoint\",\"urlTemplate\":\"https:\\\/\\\/mf.ag\\\/de\\\/?s={search_term_string}\"},\"query-input\":{\"@type\":\"PropertyValueSpecification\",\"valueRequired\":true,\"valueName\":\"search_term_string\"}}],\"inLanguage\":\"de\"},{\"@type\":\"Organization\",\"@id\":\"https:\\\/\\\/mf.ag\\\/de\\\/#organization\",\"name\":\"Management Factory\",\"url\":\"https:\\\/\\\/mf.ag\\\/de\\\/\",\"logo\":{\"@type\":\"ImageObject\",\"inLanguage\":\"de\",\"@id\":\"https:\\\/\\\/mf.ag\\\/de\\\/#\\\/schema\\\/logo\\\/image\\\/\",\"url\":\"\",\"contentUrl\":\"\",\"caption\":\"Management Factory\"},\"image\":{\"@id\":\"https:\\\/\\\/mf.ag\\\/de\\\/#\\\/schema\\\/logo\\\/image\\\/\"}}]}<\/script>\n<!-- \/ Yoast SEO Premium plugin. -->","yoast_head_json":{"title":"Unterst\u00fctzung\u00a0bei\u00a0solventen\u00a0Liquidationen\u00a0 &#187; Management Factory","description":"Die solvente Liquidation ist die geordnete Abwicklung eines Unternehmens au\u00dferhalb eines Insolvenzverfahrens.","robots":{"index":"index","follow":"follow","max-snippet":"max-snippet:-1","max-image-preview":"max-image-preview:large","max-video-preview":"max-video-preview:-1"},"canonical":"https:\/\/mf.ag\/de\/solvente-liquidation\/","og_locale":"de_DE","og_type":"article","og_title":"Unterst\u00fctzung\u00a0bei\u00a0solventen\u00a0Liquidationen\u00a0","og_description":"Die solvente Liquidation ist die geordnete Abwicklung eines Unternehmens au\u00dferhalb eines Insolvenzverfahrens.","og_url":"https:\/\/mf.ag\/de\/solvente-liquidation\/","og_site_name":"Management Factory","article_modified_time":"2026-04-14T21:26:15+00:00","og_image":[{"width":1536,"height":1024,"url":"https:\/\/mf.ag\/wp-content\/uploads\/2025\/05\/ManagementFactory_c_David_Bohmann_047-1536x1024-1.jpg","type":"image\/jpeg"}],"twitter_card":"summary_large_image","twitter_misc":{"Gesch\u00e4tzte Lesezeit":"3\u00a0Minuten"},"schema":{"@context":"https:\/\/schema.org","@graph":[{"@type":"WebPage","@id":"https:\/\/mf.ag\/de\/solvente-liquidation\/","url":"https:\/\/mf.ag\/de\/solvente-liquidation\/","name":"Unterst\u00fctzung\u00a0bei\u00a0solventen\u00a0Liquidationen\u00a0 &#187; Management Factory","isPartOf":{"@id":"https:\/\/mf.ag\/de\/#website"},"primaryImageOfPage":{"@id":"https:\/\/mf.ag\/de\/solvente-liquidation\/#primaryimage"},"image":{"@id":"https:\/\/mf.ag\/de\/solvente-liquidation\/#primaryimage"},"thumbnailUrl":"https:\/\/mf.ag\/wp-content\/uploads\/2025\/05\/ManagementFactory_c_David_Bohmann_047-1536x1024-1-1024x683.jpg","datePublished":"2026-04-14T15:58:25+00:00","dateModified":"2026-04-14T21:26:15+00:00","description":"Die solvente Liquidation ist die geordnete Abwicklung eines Unternehmens au\u00dferhalb eines Insolvenzverfahrens.","breadcrumb":{"@id":"https:\/\/mf.ag\/de\/solvente-liquidation\/#breadcrumb"},"inLanguage":"de","potentialAction":[{"@type":"ReadAction","target":["https:\/\/mf.ag\/de\/solvente-liquidation\/"]}]},{"@type":"ImageObject","inLanguage":"de","@id":"https:\/\/mf.ag\/de\/solvente-liquidation\/#primaryimage","url":"https:\/\/mf.ag\/wp-content\/uploads\/2025\/05\/ManagementFactory_c_David_Bohmann_047-1536x1024-1-1024x683.jpg","contentUrl":"https:\/\/mf.ag\/wp-content\/uploads\/2025\/05\/ManagementFactory_c_David_Bohmann_047-1536x1024-1-1024x683.jpg"},{"@type":"BreadcrumbList","@id":"https:\/\/mf.ag\/de\/solvente-liquidation\/#breadcrumb","itemListElement":[{"@type":"ListItem","position":1,"name":"Home","item":"https:\/\/mf.ag\/de\/"},{"@type":"ListItem","position":2,"name":"Unterst\u00fctzung\u00a0bei\u00a0solventen\u00a0Liquidationen\u00a0"}]},{"@type":"WebSite","@id":"https:\/\/mf.ag\/de\/#website","url":"https:\/\/mf.ag\/de\/","name":"Management Factory","description":"Mit Executive Interim Management und Financial Advisory das Gesch\u00e4ft voranbringen","publisher":{"@id":"https:\/\/mf.ag\/de\/#organization"},"potentialAction":[{"@type":"SearchAction","target":{"@type":"EntryPoint","urlTemplate":"https:\/\/mf.ag\/de\/?s={search_term_string}"},"query-input":{"@type":"PropertyValueSpecification","valueRequired":true,"valueName":"search_term_string"}}],"inLanguage":"de"},{"@type":"Organization","@id":"https:\/\/mf.ag\/de\/#organization","name":"Management Factory","url":"https:\/\/mf.ag\/de\/","logo":{"@type":"ImageObject","inLanguage":"de","@id":"https:\/\/mf.ag\/de\/#\/schema\/logo\/image\/","url":"","contentUrl":"","caption":"Management Factory"},"image":{"@id":"https:\/\/mf.ag\/de\/#\/schema\/logo\/image\/"}}]}},"_links":{"self":[{"href":"https:\/\/mf.ag\/de\/wp-json\/wp\/v2\/pages\/66359","targetHints":{"allow":["GET"]}}],"collection":[{"href":"https:\/\/mf.ag\/de\/wp-json\/wp\/v2\/pages"}],"about":[{"href":"https:\/\/mf.ag\/de\/wp-json\/wp\/v2\/types\/page"}],"author":[{"embeddable":true,"href":"https:\/\/mf.ag\/de\/wp-json\/wp\/v2\/users\/48"}],"replies":[{"embeddable":true,"href":"https:\/\/mf.ag\/de\/wp-json\/wp\/v2\/comments?post=66359"}],"version-history":[{"count":5,"href":"https:\/\/mf.ag\/de\/wp-json\/wp\/v2\/pages\/66359\/revisions"}],"predecessor-version":[{"id":66372,"href":"https:\/\/mf.ag\/de\/wp-json\/wp\/v2\/pages\/66359\/revisions\/66372"}],"wp:attachment":[{"href":"https:\/\/mf.ag\/de\/wp-json\/wp\/v2\/media?parent=66359"}],"curies":[{"name":"wp","href":"https:\/\/api.w.org\/{rel}","templated":true}]}}