{"id":66341,"date":"2026-04-14T17:58:42","date_gmt":"2026-04-14T15:58:42","guid":{"rendered":"https:\/\/mf.ag\/?page_id=66341"},"modified":"2026-04-14T18:10:09","modified_gmt":"2026-04-14T16:10:09","slug":"insolvenzverfahren-restrukturierungsverfahren","status":"publish","type":"page","link":"https:\/\/mf.ag\/de\/insolvenzverfahren-restrukturierungsverfahren\/","title":{"rendered":"Insolvenz- und Restrukturierungsverfahren\u00a0\u00a0"},"content":{"rendered":"\n<p>VALTUS Management Factory unterst\u00fctzt seit \u00fcber 25 Jahren&nbsp;Eigent\u00fcmer und Unternehmen&nbsp;bei&nbsp;Insolvenz- und&nbsp;<a href=\"https:\/\/mf.ag\/de\/restrukturierung\/\" type=\"link\" id=\"https:\/\/mf.ag\/de\/restrukturierung\/\">Restrukturierungsverfahren<\/a>.&nbsp;Unser <a href=\"https:\/\/mf.ag\/de\/financial-advisory\/\" type=\"link\" id=\"https:\/\/mf.ag\/de\/financial-advisory\/\">Financial Advisory<\/a> Team&nbsp;erstellt den Sanierungsplan&nbsp;in&nbsp;Abstimmung mit den&nbsp;relevanten&nbsp;&nbsp;Stakeholdern. Auch Masseverwalter greifen,&nbsp;wie das Beispiel <a href=\"https:\/\/ktmgroup.com\/\" type=\"link\" id=\"https:\/\/ktmgroup.com\/\" target=\"_blank\" rel=\"noreferrer noopener\">KTM<\/a>,&nbsp;zeigt immer wieder auf unsere Dienstleistungen zur\u00fcck, um bei&nbsp;Insolvenzverfahren&nbsp;Sicherheit und Zeit zu gewinnen.&nbsp;<\/p>\n\n\n\n<div class=\"wp-block-media-text alignwide is-stacked-on-mobile is-style-tw-overlap has-background\" style=\"background-color:#ffffff\"><figure class=\"wp-block-media-text__media\"><img loading=\"lazy\" decoding=\"async\" width=\"1024\" height=\"810\" src=\"https:\/\/mf.ag\/wp-content\/uploads\/2026\/04\/Website-Bilder-Neu-2026-04-14T171039.330-e1776179502107-1024x810.png\" alt=\"\" class=\"wp-image-66351 size-full\" srcset=\"https:\/\/mf.ag\/wp-content\/uploads\/2026\/04\/Website-Bilder-Neu-2026-04-14T171039.330-e1776179502107-1024x810.png 1024w, https:\/\/mf.ag\/wp-content\/uploads\/2026\/04\/Website-Bilder-Neu-2026-04-14T171039.330-e1776179502107-300x237.png 300w, https:\/\/mf.ag\/wp-content\/uploads\/2026\/04\/Website-Bilder-Neu-2026-04-14T171039.330-e1776179502107-768x608.png 768w, https:\/\/mf.ag\/wp-content\/uploads\/2026\/04\/Website-Bilder-Neu-2026-04-14T171039.330-e1776179502107.png 1197w\" sizes=\"auto, (max-width: 1024px) 100vw, 1024px\" \/><\/figure><div class=\"wp-block-media-text__content\">\n<blockquote class=\"wp-block-quote is-style-tw-icon is-layout-flow wp-block-quote-is-layout-flow\">\n<p>Eine erfolgreiche Sanierung ist kein Flickwerk an Einzelma\u00dfnahmen, sondern die Einleitung eines rasch wirksamen, ganzheitlichen Transformationsprozesses.&nbsp;<\/p>\n<\/blockquote>\n<\/div><\/div>\n\n\n\n<h3 class=\"wp-block-heading\" id=\"h-was-ist-der-unterschied-zwischen-einem-restrukturierungs-und-einem-insolvenzverfahren\">Was ist der Unterschied zwischen einem Restrukturierungs- und einem Insolvenzverfahren?<\/h3>\n\n\n\n<p>Ein Restrukturierungsverfahren stellt einen breiten Sammelbegriff dar und umfasst s\u00e4mtliche Prozesse mit dem Ziel der Umstrukturierung eines Wirtschaftssubjekts, um die Ergebnisqualit\u00e4t und die Fremdkapitalstruktur, Eigenkapital, Liquidit\u00e4t und Wettbewerbsf\u00e4higkeit nachhaltig zu verbessern. Diese Verfahren k\u00f6nnen pr\u00e4ventiv eingesetzt werden und&nbsp;k\u00f6nnen&nbsp;au\u00dferhalb&nbsp;oder innerhalb&nbsp;eines gerichtlichen Rahmens&nbsp;umgesetzt werden.&nbsp;<\/p>\n\n\n\n<p>Das Insolvenzverfahren hingegen ist ein gesetzlich definiertes, gerichtliches Verfahren, das entweder auf die Sanierung oder die geordnete Abwicklung eines zahlungsunf\u00e4higen oder \u00fcberschuldeten Unternehmens ausgerichtet ist.&nbsp;<\/p>\n\n\n\n<h3 class=\"wp-block-heading\" id=\"h-welche-handlungsoptionen-bestehen-in-nbsp-insolvenzverfahren-nbsp\">Welche Handlungsoptionen bestehen in&nbsp;Insolvenzverfahren?&nbsp;<\/h3>\n\n\n\n<p>Ein m\u00f6glicher Weg aus der Insolvenz besteht in einer Restrukturierung beziehungsweise Unternehmenssanierung&nbsp;(Sanierungsverfahren). In diesem Fall wird ein Sanierungskonzept ausgearbeitet, das sowohl finanzielle als auch operative Ma\u00dfnahmen umfasst und im Rahmen eines Sanierungsplans umgesetzt wird. Alternativ&nbsp;kann eine Zerschlagung erfolgen, bei der Verm\u00f6genswerte verwertet und die Erl\u00f6se entsprechend der gesetzlichen Rangordnung verteilt werden&nbsp;(Konkursverfahren).&nbsp;<\/p>\n\n\n\n<p>Um den&nbsp;geeignetsten&nbsp;Weg zu definieren,&nbsp;steht die Analyse der Verm\u00f6gens-, Finanz- und Ertragslage im Mittelpunkt.&nbsp;Es bedarf einer&nbsp;Beurteilung der Fortf\u00fchrungsf\u00e4higkeit sowie die transparente Darstellung der wirtschaftlichen Situation gegen\u00fcber Gericht, Insolvenzverwalter und Gl\u00e4ubigern. In diesem Zusammenhang werden Liquidit\u00e4tsstatus,&nbsp;Fortf\u00fchrungsfinanzplan&nbsp;sowie Zerschlagungs- und Fortf\u00fchrungsquoten ermittelt.&nbsp;Einen zentralen Bestandteil nimmt die Angemessenheitspr\u00fcfung ein. In dieser wird beurteilt, ob die im Sanierungsverfahren angebotene Quote im Vergleich zu einer Verwertung eine f\u00fcr die Gl\u00e4ubiger h\u00f6here R\u00fcckf\u00fchrung bringt.&nbsp;<\/p>\n\n\n\n<p>VALTUS Management Factory\u00a0\u00fcbernimmt in Insolvenzverfahren\u00a0die wirtschaftliche Begleitung\u00a0und kann den\u00a0Insolvenzverwalters\u00a0durch\u00a0vorgenannte\u00a0Analysen und entscheidungsrelevante Berechnungen\u00a0unterst\u00fctzen.\u00a0Eine\u00a0Referenz\u00a0ist das\u00a0Insolvenzverfahren von KTM\u00a0bei dem\u00a0die Management Factory als wirtschaftlicher Berater des Masseverwalters und des Unternehmens\u00a0t\u00e4tig war. Dabei wurde unter anderem die Angemessenheitspr\u00fcfung durchgef\u00fchrt, Fortf\u00fchrungsfinanz- und Liquidit\u00e4tspl\u00e4ne plausibilisiert und unterschiedliche Wind-down- sowie Verkaufsszenarien berechnet\u00a0und gegen\u00fcbergestellt. Zus\u00e4tzlich erfolgte die T\u00e4tigkeit als unabh\u00e4ngiger Gutachter in ausgew\u00e4hlten Fragestellungen. Durch diese Kombination aus Analyse,\u00a0Szenario-Rechnung\u00a0und gutachterlicher Beurteilung wurde eine belastbare Entscheidungsgrundlage f\u00fcr die\u00a0etwaigen\u00a0weiteren Verfahrensschritte geschaffen.\u00a0<\/p>\n\n\n\n<p><br><\/p>\n\n\n\n<div class=\"wp-block-media-text alignwide is-stacked-on-mobile is-vertically-aligned-center is-style-tw-overlap has-white-background-color has-background\" style=\"margin-top:0\"><figure class=\"wp-block-media-text__media\"><img loading=\"lazy\" decoding=\"async\" width=\"1024\" height=\"683\" src=\"https:\/\/mf.ag\/wp-content\/uploads\/2025\/10\/DSC8425_c_David_Bohmann-1-1024x683.jpg\" alt=\"\" class=\"wp-image-63374 size-full\" srcset=\"https:\/\/mf.ag\/wp-content\/uploads\/2025\/10\/DSC8425_c_David_Bohmann-1-1024x683.jpg 1024w, https:\/\/mf.ag\/wp-content\/uploads\/2025\/10\/DSC8425_c_David_Bohmann-1-300x200.jpg 300w, https:\/\/mf.ag\/wp-content\/uploads\/2025\/10\/DSC8425_c_David_Bohmann-1-768x512.jpg 768w, https:\/\/mf.ag\/wp-content\/uploads\/2025\/10\/DSC8425_c_David_Bohmann-1-1536x1024.jpg 1536w, https:\/\/mf.ag\/wp-content\/uploads\/2025\/10\/DSC8425_c_David_Bohmann-1-2048x1365.jpg 2048w\" sizes=\"auto, (max-width: 1024px) 100vw, 1024px\" \/><\/figure><div class=\"wp-block-media-text__content\">\n<h2 class=\"wp-block-heading\" id=\"h-stehen-sie-vor-finanziellen-herausforderungen-melden-sie-sich-bei-uns-wenn-sie-unterstutzung-bei-einem-insolvenz-oder-restrukturierungsverfahren-benotigen\">Stehen Sie vor finanziellen Herausforderungen? <br>Melden Sie sich bei uns, wenn Sie Unterst\u00fctzung bei einem Insolvenz- oder Restrukturierungsverfahren ben\u00f6tigen.<\/h2>\n\n\n\n<div class=\"wp-block-buttons is-nowrap is-layout-flex wp-container-core-buttons-is-layout-e1411b87 wp-block-buttons-is-layout-flex\" style=\"margin-top:var(--wp--preset--spacing--30)\">\n<div class=\"wp-block-button\"><a class=\"wp-block-button__link has-base-color has-text-color has-link-color wp-element-button\" href=\"https:\/\/mf.ag\/de\/kontakt\/\">Kontaktieren Sie uns<\/a><\/div>\n<\/div>\n<\/div><\/div>\n\n\n\n<h3 class=\"wp-block-heading\" id=\"h-welche-rolle-spielt-die-finanzielle-restrukturierung-in-restrukturierungsverfahren\">Welche Rolle spielt die finanzielle Restrukturierung in Restrukturierungsverfahren?<\/h3>\n\n\n\n<p>Die finanzielle Restrukturierung umfasst&nbsp;unter der Ber\u00fccksichtigung&nbsp;der zuk\u00fcnftigen Liquidit\u00e4tsentwicklung&nbsp;die Reorganisation der Kapitalstruktur&nbsp;und&nbsp;die Anpassung&nbsp;von&nbsp;Finanzierungsbedingungen.&nbsp;Die Kapitalstruktur kann \u00fcber&nbsp;(Re-)finanzierungsma\u00dfnahmen&nbsp;durch Fremdkapital,&nbsp;Schuldenschnitte&nbsp;oder zus\u00e4tzliches Eigenkapital durch Alt- oder Neugesellschafter erfolgen.&nbsp;Damit einhergehend ist oftmals die Neuverhandlung von Kreditkonditionen, um den ge\u00e4nderten Rahmenbedingungen Rechnung zu tragen.&nbsp;Diese Ma\u00dfnahmen bilden die Basis, auf der operative Restrukturierungen und das Turnaround Management wirksam aufbauen k\u00f6nnen.&nbsp;In&nbsp;Unternehmenssanierungen werden&nbsp;diese&nbsp;Schritte&nbsp;als zentral angesehen, da die Stabilisierung der Zahlungsf\u00e4higkeit und die langfristige&nbsp;Kapitaldienstf\u00e4higkeit&nbsp;essenzielle Grundlagen&nbsp;f\u00fcr den erfolgreichen Turnaround&nbsp;sind.&nbsp;<\/p>\n\n\n\n<div class=\"wp-block-media-text alignwide is-stacked-on-mobile is-style-tw-overlap has-background\" style=\"background-color:#ffffff\"><figure class=\"wp-block-media-text__media\"><img loading=\"lazy\" decoding=\"async\" width=\"1024\" height=\"683\" src=\"https:\/\/mf.ag\/wp-content\/uploads\/2024\/04\/ManagementFactory_c_David_Bohmann_161-1-1024x683.jpg\" alt=\"\" class=\"wp-image-56223 size-full\" srcset=\"https:\/\/mf.ag\/wp-content\/uploads\/2024\/04\/ManagementFactory_c_David_Bohmann_161-1-1024x683.jpg 1024w, https:\/\/mf.ag\/wp-content\/uploads\/2024\/04\/ManagementFactory_c_David_Bohmann_161-1-300x200.jpg 300w, https:\/\/mf.ag\/wp-content\/uploads\/2024\/04\/ManagementFactory_c_David_Bohmann_161-1-768x512.jpg 768w, https:\/\/mf.ag\/wp-content\/uploads\/2024\/04\/ManagementFactory_c_David_Bohmann_161-1-1536x1024.jpg 1536w, https:\/\/mf.ag\/wp-content\/uploads\/2024\/04\/ManagementFactory_c_David_Bohmann_161-1.jpg 2048w\" sizes=\"auto, (max-width: 1024px) 100vw, 1024px\" \/><\/figure><div class=\"wp-block-media-text__content\">\n<blockquote class=\"wp-block-quote is-style-tw-icon is-layout-flow wp-block-quote-is-layout-flow\">\n<p>Cash is King!&nbsp;Bei&nbsp;Insolvenz- und Restrukturierungsverfahren&nbsp;hat&nbsp;Liquidit\u00e4t oberste Priorit\u00e4t!<\/p>\n<\/blockquote>\n<\/div><\/div>\n\n\n\n<h3 class=\"wp-block-heading\" id=\"h-was-umfasst-die-operative-restrukturierung-nbsp\">Was umfasst die operative Restrukturierung?&nbsp;<\/h3>\n\n\n\n<p>Die operative Restrukturierung setzt direkt an den Wertsch\u00f6pfungsprozessen an.&nbsp;Typische Ma\u00dfnahmen&nbsp;zielen darauf ab Verbesserungen in&nbsp;den&nbsp;Bereichen&nbsp;Organisation, Produktion, Einkauf, Vertrieb und Effizienzsteuerung&nbsp;herbeizuf\u00fchren. Dieser Teil des Turnaround Managements greift somit&nbsp;wesentlich&nbsp;tiefer in das Gesch\u00e4ftsmodell ein als die&nbsp;finanzielle Restrukturierung.&nbsp;&nbsp;<\/p>\n\n\n\n<p>Im Fall von KTM&nbsp;wurde die operative Restrukturierung vor allem durch eine konsequente strategische Neuausrichtung gepr\u00e4gt. Im Mittelpunkt stand die R\u00fcckbesinnung auf das Kerngesch\u00e4ft \u2013 insbesondere Offroad-Motorr\u00e4der mit einem weltweiten Marktanteil von \u00fcber 50 %. Parallel dazu wurden weniger profitable Segmente, darunter Luxus-Stra\u00dfenmotorr\u00e4der und Fahrr\u00e4der, geordnet zur\u00fcckgef\u00fchrt. Durch diese Fokussierung konnte die operative Leistungsf\u00e4higkeit gest\u00e4rkt und die Grundlage f\u00fcr eine nachhaltige Fortf\u00fchrung geschaffen werden.&nbsp;Management Factory \u00fcbernahm die Pr\u00fcfung der Angemessenheit der von Bajaj angebotenen Quote von 30 % sowie die Plausibilisierung der&nbsp;Fortf\u00fchrungsfinanzplanung.&nbsp;<\/p>\n\n\n\n<div class=\"wp-block-media-text alignwide is-stacked-on-mobile is-style-tw-overlap has-background\" style=\"background-color:#ffffff\"><figure class=\"wp-block-media-text__media\"><img loading=\"lazy\" decoding=\"async\" width=\"1024\" height=\"715\" src=\"https:\/\/mf.ag\/wp-content\/uploads\/2026\/01\/ManagementFactory_c_David_Bohmann_105-4-1-e1767764603101-1024x715.jpg\" alt=\"\" class=\"wp-image-64805 size-full\" srcset=\"https:\/\/mf.ag\/wp-content\/uploads\/2026\/01\/ManagementFactory_c_David_Bohmann_105-4-1-e1767764603101-1024x715.jpg 1024w, https:\/\/mf.ag\/wp-content\/uploads\/2026\/01\/ManagementFactory_c_David_Bohmann_105-4-1-e1767764603101-300x210.jpg 300w, https:\/\/mf.ag\/wp-content\/uploads\/2026\/01\/ManagementFactory_c_David_Bohmann_105-4-1-e1767764603101-768x536.jpg 768w, https:\/\/mf.ag\/wp-content\/uploads\/2026\/01\/ManagementFactory_c_David_Bohmann_105-4-1-e1767764603101-1536x1073.jpg 1536w, https:\/\/mf.ag\/wp-content\/uploads\/2026\/01\/ManagementFactory_c_David_Bohmann_105-4-1-e1767764603101.jpg 1652w\" sizes=\"auto, (max-width: 1024px) 100vw, 1024px\" \/><\/figure><div class=\"wp-block-media-text__content\">\n<blockquote class=\"wp-block-quote is-style-tw-icon is-layout-flow wp-block-quote-is-layout-flow\">\n<p>Reduzieren Sie das&nbsp;Insolvenz- und&nbsp;Restrukturierungsrisiko durch die rechtzeitige Optimierung ihrer operativen Prozesse!&nbsp;<\/p>\n<\/blockquote>\n<\/div><\/div>\n","protected":false},"excerpt":{"rendered":"<p>VALTUS Management Factory unterst\u00fctzt seit \u00fcber 25 Jahren&nbsp;Eigent\u00fcmer und Unternehmen&nbsp;bei&nbsp;Insolvenz- und&nbsp;Restrukturierungsverfahren.&nbsp;Unser Financial Advisory Team&nbsp;erstellt den Sanierungsplan&nbsp;in&nbsp;Abstimmung mit den&nbsp;relevanten&nbsp;&nbsp;Stakeholdern. Auch Masseverwalter greifen,&nbsp;wie das Beispiel KTM,&nbsp;zeigt immer wieder auf unsere Dienstleistungen zur\u00fcck, um bei&nbsp;Insolvenzverfahren&nbsp;Sicherheit und Zeit zu gewinnen.&nbsp; Was ist der Unterschied zwischen einem Restrukturierungs- und einem Insolvenzverfahren? Ein Restrukturierungsverfahren stellt einen breiten Sammelbegriff dar und umfasst [&hellip;]<\/p>\n","protected":false},"author":48,"featured_media":0,"parent":0,"menu_order":0,"comment_status":"closed","ping_status":"closed","template":"","meta":{"inline_featured_image":false,"footnotes":""},"class_list":["post-66341","page","type-page","status-publish","hentry"],"featured_image_urls_v2":{"full":"","thumbnail":"","medium":"","medium_large":"","large":"","1536x1536":"","2048x2048":"","gform-image-choice-sm":"","gform-image-choice-md":"","gform-image-choice-lg":"","profile_24":"","profile_48":"","profile_96":"","profile_150":"","profile_300":""},"post_excerpt_stackable_v2":"<p>VALTUS Management Factory unterst\u00fctzt seit \u00fcber 25 Jahren&nbsp;Eigent\u00fcmer und Unternehmen&nbsp;bei&nbsp;Insolvenz- und&nbsp;Restrukturierungsverfahren.&nbsp;Unser Financial Advisory Team&nbsp;erstellt den Sanierungsplan&nbsp;in&nbsp;Abstimmung mit den&nbsp;relevanten&nbsp;&nbsp;Stakeholdern. Auch Masseverwalter greifen,&nbsp;wie das Beispiel KTM,&nbsp;zeigt immer wieder auf unsere Dienstleistungen zur\u00fcck, um bei&nbsp;Insolvenzverfahren&nbsp;Sicherheit und Zeit zu gewinnen.&nbsp; Eine erfolgreiche Sanierung ist kein Flickwerk an Einzelma\u00dfnahmen, sondern die Einleitung eines rasch wirksamen, ganzheitlichen Transformationsprozesses.&nbsp; Was ist der Unterschied zwischen einem Restrukturierungs- und einem Insolvenzverfahren? Ein Restrukturierungsverfahren stellt einen breiten Sammelbegriff dar und umfasst s\u00e4mtliche Prozesse mit dem Ziel der Umstrukturierung eines Wirtschaftssubjekts, um die Ergebnisqualit\u00e4t und die Fremdkapitalstruktur, Eigenkapital, Liquidit\u00e4t und Wettbewerbsf\u00e4higkeit nachhaltig zu verbessern. Diese Verfahren k\u00f6nnen pr\u00e4ventiv eingesetzt werden und&nbsp;k\u00f6nnen&nbsp;au\u00dferhalb&nbsp;oder&hellip;<\/p>\n","category_list_v2":"","author_info_v2":{"name":"Julian Wildpaner","url":"https:\/\/mf.ag\/de\/author\/julian-wildpaner\/"},"comments_num_v2":"0 comments","yoast_head":"<!-- This site is optimized with the Yoast SEO Premium plugin v25.8 (Yoast SEO v27.4) - https:\/\/yoast.com\/product\/yoast-seo-premium-wordpress\/ -->\n<title>Insolvenz- und Restrukturierungsverfahren\u00a0\u00a0 &#187; Management Factory<\/title>\n<meta name=\"description\" content=\"VALTUS Management Factory steht Unternehmen seit mehr als 25 Jahren in Insolvenz- und Restrukturierungssituationen zur Seite.\" \/>\n<meta name=\"robots\" content=\"index, follow, max-snippet:-1, max-image-preview:large, max-video-preview:-1\" \/>\n<link rel=\"canonical\" href=\"https:\/\/mf.ag\/de\/insolvenzverfahren-restrukturierungsverfahren\/\" \/>\n<meta property=\"og:locale\" content=\"de_DE\" \/>\n<meta property=\"og:type\" content=\"article\" \/>\n<meta property=\"og:title\" content=\"Insolvenz- und Restrukturierungsverfahren\u00a0\u00a0\" \/>\n<meta property=\"og:description\" content=\"VALTUS Management Factory steht Unternehmen seit mehr als 25 Jahren in Insolvenz- und Restrukturierungssituationen zur Seite.\" \/>\n<meta property=\"og:url\" content=\"https:\/\/mf.ag\/de\/insolvenzverfahren-restrukturierungsverfahren\/\" \/>\n<meta property=\"og:site_name\" content=\"Management Factory\" \/>\n<meta property=\"article:modified_time\" content=\"2026-04-14T16:10:09+00:00\" \/>\n<meta property=\"og:image\" content=\"https:\/\/mf.ag\/wp-content\/uploads\/2026\/04\/Website-Bilder-Neu-2026-04-14T171039.330-e1776179502107.png\" \/>\n\t<meta property=\"og:image:width\" content=\"1197\" \/>\n\t<meta property=\"og:image:height\" content=\"947\" \/>\n\t<meta property=\"og:image:type\" content=\"image\/png\" \/>\n<meta name=\"twitter:card\" content=\"summary_large_image\" \/>\n<meta name=\"twitter:label1\" content=\"Gesch\u00e4tzte Lesezeit\" \/>\n\t<meta name=\"twitter:data1\" content=\"5\u00a0Minuten\" \/>\n<script type=\"application\/ld+json\" class=\"yoast-schema-graph\">{\"@context\":\"https:\\\/\\\/schema.org\",\"@graph\":[{\"@type\":\"WebPage\",\"@id\":\"https:\\\/\\\/mf.ag\\\/de\\\/insolvenzverfahren-restrukturierungsverfahren\\\/\",\"url\":\"https:\\\/\\\/mf.ag\\\/de\\\/insolvenzverfahren-restrukturierungsverfahren\\\/\",\"name\":\"Insolvenz- und Restrukturierungsverfahren\u00a0\u00a0 &#187; Management Factory\",\"isPartOf\":{\"@id\":\"https:\\\/\\\/mf.ag\\\/de\\\/#website\"},\"primaryImageOfPage\":{\"@id\":\"https:\\\/\\\/mf.ag\\\/de\\\/insolvenzverfahren-restrukturierungsverfahren\\\/#primaryimage\"},\"image\":{\"@id\":\"https:\\\/\\\/mf.ag\\\/de\\\/insolvenzverfahren-restrukturierungsverfahren\\\/#primaryimage\"},\"thumbnailUrl\":\"https:\\\/\\\/mf.ag\\\/wp-content\\\/uploads\\\/2026\\\/04\\\/Website-Bilder-Neu-2026-04-14T171039.330-e1776179502107-1024x810.png\",\"datePublished\":\"2026-04-14T15:58:42+00:00\",\"dateModified\":\"2026-04-14T16:10:09+00:00\",\"description\":\"VALTUS Management Factory steht Unternehmen seit mehr als 25 Jahren in Insolvenz- und Restrukturierungssituationen zur Seite.\",\"breadcrumb\":{\"@id\":\"https:\\\/\\\/mf.ag\\\/de\\\/insolvenzverfahren-restrukturierungsverfahren\\\/#breadcrumb\"},\"inLanguage\":\"de\",\"potentialAction\":[{\"@type\":\"ReadAction\",\"target\":[\"https:\\\/\\\/mf.ag\\\/de\\\/insolvenzverfahren-restrukturierungsverfahren\\\/\"]}]},{\"@type\":\"ImageObject\",\"inLanguage\":\"de\",\"@id\":\"https:\\\/\\\/mf.ag\\\/de\\\/insolvenzverfahren-restrukturierungsverfahren\\\/#primaryimage\",\"url\":\"https:\\\/\\\/mf.ag\\\/wp-content\\\/uploads\\\/2026\\\/04\\\/Website-Bilder-Neu-2026-04-14T171039.330-e1776179502107-1024x810.png\",\"contentUrl\":\"https:\\\/\\\/mf.ag\\\/wp-content\\\/uploads\\\/2026\\\/04\\\/Website-Bilder-Neu-2026-04-14T171039.330-e1776179502107-1024x810.png\"},{\"@type\":\"BreadcrumbList\",\"@id\":\"https:\\\/\\\/mf.ag\\\/de\\\/insolvenzverfahren-restrukturierungsverfahren\\\/#breadcrumb\",\"itemListElement\":[{\"@type\":\"ListItem\",\"position\":1,\"name\":\"Home\",\"item\":\"https:\\\/\\\/mf.ag\\\/de\\\/\"},{\"@type\":\"ListItem\",\"position\":2,\"name\":\"Insolvenz- und Restrukturierungsverfahren\u00a0\u00a0\"}]},{\"@type\":\"WebSite\",\"@id\":\"https:\\\/\\\/mf.ag\\\/de\\\/#website\",\"url\":\"https:\\\/\\\/mf.ag\\\/de\\\/\",\"name\":\"Management Factory\",\"description\":\"Mit Executive Interim Management und Financial Advisory das Gesch\u00e4ft voranbringen\",\"publisher\":{\"@id\":\"https:\\\/\\\/mf.ag\\\/de\\\/#organization\"},\"potentialAction\":[{\"@type\":\"SearchAction\",\"target\":{\"@type\":\"EntryPoint\",\"urlTemplate\":\"https:\\\/\\\/mf.ag\\\/de\\\/?s={search_term_string}\"},\"query-input\":{\"@type\":\"PropertyValueSpecification\",\"valueRequired\":true,\"valueName\":\"search_term_string\"}}],\"inLanguage\":\"de\"},{\"@type\":\"Organization\",\"@id\":\"https:\\\/\\\/mf.ag\\\/de\\\/#organization\",\"name\":\"Management Factory\",\"url\":\"https:\\\/\\\/mf.ag\\\/de\\\/\",\"logo\":{\"@type\":\"ImageObject\",\"inLanguage\":\"de\",\"@id\":\"https:\\\/\\\/mf.ag\\\/de\\\/#\\\/schema\\\/logo\\\/image\\\/\",\"url\":\"\",\"contentUrl\":\"\",\"caption\":\"Management Factory\"},\"image\":{\"@id\":\"https:\\\/\\\/mf.ag\\\/de\\\/#\\\/schema\\\/logo\\\/image\\\/\"}}]}<\/script>\n<!-- \/ Yoast SEO Premium plugin. -->","yoast_head_json":{"title":"Insolvenz- und Restrukturierungsverfahren\u00a0\u00a0 &#187; Management Factory","description":"VALTUS Management Factory steht Unternehmen seit mehr als 25 Jahren in Insolvenz- und Restrukturierungssituationen zur Seite.","robots":{"index":"index","follow":"follow","max-snippet":"max-snippet:-1","max-image-preview":"max-image-preview:large","max-video-preview":"max-video-preview:-1"},"canonical":"https:\/\/mf.ag\/de\/insolvenzverfahren-restrukturierungsverfahren\/","og_locale":"de_DE","og_type":"article","og_title":"Insolvenz- und Restrukturierungsverfahren\u00a0\u00a0","og_description":"VALTUS Management Factory steht Unternehmen seit mehr als 25 Jahren in Insolvenz- und Restrukturierungssituationen zur Seite.","og_url":"https:\/\/mf.ag\/de\/insolvenzverfahren-restrukturierungsverfahren\/","og_site_name":"Management Factory","article_modified_time":"2026-04-14T16:10:09+00:00","og_image":[{"width":1197,"height":947,"url":"https:\/\/mf.ag\/wp-content\/uploads\/2026\/04\/Website-Bilder-Neu-2026-04-14T171039.330-e1776179502107.png","type":"image\/png"}],"twitter_card":"summary_large_image","twitter_misc":{"Gesch\u00e4tzte Lesezeit":"5\u00a0Minuten"},"schema":{"@context":"https:\/\/schema.org","@graph":[{"@type":"WebPage","@id":"https:\/\/mf.ag\/de\/insolvenzverfahren-restrukturierungsverfahren\/","url":"https:\/\/mf.ag\/de\/insolvenzverfahren-restrukturierungsverfahren\/","name":"Insolvenz- und Restrukturierungsverfahren\u00a0\u00a0 &#187; Management Factory","isPartOf":{"@id":"https:\/\/mf.ag\/de\/#website"},"primaryImageOfPage":{"@id":"https:\/\/mf.ag\/de\/insolvenzverfahren-restrukturierungsverfahren\/#primaryimage"},"image":{"@id":"https:\/\/mf.ag\/de\/insolvenzverfahren-restrukturierungsverfahren\/#primaryimage"},"thumbnailUrl":"https:\/\/mf.ag\/wp-content\/uploads\/2026\/04\/Website-Bilder-Neu-2026-04-14T171039.330-e1776179502107-1024x810.png","datePublished":"2026-04-14T15:58:42+00:00","dateModified":"2026-04-14T16:10:09+00:00","description":"VALTUS Management Factory steht Unternehmen seit mehr als 25 Jahren in Insolvenz- und Restrukturierungssituationen zur Seite.","breadcrumb":{"@id":"https:\/\/mf.ag\/de\/insolvenzverfahren-restrukturierungsverfahren\/#breadcrumb"},"inLanguage":"de","potentialAction":[{"@type":"ReadAction","target":["https:\/\/mf.ag\/de\/insolvenzverfahren-restrukturierungsverfahren\/"]}]},{"@type":"ImageObject","inLanguage":"de","@id":"https:\/\/mf.ag\/de\/insolvenzverfahren-restrukturierungsverfahren\/#primaryimage","url":"https:\/\/mf.ag\/wp-content\/uploads\/2026\/04\/Website-Bilder-Neu-2026-04-14T171039.330-e1776179502107-1024x810.png","contentUrl":"https:\/\/mf.ag\/wp-content\/uploads\/2026\/04\/Website-Bilder-Neu-2026-04-14T171039.330-e1776179502107-1024x810.png"},{"@type":"BreadcrumbList","@id":"https:\/\/mf.ag\/de\/insolvenzverfahren-restrukturierungsverfahren\/#breadcrumb","itemListElement":[{"@type":"ListItem","position":1,"name":"Home","item":"https:\/\/mf.ag\/de\/"},{"@type":"ListItem","position":2,"name":"Insolvenz- und Restrukturierungsverfahren\u00a0\u00a0"}]},{"@type":"WebSite","@id":"https:\/\/mf.ag\/de\/#website","url":"https:\/\/mf.ag\/de\/","name":"Management Factory","description":"Mit Executive Interim Management und Financial Advisory das Gesch\u00e4ft voranbringen","publisher":{"@id":"https:\/\/mf.ag\/de\/#organization"},"potentialAction":[{"@type":"SearchAction","target":{"@type":"EntryPoint","urlTemplate":"https:\/\/mf.ag\/de\/?s={search_term_string}"},"query-input":{"@type":"PropertyValueSpecification","valueRequired":true,"valueName":"search_term_string"}}],"inLanguage":"de"},{"@type":"Organization","@id":"https:\/\/mf.ag\/de\/#organization","name":"Management Factory","url":"https:\/\/mf.ag\/de\/","logo":{"@type":"ImageObject","inLanguage":"de","@id":"https:\/\/mf.ag\/de\/#\/schema\/logo\/image\/","url":"","contentUrl":"","caption":"Management Factory"},"image":{"@id":"https:\/\/mf.ag\/de\/#\/schema\/logo\/image\/"}}]}},"_links":{"self":[{"href":"https:\/\/mf.ag\/de\/wp-json\/wp\/v2\/pages\/66341","targetHints":{"allow":["GET"]}}],"collection":[{"href":"https:\/\/mf.ag\/de\/wp-json\/wp\/v2\/pages"}],"about":[{"href":"https:\/\/mf.ag\/de\/wp-json\/wp\/v2\/types\/page"}],"author":[{"embeddable":true,"href":"https:\/\/mf.ag\/de\/wp-json\/wp\/v2\/users\/48"}],"replies":[{"embeddable":true,"href":"https:\/\/mf.ag\/de\/wp-json\/wp\/v2\/comments?post=66341"}],"version-history":[{"count":9,"href":"https:\/\/mf.ag\/de\/wp-json\/wp\/v2\/pages\/66341\/revisions"}],"predecessor-version":[{"id":66357,"href":"https:\/\/mf.ag\/de\/wp-json\/wp\/v2\/pages\/66341\/revisions\/66357"}],"wp:attachment":[{"href":"https:\/\/mf.ag\/de\/wp-json\/wp\/v2\/media?parent=66341"}],"curies":[{"name":"wp","href":"https:\/\/api.w.org\/{rel}","templated":true}]}}