{"id":63450,"date":"2025-10-06T10:57:16","date_gmt":"2025-10-06T08:57:16","guid":{"rendered":"https:\/\/mf.ag\/?page_id=63450"},"modified":"2026-01-07T06:44:07","modified_gmt":"2026-01-07T05:44:07","slug":"roman-benedetto","status":"publish","type":"page","link":"https:\/\/mf.ag\/de\/roman-benedetto\/","title":{"rendered":"Roman Benedetto"},"content":{"rendered":"\n<div class=\"wp-block-media-text alignwide is-stacked-on-mobile is-vertically-aligned-center is-style-tw-overlap has-white-background-color has-background\" style=\"margin-top:var(--wp--preset--spacing--40)\"><figure class=\"wp-block-media-text__media\"><img loading=\"lazy\" decoding=\"async\" width=\"1024\" height=\"715\" src=\"https:\/\/mf.ag\/wp-content\/uploads\/2026\/01\/ManagementFactory_c_David_Bohmann_105-4-1-e1767764603101-1024x715.jpg\" alt=\"\" class=\"wp-image-64805 size-full\" srcset=\"https:\/\/mf.ag\/wp-content\/uploads\/2026\/01\/ManagementFactory_c_David_Bohmann_105-4-1-e1767764603101-1024x715.jpg 1024w, https:\/\/mf.ag\/wp-content\/uploads\/2026\/01\/ManagementFactory_c_David_Bohmann_105-4-1-e1767764603101-300x210.jpg 300w, https:\/\/mf.ag\/wp-content\/uploads\/2026\/01\/ManagementFactory_c_David_Bohmann_105-4-1-e1767764603101-768x536.jpg 768w, https:\/\/mf.ag\/wp-content\/uploads\/2026\/01\/ManagementFactory_c_David_Bohmann_105-4-1-e1767764603101-1536x1073.jpg 1536w, https:\/\/mf.ag\/wp-content\/uploads\/2026\/01\/ManagementFactory_c_David_Bohmann_105-4-1-e1767764603101.jpg 1652w\" sizes=\"auto, (max-width: 1024px) 100vw, 1024px\" \/><\/figure><div class=\"wp-block-media-text__content\">\n<h3 class=\"wp-block-heading\" id=\"h-roman-benedetto\"><strong>Roman Benedetto<\/strong><\/h3>\n\n\n\n<h5 class=\"wp-block-heading\">Partner<\/h5>\n\n\n\n<p>Roman Benedetto ist Partner der Management Factory mit Fokus auf Operations. Mit \u00fcber 15 Jahren Erfahrung in der Automobilindustrie und Unternehmensberatung, begleitete er internationale Transformationsprojekte mit Fokus auf Turnaround, Digitalisierung, Organisationsentwicklung, Innovation. Roman Benedetto engagiert sich als Lektor, Redakteur sowie Beirat in der Mobilit\u00e4tsbranche und verf\u00fcgt \u00fcber ein starkes Netzwerk in der DACH-Region.<\/p>\n\n\n\n<div class=\"wp-block-buttons is-layout-flex wp-block-buttons-is-layout-flex\" style=\"margin-top:var(--wp--preset--spacing--30)\">\n<div class=\"wp-block-button\"><a class=\"wp-block-button__link has-base-color has-secondary-background-color has-text-color has-background wp-element-button\" href=\"https:\/\/www.linkedin.com\/in\/roman-benedetto-52608260\/\" target=\"_blank\" rel=\"noreferrer noopener\"><i class=\"fab fa-linkedin-in\"><\/i>Linkedin<\/a><\/div>\n\n\n\n<div class=\"wp-block-button\"><a class=\"wp-block-button__link has-base-color has-secondary-background-color has-text-color has-background wp-element-button\"><i class=\"fas fa-phone\"><\/i> +43 664 28 03&nbsp;428<\/a><\/div>\n\n\n\n<div class=\"wp-block-button\"><a class=\"wp-block-button__link has-base-color has-secondary-background-color has-text-color has-background wp-element-button\"><i class=\"fas fa-envelope\"><\/i>roman.benedetto@mf.ag<\/a><\/div>\n<\/div>\n<\/div><\/div>\n\n\n\n<h5 class=\"wp-block-heading\" id=\"h-ausbildung\">Ausbildung <\/h5>\n\n\n\n<ul class=\"wp-block-list is-style-tw-checkmark\">\n<li>CAS Smart Mobility Management, <a href=\"https:\/\/www.unisg.ch\/de\/\" target=\"_blank\" rel=\"noreferrer noopener\">Hochschule St. Gallen (HSG)<\/a><\/li>\n\n\n\n<li>Diplomstudium Wirtschaftswissenschaften \u2013 Management Science mit Schwerpunkt Marketing und Wirtschaftsmathematik, Wirtschaftsuniversit\u00e4t Wien<\/li>\n\n\n\n<li>Diplomstudium Internationale Betriebswirtschaft mit Schwerpunkt International Organisational Behaviour und Statistik, Wirtschaftsuniversit\u00e4t Wien<\/li>\n\n\n\n<li>Auslandsstudium Empresariales Internacionales, Universitat de Val\u00e8ncia, Spanien<\/li>\n\n\n\n<li>Provisional Automotive SPICE Assessor<\/li>\n\n\n\n<li>Professional Scrum Master<\/li>\n\n\n\n<li>SAFe Agilist 6.0<\/li>\n<\/ul>\n\n\n\n<hr class=\"wp-block-separator has-alpha-channel-opacity is-style-wide\"\/>\n\n\n\n<h5 class=\"wp-block-heading\" id=\"h-berufserfahrung\">Berufserfahrung <\/h5>\n\n\n\n<figure class=\"wp-block-table is-style-tw-border-h-inner\"><table style=\"border-style:none;border-width:0px\"><tbody><tr><td><strong>Seit 10\/2025<br><\/strong><\/td><td><strong>Management Factory <\/strong><br>Partner<br><strong>Schwerpunkte:<br><\/strong>Verantwortlich f\u00fcr den Gesch\u00e4ftsbereich Operations mit Fokus auf Produktion &amp; Fertigungsoptimierung, Supply Chain Management, Industrial Performance &amp; Instandhaltung sowie operative Transformation und Turnaround-Management<\/td><\/tr><tr><td><strong>11\/2024 \u2013 10\/2025<\/strong><\/td><td><a href=\"https:\/\/www.brose.com\/de-de\/\" target=\"_blank\" rel=\"noreferrer noopener\"><strong>Brose Fahrzeugteile SE &amp; Co. Kommanditgesellschaft<br><\/strong><\/a>Director Inhouse Consulting &amp; Prozessmanagement<br><strong>Schwerpunkte:<br><\/strong>Aufbau des globalen Inhouse Consultings mit den Schwerpunkten <a href=\"https:\/\/mf.ag\/de\/restrukturierung\/\">Restrukturierung<\/a>, Optimierung, <a href=\"https:\/\/mf.ag\/de\/transaktionsberatung\/\">M&amp;A<\/a> und Digitalisierung. Operative Leitung des globalen Restrukturierungsprogramms zur Konzernsanierung mit Fokus auf Personalkostenoptimierung, Produktionsnetzwerk, Kunden- und Produktportfolio sowie Aufbau-\/Ablauforganisation.<\/td><\/tr><tr><td><strong>12\/2023 \u2013 heute<\/strong><\/td><td><strong><a href=\"https:\/\/www.triply.net\/de\" target=\"_blank\" rel=\"noreferrer noopener\">triply GmbH<\/a><br><\/strong>Investor und Mitglied des Aufsichtsrats (nebenberuflich)<br><strong>Schwerpunkte:<br><\/strong>Corporate Guidance, Strategieentwicklung, Pr\u00fcfung und Genehmigung der finanziellen Planung, Entwicklung der Sales-Strategie gemeinsam mit der Gesch\u00e4ftsf\u00fchrung.<\/td><\/tr><\/tbody><\/table><\/figure>\n\n\n\n<figure class=\"wp-block-table is-style-tw-border-h-inner\"><table style=\"border-style:none;border-width:0px\"><tbody><tr><td><\/td><td><\/td><\/tr><tr><td><strong>09\/2023 \u2013 heute<\/strong><\/td><td><a href=\"https:\/\/hochschule-burgenland.at\/\" target=\"_blank\" rel=\"noreferrer noopener\"><strong>Hochschule Burgenland, Eisenstadt<\/strong><br><\/a>Externer Lektor (nebenberuflich)<br><strong>Schwerpunkte:<br><\/strong>Konzeption und Umsetzung der Vorlesung \u201eDatafication &amp; Predictive Analytics\u201c im Rahmen des Studiengangs \u201eBusiness Process Engineering &amp; Management\u201c. Laufende Betreuung von Masterarbeiten.<\/td><\/tr><tr><td><strong>01\/2011 \u2013 10\/2024<\/strong><\/td><td><strong><a href=\"https:\/\/efs.consulting\/\" target=\"_blank\" rel=\"noreferrer noopener\">EFS Unternehmensberatung GmbH, Wien<br><\/a><\/strong>Partner (2019\u20132024), Engagement Manager (2016\u20132019), Consultant &amp; Projektleiter (2011\u20132016)<br><strong>Schwerpunkte:<br><\/strong>Gesch\u00e4ftsverantwortung (P&amp;L) eines Key Accounts internationaler Mobilit\u00e4tskonzerne. Leitung internationaler Projekte in den Bereichen R&amp;D, Marketing &amp; Sales, Digitalisierung &amp; IT. Entwicklung und Umsetzung von Markteintrittsstrategien, Restrukturierung von Entwicklungsprozessen, Aufbau von Vertriebsorganisationen, sowie Entwicklung des Gesch\u00e4ftsfelds \u201eSmart Mobility\u201c.<\/td><\/tr><\/tbody><\/table><\/figure>\n\n\n\n<hr class=\"wp-block-separator has-alpha-channel-opacity is-style-wide\"\/>\n\n\n\n<h5 class=\"wp-block-heading\" id=\"h-beratungs-und-projekterfahrung-auszug\">Beratungs- und Projekterfahrung (Auszug)<\/h5>\n\n\n\n<p>Bearbeitung von \u00fcber&nbsp;<strong>70 Beratungsmandaten<\/strong>&nbsp;in der Automobilindustrie, Industrieproduktion, Mobilit\u00e4t und verwandten Branchen in Europa und Asien.<\/p>\n\n\n\n<p><strong>Turnaround &amp; Transformation<\/strong><\/p>\n\n\n\n<ul class=\"wp-block-list\">\n<li>Globale Steuerung eines konzernweiten&nbsp;<strong>Restrukturierungsprogramms<\/strong>&nbsp;(Tier-1 Zulieferer, Umsatz &gt; EUR 7 Mrd.) mit Fokus auf Personalkostenreduktion, Produktionsnetzwerk und Portfoliooptimierung<\/li>\n\n\n\n<li>Entwicklung und Umsetzung eines&nbsp;<strong>Rightsizing-Konzepts<\/strong>&nbsp;f\u00fcr die China-Organisation eines internationalen Zulieferers<\/li>\n\n\n\n<li>Aufbau einer konzernweiten&nbsp;<strong>Liquidit\u00e4tssteuerung<\/strong>&nbsp;zur Cashflow-Optimierung unter Ber\u00fccksichtigung von Bestandsmanagement und Investitionskosten<\/li>\n\n\n\n<li>Einf\u00fchrung eines&nbsp;<strong>marktinduzierten Portfolio-Managements<\/strong>&nbsp;auf Basis von Trendanalysen und WSJF-Methode<\/li>\n<\/ul>\n\n\n\n<p><strong>Operative Exzellenz &amp; Prozessoptimierung<\/strong><\/p>\n\n\n\n<ul class=\"wp-block-list\">\n<li>Leitung eines globalen&nbsp;<strong>Optimierungsprogramms Produktentwicklungsprozess<\/strong>&nbsp;mit Schwerpunkten Projektleitung, Kosten- und Risikomanagement<\/li>\n\n\n\n<li><strong>Optimierung Seriengesch\u00e4ft<\/strong>&nbsp;nach SOP inkl. Prozessdesign, Toolunterst\u00fctzung und IT-Implementierung<\/li>\n\n\n\n<li>Einf\u00fchrung einer standardisierten&nbsp;<strong>Produktions- und Instandhaltungssteuerung<\/strong>&nbsp;zur Effizienzsteigerung an internationalen Standorten<\/li>\n\n\n\n<li>Konzeption und Umsetzung einer&nbsp;<strong>Bereinigung der IT-Systemlandschaft<\/strong>&nbsp;zur Reduktion von Komplexit\u00e4t und j\u00e4hrlichen Einsparungen von EUR 2\u20135 Mio.<\/li>\n<\/ul>\n\n\n\n<p><strong>Strategie &amp; Business Development<\/strong><\/p>\n\n\n\n<ul class=\"wp-block-list\">\n<li>Entwicklung einer&nbsp;<strong>Markteintrittsstrategie f\u00fcr BEV-Leichtnutzfahrzeuge<\/strong>&nbsp;in Europa inkl. Marktanalyse, Wettbewerbsbenchmark und Kundensegmentierung<\/li>\n\n\n\n<li>Ableitung strategischer&nbsp;<strong>Markteintrittsszenarien f\u00fcr die USA und China<\/strong>&nbsp;f\u00fcr Automotive Start-Ups<\/li>\n\n\n\n<li>Aufbau eines&nbsp;<strong>Business-Planning-Frameworks<\/strong>&nbsp;f\u00fcr Markteintritte in Frankreich und der Schweiz<\/li>\n\n\n\n<li>Erstellung eines&nbsp;<strong>Business Case und Agenturmodells<\/strong>&nbsp;f\u00fcr den internationalen Vertrieb (Omni-Channel-Ansatz)<\/li>\n<\/ul>\n\n\n\n<p><strong>Digitalisierung &amp; IT-Transformation<\/strong><\/p>\n\n\n\n<ul class=\"wp-block-list\">\n<li>Konzeption und Steuerung einer&nbsp;<strong>agilen IT-Transformation<\/strong>&nbsp;zur Einf\u00fchrung abteilungs\u00fcbergreifender Produktteams und Kadenzplanung<\/li>\n\n\n\n<li>Aufbau der IT-Landschaft und Infrastruktur im Zuge des&nbsp;<strong>Joint-Venture-Werksaufbaus<\/strong>&nbsp;(Europa &amp; China)<\/li>\n\n\n\n<li>Einf\u00fchrung eines&nbsp;<strong>Freigabemanagements<\/strong>&nbsp;im Rahmen der konzernweiten Umstellung auf Systems Engineering &amp; Automotive SPICE<\/li>\n\n\n\n<li>Konzeption einer&nbsp;<strong>Digitalisierungsstrategie in der Technischen Entwicklung<\/strong>, inkl. Systems Engineering-Roadmap und Governance-Modell<\/li>\n<\/ul>\n\n\n\n<p><strong>Mobilit\u00e4t &amp; Nachhaltigkeit<\/strong><\/p>\n\n\n\n<ul class=\"wp-block-list\">\n<li>Entwicklung einer&nbsp;<strong>Elektrifizierungsstrategie f\u00fcr Fuhrparks<\/strong>&nbsp;eines bundesweiten Pflegedienstleisters<\/li>\n\n\n\n<li>Konzeption eines&nbsp;<strong>Mobilit\u00e4tsoptimierungsprogramms<\/strong>&nbsp;f\u00fcr Mitarbeiter- und Flottenmobilit\u00e4t eines Facility Management Providers<\/li>\n\n\n\n<li>Ableitung von Use-Cases zur&nbsp;<strong>Blockchain-basierten Mobilit\u00e4tsdatenvernetzung<\/strong>&nbsp;und Entwicklung dezentraler Marktplatzl\u00f6sungen<\/li>\n\n\n\n<li>Vortragst\u00e4tigkeiten und Beratung zu&nbsp;<strong>nachhaltiger Mobilit\u00e4t, Standorttransformation und Smart Mobility<\/strong><\/li>\n<\/ul>\n","protected":false},"excerpt":{"rendered":"<p>Ausbildung Berufserfahrung Seit 10\/2025 Management Factory PartnerSchwerpunkte:Verantwortlich f\u00fcr den Gesch\u00e4ftsbereich Operations mit Fokus auf Produktion &amp; Fertigungsoptimierung, Supply Chain Management, Industrial Performance &amp; Instandhaltung sowie operative Transformation und Turnaround-Management 11\/2024 \u2013 10\/2025 Brose Fahrzeugteile SE &amp; Co. KommanditgesellschaftDirector Inhouse Consulting &amp; ProzessmanagementSchwerpunkte:Aufbau des globalen Inhouse Consultings mit den Schwerpunkten Restrukturierung, Optimierung, M&amp;A und Digitalisierung. Operative [&hellip;]<\/p>\n","protected":false},"author":32,"featured_media":0,"parent":0,"menu_order":0,"comment_status":"closed","ping_status":"closed","template":"","meta":{"inline_featured_image":false,"footnotes":""},"class_list":["post-63450","page","type-page","status-publish","hentry"],"featured_image_urls_v2":{"full":"","thumbnail":"","medium":"","medium_large":"","large":"","1536x1536":"","2048x2048":"","gform-image-choice-sm":"","gform-image-choice-md":"","gform-image-choice-lg":"","profile_24":"","profile_48":"","profile_96":"","profile_150":"","profile_300":""},"post_excerpt_stackable_v2":"<p>Roman Benedetto Partner Roman Benedetto ist Partner der Management Factory mit Fokus auf Operations. Mit \u00fcber 15 Jahren Erfahrung in der Automobilindustrie und Unternehmensberatung, begleitete er internationale Transformationsprojekte mit Fokus auf Turnaround, Digitalisierung, Organisationsentwicklung, Innovation. Roman Benedetto engagiert sich als Lektor, Redakteur sowie Beirat in der Mobilit\u00e4tsbranche und verf\u00fcgt \u00fcber ein starkes Netzwerk in der DACH-Region. Linkedin +43 664 28 03&nbsp;428 roman.benedetto@mf.ag Ausbildung CAS Smart Mobility Management, Hochschule St. Gallen (HSG) Diplomstudium Wirtschaftswissenschaften \u2013 Management Science mit Schwerpunkt Marketing und Wirtschaftsmathematik, Wirtschaftsuniversit\u00e4t Wien Diplomstudium Internationale Betriebswirtschaft mit Schwerpunkt International Organisational Behaviour und Statistik, Wirtschaftsuniversit\u00e4t Wien Auslandsstudium Empresariales Internacionales, Universitat de&hellip;<\/p>\n","category_list_v2":"","author_info_v2":{"name":"VALTUS Management Factory","url":"https:\/\/mf.ag\/de\/author\/managementfactory\/"},"comments_num_v2":"0 comments","yoast_head":"<!-- This site is optimized with the Yoast SEO Premium plugin v25.8 (Yoast SEO v27.4) - https:\/\/yoast.com\/product\/yoast-seo-premium-wordpress\/ -->\n<title>Roman Benedetto &#187; Management Factory<\/title>\n<meta name=\"robots\" content=\"index, follow, max-snippet:-1, max-image-preview:large, max-video-preview:-1\" \/>\n<link rel=\"canonical\" href=\"https:\/\/mf.ag\/de\/roman-benedetto\/\" \/>\n<meta property=\"og:locale\" content=\"de_DE\" \/>\n<meta property=\"og:type\" content=\"article\" \/>\n<meta property=\"og:title\" content=\"Roman Benedetto\" \/>\n<meta property=\"og:description\" content=\"Ausbildung Berufserfahrung Seit 10\/2025 Management Factory PartnerSchwerpunkte:Verantwortlich f\u00fcr den Gesch\u00e4ftsbereich Operations mit Fokus auf Produktion &amp; Fertigungsoptimierung, Supply Chain Management, Industrial Performance &amp; Instandhaltung sowie operative Transformation und Turnaround-Management 11\/2024 \u2013 10\/2025 Brose Fahrzeugteile SE &amp; Co. KommanditgesellschaftDirector Inhouse Consulting &amp; ProzessmanagementSchwerpunkte:Aufbau des globalen Inhouse Consultings mit den Schwerpunkten Restrukturierung, Optimierung, M&amp;A und Digitalisierung. Operative [&hellip;]\" \/>\n<meta property=\"og:url\" content=\"https:\/\/mf.ag\/de\/roman-benedetto\/\" \/>\n<meta property=\"og:site_name\" content=\"Management Factory\" \/>\n<meta property=\"article:modified_time\" content=\"2026-01-07T05:44:07+00:00\" \/>\n<meta property=\"og:image\" content=\"https:\/\/mf.ag\/wp-content\/uploads\/2026\/01\/ManagementFactory_c_David_Bohmann_105-4-1-e1767764603101.jpg\" \/>\n\t<meta property=\"og:image:width\" content=\"1652\" \/>\n\t<meta property=\"og:image:height\" content=\"1154\" \/>\n\t<meta property=\"og:image:type\" content=\"image\/jpeg\" \/>\n<meta name=\"twitter:card\" content=\"summary_large_image\" \/>\n<meta name=\"twitter:label1\" content=\"Gesch\u00e4tzte Lesezeit\" \/>\n\t<meta name=\"twitter:data1\" content=\"4\u00a0Minuten\" \/>\n<script type=\"application\/ld+json\" class=\"yoast-schema-graph\">{\"@context\":\"https:\\\/\\\/schema.org\",\"@graph\":[{\"@type\":\"WebPage\",\"@id\":\"https:\\\/\\\/mf.ag\\\/de\\\/roman-benedetto\\\/\",\"url\":\"https:\\\/\\\/mf.ag\\\/de\\\/roman-benedetto\\\/\",\"name\":\"Roman Benedetto &#187; Management Factory\",\"isPartOf\":{\"@id\":\"https:\\\/\\\/mf.ag\\\/de\\\/#website\"},\"primaryImageOfPage\":{\"@id\":\"https:\\\/\\\/mf.ag\\\/de\\\/roman-benedetto\\\/#primaryimage\"},\"image\":{\"@id\":\"https:\\\/\\\/mf.ag\\\/de\\\/roman-benedetto\\\/#primaryimage\"},\"thumbnailUrl\":\"https:\\\/\\\/mf.ag\\\/wp-content\\\/uploads\\\/2026\\\/01\\\/ManagementFactory_c_David_Bohmann_105-4-1-e1767764603101-1024x715.jpg\",\"datePublished\":\"2025-10-06T08:57:16+00:00\",\"dateModified\":\"2026-01-07T05:44:07+00:00\",\"breadcrumb\":{\"@id\":\"https:\\\/\\\/mf.ag\\\/de\\\/roman-benedetto\\\/#breadcrumb\"},\"inLanguage\":\"de\",\"potentialAction\":[{\"@type\":\"ReadAction\",\"target\":[\"https:\\\/\\\/mf.ag\\\/de\\\/roman-benedetto\\\/\"]}]},{\"@type\":\"ImageObject\",\"inLanguage\":\"de\",\"@id\":\"https:\\\/\\\/mf.ag\\\/de\\\/roman-benedetto\\\/#primaryimage\",\"url\":\"https:\\\/\\\/mf.ag\\\/wp-content\\\/uploads\\\/2026\\\/01\\\/ManagementFactory_c_David_Bohmann_105-4-1-e1767764603101-1024x715.jpg\",\"contentUrl\":\"https:\\\/\\\/mf.ag\\\/wp-content\\\/uploads\\\/2026\\\/01\\\/ManagementFactory_c_David_Bohmann_105-4-1-e1767764603101-1024x715.jpg\"},{\"@type\":\"BreadcrumbList\",\"@id\":\"https:\\\/\\\/mf.ag\\\/de\\\/roman-benedetto\\\/#breadcrumb\",\"itemListElement\":[{\"@type\":\"ListItem\",\"position\":1,\"name\":\"Home\",\"item\":\"https:\\\/\\\/mf.ag\\\/de\\\/\"},{\"@type\":\"ListItem\",\"position\":2,\"name\":\"Roman Benedetto\"}]},{\"@type\":\"WebSite\",\"@id\":\"https:\\\/\\\/mf.ag\\\/de\\\/#website\",\"url\":\"https:\\\/\\\/mf.ag\\\/de\\\/\",\"name\":\"Management Factory\",\"description\":\"Mit Executive Interim Management und Financial Advisory das Gesch\u00e4ft voranbringen\",\"publisher\":{\"@id\":\"https:\\\/\\\/mf.ag\\\/de\\\/#organization\"},\"potentialAction\":[{\"@type\":\"SearchAction\",\"target\":{\"@type\":\"EntryPoint\",\"urlTemplate\":\"https:\\\/\\\/mf.ag\\\/de\\\/?s={search_term_string}\"},\"query-input\":{\"@type\":\"PropertyValueSpecification\",\"valueRequired\":true,\"valueName\":\"search_term_string\"}}],\"inLanguage\":\"de\"},{\"@type\":\"Organization\",\"@id\":\"https:\\\/\\\/mf.ag\\\/de\\\/#organization\",\"name\":\"Management Factory\",\"url\":\"https:\\\/\\\/mf.ag\\\/de\\\/\",\"logo\":{\"@type\":\"ImageObject\",\"inLanguage\":\"de\",\"@id\":\"https:\\\/\\\/mf.ag\\\/de\\\/#\\\/schema\\\/logo\\\/image\\\/\",\"url\":\"\",\"contentUrl\":\"\",\"caption\":\"Management Factory\"},\"image\":{\"@id\":\"https:\\\/\\\/mf.ag\\\/de\\\/#\\\/schema\\\/logo\\\/image\\\/\"}}]}<\/script>\n<!-- \/ Yoast SEO Premium plugin. -->","yoast_head_json":{"title":"Roman Benedetto &#187; Management Factory","robots":{"index":"index","follow":"follow","max-snippet":"max-snippet:-1","max-image-preview":"max-image-preview:large","max-video-preview":"max-video-preview:-1"},"canonical":"https:\/\/mf.ag\/de\/roman-benedetto\/","og_locale":"de_DE","og_type":"article","og_title":"Roman Benedetto","og_description":"Ausbildung Berufserfahrung Seit 10\/2025 Management Factory PartnerSchwerpunkte:Verantwortlich f\u00fcr den Gesch\u00e4ftsbereich Operations mit Fokus auf Produktion &amp; Fertigungsoptimierung, Supply Chain Management, Industrial Performance &amp; Instandhaltung sowie operative Transformation und Turnaround-Management 11\/2024 \u2013 10\/2025 Brose Fahrzeugteile SE &amp; Co. KommanditgesellschaftDirector Inhouse Consulting &amp; ProzessmanagementSchwerpunkte:Aufbau des globalen Inhouse Consultings mit den Schwerpunkten Restrukturierung, Optimierung, M&amp;A und Digitalisierung. Operative [&hellip;]","og_url":"https:\/\/mf.ag\/de\/roman-benedetto\/","og_site_name":"Management Factory","article_modified_time":"2026-01-07T05:44:07+00:00","og_image":[{"width":1652,"height":1154,"url":"https:\/\/mf.ag\/wp-content\/uploads\/2026\/01\/ManagementFactory_c_David_Bohmann_105-4-1-e1767764603101.jpg","type":"image\/jpeg"}],"twitter_card":"summary_large_image","twitter_misc":{"Gesch\u00e4tzte Lesezeit":"4\u00a0Minuten"},"schema":{"@context":"https:\/\/schema.org","@graph":[{"@type":"WebPage","@id":"https:\/\/mf.ag\/de\/roman-benedetto\/","url":"https:\/\/mf.ag\/de\/roman-benedetto\/","name":"Roman Benedetto &#187; Management Factory","isPartOf":{"@id":"https:\/\/mf.ag\/de\/#website"},"primaryImageOfPage":{"@id":"https:\/\/mf.ag\/de\/roman-benedetto\/#primaryimage"},"image":{"@id":"https:\/\/mf.ag\/de\/roman-benedetto\/#primaryimage"},"thumbnailUrl":"https:\/\/mf.ag\/wp-content\/uploads\/2026\/01\/ManagementFactory_c_David_Bohmann_105-4-1-e1767764603101-1024x715.jpg","datePublished":"2025-10-06T08:57:16+00:00","dateModified":"2026-01-07T05:44:07+00:00","breadcrumb":{"@id":"https:\/\/mf.ag\/de\/roman-benedetto\/#breadcrumb"},"inLanguage":"de","potentialAction":[{"@type":"ReadAction","target":["https:\/\/mf.ag\/de\/roman-benedetto\/"]}]},{"@type":"ImageObject","inLanguage":"de","@id":"https:\/\/mf.ag\/de\/roman-benedetto\/#primaryimage","url":"https:\/\/mf.ag\/wp-content\/uploads\/2026\/01\/ManagementFactory_c_David_Bohmann_105-4-1-e1767764603101-1024x715.jpg","contentUrl":"https:\/\/mf.ag\/wp-content\/uploads\/2026\/01\/ManagementFactory_c_David_Bohmann_105-4-1-e1767764603101-1024x715.jpg"},{"@type":"BreadcrumbList","@id":"https:\/\/mf.ag\/de\/roman-benedetto\/#breadcrumb","itemListElement":[{"@type":"ListItem","position":1,"name":"Home","item":"https:\/\/mf.ag\/de\/"},{"@type":"ListItem","position":2,"name":"Roman Benedetto"}]},{"@type":"WebSite","@id":"https:\/\/mf.ag\/de\/#website","url":"https:\/\/mf.ag\/de\/","name":"Management Factory","description":"Mit Executive Interim Management und Financial Advisory das Gesch\u00e4ft voranbringen","publisher":{"@id":"https:\/\/mf.ag\/de\/#organization"},"potentialAction":[{"@type":"SearchAction","target":{"@type":"EntryPoint","urlTemplate":"https:\/\/mf.ag\/de\/?s={search_term_string}"},"query-input":{"@type":"PropertyValueSpecification","valueRequired":true,"valueName":"search_term_string"}}],"inLanguage":"de"},{"@type":"Organization","@id":"https:\/\/mf.ag\/de\/#organization","name":"Management Factory","url":"https:\/\/mf.ag\/de\/","logo":{"@type":"ImageObject","inLanguage":"de","@id":"https:\/\/mf.ag\/de\/#\/schema\/logo\/image\/","url":"","contentUrl":"","caption":"Management Factory"},"image":{"@id":"https:\/\/mf.ag\/de\/#\/schema\/logo\/image\/"}}]}},"_links":{"self":[{"href":"https:\/\/mf.ag\/de\/wp-json\/wp\/v2\/pages\/63450","targetHints":{"allow":["GET"]}}],"collection":[{"href":"https:\/\/mf.ag\/de\/wp-json\/wp\/v2\/pages"}],"about":[{"href":"https:\/\/mf.ag\/de\/wp-json\/wp\/v2\/types\/page"}],"author":[{"embeddable":true,"href":"https:\/\/mf.ag\/de\/wp-json\/wp\/v2\/users\/32"}],"replies":[{"embeddable":true,"href":"https:\/\/mf.ag\/de\/wp-json\/wp\/v2\/comments?post=63450"}],"version-history":[{"count":11,"href":"https:\/\/mf.ag\/de\/wp-json\/wp\/v2\/pages\/63450\/revisions"}],"predecessor-version":[{"id":64807,"href":"https:\/\/mf.ag\/de\/wp-json\/wp\/v2\/pages\/63450\/revisions\/64807"}],"wp:attachment":[{"href":"https:\/\/mf.ag\/de\/wp-json\/wp\/v2\/media?parent=63450"}],"curies":[{"name":"wp","href":"https:\/\/api.w.org\/{rel}","templated":true}]}}