{"id":62551,"date":"2025-09-02T10:40:59","date_gmt":"2025-09-02T08:40:59","guid":{"rendered":"https:\/\/mf.ag\/?page_id=62551"},"modified":"2025-11-11T17:59:52","modified_gmt":"2025-11-11T16:59:52","slug":"restrukturierung-in-japan","status":"publish","type":"page","link":"https:\/\/mf.ag\/de\/restrukturierung\/restrukturierung-in-japan\/","title":{"rendered":"Restrukturierung in Japan: Der \u201eglobale Weg\u201d funktioniert im Land der aufgehenden Sonne nicht"},"content":{"rendered":"\n<figure class=\"wp-block-image size-large\"><img loading=\"lazy\" decoding=\"async\" width=\"1024\" height=\"576\" src=\"https:\/\/mf.ag\/wp-content\/uploads\/2025\/09\/Website-Bilder-Neu-2025-09-02T122323.076-1024x576.png\" alt=\"\" class=\"wp-image-62561\" srcset=\"https:\/\/mf.ag\/wp-content\/uploads\/2025\/09\/Website-Bilder-Neu-2025-09-02T122323.076-1024x576.png 1024w, https:\/\/mf.ag\/wp-content\/uploads\/2025\/09\/Website-Bilder-Neu-2025-09-02T122323.076-300x169.png 300w, https:\/\/mf.ag\/wp-content\/uploads\/2025\/09\/Website-Bilder-Neu-2025-09-02T122323.076-768x432.png 768w, https:\/\/mf.ag\/wp-content\/uploads\/2025\/09\/Website-Bilder-Neu-2025-09-02T122323.076-1536x864.png 1536w, https:\/\/mf.ag\/wp-content\/uploads\/2025\/09\/Website-Bilder-Neu-2025-09-02T122323.076.png 1920w\" sizes=\"auto, (max-width: 1024px) 100vw, 1024px\" \/><\/figure>\n\n\n\n<p>Japan ist kein Land, in dem Unternehmen bei <a href=\"https:\/\/mf.ag\/de\/restrukturierung\/\">Restrukturierungen<\/a> schnelle Erfolge erzielen k\u00f6nnen. \u201eWenn ein Unternehmen nicht dauerhaft den Markt verlassen will, m\u00fcssen Restrukturierungsma\u00dfnahmen sorgf\u00e4ltig geplant und mit gen\u00fcgend Zeit umgesetzt werden\u201c, erkl\u00e4rt <a href=\"https:\/\/www.linkedin.com\/in\/hajime-baba-62b14166\/\" target=\"_blank\" rel=\"noreferrer noopener\">Hajime Baba<\/a>, Gr\u00fcnder von <a href=\"https:\/\/clarezapartners.com\/\" target=\"_blank\" rel=\"noreferrer noopener\">Clareza Partners<\/a> in Tokio, im Gespr\u00e4ch mit <a href=\"https:\/\/www.linkedin.com\/in\/ruthers\/\" target=\"_blank\" rel=\"noreferrer noopener\">Steve Rutherford<\/a>, Partner von <a href=\"https:\/\/valtus.uk\/\" target=\"_blank\" rel=\"noreferrer noopener\">Valtus UK<\/a> in London.<\/p>\n\n\n\n<p>Bei <a href=\"https:\/\/valtusgroup.com\/\" target=\"_blank\" rel=\"noreferrer noopener\">Valtus Alliance<\/a> bauen wir auf ein weltweites Netzwerk von Restrukturierungs-Expert:innen \u2013 denn Gesetze und Restrukturierungspraxen unterscheiden sich stark von Land zu Land.<\/p>\n\n\n\n<h3 class=\"wp-block-heading\" id=\"h-was-macht-den-rechtlichen-rahmen-fur-insolvenz-und-restrukturierung-in-japan-einzigartig\">Was macht den rechtlichen Rahmen f\u00fcr Insolvenz und Restrukturierung in Japan einzigartig?<\/h3>\n\n\n\n<p><em>Japans rechtlicher Rahmen ist gepr\u00e4gt durch eine Mischung aus formalen gesetzlichen Verfahren und informellen Praktiken, die stark von Kultur, Geschichte und Wirtschaftsstruktur beeinflusst sind.<\/em><\/p>\n\n\n\n<p><em>Neben formalen Verfahren wie der Zivilen Sanierung (\u201eMinji Saisei\u201c) oder der Unternehmensreorganisation (\u201eKaisha K\u00f6sei\u201c) gibt es in Japan eine lange Tradition au\u00dfergerichtlicher L\u00f6sungen. Ein Beispiel ist die au\u00dfergerichtliche Sanierung mittels &#8222;Jigy\u014d Saisei ADR&#8220;, einem konsensbasiertes Verfahren, das auf Kooperation zwischen dem Schuldner, den Banken und den anderen Gl\u00e4ubiger:innen setzt \u2013 ganz ohne Gericht. Die Japanische Association of Turnaround Professionals JATP administriert das Jigy\u014d Saisei ADR Verfahren, wobei ADR f\u00fcr &#8222;Alternative Dispute Resolution&#8220; steht.<\/em><\/p>\n\n\n\n<p><em>Informelle Verfahren werden bevorzugt, weil eine Insolvenz in Japan ein starkes gesellschaftliches Stigma tr\u00e4gt und als allerletzte Option gilt. Unternehmen und Banken versuchen, Probleme m\u00f6glichst intern zu l\u00f6sen, um Reputationssch\u00e4den zu vermeiden.<\/em><\/p>\n\n\n\n<p><em>Auch die Arbeitsgesetze spielen eine wichtige Rolle: Starker Arbeitnehmer:innenschutz und eine kulturelle Betonung von Besch\u00e4ftigungsstabilit\u00e4t wirken als Bremse f\u00fcr aggressive Restrukturierungen. Das erschwert schnellen Personalabbau oder (Teil)Liquidationen und f\u00f6rdert stattdessen kooperative L\u00f6sungen, informelle Ans\u00e4tze und Strategien zum Erhalt von Arbeitspl\u00e4tzen.<\/em><\/p>\n\n\n\n<h3 class=\"wp-block-heading\" id=\"h-was-ist-aus-deiner-erfahrung-der-haufigste-fehler-von-unternehmen-in-der-fruhphase-einer-liquiditatskrise\">Was ist aus deiner Erfahrung der h\u00e4ufigste Fehler von Unternehmen in der Fr\u00fchphase einer Liquidit\u00e4tskrise?<\/h3>\n\n\n\n<p><em>Der h\u00e4ufigste Fehler ist, die Schwere der Liquidit\u00e4tsprobleme zu verbergen oder herunterzuspielen. In der japanischen Kultur wird es als wichtig angesehen, \u201eScham\u201c zu vermeiden, was dazu f\u00fchrt, dass Probleme ungern fr\u00fchzeitig an Banken, Gl\u00e4ubiger:innen oder Stakeholder:innen kommuniziert werden.<\/em><\/p>\n\n\n\n<p><em>Zudem verlassen sich viele Unternehmen zu stark auf die Hauptbank. In der Annahme, dass sie erneut einspringen wird, vermeiden sie harte operative Entscheidungen.<\/em><\/p>\n\n\n\n<p><em>Diese Haltung verschlimmert die Situation. Wenn schlie\u00dflich externe Hilfe gesucht wird, sind die Handlungsspielr\u00e4ume bereits eingeschr\u00e4nkt, Gl\u00e4ubiger:innen sind mittlerweile weniger kooperationsbereit, und das Gesch\u00e4ft ist wom\u00f6glich schon irreparabel gesch\u00e4digt.<\/em><\/p>\n\n\n\n<h3 class=\"wp-block-heading\" id=\"h-ab-wann-und-in-welcher-rolle-sollten-externe-restrukturierungfachleute-eingebunden-werden-und-wer-sollte-das-mandat-erteilen\">Ab wann und in welcher Rolle sollten externe Restrukturierungfachleute eingebunden werden \u2013 und wer sollte das Mandat erteilen?<\/h3>\n\n\n\n<p><em>Am besten so fr\u00fch wie m\u00f6glich \u2013 idealerweise bei den ersten klaren Anzeichen von <em>operativen Problemen<\/em><\/em> und von <em>Liquidit\u00e4tsengp\u00e4ssen. Ein Schl\u00fcsselmoment ist zum Beispiel, wenn Kreditlinien fast ausgesch\u00f6pft sind oder nur noch unter strengeren Bedingungen verl\u00e4ngert werden.<\/em><\/p>\n\n\n\n<p><em>Japanische Manager:innen wehren sich oft dagegen, externe Personen in Entscheidungsrollen wie CEO, CFO, COO oder <a href=\"https:\/\/mf.ag\/de\/chief-restructuring-officer\/\">CRO<\/a> zu bringen. Akzeptabler ist es meist, wenn die Hauptbank eine:n externe:n Expert:in vorschl\u00e4gt oder diese:r als neutrale:r Berater:in auftritt, anstatt direkt Kontrolle zu \u00fcbernehmen.<\/em><\/p>\n\n\n\n<h3 class=\"wp-block-heading\" id=\"h-bekommen-mitarbeiter-innen-in-deinem-land-weiterhin-gehalter-und-boni-im-fall-einer-insolvenz-oder-verlieren-sie-alles-bzw-einen-teil\">Bekommen Mitarbeiter:innen in deinem Land weiterhin Geh\u00e4lter und Boni im Fall einer Insolvenz \u2013 oder verlieren sie alles bzw. einen Teil?<\/h3>\n\n\n\n<p><em>Bei einer Insolvenz erhalten Besch\u00e4ftigte in der Regel nicht ihr volles Gehalt. Es gibt jedoch ein staatlich gest\u00fctztes System, das bis zu 80 % der ausstehenden L\u00f6hne (innerhalb gewisser Grenzen) \u00fcbernimmt. Boni sind meist nicht abgedeckt und gehen bei einer Insolvenz verloren.<\/em><\/p>\n\n\n\n<h3 class=\"wp-block-heading\" id=\"h-welcher-fall-in-deiner-karriere-hat-deine-sicht-auf-restrukturierung-am-starksten-gepragt-und-was-hast-du-daraus-gelernt\">Welcher Fall in deiner Karriere hat deine Sicht auf Restrukturierung am st\u00e4rksten gepr\u00e4gt \u2013 und was hast du daraus gelernt?<\/h3>\n\n\n\n<p><em>Fast 10 Jahre lang habe ich bei einer globalen HR-Beratung gearbeitet und zahlreiche Restrukturierungsprojekte geleitet. Besonders in Erinnerung blieb mir ein Projekt f\u00fcr eine internationale Private-Equity-Firma, die ein Unternehmen von einer traditionellen japanischen Firma \u00fcbernommen hatte.<\/em><\/p>\n\n\n\n<p><em>Die gr\u00f6\u00dfte Herausforderung war der Widerstand der Belegschaft und der Gewerkschaft gegen notwendige Ver\u00e4nderungen. Gleichzeitig litten die Mitarbeiter:innen selbst stark unter den drastischen \u00c4nderungen durch den neuen Eigent\u00fcmer. Unser Team arbeitete eng mit dem Kunden zusammen, um Br\u00fccken zwischen beiden Seiten zu bauen. Entscheidend war unser Wissen bez\u00fcglich globaler und lokaler Usancen und MIndsets.<\/em><\/p>\n\n\n\n<p><em>Daraus habe ich gelernt: In Japan funktioniert der \u201eglobale Weg\u201c nicht. Ohne lokale Expertise lassen sich die schwierigen Aufgaben der Restrukturierung nicht erfolgreich umsetzen. Besonders bei Personalthemen ist das entscheidend, denn Arbeitsplatzsicherheit hat in Japan einen extrem hohen Stellenwert. Jobverlust wird oft mit Scham oder pers\u00f6nlichem Versagen verbunden.<\/em><\/p>\n\n\n\n<p><em>Diese Erkenntnis hat sich auch w\u00e4hrend meiner Zeit als Managing Director f\u00fcr Japan bei einer globalen HR-Firma best\u00e4tigt, wo Outplacement zu den Kerngesch\u00e4ften geh\u00f6rte. Die Angst vor Arbeitsplatzverlust f\u00fchrt in Restrukturierungen ohne lokale Unterst\u00fctzung schnell zu massiven Problemen.<\/em><\/p>\n\n\n\n<h3 class=\"wp-block-heading\" id=\"h-was-ware-deiner-meinung-nach-der-beste-weg-fur-ein-auslandisches-unternehmen-mit-japanischer-tochtergesellschaft-in-einer-massiven-ertrags-und-liquiditatskrise\">Was w\u00e4re deiner Meinung nach der beste Weg f\u00fcr ein ausl\u00e4ndisches Unternehmen mit japanischer Tochtergesellschaft in einer massiven Ertrags- und Liquidit\u00e4tskrise?<\/h3>\n\n\n\n<p><em>Das Wichtigste ist, finanzielle \u00dcberlebensf\u00e4higkeit mit rechtlichen, kulturellen und reputationsbezogenen Faktoren auszubalancieren.<\/em><\/p>\n\n\n\n<p><em>Japan hat strenge Arbeitsgesetze und starke Normen zum Besch\u00e4ftigungsschutz. Fehler im Umgang mit Mitarbeiter:innen k\u00f6nnen nicht nur rechtliche und finanzielle Folgen haben, sondern auch langfristig den Ruf und die Marktchancen des Unternehmens zerst\u00f6ren.<\/em><\/p>\n\n\n\n<p><em>Darum sollte so fr\u00fch wie m\u00f6glich ein:e lokale:r Expert:in eingebunden werden, mit juristischem Wissen und praktischer Erfahrung in japanischen Restrukturierungen.<\/em><\/p>\n\n\n\n<p><em>Grunds\u00e4tzlich gilt: In Japan gibt es keine schnellen Erfolge bei Restrukturierungen. Nur wer den Markt endg\u00fcltig verlassen will, kann r\u00fccksichtslos vorgehen. Alle anderen Restrukturierungsprozesse m\u00fcssen sorgf\u00e4ltig geplant und mit gen\u00fcgend Zeit umgesetzt werden.<\/em><\/p>\n\n\n\n<h3 class=\"wp-block-heading\" id=\"h-welche-rolle-spielt-private-equity-in-japan-bei-restrukturierungen\">Welche Rolle spielt Private Equity in Japan bei Restrukturierungen?<\/h3>\n\n\n\n<p><em><a href=\"https:\/\/mf.ag\/de\/artikel\/warum-private-equity-unternehmen-executive-interim-managerinnen-einsetzen\/\">Private Equity<\/a> hat in Japan an Bedeutung gewonnen, aber Hauptbanken und Altaktion\u00e4re sind weiterhin zentrale Akteur:innen \u2013 insbesondere bei traditionellen Unternehmen, wo es oft auch gesellschaftsrechtliche Verschr\u00e4nkungen mit befreundeten Unternehmen gibt. Sie legen Wert auf Besch\u00e4ftigungserhalt, schrittweise Ver\u00e4nderungen und gesichtswahrende Ausstiege \u2013 im Gegensatz zu aggressiven westlichen PE-Ans\u00e4tzen.<\/em><\/p>\n\n\n\n<p><em>In den letzten 10\u201315 Jahren haben PE-Fonds durch internationale Deals und den Aufstieg lokaler Player an Glaubw\u00fcrdigkeit gewonnen. Ihre Rolle bleibt jedoch begrenzt, unter anderem wegen:<\/em><\/p>\n\n\n\n<ul class=\"wp-block-list\">\n<li><em>kulturellen Widerstands gegen Insolvenzanmeldungen und Firmenverk\u00e4ufen<\/em><\/li>\n\n\n\n<li><em>starken Arbeitnehmerschutzes<\/em><\/li>\n\n\n\n<li><em>der Ablehnung aggressiver \u00dcbernahmen durch das bestehende Management, die Gewerkschaften und die Hauptbanken<\/em><\/li>\n<\/ul>\n\n\n\n<p><em>Daher verfolgen die meisten PE-Firmen in Japan eher kollaborative und graduelle Ans\u00e4tze, oft mit einzelnen F\u00fchrungskr\u00e4ften im Vorstand als strategische Partner. Nachteile sind dabei langsame Umsetzung, begrenzte Entscheidungskraft und eine L\u00fccke zwischen Strategie und Unternehmenskultur.<\/em><\/p>\n\n\n\n<p><em>Hier k\u00f6nnen <a href=\"https:\/\/mf.ag\/de\/interim-manager\/\">Interim Manager:innen<\/a> eine entscheidende Rolle spielen. Sie bringen Erfahrung, Neutralit\u00e4t und Umsetzungsst\u00e4rke mit. Gerade in Japan, wo offene Konfrontation und schnelle Br\u00fcche oft scheitern, bieten sie eine \u201eleise, aber kraftvolle\u201c M\u00f6glichkeit, Strategien umzusetzen, Performance zu verbessern und komplexe interne Dynamiken zu steuern \u2013 ohne den ungeschriebenen gesellschaftlichen Vertrag zu verletzen, der die japanische Corporate Culture pr\u00e4gt und zusammenh\u00e4lt.<\/em><\/p>\n","protected":false},"excerpt":{"rendered":"<p>Japan ist kein Land, in dem Unternehmen bei Restrukturierungen schnelle Erfolge erzielen k\u00f6nnen. \u201eWenn ein Unternehmen nicht dauerhaft den Markt verlassen will, m\u00fcssen Restrukturierungsma\u00dfnahmen sorgf\u00e4ltig geplant und mit gen\u00fcgend Zeit umgesetzt werden\u201c, erkl\u00e4rt Hajime Baba, Gr\u00fcnder von Clareza Partners in Tokio, im Gespr\u00e4ch mit Steve Rutherford, Partner von Valtus UK in London. Bei Valtus Alliance [&hellip;]<\/p>\n","protected":false},"author":32,"featured_media":62563,"parent":51639,"menu_order":0,"comment_status":"closed","ping_status":"closed","template":"","meta":{"inline_featured_image":false,"footnotes":""},"class_list":["post-62551","page","type-page","status-publish","has-post-thumbnail","hentry"],"featured_image_urls_v2":{"full":["https:\/\/mf.ag\/wp-content\/uploads\/2025\/09\/Website-Bilder-Neu-2025-09-02T122323.076-1.png",1920,1080,false],"thumbnail":["https:\/\/mf.ag\/wp-content\/uploads\/2025\/09\/Website-Bilder-Neu-2025-09-02T122323.076-1-250x250.png",250,250,true],"medium":["https:\/\/mf.ag\/wp-content\/uploads\/2025\/09\/Website-Bilder-Neu-2025-09-02T122323.076-1-300x169.png",300,169,true],"medium_large":["https:\/\/mf.ag\/wp-content\/uploads\/2025\/09\/Website-Bilder-Neu-2025-09-02T122323.076-1-768x432.png",768,432,true],"large":["https:\/\/mf.ag\/wp-content\/uploads\/2025\/09\/Website-Bilder-Neu-2025-09-02T122323.076-1-1024x576.png",1024,576,true],"1536x1536":["https:\/\/mf.ag\/wp-content\/uploads\/2025\/09\/Website-Bilder-Neu-2025-09-02T122323.076-1-1536x864.png",1536,864,true],"2048x2048":["https:\/\/mf.ag\/wp-content\/uploads\/2025\/09\/Website-Bilder-Neu-2025-09-02T122323.076-1.png",1920,1080,false],"gform-image-choice-sm":["https:\/\/mf.ag\/wp-content\/uploads\/2025\/09\/Website-Bilder-Neu-2025-09-02T122323.076-1.png",300,169,false],"gform-image-choice-md":["https:\/\/mf.ag\/wp-content\/uploads\/2025\/09\/Website-Bilder-Neu-2025-09-02T122323.076-1.png",400,225,false],"gform-image-choice-lg":["https:\/\/mf.ag\/wp-content\/uploads\/2025\/09\/Website-Bilder-Neu-2025-09-02T122323.076-1.png",600,338,false],"profile_24":["https:\/\/mf.ag\/wp-content\/uploads\/2025\/09\/Website-Bilder-Neu-2025-09-02T122323.076-1-24x24.png",24,24,true],"profile_48":["https:\/\/mf.ag\/wp-content\/uploads\/2025\/09\/Website-Bilder-Neu-2025-09-02T122323.076-1-48x48.png",48,48,true],"profile_96":["https:\/\/mf.ag\/wp-content\/uploads\/2025\/09\/Website-Bilder-Neu-2025-09-02T122323.076-1-96x96.png",96,96,true],"profile_150":["https:\/\/mf.ag\/wp-content\/uploads\/2025\/09\/Website-Bilder-Neu-2025-09-02T122323.076-1-150x150.png",150,150,true],"profile_300":["https:\/\/mf.ag\/wp-content\/uploads\/2025\/09\/Website-Bilder-Neu-2025-09-02T122323.076-1-300x300.png",300,300,true]},"post_excerpt_stackable_v2":"<p>Japan ist kein Land, in dem Unternehmen bei Restrukturierungen schnelle Erfolge erzielen k\u00f6nnen. \u201eWenn ein Unternehmen nicht dauerhaft den Markt verlassen will, m\u00fcssen Restrukturierungsma\u00dfnahmen sorgf\u00e4ltig geplant und mit gen\u00fcgend Zeit umgesetzt werden\u201c, erkl\u00e4rt Hajime Baba, Gr\u00fcnder von Clareza Partners in Tokio, im Gespr\u00e4ch mit Steve Rutherford, Partner von Valtus UK in London. Bei Valtus Alliance bauen wir auf ein weltweites Netzwerk von Restrukturierungs-Expert:innen \u2013 denn Gesetze und Restrukturierungspraxen unterscheiden sich stark von Land zu Land. Was macht den rechtlichen Rahmen f\u00fcr Insolvenz und Restrukturierung in Japan einzigartig? Japans rechtlicher Rahmen ist gepr\u00e4gt durch eine Mischung aus formalen gesetzlichen Verfahren und&hellip;<\/p>\n","category_list_v2":"","author_info_v2":{"name":"VALTUS Management Factory","url":"https:\/\/mf.ag\/de\/author\/managementfactory\/"},"comments_num_v2":"0 comments","yoast_head":"<!-- This site is optimized with the Yoast SEO Premium plugin v25.8 (Yoast SEO v27.4) - https:\/\/yoast.com\/product\/yoast-seo-premium-wordpress\/ -->\n<title>Restrukturierung in Japan: Der \u201eglobale Weg\u201d funktioniert im Land der aufgehenden Sonne nicht &#187; Management Factory<\/title>\n<meta name=\"robots\" content=\"index, follow, max-snippet:-1, max-image-preview:large, max-video-preview:-1\" \/>\n<link rel=\"canonical\" href=\"https:\/\/mf.ag\/de\/restrukturierung\/restrukturierung-in-japan\/\" \/>\n<meta property=\"og:locale\" content=\"de_DE\" \/>\n<meta property=\"og:type\" content=\"article\" \/>\n<meta property=\"og:title\" content=\"Restrukturierung in Japan: Der \u201eglobale Weg\u201d funktioniert im Land der aufgehenden Sonne nicht\" \/>\n<meta property=\"og:description\" content=\"Japan ist kein Land, in dem Unternehmen bei Restrukturierungen schnelle Erfolge erzielen k\u00f6nnen. \u201eWenn ein Unternehmen nicht dauerhaft den Markt verlassen will, m\u00fcssen Restrukturierungsma\u00dfnahmen sorgf\u00e4ltig geplant und mit gen\u00fcgend Zeit umgesetzt werden\u201c, erkl\u00e4rt Hajime Baba, Gr\u00fcnder von Clareza Partners in Tokio, im Gespr\u00e4ch mit Steve Rutherford, Partner von Valtus UK in London. Bei Valtus Alliance [&hellip;]\" \/>\n<meta property=\"og:url\" content=\"https:\/\/mf.ag\/de\/restrukturierung\/restrukturierung-in-japan\/\" \/>\n<meta property=\"og:site_name\" content=\"Management Factory\" \/>\n<meta property=\"article:modified_time\" content=\"2025-11-11T16:59:52+00:00\" \/>\n<meta property=\"og:image\" content=\"https:\/\/mf.ag\/wp-content\/uploads\/2025\/09\/Website-Bilder-Neu-2025-09-02T122323.076-1-1024x576.png\" \/>\n\t<meta property=\"og:image:width\" content=\"1024\" \/>\n\t<meta property=\"og:image:height\" content=\"576\" \/>\n\t<meta property=\"og:image:type\" content=\"image\/png\" \/>\n<meta name=\"twitter:card\" content=\"summary_large_image\" \/>\n<meta name=\"twitter:label1\" content=\"Gesch\u00e4tzte Lesezeit\" \/>\n\t<meta name=\"twitter:data1\" content=\"7\u00a0Minuten\" \/>\n<script type=\"application\/ld+json\" class=\"yoast-schema-graph\">{\"@context\":\"https:\\\/\\\/schema.org\",\"@graph\":[{\"@type\":\"WebPage\",\"@id\":\"https:\\\/\\\/mf.ag\\\/de\\\/restrukturierung\\\/restrukturierung-in-japan\\\/\",\"url\":\"https:\\\/\\\/mf.ag\\\/de\\\/restrukturierung\\\/restrukturierung-in-japan\\\/\",\"name\":\"Restrukturierung in Japan: Der \u201eglobale Weg\u201d funktioniert im Land der aufgehenden Sonne nicht &#187; Management Factory\",\"isPartOf\":{\"@id\":\"https:\\\/\\\/mf.ag\\\/de\\\/#website\"},\"primaryImageOfPage\":{\"@id\":\"https:\\\/\\\/mf.ag\\\/de\\\/restrukturierung\\\/restrukturierung-in-japan\\\/#primaryimage\"},\"image\":{\"@id\":\"https:\\\/\\\/mf.ag\\\/de\\\/restrukturierung\\\/restrukturierung-in-japan\\\/#primaryimage\"},\"thumbnailUrl\":\"https:\\\/\\\/mf.ag\\\/wp-content\\\/uploads\\\/2025\\\/09\\\/Website-Bilder-Neu-2025-09-02T122323.076-1.png\",\"datePublished\":\"2025-09-02T08:40:59+00:00\",\"dateModified\":\"2025-11-11T16:59:52+00:00\",\"breadcrumb\":{\"@id\":\"https:\\\/\\\/mf.ag\\\/de\\\/restrukturierung\\\/restrukturierung-in-japan\\\/#breadcrumb\"},\"inLanguage\":\"de\",\"potentialAction\":[{\"@type\":\"ReadAction\",\"target\":[\"https:\\\/\\\/mf.ag\\\/de\\\/restrukturierung\\\/restrukturierung-in-japan\\\/\"]}]},{\"@type\":\"ImageObject\",\"inLanguage\":\"de\",\"@id\":\"https:\\\/\\\/mf.ag\\\/de\\\/restrukturierung\\\/restrukturierung-in-japan\\\/#primaryimage\",\"url\":\"https:\\\/\\\/mf.ag\\\/wp-content\\\/uploads\\\/2025\\\/09\\\/Website-Bilder-Neu-2025-09-02T122323.076-1.png\",\"contentUrl\":\"https:\\\/\\\/mf.ag\\\/wp-content\\\/uploads\\\/2025\\\/09\\\/Website-Bilder-Neu-2025-09-02T122323.076-1.png\",\"width\":1920,\"height\":1080},{\"@type\":\"BreadcrumbList\",\"@id\":\"https:\\\/\\\/mf.ag\\\/de\\\/restrukturierung\\\/restrukturierung-in-japan\\\/#breadcrumb\",\"itemListElement\":[{\"@type\":\"ListItem\",\"position\":1,\"name\":\"Home\",\"item\":\"https:\\\/\\\/mf.ag\\\/de\\\/\"},{\"@type\":\"ListItem\",\"position\":2,\"name\":\"Restrukturierung\",\"item\":\"https:\\\/\\\/mf.ag\\\/de\\\/restrukturierung\\\/\"},{\"@type\":\"ListItem\",\"position\":3,\"name\":\"Restrukturierung in Japan: Der \u201eglobale Weg\u201d funktioniert im Land der aufgehenden Sonne nicht\"}]},{\"@type\":\"WebSite\",\"@id\":\"https:\\\/\\\/mf.ag\\\/de\\\/#website\",\"url\":\"https:\\\/\\\/mf.ag\\\/de\\\/\",\"name\":\"Management Factory\",\"description\":\"Mit Executive Interim Management und Financial Advisory das Gesch\u00e4ft voranbringen\",\"publisher\":{\"@id\":\"https:\\\/\\\/mf.ag\\\/de\\\/#organization\"},\"potentialAction\":[{\"@type\":\"SearchAction\",\"target\":{\"@type\":\"EntryPoint\",\"urlTemplate\":\"https:\\\/\\\/mf.ag\\\/de\\\/?s={search_term_string}\"},\"query-input\":{\"@type\":\"PropertyValueSpecification\",\"valueRequired\":true,\"valueName\":\"search_term_string\"}}],\"inLanguage\":\"de\"},{\"@type\":\"Organization\",\"@id\":\"https:\\\/\\\/mf.ag\\\/de\\\/#organization\",\"name\":\"Management Factory\",\"url\":\"https:\\\/\\\/mf.ag\\\/de\\\/\",\"logo\":{\"@type\":\"ImageObject\",\"inLanguage\":\"de\",\"@id\":\"https:\\\/\\\/mf.ag\\\/de\\\/#\\\/schema\\\/logo\\\/image\\\/\",\"url\":\"\",\"contentUrl\":\"\",\"caption\":\"Management Factory\"},\"image\":{\"@id\":\"https:\\\/\\\/mf.ag\\\/de\\\/#\\\/schema\\\/logo\\\/image\\\/\"}}]}<\/script>\n<!-- \/ Yoast SEO Premium plugin. -->","yoast_head_json":{"title":"Restrukturierung in Japan: Der \u201eglobale Weg\u201d funktioniert im Land der aufgehenden Sonne nicht &#187; Management Factory","robots":{"index":"index","follow":"follow","max-snippet":"max-snippet:-1","max-image-preview":"max-image-preview:large","max-video-preview":"max-video-preview:-1"},"canonical":"https:\/\/mf.ag\/de\/restrukturierung\/restrukturierung-in-japan\/","og_locale":"de_DE","og_type":"article","og_title":"Restrukturierung in Japan: Der \u201eglobale Weg\u201d funktioniert im Land der aufgehenden Sonne nicht","og_description":"Japan ist kein Land, in dem Unternehmen bei Restrukturierungen schnelle Erfolge erzielen k\u00f6nnen. \u201eWenn ein Unternehmen nicht dauerhaft den Markt verlassen will, m\u00fcssen Restrukturierungsma\u00dfnahmen sorgf\u00e4ltig geplant und mit gen\u00fcgend Zeit umgesetzt werden\u201c, erkl\u00e4rt Hajime Baba, Gr\u00fcnder von Clareza Partners in Tokio, im Gespr\u00e4ch mit Steve Rutherford, Partner von Valtus UK in London. Bei Valtus Alliance [&hellip;]","og_url":"https:\/\/mf.ag\/de\/restrukturierung\/restrukturierung-in-japan\/","og_site_name":"Management Factory","article_modified_time":"2025-11-11T16:59:52+00:00","og_image":[{"width":1024,"height":576,"url":"https:\/\/mf.ag\/wp-content\/uploads\/2025\/09\/Website-Bilder-Neu-2025-09-02T122323.076-1-1024x576.png","type":"image\/png"}],"twitter_card":"summary_large_image","twitter_misc":{"Gesch\u00e4tzte Lesezeit":"7\u00a0Minuten"},"schema":{"@context":"https:\/\/schema.org","@graph":[{"@type":"WebPage","@id":"https:\/\/mf.ag\/de\/restrukturierung\/restrukturierung-in-japan\/","url":"https:\/\/mf.ag\/de\/restrukturierung\/restrukturierung-in-japan\/","name":"Restrukturierung in Japan: Der \u201eglobale Weg\u201d funktioniert im Land der aufgehenden Sonne nicht &#187; Management Factory","isPartOf":{"@id":"https:\/\/mf.ag\/de\/#website"},"primaryImageOfPage":{"@id":"https:\/\/mf.ag\/de\/restrukturierung\/restrukturierung-in-japan\/#primaryimage"},"image":{"@id":"https:\/\/mf.ag\/de\/restrukturierung\/restrukturierung-in-japan\/#primaryimage"},"thumbnailUrl":"https:\/\/mf.ag\/wp-content\/uploads\/2025\/09\/Website-Bilder-Neu-2025-09-02T122323.076-1.png","datePublished":"2025-09-02T08:40:59+00:00","dateModified":"2025-11-11T16:59:52+00:00","breadcrumb":{"@id":"https:\/\/mf.ag\/de\/restrukturierung\/restrukturierung-in-japan\/#breadcrumb"},"inLanguage":"de","potentialAction":[{"@type":"ReadAction","target":["https:\/\/mf.ag\/de\/restrukturierung\/restrukturierung-in-japan\/"]}]},{"@type":"ImageObject","inLanguage":"de","@id":"https:\/\/mf.ag\/de\/restrukturierung\/restrukturierung-in-japan\/#primaryimage","url":"https:\/\/mf.ag\/wp-content\/uploads\/2025\/09\/Website-Bilder-Neu-2025-09-02T122323.076-1.png","contentUrl":"https:\/\/mf.ag\/wp-content\/uploads\/2025\/09\/Website-Bilder-Neu-2025-09-02T122323.076-1.png","width":1920,"height":1080},{"@type":"BreadcrumbList","@id":"https:\/\/mf.ag\/de\/restrukturierung\/restrukturierung-in-japan\/#breadcrumb","itemListElement":[{"@type":"ListItem","position":1,"name":"Home","item":"https:\/\/mf.ag\/de\/"},{"@type":"ListItem","position":2,"name":"Restrukturierung","item":"https:\/\/mf.ag\/de\/restrukturierung\/"},{"@type":"ListItem","position":3,"name":"Restrukturierung in Japan: Der \u201eglobale Weg\u201d funktioniert im Land der aufgehenden Sonne nicht"}]},{"@type":"WebSite","@id":"https:\/\/mf.ag\/de\/#website","url":"https:\/\/mf.ag\/de\/","name":"Management Factory","description":"Mit Executive Interim Management und Financial Advisory das Gesch\u00e4ft voranbringen","publisher":{"@id":"https:\/\/mf.ag\/de\/#organization"},"potentialAction":[{"@type":"SearchAction","target":{"@type":"EntryPoint","urlTemplate":"https:\/\/mf.ag\/de\/?s={search_term_string}"},"query-input":{"@type":"PropertyValueSpecification","valueRequired":true,"valueName":"search_term_string"}}],"inLanguage":"de"},{"@type":"Organization","@id":"https:\/\/mf.ag\/de\/#organization","name":"Management Factory","url":"https:\/\/mf.ag\/de\/","logo":{"@type":"ImageObject","inLanguage":"de","@id":"https:\/\/mf.ag\/de\/#\/schema\/logo\/image\/","url":"","contentUrl":"","caption":"Management Factory"},"image":{"@id":"https:\/\/mf.ag\/de\/#\/schema\/logo\/image\/"}}]}},"_links":{"self":[{"href":"https:\/\/mf.ag\/de\/wp-json\/wp\/v2\/pages\/62551","targetHints":{"allow":["GET"]}}],"collection":[{"href":"https:\/\/mf.ag\/de\/wp-json\/wp\/v2\/pages"}],"about":[{"href":"https:\/\/mf.ag\/de\/wp-json\/wp\/v2\/types\/page"}],"author":[{"embeddable":true,"href":"https:\/\/mf.ag\/de\/wp-json\/wp\/v2\/users\/32"}],"replies":[{"embeddable":true,"href":"https:\/\/mf.ag\/de\/wp-json\/wp\/v2\/comments?post=62551"}],"version-history":[{"count":9,"href":"https:\/\/mf.ag\/de\/wp-json\/wp\/v2\/pages\/62551\/revisions"}],"predecessor-version":[{"id":64123,"href":"https:\/\/mf.ag\/de\/wp-json\/wp\/v2\/pages\/62551\/revisions\/64123"}],"up":[{"embeddable":true,"href":"https:\/\/mf.ag\/de\/wp-json\/wp\/v2\/pages\/51639"}],"wp:featuredmedia":[{"embeddable":true,"href":"https:\/\/mf.ag\/de\/wp-json\/wp\/v2\/media\/62563"}],"wp:attachment":[{"href":"https:\/\/mf.ag\/de\/wp-json\/wp\/v2\/media?parent=62551"}],"curies":[{"name":"wp","href":"https:\/\/api.w.org\/{rel}","templated":true}]}}