{"id":56884,"date":"2024-07-09T08:22:50","date_gmt":"2024-07-09T06:22:50","guid":{"rendered":"https:\/\/mf.ag\/?page_id=56884"},"modified":"2025-07-28T10:55:37","modified_gmt":"2025-07-28T08:55:37","slug":"christian-egger","status":"publish","type":"page","link":"https:\/\/mf.ag\/de\/christian-egger\/","title":{"rendered":"Christian Egger"},"content":{"rendered":"\n<div class=\"wp-block-media-text alignwide is-stacked-on-mobile is-vertically-aligned-center is-style-tw-overlap has-white-background-color has-background\" style=\"margin-top:var(--wp--preset--spacing--40)\"><figure class=\"wp-block-media-text__media\"><img loading=\"lazy\" decoding=\"async\" width=\"1024\" height=\"683\" src=\"https:\/\/mf.ag\/wp-content\/uploads\/2023\/11\/ManagementFactory_c_David_Bohmann_132-1024x683.jpg\" alt=\"\" class=\"wp-image-54475 size-full\" srcset=\"https:\/\/mf.ag\/wp-content\/uploads\/2023\/11\/ManagementFactory_c_David_Bohmann_132-1024x683.jpg 1024w, https:\/\/mf.ag\/wp-content\/uploads\/2023\/11\/ManagementFactory_c_David_Bohmann_132-300x200.jpg 300w, https:\/\/mf.ag\/wp-content\/uploads\/2023\/11\/ManagementFactory_c_David_Bohmann_132-768x512.jpg 768w, https:\/\/mf.ag\/wp-content\/uploads\/2023\/11\/ManagementFactory_c_David_Bohmann_132-1536x1024.jpg 1536w, https:\/\/mf.ag\/wp-content\/uploads\/2023\/11\/ManagementFactory_c_David_Bohmann_132.jpg 2048w\" sizes=\"auto, (max-width: 1024px) 100vw, 1024px\" \/><\/figure><div class=\"wp-block-media-text__content\">\n<h3 class=\"wp-block-heading\" id=\"h-mag-christian-egger\">Mag. Christian Egger<\/h3>\n\n\n\n<h5 class=\"wp-block-heading\">Partner<\/h5>\n\n\n\n<p>Christian Egger ist zertifizierter Turnaround-Experte (CTE) und <a href=\"https:\/\/ipma.world\/\" target=\"_blank\" rel=\"noreferrer noopener\">zertifizierter Projektmanager (IPMA)<\/a>. Er ist seit 2012 bei Management Factory und arbeitet pers\u00f6nlich an unseren schwierigsten Restrukturierungsauftr\u00e4gen.<\/p>\n\n\n\n<div class=\"wp-block-buttons is-layout-flex wp-block-buttons-is-layout-flex\" style=\"margin-top:var(--wp--preset--spacing--30)\">\n<div class=\"wp-block-button\"><a class=\"wp-block-button__link has-base-color has-secondary-background-color has-text-color has-background wp-element-button\" href=\"https:\/\/www.linkedin.com\/in\/christian-egger-0a451621a\/\" target=\"_blank\" rel=\"noreferrer noopener\"><i class=\"fab fa-linkedin-in\"><\/i>Linkedin<\/a><\/div>\n\n\n\n<div class=\"wp-block-button\"><a class=\"wp-block-button__link has-base-color has-secondary-background-color has-text-color has-background wp-element-button\"><i class=\"fas fa-phone\"><\/i> +43 664 1846770<\/a><\/div>\n\n\n\n<div class=\"wp-block-button\"><a class=\"wp-block-button__link has-base-color has-secondary-background-color has-text-color has-background wp-element-button\"><i class=\"fas fa-envelope\"><\/i>christian.egger@mf.ag<\/a><\/div>\n<\/div>\n<\/div><\/div>\n\n\n\n<h5 class=\"wp-block-heading\">Ausbildung<\/h5>\n\n\n\n<ul class=\"wp-block-list is-style-tw-checkmark\">\n<li>Magister Studium der Betriebswirtschaftslehre an der <a href=\"https:\/\/www.wu.ac.at\/\" target=\"_blank\" rel=\"noreferrer noopener\">Wirtschaftsuniversit\u00e4t Wien <\/a>mit den Schwerpunkten \u201eRechnungswesen &amp; Revision\u201c und \u201eUnternehmensf\u00fchrung, Beratung &amp; Controlling\u201c<\/li>\n\n\n\n<li><a href=\"https:\/\/www.incite.at\/de\/programm\/zertifizierung-cte\/\" target=\"_blank\" rel=\"noreferrer noopener\">CTE<\/a> (Certified Turnaround Expert)<\/li>\n\n\n\n<li>Zertifizierter Projektmanager nach <a href=\"https:\/\/ipma.world\/\" target=\"_blank\" rel=\"noreferrer noopener\">IPMA<\/a><\/li>\n<\/ul>\n\n\n\n<hr class=\"wp-block-separator has-alpha-channel-opacity is-style-wide\"\/>\n\n\n\n<h5 class=\"wp-block-heading\">Beruflicher Werdegang<\/h5>\n\n\n\n<figure class=\"wp-block-table is-style-tw-border-h-inner\"><table><tbody><tr><td><strong>ab 2021<\/strong><\/td><td><strong>Management Factory Corporate Advisory GmbH<\/strong>, Partner<\/td><\/tr><tr><td><strong>ab 2012<\/strong>&nbsp;<\/td><td><strong>Management Factory Corporate Advisory GmbH<\/strong>, Manger<\/td><\/tr><tr><td><strong>2009 \u2013 2011<\/strong><\/td><td><strong><a href=\"https:\/\/www.act-mc.at\/\" target=\"_blank\" rel=\"noreferrer noopener\">act Management Consulting GmbH<\/a><\/strong>, Senior Consultant Financial Management, <\/td><\/tr><tr><td><strong>2006 \u2013 2008<\/strong><\/td><td><strong><a href=\"https:\/\/www.act-mc.at\/\" target=\"_blank\" rel=\"noreferrer noopener\">act Management Consulting GmbH<\/a>,<\/strong> Consultant Financial Management&nbsp;&nbsp;&nbsp;&nbsp;&nbsp;&nbsp;&nbsp;&nbsp;&nbsp;&nbsp;<\/td><\/tr><tr><td><strong>2004 \u2013 2005<\/strong><\/td><td><strong><a href=\"https:\/\/www.horvath-partners.at\/de\/\">Horv\u00e1th &amp; Partner Management Consulting GmbH<\/a><\/strong>, Projektassistent<\/td><\/tr><\/tbody><\/table><\/figure>\n\n\n\n<hr class=\"wp-block-separator has-alpha-channel-opacity is-style-wide\"\/>\n\n\n\n<h5 class=\"wp-block-heading\"><strong>Berufs-\/Beratungserfahrung (Auszug)<\/strong><\/h5>\n\n\n\n<ul class=\"wp-block-list is-style-tw-checkmark\">\n<li>Gesch\u00e4ftsf\u00fchrer (CFO) f\u00fcr ein \u00f6sterreichisches Unternehmen der Sportartikelindustrie (<a href=\"https:\/\/www.fischersports.com\/de_de\/\" target=\"_blank\" rel=\"noreferrer noopener\">Fischer Sports GmbH<\/a>)<\/li>\n\n\n\n<li>Restrukturierungsmanagement f\u00fcr ein \u00f6sterreichisches Anlagenbauunternehmen (<a href=\"https:\/\/www.kremsmueller.com\/\" target=\"_blank\" rel=\"noreferrer noopener\">Kremsm\u00fcller Gruppe<\/a>)<\/li>\n\n\n\n<li>Aufsetzen und Leitung eines Projekt Management Offices im Rahmen eines umfassenden Optimierungsprogrammes f\u00fcr ein \u00f6sterreichisches Bauunternehmen, \u00dcbernahme diverser Projetleitungen &nbsp;<br>(<a href=\"https:\/\/porr-group.com\/\" target=\"_blank\" rel=\"noreferrer noopener\">PORR AG<\/a>)<\/li>\n\n\n\n<li>Erarbeitung eines Restrukturierungskonzepts f\u00fcr ein Unternehmen im Bereich Consumer Goods, Begleitung der Bankenverhandlungen und Durchf\u00fchrung eines periodischen Umsetzungscontrollings (<a href=\"https:\/\/www.lomography.com\/\">Lomographische GmbH<\/a>)<\/li>\n\n\n\n<li>Projektmanagement Coaching f\u00fcr ein international agierendes Technologieunternehmen sowie Unterst\u00fctzung im Rahmen der Projektstrukturplanung<\/li>\n\n\n\n<li>Restrukturierungsmanagement f\u00fcr ein \u00f6sterreichisches Industrie-\/Maschinenbauunternehmen <\/li>\n\n\n\n<li>Business-Plan Erstellung und Begleitung der Bankenverhandlungen f\u00fcr ein \u00f6sterreichisches Industrieunternehmen<\/li>\n\n\n\n<li>Entwicklung eines Optimierungskonzeptes zur Overheadkostensenkung f\u00fcr ein international agierendes Dienstleistungsunternehmen im IT-Bereich<\/li>\n<\/ul>\n","protected":false},"excerpt":{"rendered":"<p>Ausbildung Beruflicher Werdegang ab 2021 Management Factory Corporate Advisory GmbH, Partner ab 2012&nbsp; Management Factory Corporate Advisory GmbH, Manger 2009 \u2013 2011 act Management Consulting GmbH, Senior Consultant Financial Management, 2006 \u2013 2008 act Management Consulting GmbH, Consultant Financial Management&nbsp;&nbsp;&nbsp;&nbsp;&nbsp;&nbsp;&nbsp;&nbsp;&nbsp;&nbsp; 2004 \u2013 2005 Horv\u00e1th &amp; Partner Management Consulting GmbH, Projektassistent Berufs-\/Beratungserfahrung (Auszug)<\/p>\n","protected":false},"author":41,"featured_media":0,"parent":0,"menu_order":0,"comment_status":"closed","ping_status":"closed","template":"","meta":{"inline_featured_image":false,"footnotes":""},"class_list":["post-56884","page","type-page","status-publish","hentry"],"featured_image_urls_v2":{"full":"","thumbnail":"","medium":"","medium_large":"","large":"","1536x1536":"","2048x2048":"","gform-image-choice-sm":"","gform-image-choice-md":"","gform-image-choice-lg":"","profile_24":"","profile_48":"","profile_96":"","profile_150":"","profile_300":""},"post_excerpt_stackable_v2":"<p>Mag. Christian Egger Partner Christian Egger ist zertifizierter Turnaround-Experte (CTE) und zertifizierter Projektmanager (IPMA). Er ist seit 2012 bei Management Factory und arbeitet pers\u00f6nlich an unseren schwierigsten Restrukturierungsauftr\u00e4gen. Linkedin +43 664 1846770 christian.egger@mf.ag Ausbildung Magister Studium der Betriebswirtschaftslehre an der Wirtschaftsuniversit\u00e4t Wien mit den Schwerpunkten \u201eRechnungswesen &amp; Revision\u201c und \u201eUnternehmensf\u00fchrung, Beratung &amp; Controlling\u201c CTE (Certified Turnaround Expert) Zertifizierter Projektmanager nach IPMA Beruflicher Werdegang ab 2021Management Factory Corporate Advisory GmbH, Partnerab 2012&nbsp;Management Factory Corporate Advisory GmbH, Manger2009 \u2013 2011act Management Consulting GmbH, Senior Consultant Financial Management, 2006 \u2013 2008act Management Consulting GmbH, Consultant Financial Management&nbsp;&nbsp;&nbsp;&nbsp;&nbsp;&nbsp;&nbsp;&nbsp;&nbsp;&nbsp;2004 \u2013 2005Horv\u00e1th &amp; Partner Management Consulting&hellip;<\/p>\n","category_list_v2":"","author_info_v2":{"name":"Henriette Guttenbrunner","url":"https:\/\/mf.ag\/de\/author\/henriette\/"},"comments_num_v2":"0 comments","yoast_head":"<!-- This site is optimized with the Yoast SEO Premium plugin v25.8 (Yoast SEO v27.4) - https:\/\/yoast.com\/product\/yoast-seo-premium-wordpress\/ -->\n<title>Christian Egger &#187; Management Factory<\/title>\n<meta name=\"description\" content=\"Entdecken Sie die Expertise von Christian Kniescheck in Executive Interim Management, spezialisiert auf Restrukturierungen und Transformationsprozesse.\" \/>\n<meta name=\"robots\" content=\"index, follow, max-snippet:-1, max-image-preview:large, max-video-preview:-1\" \/>\n<link rel=\"canonical\" href=\"https:\/\/mf.ag\/de\/christian-egger\/\" \/>\n<meta property=\"og:locale\" content=\"de_DE\" \/>\n<meta property=\"og:type\" content=\"article\" \/>\n<meta property=\"og:title\" content=\"Christian Egger\" \/>\n<meta property=\"og:description\" content=\"Entdecken Sie die Expertise von Christian Kniescheck in Executive Interim Management, spezialisiert auf Restrukturierungen und Transformationsprozesse.\" \/>\n<meta property=\"og:url\" content=\"https:\/\/mf.ag\/de\/christian-egger\/\" \/>\n<meta property=\"og:site_name\" content=\"Management Factory\" \/>\n<meta property=\"article:modified_time\" content=\"2025-07-28T08:55:37+00:00\" \/>\n<meta property=\"og:image\" content=\"https:\/\/mf.ag\/wp-content\/uploads\/2023\/11\/ManagementFactory_c_David_Bohmann_132.jpg\" \/>\n\t<meta property=\"og:image:width\" content=\"2048\" \/>\n\t<meta property=\"og:image:height\" content=\"1365\" \/>\n\t<meta property=\"og:image:type\" content=\"image\/jpeg\" \/>\n<meta name=\"twitter:card\" content=\"summary_large_image\" \/>\n<meta name=\"twitter:label1\" content=\"Gesch\u00e4tzte Lesezeit\" \/>\n\t<meta name=\"twitter:data1\" content=\"2\u00a0Minuten\" \/>\n<script type=\"application\/ld+json\" class=\"yoast-schema-graph\">{\"@context\":\"https:\\\/\\\/schema.org\",\"@graph\":[{\"@type\":\"WebPage\",\"@id\":\"https:\\\/\\\/mf.ag\\\/de\\\/christian-egger\\\/\",\"url\":\"https:\\\/\\\/mf.ag\\\/de\\\/christian-egger\\\/\",\"name\":\"Christian Egger &#187; Management Factory\",\"isPartOf\":{\"@id\":\"https:\\\/\\\/mf.ag\\\/de\\\/#website\"},\"primaryImageOfPage\":{\"@id\":\"https:\\\/\\\/mf.ag\\\/de\\\/christian-egger\\\/#primaryimage\"},\"image\":{\"@id\":\"https:\\\/\\\/mf.ag\\\/de\\\/christian-egger\\\/#primaryimage\"},\"thumbnailUrl\":\"https:\\\/\\\/mf.ag\\\/wp-content\\\/uploads\\\/2023\\\/11\\\/ManagementFactory_c_David_Bohmann_132-1024x683.jpg\",\"datePublished\":\"2024-07-09T06:22:50+00:00\",\"dateModified\":\"2025-07-28T08:55:37+00:00\",\"description\":\"Entdecken Sie die Expertise von Christian Kniescheck in Executive Interim Management, spezialisiert auf Restrukturierungen und Transformationsprozesse.\",\"breadcrumb\":{\"@id\":\"https:\\\/\\\/mf.ag\\\/de\\\/christian-egger\\\/#breadcrumb\"},\"inLanguage\":\"de\",\"potentialAction\":[{\"@type\":\"ReadAction\",\"target\":[\"https:\\\/\\\/mf.ag\\\/de\\\/christian-egger\\\/\"]}]},{\"@type\":\"ImageObject\",\"inLanguage\":\"de\",\"@id\":\"https:\\\/\\\/mf.ag\\\/de\\\/christian-egger\\\/#primaryimage\",\"url\":\"https:\\\/\\\/mf.ag\\\/wp-content\\\/uploads\\\/2023\\\/11\\\/ManagementFactory_c_David_Bohmann_132-1024x683.jpg\",\"contentUrl\":\"https:\\\/\\\/mf.ag\\\/wp-content\\\/uploads\\\/2023\\\/11\\\/ManagementFactory_c_David_Bohmann_132-1024x683.jpg\"},{\"@type\":\"BreadcrumbList\",\"@id\":\"https:\\\/\\\/mf.ag\\\/de\\\/christian-egger\\\/#breadcrumb\",\"itemListElement\":[{\"@type\":\"ListItem\",\"position\":1,\"name\":\"Home\",\"item\":\"https:\\\/\\\/mf.ag\\\/de\\\/\"},{\"@type\":\"ListItem\",\"position\":2,\"name\":\"Christian Egger\"}]},{\"@type\":\"WebSite\",\"@id\":\"https:\\\/\\\/mf.ag\\\/de\\\/#website\",\"url\":\"https:\\\/\\\/mf.ag\\\/de\\\/\",\"name\":\"Management Factory\",\"description\":\"Mit Executive Interim Management und Financial Advisory das Gesch\u00e4ft voranbringen\",\"publisher\":{\"@id\":\"https:\\\/\\\/mf.ag\\\/de\\\/#organization\"},\"potentialAction\":[{\"@type\":\"SearchAction\",\"target\":{\"@type\":\"EntryPoint\",\"urlTemplate\":\"https:\\\/\\\/mf.ag\\\/de\\\/?s={search_term_string}\"},\"query-input\":{\"@type\":\"PropertyValueSpecification\",\"valueRequired\":true,\"valueName\":\"search_term_string\"}}],\"inLanguage\":\"de\"},{\"@type\":\"Organization\",\"@id\":\"https:\\\/\\\/mf.ag\\\/de\\\/#organization\",\"name\":\"Management Factory\",\"url\":\"https:\\\/\\\/mf.ag\\\/de\\\/\",\"logo\":{\"@type\":\"ImageObject\",\"inLanguage\":\"de\",\"@id\":\"https:\\\/\\\/mf.ag\\\/de\\\/#\\\/schema\\\/logo\\\/image\\\/\",\"url\":\"\",\"contentUrl\":\"\",\"caption\":\"Management Factory\"},\"image\":{\"@id\":\"https:\\\/\\\/mf.ag\\\/de\\\/#\\\/schema\\\/logo\\\/image\\\/\"}}]}<\/script>\n<!-- \/ Yoast SEO Premium plugin. -->","yoast_head_json":{"title":"Christian Egger &#187; Management Factory","description":"Entdecken Sie die Expertise von Christian Kniescheck in Executive Interim Management, spezialisiert auf Restrukturierungen und Transformationsprozesse.","robots":{"index":"index","follow":"follow","max-snippet":"max-snippet:-1","max-image-preview":"max-image-preview:large","max-video-preview":"max-video-preview:-1"},"canonical":"https:\/\/mf.ag\/de\/christian-egger\/","og_locale":"de_DE","og_type":"article","og_title":"Christian Egger","og_description":"Entdecken Sie die Expertise von Christian Kniescheck in Executive Interim Management, spezialisiert auf Restrukturierungen und Transformationsprozesse.","og_url":"https:\/\/mf.ag\/de\/christian-egger\/","og_site_name":"Management Factory","article_modified_time":"2025-07-28T08:55:37+00:00","og_image":[{"width":2048,"height":1365,"url":"https:\/\/mf.ag\/wp-content\/uploads\/2023\/11\/ManagementFactory_c_David_Bohmann_132.jpg","type":"image\/jpeg"}],"twitter_card":"summary_large_image","twitter_misc":{"Gesch\u00e4tzte Lesezeit":"2\u00a0Minuten"},"schema":{"@context":"https:\/\/schema.org","@graph":[{"@type":"WebPage","@id":"https:\/\/mf.ag\/de\/christian-egger\/","url":"https:\/\/mf.ag\/de\/christian-egger\/","name":"Christian Egger &#187; Management Factory","isPartOf":{"@id":"https:\/\/mf.ag\/de\/#website"},"primaryImageOfPage":{"@id":"https:\/\/mf.ag\/de\/christian-egger\/#primaryimage"},"image":{"@id":"https:\/\/mf.ag\/de\/christian-egger\/#primaryimage"},"thumbnailUrl":"https:\/\/mf.ag\/wp-content\/uploads\/2023\/11\/ManagementFactory_c_David_Bohmann_132-1024x683.jpg","datePublished":"2024-07-09T06:22:50+00:00","dateModified":"2025-07-28T08:55:37+00:00","description":"Entdecken Sie die Expertise von Christian Kniescheck in Executive Interim Management, spezialisiert auf Restrukturierungen und Transformationsprozesse.","breadcrumb":{"@id":"https:\/\/mf.ag\/de\/christian-egger\/#breadcrumb"},"inLanguage":"de","potentialAction":[{"@type":"ReadAction","target":["https:\/\/mf.ag\/de\/christian-egger\/"]}]},{"@type":"ImageObject","inLanguage":"de","@id":"https:\/\/mf.ag\/de\/christian-egger\/#primaryimage","url":"https:\/\/mf.ag\/wp-content\/uploads\/2023\/11\/ManagementFactory_c_David_Bohmann_132-1024x683.jpg","contentUrl":"https:\/\/mf.ag\/wp-content\/uploads\/2023\/11\/ManagementFactory_c_David_Bohmann_132-1024x683.jpg"},{"@type":"BreadcrumbList","@id":"https:\/\/mf.ag\/de\/christian-egger\/#breadcrumb","itemListElement":[{"@type":"ListItem","position":1,"name":"Home","item":"https:\/\/mf.ag\/de\/"},{"@type":"ListItem","position":2,"name":"Christian Egger"}]},{"@type":"WebSite","@id":"https:\/\/mf.ag\/de\/#website","url":"https:\/\/mf.ag\/de\/","name":"Management Factory","description":"Mit Executive Interim Management und Financial Advisory das Gesch\u00e4ft voranbringen","publisher":{"@id":"https:\/\/mf.ag\/de\/#organization"},"potentialAction":[{"@type":"SearchAction","target":{"@type":"EntryPoint","urlTemplate":"https:\/\/mf.ag\/de\/?s={search_term_string}"},"query-input":{"@type":"PropertyValueSpecification","valueRequired":true,"valueName":"search_term_string"}}],"inLanguage":"de"},{"@type":"Organization","@id":"https:\/\/mf.ag\/de\/#organization","name":"Management Factory","url":"https:\/\/mf.ag\/de\/","logo":{"@type":"ImageObject","inLanguage":"de","@id":"https:\/\/mf.ag\/de\/#\/schema\/logo\/image\/","url":"","contentUrl":"","caption":"Management Factory"},"image":{"@id":"https:\/\/mf.ag\/de\/#\/schema\/logo\/image\/"}}]}},"_links":{"self":[{"href":"https:\/\/mf.ag\/de\/wp-json\/wp\/v2\/pages\/56884","targetHints":{"allow":["GET"]}}],"collection":[{"href":"https:\/\/mf.ag\/de\/wp-json\/wp\/v2\/pages"}],"about":[{"href":"https:\/\/mf.ag\/de\/wp-json\/wp\/v2\/types\/page"}],"author":[{"embeddable":true,"href":"https:\/\/mf.ag\/de\/wp-json\/wp\/v2\/users\/41"}],"replies":[{"embeddable":true,"href":"https:\/\/mf.ag\/de\/wp-json\/wp\/v2\/comments?post=56884"}],"version-history":[{"count":11,"href":"https:\/\/mf.ag\/de\/wp-json\/wp\/v2\/pages\/56884\/revisions"}],"predecessor-version":[{"id":61953,"href":"https:\/\/mf.ag\/de\/wp-json\/wp\/v2\/pages\/56884\/revisions\/61953"}],"wp:attachment":[{"href":"https:\/\/mf.ag\/de\/wp-json\/wp\/v2\/media?parent=56884"}],"curies":[{"name":"wp","href":"https:\/\/api.w.org\/{rel}","templated":true}]}}