{"id":55983,"date":"2024-03-22T16:06:49","date_gmt":"2024-03-22T15:06:49","guid":{"rendered":"https:\/\/mf.ag\/?page_id=55983"},"modified":"2024-07-11T13:46:56","modified_gmt":"2024-07-11T11:46:56","slug":"cookie-policy","status":"publish","type":"page","link":"https:\/\/mf.ag\/de\/cookie-policy\/","title":{"rendered":"Cookie-Richtlinie"},"content":{"rendered":"\n<h2 class=\"wp-block-heading\">1. \u00dcber Cookies<\/h2>\n\n\n\n<p>Cookies sind kleine Textdateien. Diese Textdateien enthalten Daten, die auf dem Computer des Besuchers gespeichert sind. Von Zeit zu Zeit fordert die Website Daten von den Cookies an, die der Besucher auf seinem Computer gespeichert hat. Websites verwenden Cookies beispielsweise, um Einstellungen dar\u00fcber zu speichern, wie die Website f\u00fcr den Besucher angezeigt werden soll. Ein weiterer \u00fcblicher Verwendungszweck von Cookies besteht darin, teilweise Informationen \u00fcber das Verhalten der Besucher zu sammeln. Der Besucher stimmt zu, welche Cookies \u00fcber das Cookie-Banner platziert werden k\u00f6nnen, das beim Laden der Website angezeigt wird. Wenn Sie Fragen zu dieser Cookie-Richtlinie haben, kontaktieren Sie uns bitte per E-Mail. Um die Zustimmung zu verweigern, m\u00fcssen Sie die Cookie-Einstellungen \u00f6ffnen und die Cookie-Kategorien deaktivieren, die Sie entfernen m\u00f6chten, und auf &#8222;Speichern&#8220; klicken.<\/p>\n\n\n\n<h2 class=\"wp-block-heading\">2. Verwendung von Cookies<\/h2>\n\n\n\n<p>Wir verwenden Cookies, um die Benutzererfahrung auf der Website zu verbessern, z. B. um Ihre Pr\u00e4ferenzen oder Daten beim Ausf\u00fcllen eines Formulars zu speichern. Wir verwenden zwei Arten von Cookies. Eine ist ein dauerhaftes Cookie, das eine Datei f\u00fcr einen l\u00e4ngeren Zeitraum auf Ihrem Computer speichert. Es wird beispielsweise f\u00fcr Funktionen verwendet, die Ihnen mitteilen, was seit Ihrem letzten Besuch neu ist. Die andere Art von Cookie wird als Sitzungscookie bezeichnet und ist nur w\u00e4hrend der Dauer Ihres aktuellen Besuchs g\u00fcltig, um beispielsweise zu verfolgen, ob Sie angemeldet sind.<\/p>\n\n\n\n<p><strong>Cookies von Google Analytics<\/strong><br>Wir verwenden Google Analytics, um ein tieferes Verst\u00e4ndnis daf\u00fcr zu bekommen, wie unsere Besucher mit unserer Website interagieren. Die gesammelten Informationen werden auf den Servern von Google in den USA gespeichert. Google Analytics sammelt keine personenbezogenen Informationen, die mit Ihnen als Person verbunden werden k\u00f6nnen. Google verwendet Cookies, um zu bewerten, wie Sie unsere Website nutzen, Berichte \u00fcber Ihre Aktivit\u00e4ten zu erstellen und \u00e4hnliche Dienste anzubieten, an denen Sie interessiert sein k\u00f6nnten. Google Analytics platziert sowohl dauerhafte als auch tempor\u00e4re Sitzungscookies. Google verkn\u00fcpft Ihre IP-Adresse nicht mit den gesammelten Informationen oder mit zuvor gesammelten Daten. F\u00fcr weitere Informationen folgen Sie diesem Link zur <a href=\"https:\/\/developers.google.com\/analytics\/devguides\/collection\/analyticsjs\/cookie-usage\" target=\"_blank\" rel=\"noreferrer noopener\">Google Analytics Cookie Usage on Websites<\/a><\/p>\n\n\n\n<h2 class=\"wp-block-heading\">3. Einwilligung der Besucher<\/h2>\n\n\n\n<p>Unsere Position ist, dass wir Ihre Einwilligung einholen, bevor wir Cookies abrufen oder speichern. Dies gilt f\u00fcr alle Arten von Cookies. Wir holen jedoch Ihre Einwilligung nicht ein, wenn Cookies f\u00fcr die grundlegend notwendige Funktionalit\u00e4t der Website verwendet werden, die f\u00fcr deren ordnungsgem\u00e4\u00dfe Funktion erforderlich ist. Sie haben die M\u00f6glichkeit, Cookies in den Datenschutzeinstellungen Ihres Browsers zu deaktivieren. Wir sammeln keine personenbezogenen Informationen durch die Verwendung von Cookies. Wenn wir andere Arten von Cookies verwenden, die Informationen \u00fcber Sie sammeln, werden wir diese Informationen nicht an Dritte weitergeben. Sie werden auch \u00fcber die Verwendung neuer Cookies informiert und erhalten die M\u00f6glichkeit, der Speicherung von Cookies zuzustimmen, bevor sie auf Ihrem Computer gespeichert werden.<\/p>\n\n\n\n<hr class=\"wp-block-separator has-alpha-channel-opacity is-style-wide\"\/>\n\n\n\n<h3 class=\"wp-block-heading is-style-default\" id=\"h-welche-cookies-verwenden-wir\">Welche Cookies verwenden wir?<\/h3>\n\n\n\n<h4 class=\"wp-block-heading\"><strong>Google<\/strong><\/h4>\n\n\n\n<p>Marketing-Cookies werden verwendet, um Besuchern auf Webseiten zu folgen. Die Absicht ist, Anzeigen zu zeigen, die relevant und ansprechend f\u00fcr den einzelnen Benutzer sind und daher wertvoller f\u00fcr Publisher und werbetreibende Drittparteien sind.<\/p>\n\n\n\n<ul class=\"wp-block-list\">\n<li><strong>NID<\/strong>\n<ul class=\"wp-block-list\">\n<li>Zweck: Anstehend<\/li>\n\n\n\n<li>Ablauf: 6 Monate<\/li>\n\n\n\n<li>Typ: HTTP<br><\/li>\n<\/ul>\n<\/li>\n\n\n\n<li><strong>_ga<\/strong>\n<ul class=\"wp-block-list\">\n<li>Zweck: Wird verwendet, um Daten zu Google Analytics \u00fcber das Ger\u00e4t und das Verhalten des Besuchers zu senden. Erfasst den Besucher \u00fcber Ger\u00e4te und Marketingkan\u00e4le hinweg.<\/li>\n\n\n\n<li>Ablauf: 2 Jahre<\/li>\n\n\n\n<li>Typ: HTTP<br><\/li>\n<\/ul>\n<\/li>\n\n\n\n<li><strong><em>ga<\/em><\/strong><strong>#<\/strong>\n<ul class=\"wp-block-list\">\n<li>Zweck: Wird verwendet, um Daten zu Google Analytics \u00fcber das Ger\u00e4t und das Verhalten des Besuchers zu senden. Erfasst den Besucher \u00fcber Ger\u00e4te und Marketingkan\u00e4le hinweg.<\/li>\n\n\n\n<li>Ablauf: 2 Jahre<\/li>\n\n\n\n<li>Typ: HTTP<\/li>\n<\/ul>\n<\/li>\n<\/ul>\n\n\n\n<h4 class=\"wp-block-heading\"><strong>YouTube<\/strong><\/h4>\n\n\n\n<p>YouTube verwendet die folgenden Cookies:<\/p>\n\n\n\n<ul class=\"wp-block-list\">\n<li><strong>#-#<\/strong>\n<ul class=\"wp-block-list\">\n<li>Zweck: Anstehend<\/li>\n\n\n\n<li>Ablauf: Sitzung<\/li>\n\n\n\n<li>Typ: HTML<br><\/li>\n<\/ul>\n<\/li>\n\n\n\n<li><strong>iU5q-!O9@$<\/strong>\n<ul class=\"wp-block-list\">\n<li>Zweck: Registriert eine eindeutige ID, um Statistiken der Videos von YouTube, die der Benutzer gesehen hat, zu behalten.<\/li>\n\n\n\n<li>Ablauf: Sitzung<\/li>\n\n\n\n<li>Typ: HTML<br><\/li>\n<\/ul>\n<\/li>\n\n\n\n<li><strong>LAST_RESULT_ENTRY_KEY<\/strong>\n<ul class=\"wp-block-list\">\n<li>Zweck: Wird verwendet, um die Interaktion der Nutzer mit eingebetteten Inhalten zu verfolgen.<\/li>\n\n\n\n<li>Ablauf: Sitzung<\/li>\n\n\n\n<li>Typ: HTTP<br><\/li>\n<\/ul>\n<\/li>\n\n\n\n<li><strong>LogsDatabaseV2:V#||LogsRequestsStore<\/strong>\n<ul class=\"wp-block-list\">\n<li>Zweck: Anstehend<\/li>\n\n\n\n<li>Ablauf: Best\u00e4ndig<\/li>\n\n\n\n<li>Typ: IDB<br><\/li>\n<\/ul>\n<\/li>\n\n\n\n<li><strong>nextId<\/strong>\n<ul class=\"wp-block-list\">\n<li>Zweck: Wird verwendet, um die Interaktion der Nutzer mit eingebetteten Inhalten zu verfolgen.<\/li>\n\n\n\n<li>Ablauf: Sitzung<\/li>\n\n\n\n<li>Typ: HTTP<br><\/li>\n<\/ul>\n<\/li>\n\n\n\n<li><strong>remote_sid<\/strong>\n<ul class=\"wp-block-list\">\n<li>Zweck: Notwendig f\u00fcr die Implementierung und Funktionalit\u00e4t von YouTube-Videoinhalten auf der Website.<\/li>\n\n\n\n<li>Ablauf: Sitzung<\/li>\n\n\n\n<li>Typ: HTTP<br><\/li>\n<\/ul>\n<\/li>\n\n\n\n<li><strong>requests<\/strong>\n<ul class=\"wp-block-list\">\n<li>Zweck: Wird verwendet, um die Interaktion der Nutzer mit eingebetteten Inhalten zu verfolgen.<\/li>\n\n\n\n<li>Ablauf: Sitzung<\/li>\n\n\n\n<li>Typ: HTTP<br><\/li>\n<\/ul>\n<\/li>\n\n\n\n<li><strong>ServiceWorkerLogsDatabase#SWHealthLog<\/strong>\n<ul class=\"wp-block-list\">\n<li>Zweck: Notwendig f\u00fcr die Implementierung und Funktionalit\u00e4t von YouTube-Videoinhalten auf der Website.<\/li>\n\n\n\n<li>Ablauf: Best\u00e4ndig<\/li>\n\n\n\n<li>Typ: IDB<br><\/li>\n<\/ul>\n<\/li>\n\n\n\n<li><strong>TESTCOOKIESENABLED<\/strong>\n<ul class=\"wp-block-list\">\n<li>Zweck: Wird verwendet, um die Interaktion der Nutzer mit eingebetteten Inhalten zu verfolgen.<\/li>\n\n\n\n<li>Ablauf: 0 Tag<\/li>\n\n\n\n<li>Typ: HTTP<br><\/li>\n<\/ul>\n<\/li>\n\n\n\n<li><strong>VISITOR_INFO1_LIVE<\/strong>\n<ul class=\"wp-block-list\">\n<li>Zweck: Anstehend<\/li>\n\n\n\n<li>Ablauf: 179 Tage<\/li>\n\n\n\n<li>Typ: HTTP<br><\/li>\n<\/ul>\n<\/li>\n\n\n\n<li><strong>YSC<\/strong>\n<ul class=\"wp-block-list\">\n<li>Zweck: Anstehend<\/li>\n\n\n\n<li>Ablauf: Sitzung<\/li>\n\n\n\n<li>Typ: HTTP<br><\/li>\n<\/ul>\n<\/li>\n\n\n\n<li><strong>yt.innertube::nextId<\/strong>\n<ul class=\"wp-block-list\">\n<li>Zweck: Registriert eine eindeutige ID, um Statistiken der Videos von YouTube, die der Benutzer gesehen hat, zu behalten.<\/li>\n\n\n\n<li>Ablauf: Best\u00e4ndig<\/li>\n\n\n\n<li>Typ: HTML<br><\/li>\n<\/ul>\n<\/li>\n\n\n\n<li><strong>ytidb::LAST_RESULT_ENTRY_KEY<\/strong>\n<ul class=\"wp-block-list\">\n<li>Zweck: Wird verwendet, um die Interaktion der Nutzer mit eingebetteten Inhalten zu verfolgen.<\/li>\n\n\n\n<li>Ablauf: Best\u00e4ndig<\/li>\n\n\n\n<li>Typ: HTML<br><\/li>\n<\/ul>\n<\/li>\n\n\n\n<li><strong>YtIdbMeta#databases<\/strong>\n<ul class=\"wp-block-list\">\n<li>Zweck: Wird verwendet, um die Interaktion der Nutzer mit eingebetteten Inhalten zu verfolgen.<\/li>\n\n\n\n<li>Ablauf: Best\u00e4ndig<\/li>\n\n\n\n<li>Typ: IDB<br><\/li>\n<\/ul>\n<\/li>\n\n\n\n<li><strong>yt-remote-cast-available<\/strong>\n<ul class=\"wp-block-list\">\n<li>Zweck: Speichert die Benutzereinstellungen beim Abruf eines auf anderen Webseiten integrierten Youtube-Videos<\/li>\n\n\n\n<li>Ablauf: Sitzung<\/li>\n\n\n\n<li>Typ: HTML<br><\/li>\n<\/ul>\n<\/li>\n\n\n\n<li><strong>yt-remote-cast-installed<\/strong>\n<ul class=\"wp-block-list\">\n<li>Zweck: Speichert die Benutzereinstellungen beim Abruf eines auf anderen Webseiten integrierten Youtube-Videos<\/li>\n\n\n\n<li>Ablauf: Sitzung<\/li>\n\n\n\n<li>Typ: HTML<br><\/li>\n<\/ul>\n<\/li>\n\n\n\n<li><strong>yt-remote-connected-devices<\/strong>\n<ul class=\"wp-block-list\">\n<li>Zweck: Speichert die Benutzereinstellungen beim Abruf eines auf anderen Webseiten integrierten Youtube-Videos<\/li>\n\n\n\n<li>Ablauf: Best\u00e4ndig<\/li>\n\n\n\n<li>Typ: HTML<br><\/li>\n<\/ul>\n<\/li>\n\n\n\n<li><strong>yt-remote-device-id<\/strong>\n<ul class=\"wp-block-list\">\n<li>Zweck: Speichert die Benutzereinstellungen beim Abruf eines auf anderen Webseiten integrierten Youtube-Videos<\/li>\n\n\n\n<li>Ablauf: Best\u00e4ndig<\/li>\n\n\n\n<li>Typ: HTML<br><\/li>\n<\/ul>\n<\/li>\n\n\n\n<li><strong>yt-remote-fast-check-period<\/strong>\n<ul class=\"wp-block-list\">\n<li>Zweck: Speichert die Benutzereinstellungen beim Abruf eines auf anderen Webseiten integrierten Youtube-Videos<\/li>\n\n\n\n<li>Ablauf: Sitzung<\/li>\n\n\n\n<li>Typ: HTML<br><\/li>\n<\/ul>\n<\/li>\n\n\n\n<li><strong>yt-remote-session-app<\/strong>\n<ul class=\"wp-block-list\">\n<li>Zweck: Speichert die Benutzereinstellungen beim Abruf eines auf anderen Webseiten integrierten Youtube-Videos<\/li>\n\n\n\n<li>Ablauf: Sitzung<\/li>\n\n\n\n<li>Typ: HTML<br><\/li>\n<\/ul>\n<\/li>\n\n\n\n<li><strong>yt-remote-session-name<\/strong>\n<ul class=\"wp-block-list\">\n<li>Zweck: Speichert die Benutzereinstellungen beim Abruf eines auf anderen Webseiten integrierten Youtube-Videos<\/li>\n\n\n\n<li>Ablauf: Sitzung<\/li>\n\n\n\n<li>Typ: HTML&#8220;<br><\/li>\n<\/ul>\n<\/li>\n<\/ul>\n","protected":false},"excerpt":{"rendered":"<p>1. \u00dcber Cookies Cookies sind kleine Textdateien. Diese Textdateien enthalten Daten, die auf dem Computer des Besuchers gespeichert sind. Von Zeit zu Zeit fordert die Website Daten von den Cookies an, die der Besucher auf seinem Computer gespeichert hat. Websites verwenden Cookies beispielsweise, um Einstellungen dar\u00fcber zu speichern, wie die Website f\u00fcr den Besucher angezeigt [&hellip;]<\/p>\n","protected":false},"author":44,"featured_media":0,"parent":0,"menu_order":0,"comment_status":"closed","ping_status":"closed","template":"","meta":{"inline_featured_image":false,"footnotes":""},"class_list":["post-55983","page","type-page","status-publish","hentry"],"featured_image_urls_v2":{"full":"","thumbnail":"","medium":"","medium_large":"","large":"","1536x1536":"","2048x2048":"","gform-image-choice-sm":"","gform-image-choice-md":"","gform-image-choice-lg":"","profile_24":"","profile_48":"","profile_96":"","profile_150":"","profile_300":""},"post_excerpt_stackable_v2":"<p>1. \u00dcber Cookies Cookies sind kleine Textdateien. Diese Textdateien enthalten Daten, die auf dem Computer des Besuchers gespeichert sind. Von Zeit zu Zeit fordert die Website Daten von den Cookies an, die der Besucher auf seinem Computer gespeichert hat. Websites verwenden Cookies beispielsweise, um Einstellungen dar\u00fcber zu speichern, wie die Website f\u00fcr den Besucher angezeigt werden soll. Ein weiterer \u00fcblicher Verwendungszweck von Cookies besteht darin, teilweise Informationen \u00fcber das Verhalten der Besucher zu sammeln. Der Besucher stimmt zu, welche Cookies \u00fcber das Cookie-Banner platziert werden k\u00f6nnen, das beim Laden der Website angezeigt wird. Wenn Sie Fragen zu dieser Cookie-Richtlinie haben,&hellip;<\/p>\n","category_list_v2":"","author_info_v2":{"name":"Kalle Salomonsson","url":"https:\/\/mf.ag\/de\/author\/kallethegeneration-se\/"},"comments_num_v2":"0 comments","yoast_head":"<!-- This site is optimized with the Yoast SEO Premium plugin v25.8 (Yoast SEO v27.4) - https:\/\/yoast.com\/product\/yoast-seo-premium-wordpress\/ -->\n<title>Cookie-Richtlinie &#187; Management Factory<\/title>\n<meta name=\"robots\" content=\"index, follow, max-snippet:-1, max-image-preview:large, max-video-preview:-1\" \/>\n<link rel=\"canonical\" href=\"https:\/\/mf.ag\/de\/cookie-policy\/\" \/>\n<meta property=\"og:locale\" content=\"de_DE\" \/>\n<meta property=\"og:type\" content=\"article\" \/>\n<meta property=\"og:title\" content=\"Cookie-Richtlinie\" \/>\n<meta property=\"og:description\" content=\"1. \u00dcber Cookies Cookies sind kleine Textdateien. Diese Textdateien enthalten Daten, die auf dem Computer des Besuchers gespeichert sind. Von Zeit zu Zeit fordert die Website Daten von den Cookies an, die der Besucher auf seinem Computer gespeichert hat. Websites verwenden Cookies beispielsweise, um Einstellungen dar\u00fcber zu speichern, wie die Website f\u00fcr den Besucher angezeigt [&hellip;]\" \/>\n<meta property=\"og:url\" content=\"https:\/\/mf.ag\/de\/cookie-policy\/\" \/>\n<meta property=\"og:site_name\" content=\"Management Factory\" \/>\n<meta property=\"article:modified_time\" content=\"2024-07-11T11:46:56+00:00\" \/>\n<meta name=\"twitter:card\" content=\"summary_large_image\" \/>\n<meta name=\"twitter:label1\" content=\"Gesch\u00e4tzte Lesezeit\" \/>\n\t<meta name=\"twitter:data1\" content=\"6\u00a0Minuten\" \/>\n<script type=\"application\/ld+json\" class=\"yoast-schema-graph\">{\"@context\":\"https:\\\/\\\/schema.org\",\"@graph\":[{\"@type\":\"WebPage\",\"@id\":\"https:\\\/\\\/mf.ag\\\/de\\\/cookie-policy\\\/\",\"url\":\"https:\\\/\\\/mf.ag\\\/de\\\/cookie-policy\\\/\",\"name\":\"Cookie-Richtlinie &#187; Management Factory\",\"isPartOf\":{\"@id\":\"https:\\\/\\\/mf.ag\\\/de\\\/#website\"},\"datePublished\":\"2024-03-22T15:06:49+00:00\",\"dateModified\":\"2024-07-11T11:46:56+00:00\",\"breadcrumb\":{\"@id\":\"https:\\\/\\\/mf.ag\\\/de\\\/cookie-policy\\\/#breadcrumb\"},\"inLanguage\":\"de\",\"potentialAction\":[{\"@type\":\"ReadAction\",\"target\":[\"https:\\\/\\\/mf.ag\\\/de\\\/cookie-policy\\\/\"]}]},{\"@type\":\"BreadcrumbList\",\"@id\":\"https:\\\/\\\/mf.ag\\\/de\\\/cookie-policy\\\/#breadcrumb\",\"itemListElement\":[{\"@type\":\"ListItem\",\"position\":1,\"name\":\"Home\",\"item\":\"https:\\\/\\\/mf.ag\\\/de\\\/\"},{\"@type\":\"ListItem\",\"position\":2,\"name\":\"Cookie-Richtlinie\"}]},{\"@type\":\"WebSite\",\"@id\":\"https:\\\/\\\/mf.ag\\\/de\\\/#website\",\"url\":\"https:\\\/\\\/mf.ag\\\/de\\\/\",\"name\":\"Management Factory\",\"description\":\"Mit Executive Interim Management und Financial Advisory das Gesch\u00e4ft voranbringen\",\"publisher\":{\"@id\":\"https:\\\/\\\/mf.ag\\\/de\\\/#organization\"},\"potentialAction\":[{\"@type\":\"SearchAction\",\"target\":{\"@type\":\"EntryPoint\",\"urlTemplate\":\"https:\\\/\\\/mf.ag\\\/de\\\/?s={search_term_string}\"},\"query-input\":{\"@type\":\"PropertyValueSpecification\",\"valueRequired\":true,\"valueName\":\"search_term_string\"}}],\"inLanguage\":\"de\"},{\"@type\":\"Organization\",\"@id\":\"https:\\\/\\\/mf.ag\\\/de\\\/#organization\",\"name\":\"Management Factory\",\"url\":\"https:\\\/\\\/mf.ag\\\/de\\\/\",\"logo\":{\"@type\":\"ImageObject\",\"inLanguage\":\"de\",\"@id\":\"https:\\\/\\\/mf.ag\\\/de\\\/#\\\/schema\\\/logo\\\/image\\\/\",\"url\":\"\",\"contentUrl\":\"\",\"caption\":\"Management Factory\"},\"image\":{\"@id\":\"https:\\\/\\\/mf.ag\\\/de\\\/#\\\/schema\\\/logo\\\/image\\\/\"}}]}<\/script>\n<!-- \/ Yoast SEO Premium plugin. -->","yoast_head_json":{"title":"Cookie-Richtlinie &#187; Management Factory","robots":{"index":"index","follow":"follow","max-snippet":"max-snippet:-1","max-image-preview":"max-image-preview:large","max-video-preview":"max-video-preview:-1"},"canonical":"https:\/\/mf.ag\/de\/cookie-policy\/","og_locale":"de_DE","og_type":"article","og_title":"Cookie-Richtlinie","og_description":"1. \u00dcber Cookies Cookies sind kleine Textdateien. Diese Textdateien enthalten Daten, die auf dem Computer des Besuchers gespeichert sind. Von Zeit zu Zeit fordert die Website Daten von den Cookies an, die der Besucher auf seinem Computer gespeichert hat. Websites verwenden Cookies beispielsweise, um Einstellungen dar\u00fcber zu speichern, wie die Website f\u00fcr den Besucher angezeigt [&hellip;]","og_url":"https:\/\/mf.ag\/de\/cookie-policy\/","og_site_name":"Management Factory","article_modified_time":"2024-07-11T11:46:56+00:00","twitter_card":"summary_large_image","twitter_misc":{"Gesch\u00e4tzte Lesezeit":"6\u00a0Minuten"},"schema":{"@context":"https:\/\/schema.org","@graph":[{"@type":"WebPage","@id":"https:\/\/mf.ag\/de\/cookie-policy\/","url":"https:\/\/mf.ag\/de\/cookie-policy\/","name":"Cookie-Richtlinie &#187; Management Factory","isPartOf":{"@id":"https:\/\/mf.ag\/de\/#website"},"datePublished":"2024-03-22T15:06:49+00:00","dateModified":"2024-07-11T11:46:56+00:00","breadcrumb":{"@id":"https:\/\/mf.ag\/de\/cookie-policy\/#breadcrumb"},"inLanguage":"de","potentialAction":[{"@type":"ReadAction","target":["https:\/\/mf.ag\/de\/cookie-policy\/"]}]},{"@type":"BreadcrumbList","@id":"https:\/\/mf.ag\/de\/cookie-policy\/#breadcrumb","itemListElement":[{"@type":"ListItem","position":1,"name":"Home","item":"https:\/\/mf.ag\/de\/"},{"@type":"ListItem","position":2,"name":"Cookie-Richtlinie"}]},{"@type":"WebSite","@id":"https:\/\/mf.ag\/de\/#website","url":"https:\/\/mf.ag\/de\/","name":"Management Factory","description":"Mit Executive Interim Management und Financial Advisory das Gesch\u00e4ft voranbringen","publisher":{"@id":"https:\/\/mf.ag\/de\/#organization"},"potentialAction":[{"@type":"SearchAction","target":{"@type":"EntryPoint","urlTemplate":"https:\/\/mf.ag\/de\/?s={search_term_string}"},"query-input":{"@type":"PropertyValueSpecification","valueRequired":true,"valueName":"search_term_string"}}],"inLanguage":"de"},{"@type":"Organization","@id":"https:\/\/mf.ag\/de\/#organization","name":"Management Factory","url":"https:\/\/mf.ag\/de\/","logo":{"@type":"ImageObject","inLanguage":"de","@id":"https:\/\/mf.ag\/de\/#\/schema\/logo\/image\/","url":"","contentUrl":"","caption":"Management Factory"},"image":{"@id":"https:\/\/mf.ag\/de\/#\/schema\/logo\/image\/"}}]}},"_links":{"self":[{"href":"https:\/\/mf.ag\/de\/wp-json\/wp\/v2\/pages\/55983","targetHints":{"allow":["GET"]}}],"collection":[{"href":"https:\/\/mf.ag\/de\/wp-json\/wp\/v2\/pages"}],"about":[{"href":"https:\/\/mf.ag\/de\/wp-json\/wp\/v2\/types\/page"}],"author":[{"embeddable":true,"href":"https:\/\/mf.ag\/de\/wp-json\/wp\/v2\/users\/44"}],"replies":[{"embeddable":true,"href":"https:\/\/mf.ag\/de\/wp-json\/wp\/v2\/comments?post=55983"}],"version-history":[{"count":5,"href":"https:\/\/mf.ag\/de\/wp-json\/wp\/v2\/pages\/55983\/revisions"}],"predecessor-version":[{"id":56928,"href":"https:\/\/mf.ag\/de\/wp-json\/wp\/v2\/pages\/55983\/revisions\/56928"}],"wp:attachment":[{"href":"https:\/\/mf.ag\/de\/wp-json\/wp\/v2\/media?parent=55983"}],"curies":[{"name":"wp","href":"https:\/\/api.w.org\/{rel}","templated":true}]}}