{"id":55928,"date":"2024-03-19T13:44:59","date_gmt":"2024-03-19T12:44:59","guid":{"rendered":"https:\/\/mf.ag\/?page_id=55928"},"modified":"2026-04-30T14:03:00","modified_gmt":"2026-04-30T12:03:00","slug":"gerhard-wueest","status":"publish","type":"page","link":"https:\/\/mf.ag\/de\/gerhard-wueest\/","title":{"rendered":"Gerhard W\u00fcest"},"content":{"rendered":"\n<div class=\"wp-block-media-text alignwide is-stacked-on-mobile is-vertically-aligned-center is-style-tw-overlap has-white-background-color has-background\" style=\"margin-top:var(--wp--preset--spacing--40)\"><figure class=\"wp-block-media-text__media\"><img loading=\"lazy\" decoding=\"async\" width=\"1024\" height=\"683\" src=\"https:\/\/mf.ag\/wp-content\/uploads\/2023\/11\/ManagementFactory_c_David_Bohmann_047-1-1024x683.jpg\" alt=\"\" class=\"wp-image-54409 size-full\" srcset=\"https:\/\/mf.ag\/wp-content\/uploads\/2023\/11\/ManagementFactory_c_David_Bohmann_047-1-1024x683.jpg 1024w, https:\/\/mf.ag\/wp-content\/uploads\/2023\/11\/ManagementFactory_c_David_Bohmann_047-1-300x200.jpg 300w, https:\/\/mf.ag\/wp-content\/uploads\/2023\/11\/ManagementFactory_c_David_Bohmann_047-1-768x512.jpg 768w, https:\/\/mf.ag\/wp-content\/uploads\/2023\/11\/ManagementFactory_c_David_Bohmann_047-1-1536x1024.jpg 1536w, https:\/\/mf.ag\/wp-content\/uploads\/2023\/11\/ManagementFactory_c_David_Bohmann_047-1.jpg 2048w\" sizes=\"auto, (max-width: 1024px) 100vw, 1024px\" \/><\/figure><div class=\"wp-block-media-text__content\">\n<h3 class=\"wp-block-heading\" id=\"h-dr-gerhard-wuest\"><strong><strong>Dr. Gerhard W\u00fcest<\/strong><\/strong><\/h3>\n\n\n\n<h5 class=\"wp-block-heading\">Partner<\/h5>\n\n\n\n<p>Gerhard W\u00fcest ist einer der f\u00fchrenden Pioniere des Executive Interim Managements in \u00d6sterreich. Er gr\u00fcndete 2001 die Management Factory Corporate Advisory GmbH, ist Vorsitzender mehrerer Aufsichtsr\u00e4te und Vorstandsmitglied bei ReTurn &#8211; Forum f\u00fcr Unternehmensrestrukturierung und Turnaround-Management.\u00a0 <\/p>\n\n\n\n<div class=\"wp-block-buttons is-layout-flex wp-block-buttons-is-layout-flex\" style=\"margin-top:var(--wp--preset--spacing--30)\">\n<div class=\"wp-block-button\"><a class=\"wp-block-button__link has-base-color has-secondary-background-color has-text-color has-background wp-element-button\" href=\"https:\/\/www.linkedin.com\/in\/gerhard-w%C3%BCest-b1982344\/\" target=\"_blank\" rel=\"noreferrer noopener\"><i class=\"fab fa-linkedin-in\"><\/i>Linkedin<\/a><\/div>\n\n\n\n<div class=\"wp-block-button\"><a class=\"wp-block-button__link has-base-color has-secondary-background-color has-text-color has-background wp-element-button\"><i class=\"fas fa-phone\"><\/i>+43 664 5030000<\/a><\/div>\n\n\n\n<div class=\"wp-block-button\"><a class=\"wp-block-button__link has-base-color has-secondary-background-color has-text-color has-background wp-element-button\"><i class=\"fas fa-envelope\"><\/i>gerhard.wueest@mf.ag<\/a><\/div>\n<\/div>\n<\/div><\/div>\n\n\n\n<h5 class=\"wp-block-heading\">Ausbildung<\/h5>\n\n\n\n<ul class=\"wp-block-list is-style-tw-checkmark\">\n<li><strong>Studium der<\/strong><a href=\"https:\/\/www.wu.ac.at\/\"><strong> <\/strong><\/a><a href=\"https:\/\/www.wu.ac.at\/studium\/bachelor\/\" target=\"_blank\" rel=\"noreferrer noopener\"><strong>Handelswissenschaften an der Wirtschaftsuniversit\u00e4t<\/strong> <strong>Wien<\/strong> <\/a>mit Spezialisierung auf Controlling und Unternehmensf\u00fchrung<\/li>\n\n\n\n<li>Studienaufenthalt in den Vereinigten Staaten an der<a href=\"https:\/\/illinois.edu\/\" target=\"_blank\" rel=\"noreferrer noopener\"> <strong>University of Illino<\/strong><\/a><strong><a href=\"https:\/\/illinois.edu\/\" target=\"_blank\" rel=\"noreferrer noopener\">is<\/a><\/strong><\/li>\n<\/ul>\n\n\n\n<hr class=\"wp-block-separator has-alpha-channel-opacity is-style-wide\"\/>\n\n\n\n<h5 class=\"wp-block-heading\">Beruflicher Werdegang<\/h5>\n\n\n\n<figure class=\"wp-block-table is-style-tw-border-h-inner\"><table style=\"border-style:none;border-width:0px\"><tbody><tr><td><strong><strong><strong>seit 2000<\/strong><\/strong><\/strong><\/td><td><strong>Management Factory Corporate Advisory GmbH<\/strong><br>Partner<br><strong>Schwerpunkte:<\/strong>&nbsp;<br>&#8211; Rent-a-CFO \/ CRO&nbsp;<br>&#8211; Beratungsmandate<\/td><\/tr><tr><td><strong><strong><strong>1997 \u2013 2000<\/strong><\/strong><\/strong><\/td><td><strong>Cap Gemini Ernst &amp; Young AG<\/strong><br>Mitglied der Gesch\u00e4ftsleitung<br><strong>Schwerpunkte:<\/strong><br>&#8211; Gesch\u00e4ftsprozessoptimierungen<br>&#8211; Restrukturierung<\/td><\/tr><tr><td><strong><strong><strong>1993 \u2013 1997<\/strong><\/strong><\/strong><\/td><td><strong>Contrast Management Consulting GmbH, \u00d6sterreichisches Controller-Institut<\/strong><br>Seniorberater und Trainer<br><strong>Schwerpunkte:<\/strong><br>&#8211; Einf\u00fchrung und Bewertung von Controllingsystemen (Controlling-Audit)<br>&#8211; Begleitung von Restrukturierungsprojekten (unter der F\u00fchrung von Univ. Prof. Dr. Johann Risak)<\/td><\/tr><\/tbody><\/table><\/figure>\n\n\n\n<hr class=\"wp-block-separator has-alpha-channel-opacity is-style-wide\"\/>\n\n\n\n<h5 class=\"wp-block-heading\"><strong>Restrukturierungs-, Management- und Beratungserfahrung<\/strong><\/h5>\n\n\n\n<p>Seit 2000 in Summe rund 50 Projekte und Mandate mit den Schwerpunkt strategische, operative und finanzielle Sanierung in den Rollen eines Projekteleiters bzw. Gesch\u00e4ftsf\u00fchrers bzw. Mitglied des Aufsichtsrates<\/p>\n\n\n\n<figure class=\"wp-block-table is-style-tw-border-h-inner\"><table><tbody><tr><td><strong>Fischer Beteiligungsverwaltungs GmbH<\/strong><\/td><td>Gesch\u00e4ftsf\u00fchrer<\/td><\/tr><tr><td><strong>Fischer Sports GmbH<\/strong><\/td><td>Vorsitzender des Aufsichtsrates<\/td><\/tr><tr><td><strong>Invest AG<\/strong><\/td><td>Mitglied des Beirates<\/td><\/tr><tr><td><strong>Schrack Technik Holding AG<\/strong><\/td><td>stv. Vorsitzender des Aufsichtsrates<\/td><\/tr><tr><td><strong>L\u00f6ffler GmbH<\/strong><\/td><td>Mitglied des Beirates<\/td><\/tr><tr><td><strong>Voglauer M\u00f6bel GmbH<\/strong><\/td><td>Mitglied des Aufsichtsrates<\/td><\/tr><tr><td><strong>Diverse \u00f6sterreichische Stiftungen<\/strong><\/td><td>Mitglied des Stiftungsvorstandes<\/td><\/tr><\/tbody><\/table><\/figure>\n","protected":false},"excerpt":{"rendered":"<p>Ausbildung Beruflicher Werdegang seit 2000 Management Factory Corporate Advisory GmbHPartnerSchwerpunkte:&nbsp;&#8211; Rent-a-CFO \/ CRO&nbsp;&#8211; Beratungsmandate 1997 \u2013 2000 Cap Gemini Ernst &amp; Young AGMitglied der Gesch\u00e4ftsleitungSchwerpunkte:&#8211; Gesch\u00e4ftsprozessoptimierungen&#8211; Restrukturierung 1993 \u2013 1997 Contrast Management Consulting GmbH, \u00d6sterreichisches Controller-InstitutSeniorberater und TrainerSchwerpunkte:&#8211; Einf\u00fchrung und Bewertung von Controllingsystemen (Controlling-Audit)&#8211; Begleitung von Restrukturierungsprojekten (unter der F\u00fchrung von Univ. Prof. Dr. Johann [&hellip;]<\/p>\n","protected":false},"author":1,"featured_media":0,"parent":0,"menu_order":0,"comment_status":"closed","ping_status":"closed","template":"","meta":{"inline_featured_image":false,"footnotes":""},"class_list":["post-55928","page","type-page","status-publish","hentry"],"featured_image_urls_v2":{"full":"","thumbnail":"","medium":"","medium_large":"","large":"","1536x1536":"","2048x2048":"","gform-image-choice-sm":"","gform-image-choice-md":"","gform-image-choice-lg":"","profile_24":"","profile_48":"","profile_96":"","profile_150":"","profile_300":""},"post_excerpt_stackable_v2":"<p>Dr. Gerhard W\u00fcest Partner Gerhard W\u00fcest ist einer der f\u00fchrenden Pioniere des Executive Interim Managements in \u00d6sterreich. Er gr\u00fcndete 2001 die Management Factory Corporate Advisory GmbH, ist Vorsitzender mehrerer Aufsichtsr\u00e4te und Vorstandsmitglied bei ReTurn &#8211; Forum f\u00fcr Unternehmensrestrukturierung und Turnaround-Management.\u00a0 Linkedin +43 664 5030000 gerhard.wueest@mf.ag Ausbildung Studium der Handelswissenschaften an der Wirtschaftsuniversit\u00e4t Wien mit Spezialisierung auf Controlling und Unternehmensf\u00fchrung Studienaufenthalt in den Vereinigten Staaten an der University of Illinois Beruflicher Werdegang seit 2000Management Factory Corporate Advisory GmbHPartnerSchwerpunkte:&nbsp;&#8211; Rent-a-CFO \/ CRO&nbsp;&#8211; Beratungsmandate1997 \u2013 2000Cap Gemini Ernst &amp; Young AGMitglied der Gesch\u00e4ftsleitungSchwerpunkte:&#8211; Gesch\u00e4ftsprozessoptimierungen&#8211; Restrukturierung1993 \u2013 1997Contrast Management Consulting GmbH, \u00d6sterreichisches Controller-InstitutSeniorberater und&hellip;<\/p>\n","category_list_v2":"","author_info_v2":{"name":"Pierre","url":"https:\/\/mf.ag\/de\/author\/superfun\/"},"comments_num_v2":"0 comments","yoast_head":"<!-- This site is optimized with the Yoast SEO Premium plugin v25.8 (Yoast SEO v27.6) - https:\/\/yoast.com\/product\/yoast-seo-premium-wordpress\/ -->\n<title>Gerhard W\u00fcest &#187; Management Factory<\/title>\n<meta name=\"description\" content=\"Entdecken Sie Gerhard W\u00fcest, renommierten Pionier im Executive Interim Management und Gr\u00fcnder der Management Factory in \u00d6sterreich.\" \/>\n<meta name=\"robots\" content=\"index, follow, max-snippet:-1, max-image-preview:large, max-video-preview:-1\" \/>\n<link rel=\"canonical\" href=\"https:\/\/mf.ag\/de\/gerhard-wueest\/\" \/>\n<meta property=\"og:locale\" content=\"de_DE\" \/>\n<meta property=\"og:type\" content=\"article\" \/>\n<meta property=\"og:title\" content=\"Gerhard W\u00fcest\" \/>\n<meta property=\"og:description\" content=\"Entdecken Sie Gerhard W\u00fcest, renommierten Pionier im Executive Interim Management und Gr\u00fcnder der Management Factory in \u00d6sterreich.\" \/>\n<meta property=\"og:url\" content=\"https:\/\/mf.ag\/de\/gerhard-wueest\/\" \/>\n<meta property=\"og:site_name\" content=\"Management Factory\" \/>\n<meta property=\"article:modified_time\" content=\"2026-04-30T12:03:00+00:00\" \/>\n<meta property=\"og:image\" content=\"https:\/\/mf.ag\/wp-content\/uploads\/2023\/11\/ManagementFactory_c_David_Bohmann_047-1.jpg\" \/>\n\t<meta property=\"og:image:width\" content=\"2048\" \/>\n\t<meta property=\"og:image:height\" content=\"1365\" \/>\n\t<meta property=\"og:image:type\" content=\"image\/jpeg\" \/>\n<meta name=\"twitter:card\" content=\"summary_large_image\" \/>\n<meta name=\"twitter:label1\" content=\"Gesch\u00e4tzte Lesezeit\" \/>\n\t<meta name=\"twitter:data1\" content=\"2\u00a0Minuten\" \/>\n<script type=\"application\/ld+json\" class=\"yoast-schema-graph\">{\"@context\":\"https:\\\/\\\/schema.org\",\"@graph\":[{\"@type\":\"WebPage\",\"@id\":\"https:\\\/\\\/mf.ag\\\/de\\\/gerhard-wueest\\\/\",\"url\":\"https:\\\/\\\/mf.ag\\\/de\\\/gerhard-wueest\\\/\",\"name\":\"Gerhard W\u00fcest &#187; Management Factory\",\"isPartOf\":{\"@id\":\"https:\\\/\\\/mf.ag\\\/de\\\/#website\"},\"primaryImageOfPage\":{\"@id\":\"https:\\\/\\\/mf.ag\\\/de\\\/gerhard-wueest\\\/#primaryimage\"},\"image\":{\"@id\":\"https:\\\/\\\/mf.ag\\\/de\\\/gerhard-wueest\\\/#primaryimage\"},\"thumbnailUrl\":\"https:\\\/\\\/mf.ag\\\/wp-content\\\/uploads\\\/2023\\\/11\\\/ManagementFactory_c_David_Bohmann_047-1-1024x683.jpg\",\"datePublished\":\"2024-03-19T12:44:59+00:00\",\"dateModified\":\"2026-04-30T12:03:00+00:00\",\"description\":\"Entdecken Sie Gerhard W\u00fcest, renommierten Pionier im Executive Interim Management und Gr\u00fcnder der Management Factory in \u00d6sterreich.\",\"breadcrumb\":{\"@id\":\"https:\\\/\\\/mf.ag\\\/de\\\/gerhard-wueest\\\/#breadcrumb\"},\"inLanguage\":\"de\",\"potentialAction\":[{\"@type\":\"ReadAction\",\"target\":[\"https:\\\/\\\/mf.ag\\\/de\\\/gerhard-wueest\\\/\"]}]},{\"@type\":\"ImageObject\",\"inLanguage\":\"de\",\"@id\":\"https:\\\/\\\/mf.ag\\\/de\\\/gerhard-wueest\\\/#primaryimage\",\"url\":\"https:\\\/\\\/mf.ag\\\/wp-content\\\/uploads\\\/2023\\\/11\\\/ManagementFactory_c_David_Bohmann_047-1-1024x683.jpg\",\"contentUrl\":\"https:\\\/\\\/mf.ag\\\/wp-content\\\/uploads\\\/2023\\\/11\\\/ManagementFactory_c_David_Bohmann_047-1-1024x683.jpg\"},{\"@type\":\"BreadcrumbList\",\"@id\":\"https:\\\/\\\/mf.ag\\\/de\\\/gerhard-wueest\\\/#breadcrumb\",\"itemListElement\":[{\"@type\":\"ListItem\",\"position\":1,\"name\":\"Home\",\"item\":\"https:\\\/\\\/mf.ag\\\/de\\\/\"},{\"@type\":\"ListItem\",\"position\":2,\"name\":\"Gerhard W\u00fcest\"}]},{\"@type\":\"WebSite\",\"@id\":\"https:\\\/\\\/mf.ag\\\/de\\\/#website\",\"url\":\"https:\\\/\\\/mf.ag\\\/de\\\/\",\"name\":\"VALTUS Management Factory\",\"description\":\"Mit Executive Interim Management und Financial Advisory das Gesch\u00e4ft voranbringen\",\"publisher\":{\"@id\":\"https:\\\/\\\/mf.ag\\\/de\\\/#organization\"},\"potentialAction\":[{\"@type\":\"SearchAction\",\"target\":{\"@type\":\"EntryPoint\",\"urlTemplate\":\"https:\\\/\\\/mf.ag\\\/de\\\/?s={search_term_string}\"},\"query-input\":{\"@type\":\"PropertyValueSpecification\",\"valueRequired\":true,\"valueName\":\"search_term_string\"}}],\"inLanguage\":\"de\"},{\"@type\":\"Organization\",\"@id\":\"https:\\\/\\\/mf.ag\\\/de\\\/#organization\",\"name\":\"VALTUS Management Factory\",\"url\":\"https:\\\/\\\/mf.ag\\\/de\\\/\",\"logo\":{\"@type\":\"ImageObject\",\"inLanguage\":\"de\",\"@id\":\"https:\\\/\\\/mf.ag\\\/de\\\/#\\\/schema\\\/logo\\\/image\\\/\",\"url\":\"\",\"contentUrl\":\"\",\"caption\":\"VALTUS Management Factory\"},\"image\":{\"@id\":\"https:\\\/\\\/mf.ag\\\/de\\\/#\\\/schema\\\/logo\\\/image\\\/\"}}]}<\/script>\n<!-- \/ Yoast SEO Premium plugin. -->","yoast_head_json":{"title":"Gerhard W\u00fcest &#187; Management Factory","description":"Entdecken Sie Gerhard W\u00fcest, renommierten Pionier im Executive Interim Management und Gr\u00fcnder der Management Factory in \u00d6sterreich.","robots":{"index":"index","follow":"follow","max-snippet":"max-snippet:-1","max-image-preview":"max-image-preview:large","max-video-preview":"max-video-preview:-1"},"canonical":"https:\/\/mf.ag\/de\/gerhard-wueest\/","og_locale":"de_DE","og_type":"article","og_title":"Gerhard W\u00fcest","og_description":"Entdecken Sie Gerhard W\u00fcest, renommierten Pionier im Executive Interim Management und Gr\u00fcnder der Management Factory in \u00d6sterreich.","og_url":"https:\/\/mf.ag\/de\/gerhard-wueest\/","og_site_name":"Management Factory","article_modified_time":"2026-04-30T12:03:00+00:00","og_image":[{"width":2048,"height":1365,"url":"https:\/\/mf.ag\/wp-content\/uploads\/2023\/11\/ManagementFactory_c_David_Bohmann_047-1.jpg","type":"image\/jpeg"}],"twitter_card":"summary_large_image","twitter_misc":{"Gesch\u00e4tzte Lesezeit":"2\u00a0Minuten"},"schema":{"@context":"https:\/\/schema.org","@graph":[{"@type":"WebPage","@id":"https:\/\/mf.ag\/de\/gerhard-wueest\/","url":"https:\/\/mf.ag\/de\/gerhard-wueest\/","name":"Gerhard W\u00fcest &#187; Management Factory","isPartOf":{"@id":"https:\/\/mf.ag\/de\/#website"},"primaryImageOfPage":{"@id":"https:\/\/mf.ag\/de\/gerhard-wueest\/#primaryimage"},"image":{"@id":"https:\/\/mf.ag\/de\/gerhard-wueest\/#primaryimage"},"thumbnailUrl":"https:\/\/mf.ag\/wp-content\/uploads\/2023\/11\/ManagementFactory_c_David_Bohmann_047-1-1024x683.jpg","datePublished":"2024-03-19T12:44:59+00:00","dateModified":"2026-04-30T12:03:00+00:00","description":"Entdecken Sie Gerhard W\u00fcest, renommierten Pionier im Executive Interim Management und Gr\u00fcnder der Management Factory in \u00d6sterreich.","breadcrumb":{"@id":"https:\/\/mf.ag\/de\/gerhard-wueest\/#breadcrumb"},"inLanguage":"de","potentialAction":[{"@type":"ReadAction","target":["https:\/\/mf.ag\/de\/gerhard-wueest\/"]}]},{"@type":"ImageObject","inLanguage":"de","@id":"https:\/\/mf.ag\/de\/gerhard-wueest\/#primaryimage","url":"https:\/\/mf.ag\/wp-content\/uploads\/2023\/11\/ManagementFactory_c_David_Bohmann_047-1-1024x683.jpg","contentUrl":"https:\/\/mf.ag\/wp-content\/uploads\/2023\/11\/ManagementFactory_c_David_Bohmann_047-1-1024x683.jpg"},{"@type":"BreadcrumbList","@id":"https:\/\/mf.ag\/de\/gerhard-wueest\/#breadcrumb","itemListElement":[{"@type":"ListItem","position":1,"name":"Home","item":"https:\/\/mf.ag\/de\/"},{"@type":"ListItem","position":2,"name":"Gerhard W\u00fcest"}]},{"@type":"WebSite","@id":"https:\/\/mf.ag\/de\/#website","url":"https:\/\/mf.ag\/de\/","name":"VALTUS Management Factory","description":"Mit Executive Interim Management und Financial Advisory das Gesch\u00e4ft voranbringen","publisher":{"@id":"https:\/\/mf.ag\/de\/#organization"},"potentialAction":[{"@type":"SearchAction","target":{"@type":"EntryPoint","urlTemplate":"https:\/\/mf.ag\/de\/?s={search_term_string}"},"query-input":{"@type":"PropertyValueSpecification","valueRequired":true,"valueName":"search_term_string"}}],"inLanguage":"de"},{"@type":"Organization","@id":"https:\/\/mf.ag\/de\/#organization","name":"VALTUS Management Factory","url":"https:\/\/mf.ag\/de\/","logo":{"@type":"ImageObject","inLanguage":"de","@id":"https:\/\/mf.ag\/de\/#\/schema\/logo\/image\/","url":"","contentUrl":"","caption":"VALTUS Management Factory"},"image":{"@id":"https:\/\/mf.ag\/de\/#\/schema\/logo\/image\/"}}]}},"_links":{"self":[{"href":"https:\/\/mf.ag\/de\/wp-json\/wp\/v2\/pages\/55928","targetHints":{"allow":["GET"]}}],"collection":[{"href":"https:\/\/mf.ag\/de\/wp-json\/wp\/v2\/pages"}],"about":[{"href":"https:\/\/mf.ag\/de\/wp-json\/wp\/v2\/types\/page"}],"author":[{"embeddable":true,"href":"https:\/\/mf.ag\/de\/wp-json\/wp\/v2\/users\/1"}],"replies":[{"embeddable":true,"href":"https:\/\/mf.ag\/de\/wp-json\/wp\/v2\/comments?post=55928"}],"version-history":[{"count":12,"href":"https:\/\/mf.ag\/de\/wp-json\/wp\/v2\/pages\/55928\/revisions"}],"predecessor-version":[{"id":66550,"href":"https:\/\/mf.ag\/de\/wp-json\/wp\/v2\/pages\/55928\/revisions\/66550"}],"wp:attachment":[{"href":"https:\/\/mf.ag\/de\/wp-json\/wp\/v2\/media?parent=55928"}],"curies":[{"name":"wp","href":"https:\/\/api.w.org\/{rel}","templated":true}]}}