{"id":55776,"date":"2024-03-06T11:22:32","date_gmt":"2024-03-06T10:22:32","guid":{"rendered":"https:\/\/mf.ag\/?page_id=55776"},"modified":"2025-07-28T16:22:06","modified_gmt":"2025-07-28T14:22:06","slug":"martin-pfeffer","status":"publish","type":"page","link":"https:\/\/mf.ag\/de\/martin-pfeffer\/","title":{"rendered":"Martin Pfeffer"},"content":{"rendered":"\n<div class=\"wp-block-media-text alignwide is-stacked-on-mobile is-vertically-aligned-center is-style-tw-overlap has-white-background-color has-background\" style=\"margin-top:var(--wp--preset--spacing--40)\"><figure class=\"wp-block-media-text__media\"><img loading=\"lazy\" decoding=\"async\" width=\"1024\" height=\"683\" src=\"https:\/\/mf.ag\/wp-content\/uploads\/2023\/11\/ManagementFactory_c_David_Bohmann_105-2-1024x683.jpg\" alt=\"\" class=\"wp-image-54449 size-full\" srcset=\"https:\/\/mf.ag\/wp-content\/uploads\/2023\/11\/ManagementFactory_c_David_Bohmann_105-2-1024x683.jpg 1024w, https:\/\/mf.ag\/wp-content\/uploads\/2023\/11\/ManagementFactory_c_David_Bohmann_105-2-300x200.jpg 300w, https:\/\/mf.ag\/wp-content\/uploads\/2023\/11\/ManagementFactory_c_David_Bohmann_105-2-768x512.jpg 768w, https:\/\/mf.ag\/wp-content\/uploads\/2023\/11\/ManagementFactory_c_David_Bohmann_105-2-1536x1024.jpg 1536w, https:\/\/mf.ag\/wp-content\/uploads\/2023\/11\/ManagementFactory_c_David_Bohmann_105-2.jpg 2048w\" sizes=\"auto, (max-width: 1024px) 100vw, 1024px\" \/><\/figure><div class=\"wp-block-media-text__content\">\n<h3 class=\"wp-block-heading\" id=\"h-dr-martin-pfeffer\"><strong><strong>Dr. Martin Pfeffer<\/strong><\/strong><\/h3>\n\n\n\n<h5 class=\"wp-block-heading\">Partner<\/h5>\n\n\n\n<p>Martin Pfeffer kam vor mehr als zwanzig Jahren zur Management Factory und wuchs mit dem Unternehmen: Finanzen, Umstrukturierung, Unternehmensberatung und Interim Management sind seine Hauptkompetenzen.<\/p>\n\n\n\n<div class=\"wp-block-buttons is-layout-flex wp-block-buttons-is-layout-flex\" style=\"margin-top:var(--wp--preset--spacing--30)\">\n<div class=\"wp-block-button\"><a class=\"wp-block-button__link has-base-color has-secondary-background-color has-text-color has-background wp-element-button\" href=\"https:\/\/www.linkedin.com\/in\/martin-pfeffer\/\" target=\"_blank\" rel=\"noreferrer noopener\"><i class=\"fab fa-linkedin-in\"><\/i>Linkedin<\/a><\/div>\n\n\n\n<div class=\"wp-block-button\"><a class=\"wp-block-button__link has-base-color has-secondary-background-color has-text-color has-background wp-element-button\"><i class=\"fas fa-phone\"><\/i> +43 664 2665205<\/a><\/div>\n\n\n\n<div class=\"wp-block-button\"><a class=\"wp-block-button__link has-base-color has-secondary-background-color has-text-color has-background wp-element-button\"><i class=\"fas fa-envelope\"><\/i>martin.pfeffer@mf.ag<\/a><\/div>\n<\/div>\n<\/div><\/div>\n\n\n\n<h5 class=\"wp-block-heading\">Ausbildung<\/h5>\n\n\n\n<ul class=\"wp-block-list is-style-tw-checkmark\">\n<li>Studium der Betriebswirtschaft an der <a href=\"https:\/\/www.uni-graz.at\/de\/\" target=\"_blank\" rel=\"noreferrer noopener\">Karl-Franzens-Universit\u00e4t Graz<\/a><a href=\"https:\/\/www.uni-graz.at\/de\/\"> <\/a>(Mag. rer.soc.oec), Spezialisierung auf Organisation und Treuhandwesen<\/li>\n\n\n\n<li>Studienaufenthalt an der <a href=\"https:\/\/www.ljmu.ac.uk\/\" target=\"_blank\" rel=\"noreferrer noopener\">John-Moores-University Liverpool<\/a><\/li>\n\n\n\n<li>Doktoratsstudium an der Karl-Franzens-Universit\u00e4t Graz<\/li>\n<\/ul>\n\n\n\n<h5 class=\"wp-block-heading\">Auszeichnung<\/h5>\n\n\n\n<ul class=\"wp-block-list is-style-tw-checkmark\">\n<li><a href=\"https:\/\/mf.ag\/de\/artikel\/interim-manager-des-jahres-geht-an-martin-pfeffer-und-somit-zum-dritten-mal-an-management-factory\/\">Bestes Interim Management Projekt des Jahres 2025<\/a>. Auszeichnung durch die D\u00d6IM (Dachorganisation \u00d6sterreichisches Interim Management)<\/li>\n<\/ul>\n\n\n\n<hr class=\"wp-block-separator has-alpha-channel-opacity is-style-wide\"\/>\n\n\n\n<h5 class=\"wp-block-heading\">Beruflicher Werdegang<\/h5>\n\n\n\n<figure class=\"wp-block-table is-style-tw-border-h-inner\"><table style=\"border-style:none;border-width:0px\"><tbody><tr><td><strong><strong>seit 2001<\/strong><\/strong><\/td><td><strong>Management Factory Corporate Advisory GmbH<br><\/strong>Senior Manager und Partner<br><strong>Schwerpunkte:<br><\/strong>&#8211; Restrukturierung<br>&#8211; Rent-a- CFO \/ CRO \/ CEO<br>&#8211; Beratungsmandate<\/td><\/tr><tr><td><strong><strong>1999 &#8211; 2001<\/strong><\/strong><\/td><td><strong>Cap Gemini Ernst &amp; Young AG<\/strong><br>Senior Consultant<br><strong>Schwerpunkte:<br><\/strong>&#8211; Umsetzung von Restrukturierungsprojekten<br>&#8211; Einf\u00fchrung Planungs- und Reportingsoftware<br>&#8211; Gesch\u00e4ftsprozessoptimierung<\/td><\/tr><tr><td><strong><strong>1997 &#8211; 1999<\/strong><\/strong><\/td><td><strong>Alfred Wall AG<br><\/strong>Vorstandsassistent<br><strong>Schwerpunkte:<br><\/strong>&#8211; Leitung von Sonderprojekten<br>&#8211; Prozessmanagement<\/td><\/tr><\/tbody><\/table><\/figure>\n\n\n\n<hr class=\"wp-block-separator has-alpha-channel-opacity is-style-wide\"\/>\n\n\n\n<h5 class=\"wp-block-heading\">Restrukturierungs-, Management- und Beratungserfahrung<\/h5>\n\n\n\n<p><\/p>\n\n\n\n<figure class=\"wp-block-table is-style-tw-border-h-inner\"><table><tbody><tr><td><strong>Binder+Co AG<\/strong><\/td><td>01\/2018 \u2013 heute<\/td><td>CEO \/ CFO<\/td><\/tr><tr><td><strong>VOGLAUER<br>Gschwandtner &amp; Zwilling GmbH Group AG<\/strong><\/td><td>04\/2017 &#8211; 03\/2018<\/td><td>CFO \/ kaufm. Leitung&nbsp;<\/td><\/tr><tr><td><strong>KRESTA Anlagenbau Ges.m.b.H &amp; Co KG<\/strong><\/td><td>04\/2016 \u2013 01\/2017<\/td><td>Gesch\u00e4ftsf\u00fchrer,&nbsp;<br>Insolvenzabwicklung<\/td><\/tr><tr><td><strong>Modelleisenbahn Holding GmbH<\/strong><\/td><td>10\/2015 \u2013 03\/2016&nbsp;<\/td><td>Vertriebsleitung<\/td><\/tr><tr><td><strong>VOGLAUER<\/strong><br><strong>Gschwandtner &amp; Zwilling GmbH<\/strong><\/td><td>09\/2013 \u2013 08\/2015<\/td><td>Gesch\u00e4ftsfeldleitung<\/td><\/tr><tr><td><strong>EMCO Maier GmbH<\/strong><\/td><td>06\/2012 \u2013 09\/2013<\/td><td>Gesch\u00e4ftsf\u00fchrer<\/td><\/tr><tr><td><strong>Frikus Friedrich Kraftwagentransport-<br>und Speditions GmbH<\/strong><\/td><td>05\/2011 \u2013 03\/2012<\/td><td>Gesch\u00e4ftsf\u00fchrer<\/td><\/tr><tr><td><strong>Alutech GmbH, SAG Motion AG<\/strong><\/td><td>08\/2009 \u2013 05\/2011<\/td><td>CFO, Leitung Group-<br>Controlling<\/td><\/tr><tr><td><strong>Fischer Sports GmbH<\/strong><\/td><td>07\/2007 \u2013 06\/2009<\/td><td>Leitung Konzerncontrolling<\/td><\/tr><\/tbody><\/table><\/figure>\n","protected":false},"excerpt":{"rendered":"<p>Ausbildung Auszeichnung Beruflicher Werdegang seit 2001 Management Factory Corporate Advisory GmbHSenior Manager und PartnerSchwerpunkte:&#8211; Restrukturierung&#8211; Rent-a- CFO \/ CRO \/ CEO&#8211; Beratungsmandate 1999 &#8211; 2001 Cap Gemini Ernst &amp; Young AGSenior ConsultantSchwerpunkte:&#8211; Umsetzung von Restrukturierungsprojekten&#8211; Einf\u00fchrung Planungs- und Reportingsoftware&#8211; Gesch\u00e4ftsprozessoptimierung 1997 &#8211; 1999 Alfred Wall AGVorstandsassistentSchwerpunkte:&#8211; Leitung von Sonderprojekten&#8211; Prozessmanagement Restrukturierungs-, Management- und Beratungserfahrung Binder+Co [&hellip;]<\/p>\n","protected":false},"author":1,"featured_media":0,"parent":0,"menu_order":0,"comment_status":"closed","ping_status":"closed","template":"","meta":{"inline_featured_image":false,"footnotes":""},"class_list":["post-55776","page","type-page","status-publish","hentry"],"featured_image_urls_v2":{"full":"","thumbnail":"","medium":"","medium_large":"","large":"","1536x1536":"","2048x2048":"","gform-image-choice-sm":"","gform-image-choice-md":"","gform-image-choice-lg":"","profile_24":"","profile_48":"","profile_96":"","profile_150":"","profile_300":""},"post_excerpt_stackable_v2":"<p>Dr. Martin Pfeffer Partner Martin Pfeffer kam vor mehr als zwanzig Jahren zur Management Factory und wuchs mit dem Unternehmen: Finanzen, Umstrukturierung, Unternehmensberatung und Interim Management sind seine Hauptkompetenzen. Linkedin +43 664 2665205 martin.pfeffer@mf.ag Ausbildung Studium der Betriebswirtschaft an der Karl-Franzens-Universit\u00e4t Graz (Mag. rer.soc.oec), Spezialisierung auf Organisation und Treuhandwesen Studienaufenthalt an der John-Moores-University Liverpool Doktoratsstudium an der Karl-Franzens-Universit\u00e4t Graz Auszeichnung Bestes Interim Management Projekt des Jahres 2025. Auszeichnung durch die D\u00d6IM (Dachorganisation \u00d6sterreichisches Interim Management) Beruflicher Werdegang seit 2001Management Factory Corporate Advisory GmbHSenior Manager und PartnerSchwerpunkte:&#8211; Restrukturierung&#8211; Rent-a- CFO \/ CRO \/ CEO&#8211; Beratungsmandate1999 &#8211; 2001Cap Gemini Ernst &amp; Young&hellip;<\/p>\n","category_list_v2":"","author_info_v2":{"name":"Pierre","url":"https:\/\/mf.ag\/de\/author\/superfun\/"},"comments_num_v2":"0 comments","yoast_head":"<!-- This site is optimized with the Yoast SEO Premium plugin v25.8 (Yoast SEO v27.4) - https:\/\/yoast.com\/product\/yoast-seo-premium-wordpress\/ -->\n<title>Martin Pfeffer &#187; Management Factory<\/title>\n<meta name=\"description\" content=\"Entdecken Sie die beeindruckende Laufbahn von Dr. Martin Pfeffer: \u00dcber 20 Jahre Erfahrung in Finanzen, Restrukturierung und Unternehmensberatung.\" \/>\n<meta name=\"robots\" content=\"index, follow, max-snippet:-1, max-image-preview:large, max-video-preview:-1\" \/>\n<link rel=\"canonical\" href=\"https:\/\/mf.ag\/de\/martin-pfeffer\/\" \/>\n<meta property=\"og:locale\" content=\"de_DE\" \/>\n<meta property=\"og:type\" content=\"article\" \/>\n<meta property=\"og:title\" content=\"Martin Pfeffer\" \/>\n<meta property=\"og:description\" content=\"Entdecken Sie die beeindruckende Laufbahn von Dr. Martin Pfeffer: \u00dcber 20 Jahre Erfahrung in Finanzen, Restrukturierung und Unternehmensberatung.\" \/>\n<meta property=\"og:url\" content=\"https:\/\/mf.ag\/de\/martin-pfeffer\/\" \/>\n<meta property=\"og:site_name\" content=\"Management Factory\" \/>\n<meta property=\"article:modified_time\" content=\"2025-07-28T14:22:06+00:00\" \/>\n<meta property=\"og:image\" content=\"https:\/\/mf.ag\/wp-content\/uploads\/2023\/11\/ManagementFactory_c_David_Bohmann_105-2.jpg\" \/>\n\t<meta property=\"og:image:width\" content=\"2048\" \/>\n\t<meta property=\"og:image:height\" content=\"1365\" \/>\n\t<meta property=\"og:image:type\" content=\"image\/jpeg\" \/>\n<meta name=\"twitter:card\" content=\"summary_large_image\" \/>\n<meta name=\"twitter:label1\" content=\"Gesch\u00e4tzte Lesezeit\" \/>\n\t<meta name=\"twitter:data1\" content=\"2\u00a0Minuten\" \/>\n<script type=\"application\/ld+json\" class=\"yoast-schema-graph\">{\"@context\":\"https:\\\/\\\/schema.org\",\"@graph\":[{\"@type\":\"WebPage\",\"@id\":\"https:\\\/\\\/mf.ag\\\/de\\\/martin-pfeffer\\\/\",\"url\":\"https:\\\/\\\/mf.ag\\\/de\\\/martin-pfeffer\\\/\",\"name\":\"Martin Pfeffer &#187; Management Factory\",\"isPartOf\":{\"@id\":\"https:\\\/\\\/mf.ag\\\/de\\\/#website\"},\"primaryImageOfPage\":{\"@id\":\"https:\\\/\\\/mf.ag\\\/de\\\/martin-pfeffer\\\/#primaryimage\"},\"image\":{\"@id\":\"https:\\\/\\\/mf.ag\\\/de\\\/martin-pfeffer\\\/#primaryimage\"},\"thumbnailUrl\":\"https:\\\/\\\/mf.ag\\\/wp-content\\\/uploads\\\/2023\\\/11\\\/ManagementFactory_c_David_Bohmann_105-2-1024x683.jpg\",\"datePublished\":\"2024-03-06T10:22:32+00:00\",\"dateModified\":\"2025-07-28T14:22:06+00:00\",\"description\":\"Entdecken Sie die beeindruckende Laufbahn von Dr. Martin Pfeffer: \u00dcber 20 Jahre Erfahrung in Finanzen, Restrukturierung und Unternehmensberatung.\",\"breadcrumb\":{\"@id\":\"https:\\\/\\\/mf.ag\\\/de\\\/martin-pfeffer\\\/#breadcrumb\"},\"inLanguage\":\"de\",\"potentialAction\":[{\"@type\":\"ReadAction\",\"target\":[\"https:\\\/\\\/mf.ag\\\/de\\\/martin-pfeffer\\\/\"]}]},{\"@type\":\"ImageObject\",\"inLanguage\":\"de\",\"@id\":\"https:\\\/\\\/mf.ag\\\/de\\\/martin-pfeffer\\\/#primaryimage\",\"url\":\"https:\\\/\\\/mf.ag\\\/wp-content\\\/uploads\\\/2023\\\/11\\\/ManagementFactory_c_David_Bohmann_105-2-1024x683.jpg\",\"contentUrl\":\"https:\\\/\\\/mf.ag\\\/wp-content\\\/uploads\\\/2023\\\/11\\\/ManagementFactory_c_David_Bohmann_105-2-1024x683.jpg\"},{\"@type\":\"BreadcrumbList\",\"@id\":\"https:\\\/\\\/mf.ag\\\/de\\\/martin-pfeffer\\\/#breadcrumb\",\"itemListElement\":[{\"@type\":\"ListItem\",\"position\":1,\"name\":\"Home\",\"item\":\"https:\\\/\\\/mf.ag\\\/de\\\/\"},{\"@type\":\"ListItem\",\"position\":2,\"name\":\"Martin Pfeffer\"}]},{\"@type\":\"WebSite\",\"@id\":\"https:\\\/\\\/mf.ag\\\/de\\\/#website\",\"url\":\"https:\\\/\\\/mf.ag\\\/de\\\/\",\"name\":\"Management Factory\",\"description\":\"Mit Executive Interim Management und Financial Advisory das Gesch\u00e4ft voranbringen\",\"publisher\":{\"@id\":\"https:\\\/\\\/mf.ag\\\/de\\\/#organization\"},\"potentialAction\":[{\"@type\":\"SearchAction\",\"target\":{\"@type\":\"EntryPoint\",\"urlTemplate\":\"https:\\\/\\\/mf.ag\\\/de\\\/?s={search_term_string}\"},\"query-input\":{\"@type\":\"PropertyValueSpecification\",\"valueRequired\":true,\"valueName\":\"search_term_string\"}}],\"inLanguage\":\"de\"},{\"@type\":\"Organization\",\"@id\":\"https:\\\/\\\/mf.ag\\\/de\\\/#organization\",\"name\":\"Management Factory\",\"url\":\"https:\\\/\\\/mf.ag\\\/de\\\/\",\"logo\":{\"@type\":\"ImageObject\",\"inLanguage\":\"de\",\"@id\":\"https:\\\/\\\/mf.ag\\\/de\\\/#\\\/schema\\\/logo\\\/image\\\/\",\"url\":\"\",\"contentUrl\":\"\",\"caption\":\"Management Factory\"},\"image\":{\"@id\":\"https:\\\/\\\/mf.ag\\\/de\\\/#\\\/schema\\\/logo\\\/image\\\/\"}}]}<\/script>\n<!-- \/ Yoast SEO Premium plugin. -->","yoast_head_json":{"title":"Martin Pfeffer &#187; Management Factory","description":"Entdecken Sie die beeindruckende Laufbahn von Dr. Martin Pfeffer: \u00dcber 20 Jahre Erfahrung in Finanzen, Restrukturierung und Unternehmensberatung.","robots":{"index":"index","follow":"follow","max-snippet":"max-snippet:-1","max-image-preview":"max-image-preview:large","max-video-preview":"max-video-preview:-1"},"canonical":"https:\/\/mf.ag\/de\/martin-pfeffer\/","og_locale":"de_DE","og_type":"article","og_title":"Martin Pfeffer","og_description":"Entdecken Sie die beeindruckende Laufbahn von Dr. Martin Pfeffer: \u00dcber 20 Jahre Erfahrung in Finanzen, Restrukturierung und Unternehmensberatung.","og_url":"https:\/\/mf.ag\/de\/martin-pfeffer\/","og_site_name":"Management Factory","article_modified_time":"2025-07-28T14:22:06+00:00","og_image":[{"width":2048,"height":1365,"url":"https:\/\/mf.ag\/wp-content\/uploads\/2023\/11\/ManagementFactory_c_David_Bohmann_105-2.jpg","type":"image\/jpeg"}],"twitter_card":"summary_large_image","twitter_misc":{"Gesch\u00e4tzte Lesezeit":"2\u00a0Minuten"},"schema":{"@context":"https:\/\/schema.org","@graph":[{"@type":"WebPage","@id":"https:\/\/mf.ag\/de\/martin-pfeffer\/","url":"https:\/\/mf.ag\/de\/martin-pfeffer\/","name":"Martin Pfeffer &#187; Management Factory","isPartOf":{"@id":"https:\/\/mf.ag\/de\/#website"},"primaryImageOfPage":{"@id":"https:\/\/mf.ag\/de\/martin-pfeffer\/#primaryimage"},"image":{"@id":"https:\/\/mf.ag\/de\/martin-pfeffer\/#primaryimage"},"thumbnailUrl":"https:\/\/mf.ag\/wp-content\/uploads\/2023\/11\/ManagementFactory_c_David_Bohmann_105-2-1024x683.jpg","datePublished":"2024-03-06T10:22:32+00:00","dateModified":"2025-07-28T14:22:06+00:00","description":"Entdecken Sie die beeindruckende Laufbahn von Dr. Martin Pfeffer: \u00dcber 20 Jahre Erfahrung in Finanzen, Restrukturierung und Unternehmensberatung.","breadcrumb":{"@id":"https:\/\/mf.ag\/de\/martin-pfeffer\/#breadcrumb"},"inLanguage":"de","potentialAction":[{"@type":"ReadAction","target":["https:\/\/mf.ag\/de\/martin-pfeffer\/"]}]},{"@type":"ImageObject","inLanguage":"de","@id":"https:\/\/mf.ag\/de\/martin-pfeffer\/#primaryimage","url":"https:\/\/mf.ag\/wp-content\/uploads\/2023\/11\/ManagementFactory_c_David_Bohmann_105-2-1024x683.jpg","contentUrl":"https:\/\/mf.ag\/wp-content\/uploads\/2023\/11\/ManagementFactory_c_David_Bohmann_105-2-1024x683.jpg"},{"@type":"BreadcrumbList","@id":"https:\/\/mf.ag\/de\/martin-pfeffer\/#breadcrumb","itemListElement":[{"@type":"ListItem","position":1,"name":"Home","item":"https:\/\/mf.ag\/de\/"},{"@type":"ListItem","position":2,"name":"Martin Pfeffer"}]},{"@type":"WebSite","@id":"https:\/\/mf.ag\/de\/#website","url":"https:\/\/mf.ag\/de\/","name":"Management Factory","description":"Mit Executive Interim Management und Financial Advisory das Gesch\u00e4ft voranbringen","publisher":{"@id":"https:\/\/mf.ag\/de\/#organization"},"potentialAction":[{"@type":"SearchAction","target":{"@type":"EntryPoint","urlTemplate":"https:\/\/mf.ag\/de\/?s={search_term_string}"},"query-input":{"@type":"PropertyValueSpecification","valueRequired":true,"valueName":"search_term_string"}}],"inLanguage":"de"},{"@type":"Organization","@id":"https:\/\/mf.ag\/de\/#organization","name":"Management Factory","url":"https:\/\/mf.ag\/de\/","logo":{"@type":"ImageObject","inLanguage":"de","@id":"https:\/\/mf.ag\/de\/#\/schema\/logo\/image\/","url":"","contentUrl":"","caption":"Management Factory"},"image":{"@id":"https:\/\/mf.ag\/de\/#\/schema\/logo\/image\/"}}]}},"_links":{"self":[{"href":"https:\/\/mf.ag\/de\/wp-json\/wp\/v2\/pages\/55776","targetHints":{"allow":["GET"]}}],"collection":[{"href":"https:\/\/mf.ag\/de\/wp-json\/wp\/v2\/pages"}],"about":[{"href":"https:\/\/mf.ag\/de\/wp-json\/wp\/v2\/types\/page"}],"author":[{"embeddable":true,"href":"https:\/\/mf.ag\/de\/wp-json\/wp\/v2\/users\/1"}],"replies":[{"embeddable":true,"href":"https:\/\/mf.ag\/de\/wp-json\/wp\/v2\/comments?post=55776"}],"version-history":[{"count":11,"href":"https:\/\/mf.ag\/de\/wp-json\/wp\/v2\/pages\/55776\/revisions"}],"predecessor-version":[{"id":61960,"href":"https:\/\/mf.ag\/de\/wp-json\/wp\/v2\/pages\/55776\/revisions\/61960"}],"wp:attachment":[{"href":"https:\/\/mf.ag\/de\/wp-json\/wp\/v2\/media?parent=55776"}],"curies":[{"name":"wp","href":"https:\/\/api.w.org\/{rel}","templated":true}]}}