{"id":55772,"date":"2024-03-06T11:12:16","date_gmt":"2024-03-06T10:12:16","guid":{"rendered":"https:\/\/mf.ag\/?page_id=55772"},"modified":"2026-02-19T08:49:27","modified_gmt":"2026-02-19T07:49:27","slug":"thomas-tschol","status":"publish","type":"page","link":"https:\/\/mf.ag\/de\/thomas-tschol\/","title":{"rendered":"Thomas Tschol"},"content":{"rendered":"\n<div class=\"wp-block-media-text alignwide is-stacked-on-mobile is-vertically-aligned-center is-style-tw-overlap has-white-background-color has-background\" style=\"margin-top:var(--wp--preset--spacing--40)\"><figure class=\"wp-block-media-text__media\"><img loading=\"lazy\" decoding=\"async\" width=\"1024\" height=\"683\" src=\"https:\/\/mf.ag\/wp-content\/uploads\/2023\/11\/ManagementFactory_c_David_Bohmann_002-3-1024x683.jpg\" alt=\"\" class=\"wp-image-54747 size-full\" srcset=\"https:\/\/mf.ag\/wp-content\/uploads\/2023\/11\/ManagementFactory_c_David_Bohmann_002-3-1024x683.jpg 1024w, https:\/\/mf.ag\/wp-content\/uploads\/2023\/11\/ManagementFactory_c_David_Bohmann_002-3-300x200.jpg 300w, https:\/\/mf.ag\/wp-content\/uploads\/2023\/11\/ManagementFactory_c_David_Bohmann_002-3-768x512.jpg 768w, https:\/\/mf.ag\/wp-content\/uploads\/2023\/11\/ManagementFactory_c_David_Bohmann_002-3-1536x1024.jpg 1536w, https:\/\/mf.ag\/wp-content\/uploads\/2023\/11\/ManagementFactory_c_David_Bohmann_002-3.jpg 2048w\" sizes=\"auto, (max-width: 1024px) 100vw, 1024px\" \/><\/figure><div class=\"wp-block-media-text__content\">\n<h3 class=\"wp-block-heading\" id=\"h-dipl-kfm-thomas-tschol\"><strong>Dipl.-Kfm. Thomas Tschol<\/strong><\/h3>\n\n\n\n<h5 class=\"wp-block-heading\">Partner<\/h5>\n\n\n\n<p>Thomas Tschol ist einer der renommiertesten \u00f6sterreichischen Executive Interim Manager mit einer au\u00dfergew\u00f6hnlichen Expertise in der Restrukturierung. Er gr\u00fcndete die Management Factory Corporate Advisory GmbH im Jahr 2001.<\/p>\n\n\n\n<div class=\"wp-block-buttons is-layout-flex wp-block-buttons-is-layout-flex\" style=\"margin-top:var(--wp--preset--spacing--30)\">\n<div class=\"wp-block-button\"><a class=\"wp-block-button__link has-base-color has-secondary-background-color has-text-color has-background wp-element-button\" href=\"https:\/\/www.linkedin.com\/in\/thomas-tschol-a95227\/\" target=\"_blank\" rel=\"noreferrer noopener\"><i class=\"fab fa-linkedin-in\"><\/i>Linkedin<\/a><\/div>\n\n\n\n<div class=\"wp-block-button\"><a class=\"wp-block-button__link has-base-color has-secondary-background-color has-text-color has-background wp-element-button\"><i class=\"fas fa-phone\"><\/i> +43 1 26222211<\/a><\/div>\n\n\n\n<div class=\"wp-block-button\"><a class=\"wp-block-button__link has-base-color has-secondary-background-color has-text-color has-background wp-element-button\"><i class=\"fas fa-envelope\"><\/i>thomas.tschol@mf.ag<\/a><\/div>\n<\/div>\n<\/div><\/div>\n\n\n\n<h5 class=\"wp-block-heading\">Ausbildung<\/h5>\n\n\n\n<ul class=\"wp-block-list is-style-tw-checkmark\">\n<li>Studium der Betriebswirtschaftslehre an der <a href=\"https:\/\/www.esg.fr\/ecole-toulouse\" target=\"_blank\" rel=\"noreferrer noopener\">Ecole Sup\u00e9rieure de Commerce de Toulouse <\/a>(F), 1990 \u2013 1994<\/li>\n\n\n\n<li>Doppeldiplomprogramm mit der <a href=\"https:\/\/www.tu.berlin\/\" target=\"_blank\" rel=\"noreferrer noopener\">TU <\/a><a href=\"https:\/\/www.tu.berlin\/\">Berlin<\/a> (Abschluss BWL), 1993 \u2013 1995<\/li>\n\n\n\n<li>BG Dornbirn (Matura 1989)<\/li>\n<\/ul>\n\n\n\n<hr class=\"wp-block-separator has-alpha-channel-opacity is-style-wide\"\/>\n\n\n\n<h5 class=\"wp-block-heading\">Auszeichnung<\/h5>\n\n\n\n<ul class=\"wp-block-list is-style-tw-checkmark\">\n<li><a href=\"https:\/\/interimmanager-des-jahres.at\/sieger-2017\/#:~:text=Thomas%20Tschol%2C%20Interim%20Manager%20des%20Jahres%202017%2C&amp;text=Seit%20%C3%BCber%2010%20Jahren%20ist,als%20CFO%20und%20CRO%20t%C3%A4tig.\">Interim Manager des Jahres 2017<\/a>. Auszeichnung durch die D\u00d6IM (Dachorganisation \u00d6sterreichisches Interim Management)<\/li>\n<\/ul>\n\n\n\n<hr class=\"wp-block-separator has-alpha-channel-opacity is-style-wide\"\/>\n\n\n\n<h5 class=\"wp-block-heading\">Beruflicher Werdegang<\/h5>\n\n\n\n<figure class=\"wp-block-table is-style-tw-border-h-inner\"><table style=\"border-style:none;border-width:0px\"><tbody><tr><td><strong><strong>2001 &#8211; bis jetzt<\/strong><\/strong><\/td><td><br><strong>Management Factory Corporate Advisory GmbH<\/strong><br>Gesch\u00e4ftsf\u00fchrer, Mitgr\u00fcnder<br><strong>Schwerpunkte:<\/strong>&nbsp;<br>&#8211; Interim management<br>&#8211; <a href=\"https:\/\/mf.ag\/de\/https-mf-ag-de-fortbestehensprognose\/\">IBR, Fortbestehensprognosen und Restrukturierungen<\/a><br>&#8211; Projektlenkung in diversen Transformationsprojekten<\/td><\/tr><tr><td><strong><strong>1997 \u2013 2001<\/strong><\/strong><\/td><td><strong>Cap Gemini Ernst &amp; Young AG<\/strong><br>Berater (zuletzt Senior Manager) f\u00fcr Performance Measurement \/ Controlling und Middle-Market Consulting&nbsp;<\/td><\/tr><tr><td><strong><strong>1995 \u2013 1997<\/strong><\/strong><\/td><td><strong>Donau-Universit\u00e4t Krems&nbsp;<\/strong><br>Assistent des Pr\u00e4sidiums mit Zust\u00e4ndigkeit f\u00fcr FiCo&nbsp;<\/td><\/tr><\/tbody><\/table><\/figure>\n\n\n\n<hr class=\"wp-block-separator has-alpha-channel-opacity is-style-wide\"\/>\n\n\n\n<h5 class=\"wp-block-heading\">0perative CFO- und Restrukturierungserfahrung (Auszug)<\/h5>\n\n\n\n<figure class=\"wp-block-table is-style-tw-border-h-inner\"><table><tbody><tr><td><strong>Kreisel Electric GmbH<\/strong><\/td><td>10\/2021 &#8211; 5\/2022<\/td><td>Gesch\u00e4ftsf\u00fchrer<\/td><\/tr><tr><td><strong>Zumtobel Group AG<\/strong><\/td><td>3\/2018 \u2013 7\/2021<\/td><td>Finanzvorstand&nbsp;<\/td><\/tr><tr><td><strong>Asamer Baustoffe AG<\/strong><\/td><td>4\/2017 \u2013 9\/2017<\/td><td>Finanzvorstand<\/td><\/tr><tr><td><strong>Mayr-Melnhof Holz Holding AG<\/strong><\/td><td>1\/2013 \u2013 3\/2017<\/td><td>Finanzvorstand<\/td><\/tr><tr><td><strong>KLH UK Ltd.<\/strong><\/td><td>10\/2011 \u2013 3\/2012<\/td><td>Finanzmanager<\/td><\/tr><tr><td><strong>Trenkwalder International AG<\/strong><\/td><td>2\/2010 \u2013 8\/2011<\/td><td>Finanzvorstand&nbsp;<\/td><\/tr><\/tbody><\/table><\/figure>\n","protected":false},"excerpt":{"rendered":"<p>Ausbildung Auszeichnung Beruflicher Werdegang 2001 &#8211; bis jetzt Management Factory Corporate Advisory GmbHGesch\u00e4ftsf\u00fchrer, Mitgr\u00fcnderSchwerpunkte:&nbsp;&#8211; Interim management&#8211; IBR, Fortbestehensprognosen und Restrukturierungen&#8211; Projektlenkung in diversen Transformationsprojekten 1997 \u2013 2001 Cap Gemini Ernst &amp; Young AGBerater (zuletzt Senior Manager) f\u00fcr Performance Measurement \/ Controlling und Middle-Market Consulting&nbsp; 1995 \u2013 1997 Donau-Universit\u00e4t Krems&nbsp;Assistent des Pr\u00e4sidiums mit Zust\u00e4ndigkeit f\u00fcr FiCo&nbsp; [&hellip;]<\/p>\n","protected":false},"author":1,"featured_media":0,"parent":0,"menu_order":0,"comment_status":"closed","ping_status":"closed","template":"","meta":{"inline_featured_image":false,"footnotes":""},"class_list":["post-55772","page","type-page","status-publish","hentry"],"featured_image_urls_v2":{"full":"","thumbnail":"","medium":"","medium_large":"","large":"","1536x1536":"","2048x2048":"","gform-image-choice-sm":"","gform-image-choice-md":"","gform-image-choice-lg":"","profile_24":"","profile_48":"","profile_96":"","profile_150":"","profile_300":""},"post_excerpt_stackable_v2":"<p>Dipl.-Kfm. Thomas Tschol Partner Thomas Tschol ist einer der renommiertesten \u00f6sterreichischen Executive Interim Manager mit einer au\u00dfergew\u00f6hnlichen Expertise in der Restrukturierung. Er gr\u00fcndete die Management Factory Corporate Advisory GmbH im Jahr 2001. Linkedin +43 1 26222211 thomas.tschol@mf.ag Ausbildung Studium der Betriebswirtschaftslehre an der Ecole Sup\u00e9rieure de Commerce de Toulouse (F), 1990 \u2013 1994 Doppeldiplomprogramm mit der TU Berlin (Abschluss BWL), 1993 \u2013 1995 BG Dornbirn (Matura 1989) Auszeichnung Interim Manager des Jahres 2017. Auszeichnung durch die D\u00d6IM (Dachorganisation \u00d6sterreichisches Interim Management) Beruflicher Werdegang 2001 &#8211; bis jetztManagement Factory Corporate Advisory GmbHGesch\u00e4ftsf\u00fchrer, Mitgr\u00fcnderSchwerpunkte:&nbsp;&#8211; Interim management&#8211; IBR, Fortbestehensprognosen und Restrukturierungen&#8211; Projektlenkung in&hellip;<\/p>\n","category_list_v2":"","author_info_v2":{"name":"Pierre","url":"https:\/\/mf.ag\/de\/author\/superfun\/"},"comments_num_v2":"0 comments","yoast_head":"<!-- This site is optimized with the Yoast SEO Premium plugin v25.8 (Yoast SEO v27.4) - https:\/\/yoast.com\/product\/yoast-seo-premium-wordpress\/ -->\n<title>Thomas Tschol &#187; Management Factory<\/title>\n<meta name=\"description\" content=\"Entdecken Sie Dipl.-Kfm. Thomas Tschol, einen f\u00fchrenden Interim Manager aus \u00d6sterreich, spezialisiert auf Unternehmensrestrukturierungen.\" \/>\n<meta name=\"robots\" content=\"index, follow, max-snippet:-1, max-image-preview:large, max-video-preview:-1\" \/>\n<link rel=\"canonical\" href=\"https:\/\/mf.ag\/de\/thomas-tschol\/\" \/>\n<meta property=\"og:locale\" content=\"de_DE\" \/>\n<meta property=\"og:type\" content=\"article\" \/>\n<meta property=\"og:title\" content=\"Thomas Tschol\" \/>\n<meta property=\"og:description\" content=\"Entdecken Sie Dipl.-Kfm. Thomas Tschol, einen f\u00fchrenden Interim Manager aus \u00d6sterreich, spezialisiert auf Unternehmensrestrukturierungen.\" \/>\n<meta property=\"og:url\" content=\"https:\/\/mf.ag\/de\/thomas-tschol\/\" \/>\n<meta property=\"og:site_name\" content=\"Management Factory\" \/>\n<meta property=\"article:modified_time\" content=\"2026-02-19T07:49:27+00:00\" \/>\n<meta property=\"og:image\" content=\"https:\/\/mf.ag\/wp-content\/uploads\/2023\/11\/ManagementFactory_c_David_Bohmann_002-3.jpg\" \/>\n\t<meta property=\"og:image:width\" content=\"2048\" \/>\n\t<meta property=\"og:image:height\" content=\"1365\" \/>\n\t<meta property=\"og:image:type\" content=\"image\/jpeg\" \/>\n<meta name=\"twitter:card\" content=\"summary_large_image\" \/>\n<meta name=\"twitter:label1\" content=\"Gesch\u00e4tzte Lesezeit\" \/>\n\t<meta name=\"twitter:data1\" content=\"2\u00a0Minuten\" \/>\n<script type=\"application\/ld+json\" class=\"yoast-schema-graph\">{\"@context\":\"https:\\\/\\\/schema.org\",\"@graph\":[{\"@type\":\"WebPage\",\"@id\":\"https:\\\/\\\/mf.ag\\\/de\\\/thomas-tschol\\\/\",\"url\":\"https:\\\/\\\/mf.ag\\\/de\\\/thomas-tschol\\\/\",\"name\":\"Thomas Tschol &#187; Management Factory\",\"isPartOf\":{\"@id\":\"https:\\\/\\\/mf.ag\\\/de\\\/#website\"},\"primaryImageOfPage\":{\"@id\":\"https:\\\/\\\/mf.ag\\\/de\\\/thomas-tschol\\\/#primaryimage\"},\"image\":{\"@id\":\"https:\\\/\\\/mf.ag\\\/de\\\/thomas-tschol\\\/#primaryimage\"},\"thumbnailUrl\":\"https:\\\/\\\/mf.ag\\\/wp-content\\\/uploads\\\/2023\\\/11\\\/ManagementFactory_c_David_Bohmann_002-3-1024x683.jpg\",\"datePublished\":\"2024-03-06T10:12:16+00:00\",\"dateModified\":\"2026-02-19T07:49:27+00:00\",\"description\":\"Entdecken Sie Dipl.-Kfm. Thomas Tschol, einen f\u00fchrenden Interim Manager aus \u00d6sterreich, spezialisiert auf Unternehmensrestrukturierungen.\",\"breadcrumb\":{\"@id\":\"https:\\\/\\\/mf.ag\\\/de\\\/thomas-tschol\\\/#breadcrumb\"},\"inLanguage\":\"de\",\"potentialAction\":[{\"@type\":\"ReadAction\",\"target\":[\"https:\\\/\\\/mf.ag\\\/de\\\/thomas-tschol\\\/\"]}]},{\"@type\":\"ImageObject\",\"inLanguage\":\"de\",\"@id\":\"https:\\\/\\\/mf.ag\\\/de\\\/thomas-tschol\\\/#primaryimage\",\"url\":\"https:\\\/\\\/mf.ag\\\/wp-content\\\/uploads\\\/2023\\\/11\\\/ManagementFactory_c_David_Bohmann_002-3-1024x683.jpg\",\"contentUrl\":\"https:\\\/\\\/mf.ag\\\/wp-content\\\/uploads\\\/2023\\\/11\\\/ManagementFactory_c_David_Bohmann_002-3-1024x683.jpg\"},{\"@type\":\"BreadcrumbList\",\"@id\":\"https:\\\/\\\/mf.ag\\\/de\\\/thomas-tschol\\\/#breadcrumb\",\"itemListElement\":[{\"@type\":\"ListItem\",\"position\":1,\"name\":\"Home\",\"item\":\"https:\\\/\\\/mf.ag\\\/de\\\/\"},{\"@type\":\"ListItem\",\"position\":2,\"name\":\"Thomas Tschol\"}]},{\"@type\":\"WebSite\",\"@id\":\"https:\\\/\\\/mf.ag\\\/de\\\/#website\",\"url\":\"https:\\\/\\\/mf.ag\\\/de\\\/\",\"name\":\"Management Factory\",\"description\":\"Mit Executive Interim Management und Financial Advisory das Gesch\u00e4ft voranbringen\",\"publisher\":{\"@id\":\"https:\\\/\\\/mf.ag\\\/de\\\/#organization\"},\"potentialAction\":[{\"@type\":\"SearchAction\",\"target\":{\"@type\":\"EntryPoint\",\"urlTemplate\":\"https:\\\/\\\/mf.ag\\\/de\\\/?s={search_term_string}\"},\"query-input\":{\"@type\":\"PropertyValueSpecification\",\"valueRequired\":true,\"valueName\":\"search_term_string\"}}],\"inLanguage\":\"de\"},{\"@type\":\"Organization\",\"@id\":\"https:\\\/\\\/mf.ag\\\/de\\\/#organization\",\"name\":\"Management Factory\",\"url\":\"https:\\\/\\\/mf.ag\\\/de\\\/\",\"logo\":{\"@type\":\"ImageObject\",\"inLanguage\":\"de\",\"@id\":\"https:\\\/\\\/mf.ag\\\/de\\\/#\\\/schema\\\/logo\\\/image\\\/\",\"url\":\"\",\"contentUrl\":\"\",\"caption\":\"Management Factory\"},\"image\":{\"@id\":\"https:\\\/\\\/mf.ag\\\/de\\\/#\\\/schema\\\/logo\\\/image\\\/\"}}]}<\/script>\n<!-- \/ Yoast SEO Premium plugin. -->","yoast_head_json":{"title":"Thomas Tschol &#187; Management Factory","description":"Entdecken Sie Dipl.-Kfm. Thomas Tschol, einen f\u00fchrenden Interim Manager aus \u00d6sterreich, spezialisiert auf Unternehmensrestrukturierungen.","robots":{"index":"index","follow":"follow","max-snippet":"max-snippet:-1","max-image-preview":"max-image-preview:large","max-video-preview":"max-video-preview:-1"},"canonical":"https:\/\/mf.ag\/de\/thomas-tschol\/","og_locale":"de_DE","og_type":"article","og_title":"Thomas Tschol","og_description":"Entdecken Sie Dipl.-Kfm. Thomas Tschol, einen f\u00fchrenden Interim Manager aus \u00d6sterreich, spezialisiert auf Unternehmensrestrukturierungen.","og_url":"https:\/\/mf.ag\/de\/thomas-tschol\/","og_site_name":"Management Factory","article_modified_time":"2026-02-19T07:49:27+00:00","og_image":[{"width":2048,"height":1365,"url":"https:\/\/mf.ag\/wp-content\/uploads\/2023\/11\/ManagementFactory_c_David_Bohmann_002-3.jpg","type":"image\/jpeg"}],"twitter_card":"summary_large_image","twitter_misc":{"Gesch\u00e4tzte Lesezeit":"2\u00a0Minuten"},"schema":{"@context":"https:\/\/schema.org","@graph":[{"@type":"WebPage","@id":"https:\/\/mf.ag\/de\/thomas-tschol\/","url":"https:\/\/mf.ag\/de\/thomas-tschol\/","name":"Thomas Tschol &#187; Management Factory","isPartOf":{"@id":"https:\/\/mf.ag\/de\/#website"},"primaryImageOfPage":{"@id":"https:\/\/mf.ag\/de\/thomas-tschol\/#primaryimage"},"image":{"@id":"https:\/\/mf.ag\/de\/thomas-tschol\/#primaryimage"},"thumbnailUrl":"https:\/\/mf.ag\/wp-content\/uploads\/2023\/11\/ManagementFactory_c_David_Bohmann_002-3-1024x683.jpg","datePublished":"2024-03-06T10:12:16+00:00","dateModified":"2026-02-19T07:49:27+00:00","description":"Entdecken Sie Dipl.-Kfm. Thomas Tschol, einen f\u00fchrenden Interim Manager aus \u00d6sterreich, spezialisiert auf Unternehmensrestrukturierungen.","breadcrumb":{"@id":"https:\/\/mf.ag\/de\/thomas-tschol\/#breadcrumb"},"inLanguage":"de","potentialAction":[{"@type":"ReadAction","target":["https:\/\/mf.ag\/de\/thomas-tschol\/"]}]},{"@type":"ImageObject","inLanguage":"de","@id":"https:\/\/mf.ag\/de\/thomas-tschol\/#primaryimage","url":"https:\/\/mf.ag\/wp-content\/uploads\/2023\/11\/ManagementFactory_c_David_Bohmann_002-3-1024x683.jpg","contentUrl":"https:\/\/mf.ag\/wp-content\/uploads\/2023\/11\/ManagementFactory_c_David_Bohmann_002-3-1024x683.jpg"},{"@type":"BreadcrumbList","@id":"https:\/\/mf.ag\/de\/thomas-tschol\/#breadcrumb","itemListElement":[{"@type":"ListItem","position":1,"name":"Home","item":"https:\/\/mf.ag\/de\/"},{"@type":"ListItem","position":2,"name":"Thomas Tschol"}]},{"@type":"WebSite","@id":"https:\/\/mf.ag\/de\/#website","url":"https:\/\/mf.ag\/de\/","name":"Management Factory","description":"Mit Executive Interim Management und Financial Advisory das Gesch\u00e4ft voranbringen","publisher":{"@id":"https:\/\/mf.ag\/de\/#organization"},"potentialAction":[{"@type":"SearchAction","target":{"@type":"EntryPoint","urlTemplate":"https:\/\/mf.ag\/de\/?s={search_term_string}"},"query-input":{"@type":"PropertyValueSpecification","valueRequired":true,"valueName":"search_term_string"}}],"inLanguage":"de"},{"@type":"Organization","@id":"https:\/\/mf.ag\/de\/#organization","name":"Management Factory","url":"https:\/\/mf.ag\/de\/","logo":{"@type":"ImageObject","inLanguage":"de","@id":"https:\/\/mf.ag\/de\/#\/schema\/logo\/image\/","url":"","contentUrl":"","caption":"Management Factory"},"image":{"@id":"https:\/\/mf.ag\/de\/#\/schema\/logo\/image\/"}}]}},"_links":{"self":[{"href":"https:\/\/mf.ag\/de\/wp-json\/wp\/v2\/pages\/55772","targetHints":{"allow":["GET"]}}],"collection":[{"href":"https:\/\/mf.ag\/de\/wp-json\/wp\/v2\/pages"}],"about":[{"href":"https:\/\/mf.ag\/de\/wp-json\/wp\/v2\/types\/page"}],"author":[{"embeddable":true,"href":"https:\/\/mf.ag\/de\/wp-json\/wp\/v2\/users\/1"}],"replies":[{"embeddable":true,"href":"https:\/\/mf.ag\/de\/wp-json\/wp\/v2\/comments?post=55772"}],"version-history":[{"count":11,"href":"https:\/\/mf.ag\/de\/wp-json\/wp\/v2\/pages\/55772\/revisions"}],"predecessor-version":[{"id":61963,"href":"https:\/\/mf.ag\/de\/wp-json\/wp\/v2\/pages\/55772\/revisions\/61963"}],"wp:attachment":[{"href":"https:\/\/mf.ag\/de\/wp-json\/wp\/v2\/media?parent=55772"}],"curies":[{"name":"wp","href":"https:\/\/api.w.org\/{rel}","templated":true}]}}