{"id":55595,"date":"2024-02-27T10:54:16","date_gmt":"2024-02-27T09:54:16","guid":{"rendered":"https:\/\/mf.ag\/?page_id=55595"},"modified":"2026-03-15T15:34:24","modified_gmt":"2026-03-15T14:34:24","slug":"christian-kniescheck","status":"publish","type":"page","link":"https:\/\/mf.ag\/de\/christian-kniescheck\/","title":{"rendered":"Christian Kniescheck"},"content":{"rendered":"\n<div class=\"wp-block-media-text alignwide is-stacked-on-mobile is-vertically-aligned-center is-style-tw-overlap has-white-background-color has-background\" style=\"margin-top:var(--wp--preset--spacing--40)\"><figure class=\"wp-block-media-text__media\"><img loading=\"lazy\" decoding=\"async\" width=\"1024\" height=\"683\" src=\"https:\/\/mf.ag\/wp-content\/uploads\/2023\/11\/ManagementFactory_c_David_Bohmann_205-1-1024x683.jpg\" alt=\"\" class=\"wp-image-54726 size-full\" srcset=\"https:\/\/mf.ag\/wp-content\/uploads\/2023\/11\/ManagementFactory_c_David_Bohmann_205-1-1024x683.jpg 1024w, https:\/\/mf.ag\/wp-content\/uploads\/2023\/11\/ManagementFactory_c_David_Bohmann_205-1-300x200.jpg 300w, https:\/\/mf.ag\/wp-content\/uploads\/2023\/11\/ManagementFactory_c_David_Bohmann_205-1-768x512.jpg 768w, https:\/\/mf.ag\/wp-content\/uploads\/2023\/11\/ManagementFactory_c_David_Bohmann_205-1-1536x1024.jpg 1536w, https:\/\/mf.ag\/wp-content\/uploads\/2023\/11\/ManagementFactory_c_David_Bohmann_205-1.jpg 2048w\" sizes=\"auto, (max-width: 1024px) 100vw, 1024px\" \/><\/figure><div class=\"wp-block-media-text__content\">\n<h3 class=\"wp-block-heading\" id=\"h-mag-christian-kniescheck-mba-cte-cse\">Mag. Christian Kniescheck, MBA CTE CSE<\/h3>\n\n\n\n<h5 class=\"wp-block-heading\">Partner<\/h5>\n\n\n\n<p>Christian Kniescheck ist seit Jahrzehnten im Executive Interim Management und in der Beratung t\u00e4tig. Er arbeitet pers\u00f6nlich bei <a href=\"https:\/\/mf.ag\/de\/restrukturierung\/\">Restrukturierungen <\/a>und Transformationen mit und gilt als der Experte in Sachen Change Management und Operational Excellence.<\/p>\n\n\n\n<div class=\"wp-block-buttons is-layout-flex wp-block-buttons-is-layout-flex\" style=\"margin-top:var(--wp--preset--spacing--30)\">\n<div class=\"wp-block-button\"><a class=\"wp-block-button__link has-base-color has-secondary-background-color has-text-color has-background wp-element-button\" href=\"https:\/\/www.linkedin.com\/in\/christian-kniescheck\/\"><i class=\"fab fa-linkedin-in\"><\/i>Linkedin<\/a><\/div>\n\n\n\n<div class=\"wp-block-button\"><a class=\"wp-block-button__link has-base-color has-secondary-background-color has-text-color has-background wp-element-button\"><i class=\"fas fa-phone\"><\/i>+43 664 8200102<\/a><\/div>\n\n\n\n<div class=\"wp-block-button\"><a class=\"wp-block-button__link has-base-color has-secondary-background-color has-text-color has-background wp-element-button\"><i class=\"fas fa-envelope\"><\/i>christian.kniescheck@mf.ag<\/a><\/div>\n<\/div>\n<\/div><\/div>\n\n\n\n<h5 class=\"wp-block-heading\">Ausbildung<\/h5>\n\n\n\n<ul class=\"wp-block-list is-style-tw-checkmark\">\n<li>Magister der Geschichte, Nebenfach Philosophie (<a href=\"https:\/\/www.univie.ac.at\/\" target=\"_blank\" rel=\"noreferrer noopener\">Universit\u00e4t Wien<\/a>)<\/li>\n\n\n\n<li>MBA an der <a href=\"https:\/\/lerner.udel.edu\/programs\/mba-programs\/\" target=\"_blank\" rel=\"noreferrer noopener\">University of Delaware<\/a> (USA)<\/li>\n\n\n\n<li>Akademisch gepr\u00fcfter Controller am <a href=\"https:\/\/www.controller-institut.at\/de\/\" target=\"_blank\" rel=\"noreferrer noopener\">\u00d6sterreichischen Controller Institut<\/a> (OECI)<\/li>\n\n\n\n<li><a href=\"https:\/\/www.incite.at\/de\/programm\/zertifizierung-cte\/\" target=\"_blank\" rel=\"noreferrer noopener\">CTE<\/a> (Certified Turnaround Expert)<\/li>\n\n\n\n<li><a href=\"https:\/\/www.incite.at\/de\/programm\/zertifizierung-cse\/#:~:text=CSE%20%2D%20%22Certified%20Supervisory%20Expert%22,(zuk%C3%BCnftige)%20Mitglieder%20von%20Aufsichtsorganen.\">CSE<\/a> (Certified Supervisory Expert)&nbsp;<\/li>\n\n\n\n<li><a href=\"https:\/\/presencinginstitute.org\/\">Presencing Foundation Program<\/a> (Boston, USA)<\/li>\n\n\n\n<li>Change Essentials Programm bei <a href=\"https:\/\/www.heitgerconsulting.com\/\" target=\"_blank\" rel=\"noreferrer noopener\">Heitger Consulting<\/a> (Berlin und Wien)<\/li>\n\n\n\n<li><a href=\"https:\/\/www.donau-uni.ac.at\/de\/studium\/corporate-law-mergers-and-acquisition.html\" target=\"_blank\" rel=\"noreferrer noopener\">Corporate Law \/ M&amp;A Lehrgang<\/a> (Krems und Wien)<\/li>\n<\/ul>\n\n\n\n<hr class=\"wp-block-separator has-alpha-channel-opacity is-style-wide\"\/>\n\n\n\n<h5 class=\"wp-block-heading\">Auszeichnung<\/h5>\n\n\n\n<ul class=\"wp-block-list is-style-tw-checkmark\">\n<li><a href=\"https:\/\/interimmanager-des-jahres.at\/mag-christian-kniescheck\/\" target=\"_blank\" rel=\"noreferrer noopener\">Bestes Interim Management Projekt des Jahres 2021<\/a>. Auszeichnung durch die D\u00d6IM (Dachorganisation \u00d6sterreichisches Interim Management)<\/li>\n\n\n\n<li><a href=\"https:\/\/mf.ag\/de\/artikel\/die-management-factory-gewinnt-den-constantinus-2021-in-der-kategorie-strategisches-krisenmanagement\/\">Constantinus Award 2021<\/a> in der Kategorie Strategisches Krisenmanagement (WKO)<\/li>\n<\/ul>\n\n\n\n<hr class=\"wp-block-separator has-alpha-channel-opacity is-style-wide\"\/>\n\n\n\n<h5 class=\"wp-block-heading\">Beruflicher Werdegang<\/h5>\n\n\n\n<figure class=\"wp-block-table is-style-tw-border-h-inner\"><table style=\"border-style:none;border-width:0px\"><tbody><tr><td><strong>seit 2017<\/strong><\/td><td><strong>Management Factory Corporate Advisory GmbH<br><\/strong>Senior Manager und Partner<br><strong>Schwerpunkte:<br><\/strong>&#8211; Rent a CEO \/ Rent a CFO \/ Rent a CRO<br>&#8211; Beratungsmandate<\/td><\/tr><tr><td><strong>2015 \u2013 2016<\/strong><\/td><td><strong><a href=\"https:\/\/www.efgrossnigg.at\/\" target=\"_blank\" rel=\"noreferrer noopener\">E.F. Grossnigg Finanzberatung und Treuhandgesellschaft mbH<\/a><br><\/strong>Gesch\u00e4ftsf\u00fchrer<br><strong>Schwerpunkte:<br><\/strong>&#8211; Turnaround Management und Restrukturierungen<\/td><\/tr><tr><td><strong>2001 \u2013 2014<\/strong><\/td><td><strong><a href=\"https:\/\/www.shs.at\/\">SHS Unternehmensberatung GmbH<\/a><br><\/strong>Partner (seit 2010), Projektleiter (seit 2004) und Berater (seit 2001)<br><strong>Schwerpunkte:<br><\/strong>&#8211; Organisationsberatung (Prozesse, Strukturen, Kennzahlen)<br>&#8211; Operational Excellence<\/td><\/tr><\/tbody><\/table><\/figure>\n\n\n\n<hr class=\"wp-block-separator has-alpha-channel-opacity is-style-wide\"\/>\n\n\n\n<h5 class=\"wp-block-heading\">Restrukturierungs -, Management &#8211; und Beratungserfahrung<\/h5>\n\n\n\n<p>Seit 2000 in Summe \u00fcber 85 Projekte und Mandate entlang der gesamten Wertsch\u00f6pfungskette von der Produktentwicklung bis zum After Sales Service mit den Schwerpunkt Operational Excellence, Kostenreduktion, Controlling, Restrukturierung und Transformation. In den letzten Jahren Auftr\u00e4ge und Mandate u.a. bei folgenden Unternehmen:<\/p>\n\n\n\n<figure class=\"wp-block-table is-style-tw-border-h-inner\"><table class=\"has-fixed-layout\"><tbody><tr><td><strong><a href=\"https:\/\/www.arverio.de\/\">Arverio Gruppe<\/a><\/strong><\/td><td>01\/2025 \u2013 12\/2025<\/td><td>Gesch\u00e4ftsf\u00fchrer und CTO<br>(Chief Transformation Officer)<\/td><\/tr><tr><td><strong><a href=\"https:\/\/www.sonnenkraft.com\/de\/\" target=\"_blank\" rel=\"noreferrer noopener\">Sonnenkraft GmbH<\/a><\/strong><\/td><td>02\/2022 \u2013 12\/2022<\/td><td>Gesch\u00e4ftsleiter und Prokurist<\/td><\/tr><tr><td><strong>ThyssenKrupp Carbon Components GmbH \/ <br>Action Composites Hightech GmbH<\/strong><\/td><td>09\/2021 \u2013 02\/2022<\/td><td>CFO und Prokurist<\/td><\/tr><tr><td><strong><a href=\"https:\/\/www.secop.com\/\">Secop GmbH<\/a><\/strong><\/td><td>09\/2019 \u2013 09\/2020<\/td><td>Gesch\u00e4ftsf\u00fchrer<\/td><\/tr><tr><td><strong>GreenOneTec GmbH<\/strong><\/td><td>07\/2019 \u2013 11\/2019<\/td><td>Prozessoptimierung<\/td><\/tr><tr><td><strong><a href=\"https:\/\/www.kremsmueller.com\/\" target=\"_blank\" rel=\"noreferrer noopener\">Kremsm\u00fcller Gruppe<\/a><\/strong><\/td><td>01\/2018 \u2013 06\/2019<\/td><td>Kaufm\u00e4nnischer Leiter<\/td><\/tr><tr><td><strong>Siloking GmbH<\/strong><\/td><td>11\/2017 \u2013 12\/2016<\/td><td>Restrukturierung<\/td><\/tr><tr><td><strong><a href=\"https:\/\/www.reisewelt.at\/de\/\" target=\"_blank\" rel=\"noreferrer noopener\">Reisewelt GmbH<\/a><\/strong><\/td><td>02\/2017 \u2013 10\/2017<\/td><td>Gesch\u00e4ftsf\u00fchrer<\/td><\/tr><tr><td><strong>Wein &amp; CO GmbH<\/strong><\/td><td>07\/2016 \u2013 02\/2017<\/td><td><a href=\"https:\/\/mf.ag\/de\/fortbestehensprognose\/\">Fortbestehensprognosen<\/a><\/td><\/tr><tr><td><strong><a href=\"https:\/\/www.roncalli.de\/\" target=\"_blank\" rel=\"noreferrer noopener\">Roncalli Unternehmensgruppe<\/a><\/strong><\/td><td>03\/2015 \u2013 heute<\/td><td>Vorsitzender des Beirats<\/td><\/tr><\/tbody><\/table><\/figure>\n","protected":false},"excerpt":{"rendered":"<p>Ausbildung Auszeichnung Beruflicher Werdegang seit 2017 Management Factory Corporate Advisory GmbHSenior Manager und PartnerSchwerpunkte:&#8211; Rent a CEO \/ Rent a CFO \/ Rent a CRO&#8211; Beratungsmandate 2015 \u2013 2016 E.F. Grossnigg Finanzberatung und Treuhandgesellschaft mbHGesch\u00e4ftsf\u00fchrerSchwerpunkte:&#8211; Turnaround Management und Restrukturierungen 2001 \u2013 2014 SHS Unternehmensberatung GmbHPartner (seit 2010), Projektleiter (seit 2004) und Berater (seit 2001)Schwerpunkte:&#8211; Organisationsberatung [&hellip;]<\/p>\n","protected":false},"author":1,"featured_media":0,"parent":0,"menu_order":0,"comment_status":"closed","ping_status":"closed","template":"","meta":{"inline_featured_image":false,"footnotes":""},"class_list":["post-55595","page","type-page","status-publish","hentry"],"featured_image_urls_v2":{"full":"","thumbnail":"","medium":"","medium_large":"","large":"","1536x1536":"","2048x2048":"","gform-image-choice-sm":"","gform-image-choice-md":"","gform-image-choice-lg":"","profile_24":"","profile_48":"","profile_96":"","profile_150":"","profile_300":""},"post_excerpt_stackable_v2":"<p>Mag. Christian Kniescheck, MBA CTE CSE Partner Christian Kniescheck ist seit Jahrzehnten im Executive Interim Management und in der Beratung t\u00e4tig. Er arbeitet pers\u00f6nlich bei Restrukturierungen und Transformationen mit und gilt als der Experte in Sachen Change Management und Operational Excellence. Linkedin +43 664 8200102 christian.kniescheck@mf.ag Ausbildung Magister der Geschichte, Nebenfach Philosophie (Universit\u00e4t Wien) MBA an der University of Delaware (USA) Akademisch gepr\u00fcfter Controller am \u00d6sterreichischen Controller Institut (OECI) CTE (Certified Turnaround Expert) CSE (Certified Supervisory Expert)&nbsp; Presencing Foundation Program (Boston, USA) Change Essentials Programm bei Heitger Consulting (Berlin und Wien) Corporate Law \/ M&amp;A Lehrgang (Krems und Wien) Auszeichnung&hellip;<\/p>\n","category_list_v2":"","author_info_v2":{"name":"Pierre","url":"https:\/\/mf.ag\/de\/author\/superfun\/"},"comments_num_v2":"0 comments","yoast_head":"<!-- This site is optimized with the Yoast SEO Premium plugin v25.8 (Yoast SEO v27.4) - https:\/\/yoast.com\/product\/yoast-seo-premium-wordpress\/ -->\n<title>Christian Kniescheck &#187; Management Factory<\/title>\n<meta name=\"description\" content=\"Entdecken Sie die Expertise von Christian Kniescheck in Executive Interim Management, spezialisiert auf Restrukturierungen und Transformationsprozesse.\" \/>\n<meta name=\"robots\" content=\"index, follow, max-snippet:-1, max-image-preview:large, max-video-preview:-1\" \/>\n<link rel=\"canonical\" href=\"https:\/\/mf.ag\/de\/christian-kniescheck\/\" \/>\n<meta property=\"og:locale\" content=\"de_DE\" \/>\n<meta property=\"og:type\" content=\"article\" \/>\n<meta property=\"og:title\" content=\"Christian Kniescheck\" \/>\n<meta property=\"og:description\" content=\"Entdecken Sie die Expertise von Christian Kniescheck in Executive Interim Management, spezialisiert auf Restrukturierungen und Transformationsprozesse.\" \/>\n<meta property=\"og:url\" content=\"https:\/\/mf.ag\/de\/christian-kniescheck\/\" \/>\n<meta property=\"og:site_name\" content=\"Management Factory\" \/>\n<meta property=\"article:modified_time\" content=\"2026-03-15T14:34:24+00:00\" \/>\n<meta property=\"og:image\" content=\"https:\/\/mf.ag\/wp-content\/uploads\/2023\/11\/ManagementFactory_c_David_Bohmann_205-1.jpg\" \/>\n\t<meta property=\"og:image:width\" content=\"2048\" \/>\n\t<meta property=\"og:image:height\" content=\"1365\" \/>\n\t<meta property=\"og:image:type\" content=\"image\/jpeg\" \/>\n<meta name=\"twitter:card\" content=\"summary_large_image\" \/>\n<meta name=\"twitter:label1\" content=\"Gesch\u00e4tzte Lesezeit\" \/>\n\t<meta name=\"twitter:data1\" content=\"2\u00a0Minuten\" \/>\n<script type=\"application\/ld+json\" class=\"yoast-schema-graph\">{\"@context\":\"https:\\\/\\\/schema.org\",\"@graph\":[{\"@type\":\"WebPage\",\"@id\":\"https:\\\/\\\/mf.ag\\\/de\\\/christian-kniescheck\\\/\",\"url\":\"https:\\\/\\\/mf.ag\\\/de\\\/christian-kniescheck\\\/\",\"name\":\"Christian Kniescheck &#187; Management Factory\",\"isPartOf\":{\"@id\":\"https:\\\/\\\/mf.ag\\\/de\\\/#website\"},\"primaryImageOfPage\":{\"@id\":\"https:\\\/\\\/mf.ag\\\/de\\\/christian-kniescheck\\\/#primaryimage\"},\"image\":{\"@id\":\"https:\\\/\\\/mf.ag\\\/de\\\/christian-kniescheck\\\/#primaryimage\"},\"thumbnailUrl\":\"https:\\\/\\\/mf.ag\\\/wp-content\\\/uploads\\\/2023\\\/11\\\/ManagementFactory_c_David_Bohmann_205-1-1024x683.jpg\",\"datePublished\":\"2024-02-27T09:54:16+00:00\",\"dateModified\":\"2026-03-15T14:34:24+00:00\",\"description\":\"Entdecken Sie die Expertise von Christian Kniescheck in Executive Interim Management, spezialisiert auf Restrukturierungen und Transformationsprozesse.\",\"breadcrumb\":{\"@id\":\"https:\\\/\\\/mf.ag\\\/de\\\/christian-kniescheck\\\/#breadcrumb\"},\"inLanguage\":\"de\",\"potentialAction\":[{\"@type\":\"ReadAction\",\"target\":[\"https:\\\/\\\/mf.ag\\\/de\\\/christian-kniescheck\\\/\"]}]},{\"@type\":\"ImageObject\",\"inLanguage\":\"de\",\"@id\":\"https:\\\/\\\/mf.ag\\\/de\\\/christian-kniescheck\\\/#primaryimage\",\"url\":\"https:\\\/\\\/mf.ag\\\/wp-content\\\/uploads\\\/2023\\\/11\\\/ManagementFactory_c_David_Bohmann_205-1-1024x683.jpg\",\"contentUrl\":\"https:\\\/\\\/mf.ag\\\/wp-content\\\/uploads\\\/2023\\\/11\\\/ManagementFactory_c_David_Bohmann_205-1-1024x683.jpg\"},{\"@type\":\"BreadcrumbList\",\"@id\":\"https:\\\/\\\/mf.ag\\\/de\\\/christian-kniescheck\\\/#breadcrumb\",\"itemListElement\":[{\"@type\":\"ListItem\",\"position\":1,\"name\":\"Home\",\"item\":\"https:\\\/\\\/mf.ag\\\/de\\\/\"},{\"@type\":\"ListItem\",\"position\":2,\"name\":\"Christian Kniescheck\"}]},{\"@type\":\"WebSite\",\"@id\":\"https:\\\/\\\/mf.ag\\\/de\\\/#website\",\"url\":\"https:\\\/\\\/mf.ag\\\/de\\\/\",\"name\":\"Management Factory\",\"description\":\"Mit Executive Interim Management und Financial Advisory das Gesch\u00e4ft voranbringen\",\"publisher\":{\"@id\":\"https:\\\/\\\/mf.ag\\\/de\\\/#organization\"},\"potentialAction\":[{\"@type\":\"SearchAction\",\"target\":{\"@type\":\"EntryPoint\",\"urlTemplate\":\"https:\\\/\\\/mf.ag\\\/de\\\/?s={search_term_string}\"},\"query-input\":{\"@type\":\"PropertyValueSpecification\",\"valueRequired\":true,\"valueName\":\"search_term_string\"}}],\"inLanguage\":\"de\"},{\"@type\":\"Organization\",\"@id\":\"https:\\\/\\\/mf.ag\\\/de\\\/#organization\",\"name\":\"Management Factory\",\"url\":\"https:\\\/\\\/mf.ag\\\/de\\\/\",\"logo\":{\"@type\":\"ImageObject\",\"inLanguage\":\"de\",\"@id\":\"https:\\\/\\\/mf.ag\\\/de\\\/#\\\/schema\\\/logo\\\/image\\\/\",\"url\":\"\",\"contentUrl\":\"\",\"caption\":\"Management Factory\"},\"image\":{\"@id\":\"https:\\\/\\\/mf.ag\\\/de\\\/#\\\/schema\\\/logo\\\/image\\\/\"}}]}<\/script>\n<!-- \/ Yoast SEO Premium plugin. -->","yoast_head_json":{"title":"Christian Kniescheck &#187; Management Factory","description":"Entdecken Sie die Expertise von Christian Kniescheck in Executive Interim Management, spezialisiert auf Restrukturierungen und Transformationsprozesse.","robots":{"index":"index","follow":"follow","max-snippet":"max-snippet:-1","max-image-preview":"max-image-preview:large","max-video-preview":"max-video-preview:-1"},"canonical":"https:\/\/mf.ag\/de\/christian-kniescheck\/","og_locale":"de_DE","og_type":"article","og_title":"Christian Kniescheck","og_description":"Entdecken Sie die Expertise von Christian Kniescheck in Executive Interim Management, spezialisiert auf Restrukturierungen und Transformationsprozesse.","og_url":"https:\/\/mf.ag\/de\/christian-kniescheck\/","og_site_name":"Management Factory","article_modified_time":"2026-03-15T14:34:24+00:00","og_image":[{"width":2048,"height":1365,"url":"https:\/\/mf.ag\/wp-content\/uploads\/2023\/11\/ManagementFactory_c_David_Bohmann_205-1.jpg","type":"image\/jpeg"}],"twitter_card":"summary_large_image","twitter_misc":{"Gesch\u00e4tzte Lesezeit":"2\u00a0Minuten"},"schema":{"@context":"https:\/\/schema.org","@graph":[{"@type":"WebPage","@id":"https:\/\/mf.ag\/de\/christian-kniescheck\/","url":"https:\/\/mf.ag\/de\/christian-kniescheck\/","name":"Christian Kniescheck &#187; Management Factory","isPartOf":{"@id":"https:\/\/mf.ag\/de\/#website"},"primaryImageOfPage":{"@id":"https:\/\/mf.ag\/de\/christian-kniescheck\/#primaryimage"},"image":{"@id":"https:\/\/mf.ag\/de\/christian-kniescheck\/#primaryimage"},"thumbnailUrl":"https:\/\/mf.ag\/wp-content\/uploads\/2023\/11\/ManagementFactory_c_David_Bohmann_205-1-1024x683.jpg","datePublished":"2024-02-27T09:54:16+00:00","dateModified":"2026-03-15T14:34:24+00:00","description":"Entdecken Sie die Expertise von Christian Kniescheck in Executive Interim Management, spezialisiert auf Restrukturierungen und Transformationsprozesse.","breadcrumb":{"@id":"https:\/\/mf.ag\/de\/christian-kniescheck\/#breadcrumb"},"inLanguage":"de","potentialAction":[{"@type":"ReadAction","target":["https:\/\/mf.ag\/de\/christian-kniescheck\/"]}]},{"@type":"ImageObject","inLanguage":"de","@id":"https:\/\/mf.ag\/de\/christian-kniescheck\/#primaryimage","url":"https:\/\/mf.ag\/wp-content\/uploads\/2023\/11\/ManagementFactory_c_David_Bohmann_205-1-1024x683.jpg","contentUrl":"https:\/\/mf.ag\/wp-content\/uploads\/2023\/11\/ManagementFactory_c_David_Bohmann_205-1-1024x683.jpg"},{"@type":"BreadcrumbList","@id":"https:\/\/mf.ag\/de\/christian-kniescheck\/#breadcrumb","itemListElement":[{"@type":"ListItem","position":1,"name":"Home","item":"https:\/\/mf.ag\/de\/"},{"@type":"ListItem","position":2,"name":"Christian Kniescheck"}]},{"@type":"WebSite","@id":"https:\/\/mf.ag\/de\/#website","url":"https:\/\/mf.ag\/de\/","name":"Management Factory","description":"Mit Executive Interim Management und Financial Advisory das Gesch\u00e4ft voranbringen","publisher":{"@id":"https:\/\/mf.ag\/de\/#organization"},"potentialAction":[{"@type":"SearchAction","target":{"@type":"EntryPoint","urlTemplate":"https:\/\/mf.ag\/de\/?s={search_term_string}"},"query-input":{"@type":"PropertyValueSpecification","valueRequired":true,"valueName":"search_term_string"}}],"inLanguage":"de"},{"@type":"Organization","@id":"https:\/\/mf.ag\/de\/#organization","name":"Management Factory","url":"https:\/\/mf.ag\/de\/","logo":{"@type":"ImageObject","inLanguage":"de","@id":"https:\/\/mf.ag\/de\/#\/schema\/logo\/image\/","url":"","contentUrl":"","caption":"Management Factory"},"image":{"@id":"https:\/\/mf.ag\/de\/#\/schema\/logo\/image\/"}}]}},"_links":{"self":[{"href":"https:\/\/mf.ag\/de\/wp-json\/wp\/v2\/pages\/55595","targetHints":{"allow":["GET"]}}],"collection":[{"href":"https:\/\/mf.ag\/de\/wp-json\/wp\/v2\/pages"}],"about":[{"href":"https:\/\/mf.ag\/de\/wp-json\/wp\/v2\/types\/page"}],"author":[{"embeddable":true,"href":"https:\/\/mf.ag\/de\/wp-json\/wp\/v2\/users\/1"}],"replies":[{"embeddable":true,"href":"https:\/\/mf.ag\/de\/wp-json\/wp\/v2\/comments?post=55595"}],"version-history":[{"count":73,"href":"https:\/\/mf.ag\/de\/wp-json\/wp\/v2\/pages\/55595\/revisions"}],"predecessor-version":[{"id":65931,"href":"https:\/\/mf.ag\/de\/wp-json\/wp\/v2\/pages\/55595\/revisions\/65931"}],"wp:attachment":[{"href":"https:\/\/mf.ag\/de\/wp-json\/wp\/v2\/media?parent=55595"}],"curies":[{"name":"wp","href":"https:\/\/api.w.org\/{rel}","templated":true}]}}