{"id":55357,"date":"2024-02-09T15:15:28","date_gmt":"2024-02-09T14:15:28","guid":{"rendered":"https:\/\/mf.ag\/?page_id=55357"},"modified":"2025-05-27T14:52:27","modified_gmt":"2025-05-27T12:52:27","slug":"management-auf-zeit","status":"publish","type":"page","link":"https:\/\/mf.ag\/de\/management-auf-zeit\/","title":{"rendered":"Management auf Zeit"},"content":{"rendered":"\n<div class=\"wp-block-group alignfull has-tertiary-background-color has-background has-global-padding is-layout-constrained wp-block-group-is-layout-constrained\" style=\"margin-top:0;margin-bottom:0;padding-top:var(--wp--preset--spacing--30);padding-bottom:var(--wp--preset--spacing--40)\">\n<h3 class=\"wp-block-heading\">Management auf Zeit war fr\u00fcher eine Modeerscheinung, seit rund 10 Jahren geh\u00f6rt dieser Begriff zu einem Standardwerkzeug im Personalbereich.<\/h3>\n\n\n\n<div class=\"wp-block-media-text alignwide is-stacked-on-mobile is-vertically-aligned-center is-style-tw-overlap has-background tw-stack-md\" style=\"background-color:#ffffff\"><figure class=\"wp-block-media-text__media\"><img loading=\"lazy\" decoding=\"async\" width=\"1024\" height=\"683\" src=\"https:\/\/mf.ag\/wp-content\/uploads\/2023\/11\/ManagementFactory_c_David_Bohmann_002-3-1024x683.jpg\" alt=\"\" class=\"wp-image-54747 size-full\" srcset=\"https:\/\/mf.ag\/wp-content\/uploads\/2023\/11\/ManagementFactory_c_David_Bohmann_002-3-1024x683.jpg 1024w, https:\/\/mf.ag\/wp-content\/uploads\/2023\/11\/ManagementFactory_c_David_Bohmann_002-3-300x200.jpg 300w, https:\/\/mf.ag\/wp-content\/uploads\/2023\/11\/ManagementFactory_c_David_Bohmann_002-3-768x512.jpg 768w, https:\/\/mf.ag\/wp-content\/uploads\/2023\/11\/ManagementFactory_c_David_Bohmann_002-3-1536x1024.jpg 1536w, https:\/\/mf.ag\/wp-content\/uploads\/2023\/11\/ManagementFactory_c_David_Bohmann_002-3.jpg 2048w\" sizes=\"auto, (max-width: 1024px) 100vw, 1024px\" \/><\/figure><div class=\"wp-block-media-text__content\">\n<blockquote class=\"wp-block-quote is-style-tw-icon is-layout-flow wp-block-quote-is-layout-flow\">\n<p>Gutes Management auf Zeit bedeutet, dass sich die F\u00fchrungskraft schnell mit der Unternehmenskultur vertraut macht und sich schnell in die Organisation integrieren kann.<\/p>\n<\/blockquote>\n<\/div><\/div>\n\n\n\n<div class=\"wp-block-group alignwide has-global-padding is-layout-constrained wp-container-core-group-is-layout-e902eed4 wp-block-group-is-layout-constrained\" style=\"border-style:dotted;border-width:1px;margin-top:40px;margin-bottom:40px;padding-top:14px;padding-right:var(--wp--preset--spacing--30);padding-bottom:15px;padding-left:var(--wp--preset--spacing--30)\">\n<div class=\"wp-block-group alignwide is-content-justification-center is-layout-flex wp-container-core-group-is-layout-b02886af wp-block-group-is-layout-flex\">\n<h6 class=\"wp-block-heading\" id=\"h-lassen-sie-uns-wissen-was-ihre-herausforderung-in-ihrem-business-sind\">Lassen Sie uns wissen, was Ihre Herausforderung in Ihrem Business sind!<\/h6>\n\n\n\n<div class=\"wp-block-buttons is-nowrap is-layout-flex wp-container-core-buttons-is-layout-6c531013 wp-block-buttons-is-layout-flex\">\n<div class=\"wp-block-button\"><a class=\"wp-block-button__link has-white-color has-vivid-red-background-color has-text-color has-background wp-element-button\" href=\"https:\/\/mf.ag\/de\/kontakt\/\"><i class=\"fas fa-arrow-right\"><\/i>Loslegen<\/a><\/div>\n<\/div>\n<\/div>\n<\/div>\n\n\n\n<h2 class=\"wp-block-heading\">Einsatzfelder f\u00fcr Management auf Zeit<\/h2>\n\n\n\n<p>Die Einsatzfelder f\u00fcr Management auf Zeit sind mannigfaltig:<\/p>\n\n\n\n<h3 class=\"wp-block-heading\">1. Tempor\u00e4re \u00dcberbr\u00fcckung eines Personalengpasses<\/h3>\n\n\n\n<p>Wenn ein festangestellter Manager aufgrund von Krankheit oder \u00e4hnlichem zeitlich befristet ausf\u00e4llt, ist die Management auf Zeit Besetzung das Sinnvollste. So kann schnell jemand gefunden werden und die T\u00e4tigkeit ohne Unterbrechung weiterlaufen. Sobald der festangestellte Manager wieder gesund ist, \u00fcbergibt der Manager auf Zeit seine Aufgaben und zieht sich wieder aus dem Unternehmen zur\u00fcck.<\/p>\n\n\n\n<h3 class=\"wp-block-heading\">2. Sanierung \/ Restrukturierung<\/h3>\n\n\n\n<p>Ein Unternehmen befindet sich in der Krise, f\u00fcr die Bew\u00e4ltigung dieser Krise sind sehr spezielle F\u00e4higkeiten notwendig. Das Unternehmen holt sich eine Sanierungspers\u00f6nlichkeit (auch Chief Restructuring Officer genannt), diese Person ist meist ein Manager auf Zeit. Sobald das Unternehmen wieder auf gesunden Beinen steht, zieht sich der Manager auf Zeit wieder zur\u00fcck.<\/p>\n\n\n\n<h3 class=\"wp-block-heading\">3. Wachstum \/ Post Merger Integration<\/h3>\n\n\n\n<p>Eine Firmengruppe kauft ein Unternehmen zu, dieses neu erworbene Unternehmen muss gut in die Gruppe integriert werden. F\u00fcr diese (zeitlich begrenzte) T\u00e4tigkeit gibt es Spezialisten, die sich um die reibungslose Integration des Unternehmen k\u00fcmmern. Diese Manager auf Zeit leiten den Post Merger Integration Prozess, danach ziehen sich wieder zur\u00fcck.<\/p>\n\n\n\n<h3 class=\"wp-block-heading\">4. Management auf Zeit f\u00fcr gro\u00dfe Projekte<\/h3>\n\n\n\n<p>Das Unternehmen hat ein gro\u00dfe Projekt vor, f\u00fcr das sich intern keine qualifizierte Ressource verf\u00fcgt. So kann zB eine ERP-Einf\u00fchrung ein derartiges Projekt darstellen. Management auf Zeit f\u00fcr IT-Projekte ist ein h\u00e4ufige Einsatzform. Der Manager auf Zeit w\u00e4hlt eine geeignete Software aus und begleitet die Einf\u00fchrung \u00fcber einen Zeitraum von meist einem Jahr. Danach zieht sich der Manager auf Zeit wieder zur\u00fcck.<\/p>\n\n\n\n<h3 class=\"wp-block-heading\">5. ESG<\/h3>\n\n\n\n<p>Viele Unternehmen besch\u00e4ftigen sich mit Nachhaltigkeitsprojekten, auch ESG-Projekte genannt, wobei die Abk\u00fcrzung f\u00fcr environmental, social und governance steht. Ein Manager auf Zeit kennt die wichtigsten Nachhaltigkeitsgrunds\u00e4tze und kann im Unternehmen diese Vorgehensweisen und Instrumente einf\u00fchren. Nach erfolgreicher Implementierung zieht sich der Manager auf Zeit entweder ganz zur\u00fcck oder reduziert seine Anwesenheit auf eine Teilzeitfunktion.<\/p>\n\n\n\n<div class=\"wp-block-media-text alignwide is-stacked-on-mobile is-vertically-aligned-center is-style-tw-overlap has-base-background-color has-background\" style=\"margin-top:var(--wp--preset--spacing--40)\"><figure class=\"wp-block-media-text__media\"><img loading=\"lazy\" decoding=\"async\" width=\"1024\" height=\"683\" src=\"https:\/\/mf.ag\/wp-content\/uploads\/2023\/11\/ManagementFactory_banner1-1-1024x683.jpg\" alt=\"\" class=\"wp-image-54523 size-full\" srcset=\"https:\/\/mf.ag\/wp-content\/uploads\/2023\/11\/ManagementFactory_banner1-1-1024x683.jpg 1024w, https:\/\/mf.ag\/wp-content\/uploads\/2023\/11\/ManagementFactory_banner1-1-300x200.jpg 300w, https:\/\/mf.ag\/wp-content\/uploads\/2023\/11\/ManagementFactory_banner1-1-768x512.jpg 768w, https:\/\/mf.ag\/wp-content\/uploads\/2023\/11\/ManagementFactory_banner1-1-1536x1024.jpg 1536w, https:\/\/mf.ag\/wp-content\/uploads\/2023\/11\/ManagementFactory_banner1-1.jpg 2048w\" sizes=\"auto, (max-width: 1024px) 100vw, 1024px\" \/><\/figure><div class=\"wp-block-media-text__content\">\n<h3 class=\"wp-block-heading\" id=\"h-management-factory-bietet-massgeschneiderte-losungen-fur-kritische-situationen\">Management Factory bietet ma\u00dfgeschneiderte L\u00f6sungen f\u00fcr kritische Situationen<\/h3>\n\n\n\n<p>Wenn eine kritische Rolle besetzt werden muss, wenn eine Funktion oder ein Prozess verbessert werden muss, wenn ein Unternehmen wachsen oder transformiert werden muss, um sich einer neuen Wettbewerbslandschaft zu stellen. Oder in Zeiten von Finanzkrisen und wenn ein Turnaround n\u00f6tig ist.&nbsp;<\/p>\n\n\n\n<p>Unsere Dienstleistungen sind in vier Gruppen unterteilt: Restrukturierung, Executive Interim Management, Interim Management und Programm- und Projektmanagement.&nbsp;<\/p>\n\n\n\n<p>Wir verf\u00fcgen \u00fcber ein umfangreiches Netzwerk verifizierter F\u00fchrungskr\u00e4fte in allen Diensten und Rollen.<\/p>\n\n\n\n<div class=\"wp-block-buttons is-nowrap is-layout-flex wp-container-core-buttons-is-layout-e1411b87 wp-block-buttons-is-layout-flex\" style=\"margin-top:var(--wp--preset--spacing--30)\">\n<div class=\"wp-block-button\"><a class=\"wp-block-button__link has-base-color has-custom-valtus-red-background-color has-text-color has-background wp-element-button\" href=\"https:\/\/mf.ag\/de\/kontakt\/\">Kontakt<\/a><\/div>\n<\/div>\n<\/div><\/div>\n\n\n\n<h2 class=\"wp-block-heading\">Einsatzfelder f\u00fcr Management auf Zeit<\/h2>\n\n\n\n<p>Viele dieser oben angef\u00fchrten Einsatzfelder sind zeitlich befristet und damit f\u00fcr einen Manager mit Festanstellungsbed\u00fcrfnis nicht interessant genug. Zudem ben\u00f6tigen einige dieser Aufgaben Zusatzqualifikationen wie zB Kenntnisse im Bereich Sanierung, ESG oder Post Merger Integration, welche in der Regel inhouse nicht vorhanden sind.&nbsp;<\/p>\n\n\n\n<p>Gegen\u00fcber einem Berater hat Management auf Zeit den Vorteil, dass er in die Organisation des Unternehmen voll integriert wird und sowohl im Unternehmen als auch gegen\u00fcber Externen (Kunden, Lieferanten) nicht als Fremdk\u00f6rper wahrgenommen wird, der Manager auf Zeit nimmt \u201eden Stallgeruch\u201c des Unternehmens an.<\/p>\n\n\n\n<h2 class=\"wp-block-heading\">Kosten des Manager auf Zeit<\/h2>\n\n\n\n<p>Es gibt in \u00d6sterreich eine einfache Daumenregel: Der Manager auf Zeit kostet pro Tag rund 1&nbsp;% der Jahresbruttokosten eines festangestellten Mitarbeiters. Damit sind die Kosten pro Tag f\u00fcr Management auf Zeit zwar h\u00f6her, allerdings hat das Unternehmen eine wesentlich h\u00f6here Flexibilit\u00e4t, was den Beginn und das Ende der T\u00e4tigkeit des Managers auf Zeit anlangt. Zudem erh\u00e4lt der Manager auf Zeit keine fringe benefits wie zB ein Firmenauto oder eine Firmenpension. Und dann hat der Manager auf Zeit noch die zuvor angesprochenen Zusatzqualifikationen.<\/p>\n\n\n\n<h2 class=\"wp-block-heading\">F\u00e4higkeiten f\u00fcr Management auf Zeit<\/h2>\n\n\n\n<p>Welche Eigenschaften muss ein Manager besitzen, dass er als Manager auf Zeit Erfolg hat? Nat\u00fcrlich braucht er die fachliche Expertise im jeweiligen Feld. Dar\u00fcberhinaus bedeutet gutes Management auf Zeit, dass sich der Manager schnell mit der Kultur des Unternehmens vertraut macht und sich rasch in die Organisation integrieren kann. Ein Praxisbespiel finden sie hier: <a href=\"https:\/\/mf.ag\/de\/interim-cro\/\">https:\/\/mf.ag\/de\/interim-cro\/<\/a>, <a href=\"https:\/\/mf.ag\/de\/artikel\/auch-firmenchefs-kann-man-mieten\/\">https:\/\/mf.ag\/de\/artikel\/auch-firmenchefs-kann-man-mieten\/<\/a><\/p>\n<\/div>\n","protected":false},"excerpt":{"rendered":"<p>Management auf Zeit war fr\u00fcher eine Modeerscheinung, seit rund 10 Jahren geh\u00f6rt dieser Begriff zu einem Standardwerkzeug im Personalbereich. Gutes Management auf Zeit bedeutet, dass sich die F\u00fchrungskraft schnell mit der Unternehmenskultur vertraut macht und sich schnell in die Organisation integrieren kann. Einsatzfelder f\u00fcr Management auf Zeit Die Einsatzfelder f\u00fcr Management auf Zeit sind mannigfaltig: [&hellip;]<\/p>\n","protected":false},"author":1,"featured_media":0,"parent":0,"menu_order":0,"comment_status":"closed","ping_status":"closed","template":"wp-custom-template-page-feature","meta":{"inline_featured_image":false,"footnotes":""},"class_list":["post-55357","page","type-page","status-publish","hentry"],"featured_image_urls_v2":{"full":"","thumbnail":"","medium":"","medium_large":"","large":"","1536x1536":"","2048x2048":"","gform-image-choice-sm":"","gform-image-choice-md":"","gform-image-choice-lg":"","profile_24":"","profile_48":"","profile_96":"","profile_150":"","profile_300":""},"post_excerpt_stackable_v2":"<p>Management auf Zeit war fr\u00fcher eine Modeerscheinung, seit rund 10 Jahren geh\u00f6rt dieser Begriff zu einem Standardwerkzeug im Personalbereich. Gutes Management auf Zeit bedeutet, dass sich die F\u00fchrungskraft schnell mit der Unternehmenskultur vertraut macht und sich schnell in die Organisation integrieren kann. Lassen Sie uns wissen, was Ihre Herausforderung in Ihrem Business sind! Loslegen Einsatzfelder f\u00fcr Management auf Zeit Die Einsatzfelder f\u00fcr Management auf Zeit sind mannigfaltig: 1. Tempor\u00e4re \u00dcberbr\u00fcckung eines Personalengpasses Wenn ein festangestellter Manager aufgrund von Krankheit oder \u00e4hnlichem zeitlich befristet ausf\u00e4llt, ist die Management auf Zeit Besetzung das Sinnvollste. So kann schnell jemand gefunden werden und die&hellip;<\/p>\n","category_list_v2":"","author_info_v2":{"name":"Pierre","url":"https:\/\/mf.ag\/de\/author\/superfun\/"},"comments_num_v2":"0 comments","yoast_head":"<!-- This site is optimized with the Yoast SEO Premium plugin v25.8 (Yoast SEO v27.4) - https:\/\/yoast.com\/product\/yoast-seo-premium-wordpress\/ -->\n<title>Management auf Zeit &#187; Management Factory<\/title>\n<meta name=\"robots\" content=\"index, follow, max-snippet:-1, max-image-preview:large, max-video-preview:-1\" \/>\n<link rel=\"canonical\" href=\"https:\/\/mf.ag\/de\/management-auf-zeit\/\" \/>\n<meta property=\"og:locale\" content=\"de_DE\" \/>\n<meta property=\"og:type\" content=\"article\" \/>\n<meta property=\"og:title\" content=\"Management auf Zeit\" \/>\n<meta property=\"og:description\" content=\"Management auf Zeit war fr\u00fcher eine Modeerscheinung, seit rund 10 Jahren geh\u00f6rt dieser Begriff zu einem Standardwerkzeug im Personalbereich. Gutes Management auf Zeit bedeutet, dass sich die F\u00fchrungskraft schnell mit der Unternehmenskultur vertraut macht und sich schnell in die Organisation integrieren kann. Einsatzfelder f\u00fcr Management auf Zeit Die Einsatzfelder f\u00fcr Management auf Zeit sind mannigfaltig: [&hellip;]\" \/>\n<meta property=\"og:url\" content=\"https:\/\/mf.ag\/de\/management-auf-zeit\/\" \/>\n<meta property=\"og:site_name\" content=\"Management Factory\" \/>\n<meta property=\"article:modified_time\" content=\"2025-05-27T12:52:27+00:00\" \/>\n<meta property=\"og:image\" content=\"https:\/\/mf.ag\/wp-content\/uploads\/2023\/11\/ManagementFactory_c_David_Bohmann_002-3-1024x683.jpg\" \/>\n<meta name=\"twitter:card\" content=\"summary_large_image\" \/>\n<meta name=\"twitter:label1\" content=\"Gesch\u00e4tzte Lesezeit\" \/>\n\t<meta name=\"twitter:data1\" content=\"7\u00a0Minuten\" \/>\n<script type=\"application\/ld+json\" class=\"yoast-schema-graph\">{\"@context\":\"https:\\\/\\\/schema.org\",\"@graph\":[{\"@type\":\"WebPage\",\"@id\":\"https:\\\/\\\/mf.ag\\\/de\\\/management-auf-zeit\\\/\",\"url\":\"https:\\\/\\\/mf.ag\\\/de\\\/management-auf-zeit\\\/\",\"name\":\"Management auf Zeit &#187; Management Factory\",\"isPartOf\":{\"@id\":\"https:\\\/\\\/mf.ag\\\/de\\\/#website\"},\"primaryImageOfPage\":{\"@id\":\"https:\\\/\\\/mf.ag\\\/de\\\/management-auf-zeit\\\/#primaryimage\"},\"image\":{\"@id\":\"https:\\\/\\\/mf.ag\\\/de\\\/management-auf-zeit\\\/#primaryimage\"},\"thumbnailUrl\":\"https:\\\/\\\/mf.ag\\\/wp-content\\\/uploads\\\/2023\\\/11\\\/ManagementFactory_c_David_Bohmann_002-3-1024x683.jpg\",\"datePublished\":\"2024-02-09T14:15:28+00:00\",\"dateModified\":\"2025-05-27T12:52:27+00:00\",\"breadcrumb\":{\"@id\":\"https:\\\/\\\/mf.ag\\\/de\\\/management-auf-zeit\\\/#breadcrumb\"},\"inLanguage\":\"de\",\"potentialAction\":[{\"@type\":\"ReadAction\",\"target\":[\"https:\\\/\\\/mf.ag\\\/de\\\/management-auf-zeit\\\/\"]}]},{\"@type\":\"ImageObject\",\"inLanguage\":\"de\",\"@id\":\"https:\\\/\\\/mf.ag\\\/de\\\/management-auf-zeit\\\/#primaryimage\",\"url\":\"https:\\\/\\\/mf.ag\\\/wp-content\\\/uploads\\\/2023\\\/11\\\/ManagementFactory_c_David_Bohmann_002-3-1024x683.jpg\",\"contentUrl\":\"https:\\\/\\\/mf.ag\\\/wp-content\\\/uploads\\\/2023\\\/11\\\/ManagementFactory_c_David_Bohmann_002-3-1024x683.jpg\"},{\"@type\":\"BreadcrumbList\",\"@id\":\"https:\\\/\\\/mf.ag\\\/de\\\/management-auf-zeit\\\/#breadcrumb\",\"itemListElement\":[{\"@type\":\"ListItem\",\"position\":1,\"name\":\"Home\",\"item\":\"https:\\\/\\\/mf.ag\\\/de\\\/\"},{\"@type\":\"ListItem\",\"position\":2,\"name\":\"Management auf Zeit\"}]},{\"@type\":\"WebSite\",\"@id\":\"https:\\\/\\\/mf.ag\\\/de\\\/#website\",\"url\":\"https:\\\/\\\/mf.ag\\\/de\\\/\",\"name\":\"Management Factory\",\"description\":\"Mit Executive Interim Management und Financial Advisory das Gesch\u00e4ft voranbringen\",\"publisher\":{\"@id\":\"https:\\\/\\\/mf.ag\\\/de\\\/#organization\"},\"potentialAction\":[{\"@type\":\"SearchAction\",\"target\":{\"@type\":\"EntryPoint\",\"urlTemplate\":\"https:\\\/\\\/mf.ag\\\/de\\\/?s={search_term_string}\"},\"query-input\":{\"@type\":\"PropertyValueSpecification\",\"valueRequired\":true,\"valueName\":\"search_term_string\"}}],\"inLanguage\":\"de\"},{\"@type\":\"Organization\",\"@id\":\"https:\\\/\\\/mf.ag\\\/de\\\/#organization\",\"name\":\"Management Factory\",\"url\":\"https:\\\/\\\/mf.ag\\\/de\\\/\",\"logo\":{\"@type\":\"ImageObject\",\"inLanguage\":\"de\",\"@id\":\"https:\\\/\\\/mf.ag\\\/de\\\/#\\\/schema\\\/logo\\\/image\\\/\",\"url\":\"\",\"contentUrl\":\"\",\"caption\":\"Management Factory\"},\"image\":{\"@id\":\"https:\\\/\\\/mf.ag\\\/de\\\/#\\\/schema\\\/logo\\\/image\\\/\"}}]}<\/script>\n<!-- \/ Yoast SEO Premium plugin. -->","yoast_head_json":{"title":"Management auf Zeit &#187; Management Factory","robots":{"index":"index","follow":"follow","max-snippet":"max-snippet:-1","max-image-preview":"max-image-preview:large","max-video-preview":"max-video-preview:-1"},"canonical":"https:\/\/mf.ag\/de\/management-auf-zeit\/","og_locale":"de_DE","og_type":"article","og_title":"Management auf Zeit","og_description":"Management auf Zeit war fr\u00fcher eine Modeerscheinung, seit rund 10 Jahren geh\u00f6rt dieser Begriff zu einem Standardwerkzeug im Personalbereich. Gutes Management auf Zeit bedeutet, dass sich die F\u00fchrungskraft schnell mit der Unternehmenskultur vertraut macht und sich schnell in die Organisation integrieren kann. Einsatzfelder f\u00fcr Management auf Zeit Die Einsatzfelder f\u00fcr Management auf Zeit sind mannigfaltig: [&hellip;]","og_url":"https:\/\/mf.ag\/de\/management-auf-zeit\/","og_site_name":"Management Factory","article_modified_time":"2025-05-27T12:52:27+00:00","og_image":[{"url":"https:\/\/mf.ag\/wp-content\/uploads\/2023\/11\/ManagementFactory_c_David_Bohmann_002-3-1024x683.jpg","type":"","width":"","height":""}],"twitter_card":"summary_large_image","twitter_misc":{"Gesch\u00e4tzte Lesezeit":"7\u00a0Minuten"},"schema":{"@context":"https:\/\/schema.org","@graph":[{"@type":"WebPage","@id":"https:\/\/mf.ag\/de\/management-auf-zeit\/","url":"https:\/\/mf.ag\/de\/management-auf-zeit\/","name":"Management auf Zeit &#187; Management Factory","isPartOf":{"@id":"https:\/\/mf.ag\/de\/#website"},"primaryImageOfPage":{"@id":"https:\/\/mf.ag\/de\/management-auf-zeit\/#primaryimage"},"image":{"@id":"https:\/\/mf.ag\/de\/management-auf-zeit\/#primaryimage"},"thumbnailUrl":"https:\/\/mf.ag\/wp-content\/uploads\/2023\/11\/ManagementFactory_c_David_Bohmann_002-3-1024x683.jpg","datePublished":"2024-02-09T14:15:28+00:00","dateModified":"2025-05-27T12:52:27+00:00","breadcrumb":{"@id":"https:\/\/mf.ag\/de\/management-auf-zeit\/#breadcrumb"},"inLanguage":"de","potentialAction":[{"@type":"ReadAction","target":["https:\/\/mf.ag\/de\/management-auf-zeit\/"]}]},{"@type":"ImageObject","inLanguage":"de","@id":"https:\/\/mf.ag\/de\/management-auf-zeit\/#primaryimage","url":"https:\/\/mf.ag\/wp-content\/uploads\/2023\/11\/ManagementFactory_c_David_Bohmann_002-3-1024x683.jpg","contentUrl":"https:\/\/mf.ag\/wp-content\/uploads\/2023\/11\/ManagementFactory_c_David_Bohmann_002-3-1024x683.jpg"},{"@type":"BreadcrumbList","@id":"https:\/\/mf.ag\/de\/management-auf-zeit\/#breadcrumb","itemListElement":[{"@type":"ListItem","position":1,"name":"Home","item":"https:\/\/mf.ag\/de\/"},{"@type":"ListItem","position":2,"name":"Management auf Zeit"}]},{"@type":"WebSite","@id":"https:\/\/mf.ag\/de\/#website","url":"https:\/\/mf.ag\/de\/","name":"Management Factory","description":"Mit Executive Interim Management und Financial Advisory das Gesch\u00e4ft voranbringen","publisher":{"@id":"https:\/\/mf.ag\/de\/#organization"},"potentialAction":[{"@type":"SearchAction","target":{"@type":"EntryPoint","urlTemplate":"https:\/\/mf.ag\/de\/?s={search_term_string}"},"query-input":{"@type":"PropertyValueSpecification","valueRequired":true,"valueName":"search_term_string"}}],"inLanguage":"de"},{"@type":"Organization","@id":"https:\/\/mf.ag\/de\/#organization","name":"Management Factory","url":"https:\/\/mf.ag\/de\/","logo":{"@type":"ImageObject","inLanguage":"de","@id":"https:\/\/mf.ag\/de\/#\/schema\/logo\/image\/","url":"","contentUrl":"","caption":"Management Factory"},"image":{"@id":"https:\/\/mf.ag\/de\/#\/schema\/logo\/image\/"}}]}},"_links":{"self":[{"href":"https:\/\/mf.ag\/de\/wp-json\/wp\/v2\/pages\/55357","targetHints":{"allow":["GET"]}}],"collection":[{"href":"https:\/\/mf.ag\/de\/wp-json\/wp\/v2\/pages"}],"about":[{"href":"https:\/\/mf.ag\/de\/wp-json\/wp\/v2\/types\/page"}],"author":[{"embeddable":true,"href":"https:\/\/mf.ag\/de\/wp-json\/wp\/v2\/users\/1"}],"replies":[{"embeddable":true,"href":"https:\/\/mf.ag\/de\/wp-json\/wp\/v2\/comments?post=55357"}],"version-history":[{"count":13,"href":"https:\/\/mf.ag\/de\/wp-json\/wp\/v2\/pages\/55357\/revisions"}],"predecessor-version":[{"id":61170,"href":"https:\/\/mf.ag\/de\/wp-json\/wp\/v2\/pages\/55357\/revisions\/61170"}],"wp:attachment":[{"href":"https:\/\/mf.ag\/de\/wp-json\/wp\/v2\/media?parent=55357"}],"curies":[{"name":"wp","href":"https:\/\/api.w.org\/{rel}","templated":true}]}}