{"id":54984,"date":"2023-12-22T15:04:43","date_gmt":"2023-12-22T14:04:43","guid":{"rendered":"https:\/\/mf.ag\/?page_id=54984"},"modified":"2023-12-22T15:16:03","modified_gmt":"2023-12-22T14:16:03","slug":"interim-geschaftsfuhrung","status":"publish","type":"page","link":"https:\/\/mf.ag\/de\/interim-geschaftsfuhrung\/","title":{"rendered":"Interim Gesch\u00e4ftsf\u00fchrung"},"content":{"rendered":"\n<div class=\"wp-block-group alignwide has-global-padding is-layout-constrained wp-block-group-is-layout-constrained\">\n<div class=\"wp-block-media-text alignwide is-stacked-on-mobile is-vertically-aligned-center is-style-tw-overlap has-background tw-stack-md\" style=\"background-color:#ffffff\"><figure class=\"wp-block-media-text__media\"><img loading=\"lazy\" decoding=\"async\" width=\"1024\" height=\"683\" src=\"https:\/\/mf.ag\/wp-content\/uploads\/2023\/11\/ManagementFactory_c_David_Bohmann_029-1024x683.jpg\" alt=\"\" class=\"wp-image-54393 size-full\" srcset=\"https:\/\/mf.ag\/wp-content\/uploads\/2023\/11\/ManagementFactory_c_David_Bohmann_029-1024x683.jpg 1024w, https:\/\/mf.ag\/wp-content\/uploads\/2023\/11\/ManagementFactory_c_David_Bohmann_029-300x200.jpg 300w, https:\/\/mf.ag\/wp-content\/uploads\/2023\/11\/ManagementFactory_c_David_Bohmann_029-768x512.jpg 768w, https:\/\/mf.ag\/wp-content\/uploads\/2023\/11\/ManagementFactory_c_David_Bohmann_029-1536x1024.jpg 1536w, https:\/\/mf.ag\/wp-content\/uploads\/2023\/11\/ManagementFactory_c_David_Bohmann_029.jpg 2048w\" sizes=\"auto, (max-width: 1024px) 100vw, 1024px\" \/><\/figure><div class=\"wp-block-media-text__content\">\n<blockquote class=\"wp-block-quote is-style-tw-icon is-layout-flow wp-block-quote-is-layout-flow\">\n<p>Der Schwerpunkt liegt auf der Schaffung von Verbesserungen und der F\u00f6rderung von Ver\u00e4nderungen.<\/p>\n<\/blockquote>\n<\/div><\/div>\n\n\n\n<div class=\"wp-block-group alignwide has-global-padding is-layout-constrained wp-container-core-group-is-layout-e902eed4 wp-block-group-is-layout-constrained\" style=\"border-style:dotted;border-width:1px;margin-top:40px;margin-bottom:40px;padding-top:14px;padding-right:var(--wp--preset--spacing--30);padding-bottom:15px;padding-left:var(--wp--preset--spacing--30)\">\n<div class=\"wp-block-group alignwide is-content-justification-center is-layout-flex wp-container-core-group-is-layout-b02886af wp-block-group-is-layout-flex\">\n<h6 class=\"wp-block-heading\" id=\"h-lassen-sie-uns-wissen-was-ihre-herausforderung-in-ihrem-business-sind\">Lassen Sie uns wissen, was Ihre Herausforderung in Ihrem Business sind!<\/h6>\n\n\n\n<div class=\"wp-block-buttons is-nowrap is-layout-flex wp-container-core-buttons-is-layout-6c531013 wp-block-buttons-is-layout-flex\">\n<div class=\"wp-block-button\"><a class=\"wp-block-button__link has-white-color has-vivid-red-background-color has-text-color has-background wp-element-button\" href=\"https:\/\/mf.ag\/de\/kontakt\/\"><i class=\"fas fa-arrow-right\"><\/i>Loslegen<\/a><\/div>\n<\/div>\n<\/div>\n<\/div>\n<\/div>\n\n\n\n<div class=\"wp-block-group alignfull has-global-padding is-layout-constrained wp-block-group-is-layout-constrained\">\n<h3 class=\"wp-block-heading\">1. Vakanz\u00fcberbr\u00fcckung durch eine Interim Gesch\u00e4ftsf\u00fchrung<\/h3>\n\n\n\n<p>Die bestehende Gesch\u00e4ftsf\u00fchrung f\u00e4llt kurzfristig aus, zum Beispiel wegen Krankheit, das Unternehmen hat von heute auf morgen keine Top-Management mehr. Eine Interim Gesch\u00e4ftsf\u00fchrung oder auch Gesch\u00e4ftsf\u00fchrer auf Zeit genannt kann hier rasch Abhilfe schaffen, sie ist meist innerhalb weniger Tage direkt vor Ort einsatzbereit. Quasi wie eine Feuerwehr, wenn es brennt.&nbsp;<\/p>\n\n\n\n<p>Die Interim Gesch\u00e4ftsf\u00fchrung \u00fcbernimmt alle Aufgaben, die notwendig sind, um das Unternehmen auf Kurs zu halten, sie stimmt sich mit den wichtigsten F\u00fchrungskr\u00e4ften im Unternehmen ab, die betreut bedeutende Kunden des Unternehmens, stabilisiert die Beziehungen zu den Mitarbeiter:innen und nimmt auch Kontakt zu den Finanzpartnern (Banken, Eigent\u00fcmern) auf. Interim Gesch\u00e4ftsf\u00fchrung ist mehr als das Bewahren bestehender Strukturen, meist kann eine Interim Gesch\u00e4ftsf\u00fchrung aber auch \u00c4nderungen von Strukturen bewirken, die oftmals im ehemaligen Management noch nicht umgesetzt wurden. Eine Vakanz\u00fcberbr\u00fcckung kann nach 3 Monaten beendet sein oder aber auch 1 Jahr dauern, je nachdem, wie schnell eine neue Gesch\u00e4ftsf\u00fchrung gefunden wurde.<\/p>\n\n\n\n<h3 class=\"wp-block-heading\">2. Krisenbew\u00e4ltigung durch eine Interim Gesch\u00e4ftsf\u00fchrung<\/h3>\n\n\n\n<p>Unternehmen, die in ein Krise rutschen, ben\u00f6tigen oftmals eine neue Gesch\u00e4ftsf\u00fchrung und das m\u00f6glichst schnell. Die \u201ealte\u201c Gesch\u00e4ftsf\u00fchrung ist oftmals ausgepowert und hat keine Kraft mehr, einen herausfordernden Restrukturierungskurs f\u00fcr das Unternehmen zu steuern. Zudem hat die alte Gesch\u00e4ftsf\u00fchrung oftmals gegen\u00fcber den Kapitalgebern auch an Glaubw\u00fcrdigkeit verloren. Der neu eingesetzte Gesch\u00e4ftsf\u00fchrer auf Zeit ist frisch und unverbraucht und kann frei von Entscheidungszw\u00e4ngen sich an die Arbeit machen. Allerdings ist die \u00dcbernahme einer Gesch\u00e4ftsf\u00fchrung <a href=\"https:\/\/mf.ag\/de\/artikel\/newsletter-04-2020-uebernahme-von-organfunktionen-und-aufrechterhaltung-der-insolvenzfaehigkeit-in-der-krise\/\">in der Krise<\/a> nicht ohne Risiken. Wenn die Interim Gesch\u00e4ftsf\u00fchrung aus fr\u00fcheren F\u00e4llen gut beleumundet ist, genie\u00dft sie einen Vertrauensvorschuss, der bei der Bew\u00e4ltigung der Krise hilft. Die Krisenbew\u00e4ltigung kann verschiedene Aspekte beinhalten, zum Beispiel die Stabilisierung der Finanzsituation, der operative Verbesserung oder aber die <a href=\"https:\/\/mf.ag\/de\/artikel\/trennung-von-unwirtschaftlichen-segmenten-im-konzernverbund\/\">Trennung von unwirtschaftlichen Segmenten<\/a>. Eine Interim Gesch\u00e4ftsf\u00fchrung im Krisenfalle bleibt dem Unternehmen meist l\u00e4nger erhalten als jene Interim Gesch\u00e4ftsf\u00fchrung, die nur zur Vakanz\u00fcberbr\u00fcckung geholt wurde. Ein Mandat dauert zwischen 1 und 3 Jahren.<\/p>\n\n\n\n<h3 class=\"wp-block-heading\">3. Wachstumsunterst\u00fctzung durch eine Interim Gesch\u00e4ftsf\u00fchrung<\/h3>\n\n\n\n<p>Unternehmen, die stark wachsen, ben\u00f6tigen zur Verst\u00e4rkung oftmals zus\u00e4tzlich eine Interim Gesch\u00e4ftsf\u00fchrung. Das Wachstum kann aus dem eigenen oder durch einen Zukauf entstehen. Die bestehende Gesch\u00e4ftsf\u00fchrung hat durch das Wachstum derart viele Aufgaben, dass sie zur Bew\u00e4ltigung eine Managementunterst\u00fctzung ben\u00f6tigt. Vor allem eine Internationalisierung kann durch eine Interim Gesch\u00e4ftsf\u00fchrung \/ einem Gesch\u00e4ftsf\u00fchrer auf Zeit gut bew\u00e4ltigt werden. Der Interim Manager verf\u00fcgt \u00fcber eine gute Landeskenntnis und beherrscht die Sprache des Landes. Die Interim Gesch\u00e4ftsf\u00fchrung \u00fcbernimmt vom bestehenden Management jene Aufgaben, die nicht mit der n\u00f6tigen Konsequenz betrieben werden k\u00f6nnen. Die Interim Gesch\u00e4ftsf\u00fchrung bleibt so lange, bis sich die Prozesse und Strukturen eingespielt haben oder aber ein neuer Gesch\u00e4ftsf\u00fchrer ernannt wird. Es ist auch schon vorgekommen, dass aus der Interim Gesch\u00e4ftsf\u00fchrung eine fixe Gesch\u00e4ftsf\u00fchrung wird.<\/p>\n<\/div>\n\n\n\n<div class=\"wp-block-group alignfull has-custom-white-background-color has-background has-global-padding is-layout-constrained wp-block-group-is-layout-constrained\">\n<h2 class=\"wp-block-heading\">Wie wird sich das Gesch\u00e4ft der Interim Gesch\u00e4ftsf\u00fchrung entwickeln?<\/h2>\n\n\n\n<p>Langweilig wird es in diesem Gesch\u00e4ft nicht werden, ganz im Gegenteil, das Gesch\u00e4ft der Interim Gesch\u00e4ftsf\u00fchrung boomt. Die Zyklen, die ein Unternehmen durchl\u00e4uft werden k\u00fcrzer, damit \u00e4ndert sich das notwendige Profil f\u00fcr eine Gesch\u00e4ftsf\u00fchrung rascher als dies noch vor Jahren der Fall war. Zudem ist die interimistische Besetzung der Gesch\u00e4ftsf\u00fchrung auch salonf\u00e4hig geworden, kein Eigent\u00fcmer muss sich daf\u00fcr genieren, dass er kurzfristig und interimistisch besetzt. Auf der anderen Seite steigt die Zahl der \u201etop-shots\u201c, die nicht mehr willens sind, ein Leben lang in Festanstellungsverh\u00e4ltnissen zu arbeiten. Eine spannende Herausforderung befl\u00fcgelt diese Topmanager:innen oftmals mehr als die abgesicherte Rolle einer Langzeitanstellung. Die Entwicklung der Interim Gesch\u00e4ftsf\u00fchrung bleibt also spannend!<\/p>\n<\/div>\n\n\n\n<div class=\"wp-block-group alignwide has-global-padding is-layout-constrained wp-block-group-is-layout-constrained\" style=\"margin-top:var(--wp--preset--spacing--40);margin-bottom:var(--wp--preset--spacing--40)\">\n<div class=\"wp-block-media-text alignwide is-stacked-on-mobile is-vertically-aligned-center is-style-tw-overlap has-custom-white-color has-custom-nordic-blue-background-color has-text-color has-background\" style=\"margin-top:var(--wp--preset--spacing--40)\"><figure class=\"wp-block-media-text__media\"><img loading=\"lazy\" decoding=\"async\" width=\"1024\" height=\"683\" src=\"https:\/\/mf.ag\/wp-content\/uploads\/2023\/11\/ManagementFactory_c_David_Bohmann_171-1024x683.jpg\" alt=\"\" class=\"wp-image-54582 size-full\" srcset=\"https:\/\/mf.ag\/wp-content\/uploads\/2023\/11\/ManagementFactory_c_David_Bohmann_171-1024x683.jpg 1024w, https:\/\/mf.ag\/wp-content\/uploads\/2023\/11\/ManagementFactory_c_David_Bohmann_171-300x200.jpg 300w, https:\/\/mf.ag\/wp-content\/uploads\/2023\/11\/ManagementFactory_c_David_Bohmann_171-768x512.jpg 768w, https:\/\/mf.ag\/wp-content\/uploads\/2023\/11\/ManagementFactory_c_David_Bohmann_171-1536x1024.jpg 1536w, https:\/\/mf.ag\/wp-content\/uploads\/2023\/11\/ManagementFactory_c_David_Bohmann_171.jpg 2048w\" sizes=\"auto, (max-width: 1024px) 100vw, 1024px\" \/><\/figure><div class=\"wp-block-media-text__content\">\n<h2 class=\"wp-block-heading\">Management Factory bietet ma\u00dfgeschneiderte L\u00f6sungen f\u00fcr kritische Situationen<\/h2>\n\n\n\n<p>Wenn eine kritische Rolle besetzt werden muss, wenn eine Funktion oder ein Prozess verbessert werden muss, wenn ein Unternehmen wachsen oder transformiert werden muss, um sich einer neuen Wettbewerbslandschaft zu stellen. Oder in Zeiten von Finanzkrisen und wenn ein Turnaround n\u00f6tig ist.&nbsp;<\/p>\n\n\n\n<p>Unsere Dienstleistungen sind in vier Gruppen unterteilt: Restrukturierung, Executive Interim Management, Interim Management und Programm- und Projektmanagement.&nbsp;<\/p>\n\n\n\n<p>Wir verf\u00fcgen \u00fcber ein umfangreiches Netzwerk verifizierter F\u00fchrungskr\u00e4fte in allen Diensten und Rollen.<\/p>\n\n\n\n<div class=\"wp-block-buttons is-nowrap is-layout-flex wp-container-core-buttons-is-layout-e1411b87 wp-block-buttons-is-layout-flex\" style=\"margin-top:var(--wp--preset--spacing--30)\">\n<div class=\"wp-block-button\"><a class=\"wp-block-button__link has-base-color has-custom-valtus-red-background-color has-text-color has-background wp-element-button\" href=\"https:\/\/mf.ag\/de\/kontakt\/\">Kontakt<\/a><\/div>\n<\/div>\n<\/div><\/div>\n<\/div>\n","protected":false},"excerpt":{"rendered":"<p>Der Schwerpunkt liegt auf der Schaffung von Verbesserungen und der F\u00f6rderung von Ver\u00e4nderungen. 1. Vakanz\u00fcberbr\u00fcckung durch eine Interim Gesch\u00e4ftsf\u00fchrung Die bestehende Gesch\u00e4ftsf\u00fchrung f\u00e4llt kurzfristig aus, zum Beispiel wegen Krankheit, das Unternehmen hat von heute auf morgen keine Top-Management mehr. Eine Interim Gesch\u00e4ftsf\u00fchrung oder auch Gesch\u00e4ftsf\u00fchrer auf Zeit genannt kann hier rasch Abhilfe schaffen, sie ist [&hellip;]<\/p>\n","protected":false},"author":1,"featured_media":0,"parent":0,"menu_order":0,"comment_status":"closed","ping_status":"closed","template":"wp-custom-template-page-feature","meta":{"inline_featured_image":false,"footnotes":""},"class_list":["post-54984","page","type-page","status-publish","hentry"],"featured_image_urls_v2":{"full":"","thumbnail":"","medium":"","medium_large":"","large":"","1536x1536":"","2048x2048":"","gform-image-choice-sm":"","gform-image-choice-md":"","gform-image-choice-lg":"","profile_24":"","profile_48":"","profile_96":"","profile_150":"","profile_300":""},"post_excerpt_stackable_v2":"<p>Der Schwerpunkt liegt auf der Schaffung von Verbesserungen und der F\u00f6rderung von Ver\u00e4nderungen. Lassen Sie uns wissen, was Ihre Herausforderung in Ihrem Business sind! Loslegen 1. Vakanz\u00fcberbr\u00fcckung durch eine Interim Gesch\u00e4ftsf\u00fchrung Die bestehende Gesch\u00e4ftsf\u00fchrung f\u00e4llt kurzfristig aus, zum Beispiel wegen Krankheit, das Unternehmen hat von heute auf morgen keine Top-Management mehr. Eine Interim Gesch\u00e4ftsf\u00fchrung oder auch Gesch\u00e4ftsf\u00fchrer auf Zeit genannt kann hier rasch Abhilfe schaffen, sie ist meist innerhalb weniger Tage direkt vor Ort einsatzbereit. Quasi wie eine Feuerwehr, wenn es brennt.&nbsp; Die Interim Gesch\u00e4ftsf\u00fchrung \u00fcbernimmt alle Aufgaben, die notwendig sind, um das Unternehmen auf Kurs zu halten, sie stimmt&hellip;<\/p>\n","category_list_v2":"","author_info_v2":{"name":"Pierre","url":"https:\/\/mf.ag\/de\/author\/superfun\/"},"comments_num_v2":"0 comments","yoast_head":"<!-- This site is optimized with the Yoast SEO Premium plugin v25.8 (Yoast SEO v27.4) - https:\/\/yoast.com\/product\/yoast-seo-premium-wordpress\/ -->\n<title>Interim Gesch\u00e4ftsf\u00fchrung &#187; Management Factory<\/title>\n<meta name=\"robots\" content=\"index, follow, max-snippet:-1, max-image-preview:large, max-video-preview:-1\" \/>\n<link rel=\"canonical\" href=\"https:\/\/mf.ag\/de\/interim-geschaftsfuhrung\/\" \/>\n<meta property=\"og:locale\" content=\"de_DE\" \/>\n<meta property=\"og:type\" content=\"article\" \/>\n<meta property=\"og:title\" content=\"Interim Gesch\u00e4ftsf\u00fchrung\" \/>\n<meta property=\"og:description\" content=\"Der Schwerpunkt liegt auf der Schaffung von Verbesserungen und der F\u00f6rderung von Ver\u00e4nderungen. 1. Vakanz\u00fcberbr\u00fcckung durch eine Interim Gesch\u00e4ftsf\u00fchrung Die bestehende Gesch\u00e4ftsf\u00fchrung f\u00e4llt kurzfristig aus, zum Beispiel wegen Krankheit, das Unternehmen hat von heute auf morgen keine Top-Management mehr. Eine Interim Gesch\u00e4ftsf\u00fchrung oder auch Gesch\u00e4ftsf\u00fchrer auf Zeit genannt kann hier rasch Abhilfe schaffen, sie ist [&hellip;]\" \/>\n<meta property=\"og:url\" content=\"https:\/\/mf.ag\/de\/interim-geschaftsfuhrung\/\" \/>\n<meta property=\"og:site_name\" content=\"Management Factory\" \/>\n<meta property=\"article:modified_time\" content=\"2023-12-22T14:16:03+00:00\" \/>\n<meta property=\"og:image\" content=\"https:\/\/mf.ag\/wp-content\/uploads\/2023\/11\/ManagementFactory_c_David_Bohmann_029-1024x683.jpg\" \/>\n<meta name=\"twitter:card\" content=\"summary_large_image\" \/>\n<meta name=\"twitter:label1\" content=\"Gesch\u00e4tzte Lesezeit\" \/>\n\t<meta name=\"twitter:data1\" content=\"4\u00a0Minuten\" \/>\n<script type=\"application\/ld+json\" class=\"yoast-schema-graph\">{\"@context\":\"https:\\\/\\\/schema.org\",\"@graph\":[{\"@type\":\"WebPage\",\"@id\":\"https:\\\/\\\/mf.ag\\\/de\\\/interim-geschaftsfuhrung\\\/\",\"url\":\"https:\\\/\\\/mf.ag\\\/de\\\/interim-geschaftsfuhrung\\\/\",\"name\":\"Interim Gesch\u00e4ftsf\u00fchrung &#187; Management Factory\",\"isPartOf\":{\"@id\":\"https:\\\/\\\/mf.ag\\\/de\\\/#website\"},\"primaryImageOfPage\":{\"@id\":\"https:\\\/\\\/mf.ag\\\/de\\\/interim-geschaftsfuhrung\\\/#primaryimage\"},\"image\":{\"@id\":\"https:\\\/\\\/mf.ag\\\/de\\\/interim-geschaftsfuhrung\\\/#primaryimage\"},\"thumbnailUrl\":\"https:\\\/\\\/mf.ag\\\/wp-content\\\/uploads\\\/2023\\\/11\\\/ManagementFactory_c_David_Bohmann_029-1024x683.jpg\",\"datePublished\":\"2023-12-22T14:04:43+00:00\",\"dateModified\":\"2023-12-22T14:16:03+00:00\",\"breadcrumb\":{\"@id\":\"https:\\\/\\\/mf.ag\\\/de\\\/interim-geschaftsfuhrung\\\/#breadcrumb\"},\"inLanguage\":\"de\",\"potentialAction\":[{\"@type\":\"ReadAction\",\"target\":[\"https:\\\/\\\/mf.ag\\\/de\\\/interim-geschaftsfuhrung\\\/\"]}]},{\"@type\":\"ImageObject\",\"inLanguage\":\"de\",\"@id\":\"https:\\\/\\\/mf.ag\\\/de\\\/interim-geschaftsfuhrung\\\/#primaryimage\",\"url\":\"https:\\\/\\\/mf.ag\\\/wp-content\\\/uploads\\\/2023\\\/11\\\/ManagementFactory_c_David_Bohmann_029-1024x683.jpg\",\"contentUrl\":\"https:\\\/\\\/mf.ag\\\/wp-content\\\/uploads\\\/2023\\\/11\\\/ManagementFactory_c_David_Bohmann_029-1024x683.jpg\"},{\"@type\":\"BreadcrumbList\",\"@id\":\"https:\\\/\\\/mf.ag\\\/de\\\/interim-geschaftsfuhrung\\\/#breadcrumb\",\"itemListElement\":[{\"@type\":\"ListItem\",\"position\":1,\"name\":\"Home\",\"item\":\"https:\\\/\\\/mf.ag\\\/de\\\/\"},{\"@type\":\"ListItem\",\"position\":2,\"name\":\"Interim Gesch\u00e4ftsf\u00fchrung\"}]},{\"@type\":\"WebSite\",\"@id\":\"https:\\\/\\\/mf.ag\\\/de\\\/#website\",\"url\":\"https:\\\/\\\/mf.ag\\\/de\\\/\",\"name\":\"Management Factory\",\"description\":\"Mit Executive Interim Management und Financial Advisory das Gesch\u00e4ft voranbringen\",\"publisher\":{\"@id\":\"https:\\\/\\\/mf.ag\\\/de\\\/#organization\"},\"potentialAction\":[{\"@type\":\"SearchAction\",\"target\":{\"@type\":\"EntryPoint\",\"urlTemplate\":\"https:\\\/\\\/mf.ag\\\/de\\\/?s={search_term_string}\"},\"query-input\":{\"@type\":\"PropertyValueSpecification\",\"valueRequired\":true,\"valueName\":\"search_term_string\"}}],\"inLanguage\":\"de\"},{\"@type\":\"Organization\",\"@id\":\"https:\\\/\\\/mf.ag\\\/de\\\/#organization\",\"name\":\"Management Factory\",\"url\":\"https:\\\/\\\/mf.ag\\\/de\\\/\",\"logo\":{\"@type\":\"ImageObject\",\"inLanguage\":\"de\",\"@id\":\"https:\\\/\\\/mf.ag\\\/de\\\/#\\\/schema\\\/logo\\\/image\\\/\",\"url\":\"\",\"contentUrl\":\"\",\"caption\":\"Management Factory\"},\"image\":{\"@id\":\"https:\\\/\\\/mf.ag\\\/de\\\/#\\\/schema\\\/logo\\\/image\\\/\"}}]}<\/script>\n<!-- \/ Yoast SEO Premium plugin. -->","yoast_head_json":{"title":"Interim Gesch\u00e4ftsf\u00fchrung &#187; Management Factory","robots":{"index":"index","follow":"follow","max-snippet":"max-snippet:-1","max-image-preview":"max-image-preview:large","max-video-preview":"max-video-preview:-1"},"canonical":"https:\/\/mf.ag\/de\/interim-geschaftsfuhrung\/","og_locale":"de_DE","og_type":"article","og_title":"Interim Gesch\u00e4ftsf\u00fchrung","og_description":"Der Schwerpunkt liegt auf der Schaffung von Verbesserungen und der F\u00f6rderung von Ver\u00e4nderungen. 1. Vakanz\u00fcberbr\u00fcckung durch eine Interim Gesch\u00e4ftsf\u00fchrung Die bestehende Gesch\u00e4ftsf\u00fchrung f\u00e4llt kurzfristig aus, zum Beispiel wegen Krankheit, das Unternehmen hat von heute auf morgen keine Top-Management mehr. Eine Interim Gesch\u00e4ftsf\u00fchrung oder auch Gesch\u00e4ftsf\u00fchrer auf Zeit genannt kann hier rasch Abhilfe schaffen, sie ist [&hellip;]","og_url":"https:\/\/mf.ag\/de\/interim-geschaftsfuhrung\/","og_site_name":"Management Factory","article_modified_time":"2023-12-22T14:16:03+00:00","og_image":[{"url":"https:\/\/mf.ag\/wp-content\/uploads\/2023\/11\/ManagementFactory_c_David_Bohmann_029-1024x683.jpg","type":"","width":"","height":""}],"twitter_card":"summary_large_image","twitter_misc":{"Gesch\u00e4tzte Lesezeit":"4\u00a0Minuten"},"schema":{"@context":"https:\/\/schema.org","@graph":[{"@type":"WebPage","@id":"https:\/\/mf.ag\/de\/interim-geschaftsfuhrung\/","url":"https:\/\/mf.ag\/de\/interim-geschaftsfuhrung\/","name":"Interim Gesch\u00e4ftsf\u00fchrung &#187; Management Factory","isPartOf":{"@id":"https:\/\/mf.ag\/de\/#website"},"primaryImageOfPage":{"@id":"https:\/\/mf.ag\/de\/interim-geschaftsfuhrung\/#primaryimage"},"image":{"@id":"https:\/\/mf.ag\/de\/interim-geschaftsfuhrung\/#primaryimage"},"thumbnailUrl":"https:\/\/mf.ag\/wp-content\/uploads\/2023\/11\/ManagementFactory_c_David_Bohmann_029-1024x683.jpg","datePublished":"2023-12-22T14:04:43+00:00","dateModified":"2023-12-22T14:16:03+00:00","breadcrumb":{"@id":"https:\/\/mf.ag\/de\/interim-geschaftsfuhrung\/#breadcrumb"},"inLanguage":"de","potentialAction":[{"@type":"ReadAction","target":["https:\/\/mf.ag\/de\/interim-geschaftsfuhrung\/"]}]},{"@type":"ImageObject","inLanguage":"de","@id":"https:\/\/mf.ag\/de\/interim-geschaftsfuhrung\/#primaryimage","url":"https:\/\/mf.ag\/wp-content\/uploads\/2023\/11\/ManagementFactory_c_David_Bohmann_029-1024x683.jpg","contentUrl":"https:\/\/mf.ag\/wp-content\/uploads\/2023\/11\/ManagementFactory_c_David_Bohmann_029-1024x683.jpg"},{"@type":"BreadcrumbList","@id":"https:\/\/mf.ag\/de\/interim-geschaftsfuhrung\/#breadcrumb","itemListElement":[{"@type":"ListItem","position":1,"name":"Home","item":"https:\/\/mf.ag\/de\/"},{"@type":"ListItem","position":2,"name":"Interim Gesch\u00e4ftsf\u00fchrung"}]},{"@type":"WebSite","@id":"https:\/\/mf.ag\/de\/#website","url":"https:\/\/mf.ag\/de\/","name":"Management Factory","description":"Mit Executive Interim Management und Financial Advisory das Gesch\u00e4ft voranbringen","publisher":{"@id":"https:\/\/mf.ag\/de\/#organization"},"potentialAction":[{"@type":"SearchAction","target":{"@type":"EntryPoint","urlTemplate":"https:\/\/mf.ag\/de\/?s={search_term_string}"},"query-input":{"@type":"PropertyValueSpecification","valueRequired":true,"valueName":"search_term_string"}}],"inLanguage":"de"},{"@type":"Organization","@id":"https:\/\/mf.ag\/de\/#organization","name":"Management Factory","url":"https:\/\/mf.ag\/de\/","logo":{"@type":"ImageObject","inLanguage":"de","@id":"https:\/\/mf.ag\/de\/#\/schema\/logo\/image\/","url":"","contentUrl":"","caption":"Management Factory"},"image":{"@id":"https:\/\/mf.ag\/de\/#\/schema\/logo\/image\/"}}]}},"_links":{"self":[{"href":"https:\/\/mf.ag\/de\/wp-json\/wp\/v2\/pages\/54984","targetHints":{"allow":["GET"]}}],"collection":[{"href":"https:\/\/mf.ag\/de\/wp-json\/wp\/v2\/pages"}],"about":[{"href":"https:\/\/mf.ag\/de\/wp-json\/wp\/v2\/types\/page"}],"author":[{"embeddable":true,"href":"https:\/\/mf.ag\/de\/wp-json\/wp\/v2\/users\/1"}],"replies":[{"embeddable":true,"href":"https:\/\/mf.ag\/de\/wp-json\/wp\/v2\/comments?post=54984"}],"version-history":[{"count":5,"href":"https:\/\/mf.ag\/de\/wp-json\/wp\/v2\/pages\/54984\/revisions"}],"predecessor-version":[{"id":54991,"href":"https:\/\/mf.ag\/de\/wp-json\/wp\/v2\/pages\/54984\/revisions\/54991"}],"wp:attachment":[{"href":"https:\/\/mf.ag\/de\/wp-json\/wp\/v2\/media?parent=54984"}],"curies":[{"name":"wp","href":"https:\/\/api.w.org\/{rel}","templated":true}]}}