{"id":52632,"date":"2023-07-05T17:51:45","date_gmt":"2023-07-05T15:51:45","guid":{"rendered":"https:\/\/mf.ag\/?page_id=52632"},"modified":"2023-07-05T17:51:46","modified_gmt":"2023-07-05T15:51:46","slug":"nutzungsbedingungen","status":"publish","type":"page","link":"https:\/\/mf.ag\/de\/nutzungsbedingungen\/","title":{"rendered":"Nutzungsbedingungen"},"content":{"rendered":"\n<h4 class=\"wp-block-heading\" id=\"h-mit-dem-zugriff-auf-die-website-der-management-factory-corporate-advisory-gmbh-in-folge-kurz-mf-erklaren-sie-sich-mit-den-nachfolgenden-nutzungsbedingungen-einverstanden-und-nehmen-diese-an\">Mit dem Zugriff auf die Website der Management Factory Corporate Advisory GmbH (in Folge kurz &#8222;MF&#8220;) erkl\u00e4ren Sie sich mit den nachfolgenden Nutzungsbedingungen einverstanden und nehmen diese an.<\/h4>\n\n\n\n<p>Alle Inhalte der Website werden unentgeltlich und ausschlie\u00dflich zu Informationszwecken bereitgestellt. Dies kann nicht als Angebot, Lizenzvergabe oder Begr\u00fcndung einer beratenden, treuh\u00e4nderischen oder gewerbsm\u00e4\u00dfigen Beziehung zwischen Ihnen und der MF ausgelegt werden. Die zur Verf\u00fcgung gestellten Informationen sind unverbindlich und haben keinerlei Auswirkungen auf konkret abgeschlossene Vertr\u00e4ge.<\/p>\n\n\n\n<p>Links zu Websites Dritter werden nur aus Zweckm\u00e4\u00dfigkeitsgr\u00fcnden angegeben und bedeuten keine Zustimmung oder Unterst\u00fctzung dieser Websites durch die MF. Ebenso schlie\u00dft die MF jegliche Haftung in Zusammenhang mit Inhalten gelinkter Websites aus. Es d\u00fcrfen keine Links zu irgendeiner Seite der Website der MF ohne vorherige schriftliche Zustimmung der MF aufgenommen werden.<\/p>\n\n\n\n<p>Alle auf der Website der MF zur Verf\u00fcgung gestellten Materialien, insbesondere Texte, Daten, Grafiken, Abbildungen, Tonaufnahmen, Videos, Logos, Ikonen oder HTML-Codes werden durch geistige Eigentumsrechte gesch\u00fctzt und ist das ausschlie\u00dfliche Eigentum der MF. Sie d\u00fcrfen die Materialien in \u00dcbereinstimmung mit den entsprechenden Gesetzen nutzen. Alle sonstigen Nutzungen oder \u00c4nderungen des Inhalts der Website der MF ohne die vorherige schriftliche Genehmigung der Gesellschaft sind verboten.<\/p>\n\n\n\n<p>Alle auf der Website der MF zur Verf\u00fcgung gestellten Materialien sind sorgf\u00e4ltig ausgew\u00e4hlt. Diese werden ohne Gew\u00e4hr f\u00fcr eventuell daraus entstehende Sch\u00e4den zur Verf\u00fcgung gestellt. Die MF \u00fcbernimmt keine Gew\u00e4hr, dass die Website frei von Ungenauigkeiten, Fehlern und\/oder Auslassungen, Viren, W\u00fcrmern, Trojanern oder \u00e4hnlichem ist. MF beh\u00e4lt sich das Recht vor, die Informationen jederzeit ohne vorherige Ank\u00fcndigung zu \u00e4ndern. Die Gesellschaft leistet keine Gew\u00e4hr f\u00fcr Ergebnisse, die aus der Nutzung der auf der Website erh\u00e4ltlichen Software erzielt werden. Sie sind allein verantwortlich f\u00fcr die Nutzung der auf der Website enthaltenen Materialien. Die MF haftet nur f\u00fcr Sch\u00e4den, die von ihr oder einem ihrer Erf\u00fcllungsgehilfen grob fahrl\u00e4ssig oder vors\u00e4tzlich herbeigef\u00fchrt wurden oder auf arglistigem Verhalten beruhen. Die Beweislast f\u00fcr ein derartiges Verschulden liegt beim Benutzer der Website.<\/p>\n\n\n\n<p>Alle Rechtsstreitigkeiten oder Rechtsanspr\u00fcche, die sich aus oder im Zusammenhang mit den Nutzungsbedingungen ergeben, unterliegen \u00f6sterreichischem Recht. Gerichtsstand ist Wien. Sollten Bestimmungen der Nutzungsbedingung (teil-)ung\u00fcltig oder nicht durchsetzbar sein oder werden, so bleibt die G\u00fcltigkeit der \u00fcbrigen Bestimmungen davon unber\u00fchrt. Die ung\u00fcltige Bestimmung wird durch eine solche g\u00fcltige Bestimmung ersetzt, die dem wirtschaftlichen Sinn und Zweck der unwirksamen Bestimmung am n\u00e4chsten kommt.<\/p>\n\n\n\n<p>Die MF beh\u00e4lt sich das Recht vor, die Nutzungsbedingungen jederzeit und ohne vorherige Ank\u00fcndigung durch Mitteilung auf der Website zu \u00e4ndern. Sie unterliegen automatisch diesen \u00c4nderungen, wenn Sie diese Website nutzen.<\/p>\n","protected":false},"excerpt":{"rendered":"<p>Mit dem Zugriff auf die Website der Management Factory Corporate Advisory GmbH (in Folge kurz &#8222;MF&#8220;) erkl\u00e4ren Sie sich mit den nachfolgenden Nutzungsbedingungen einverstanden und nehmen diese an. Alle Inhalte der Website werden unentgeltlich und ausschlie\u00dflich zu Informationszwecken bereitgestellt. Dies kann nicht als Angebot, Lizenzvergabe oder Begr\u00fcndung einer beratenden, treuh\u00e4nderischen oder gewerbsm\u00e4\u00dfigen Beziehung zwischen Ihnen [&hellip;]<\/p>\n","protected":false},"author":1,"featured_media":0,"parent":0,"menu_order":0,"comment_status":"closed","ping_status":"closed","template":"","meta":{"inline_featured_image":false,"footnotes":""},"class_list":["post-52632","page","type-page","status-publish","hentry"],"featured_image_urls_v2":{"full":"","thumbnail":"","medium":"","medium_large":"","large":"","1536x1536":"","2048x2048":"","gform-image-choice-sm":"","gform-image-choice-md":"","gform-image-choice-lg":"","profile_24":"","profile_48":"","profile_96":"","profile_150":"","profile_300":""},"post_excerpt_stackable_v2":"<p>Mit dem Zugriff auf die Website der Management Factory Corporate Advisory GmbH (in Folge kurz &#8222;MF&#8220;) erkl\u00e4ren Sie sich mit den nachfolgenden Nutzungsbedingungen einverstanden und nehmen diese an. Alle Inhalte der Website werden unentgeltlich und ausschlie\u00dflich zu Informationszwecken bereitgestellt. Dies kann nicht als Angebot, Lizenzvergabe oder Begr\u00fcndung einer beratenden, treuh\u00e4nderischen oder gewerbsm\u00e4\u00dfigen Beziehung zwischen Ihnen und der MF ausgelegt werden. Die zur Verf\u00fcgung gestellten Informationen sind unverbindlich und haben keinerlei Auswirkungen auf konkret abgeschlossene Vertr\u00e4ge. Links zu Websites Dritter werden nur aus Zweckm\u00e4\u00dfigkeitsgr\u00fcnden angegeben und bedeuten keine Zustimmung oder Unterst\u00fctzung dieser Websites durch die MF. Ebenso schlie\u00dft die MF jegliche&hellip;<\/p>\n","category_list_v2":"","author_info_v2":{"name":"Pierre","url":"https:\/\/mf.ag\/de\/author\/superfun\/"},"comments_num_v2":"0 comments","yoast_head":"<!-- This site is optimized with the Yoast SEO Premium plugin v25.8 (Yoast SEO v27.4) - https:\/\/yoast.com\/product\/yoast-seo-premium-wordpress\/ -->\n<title>Nutzungsbedingungen &#187; Management Factory<\/title>\n<meta name=\"robots\" content=\"index, follow, max-snippet:-1, max-image-preview:large, max-video-preview:-1\" \/>\n<link rel=\"canonical\" href=\"https:\/\/mf.ag\/de\/nutzungsbedingungen\/\" \/>\n<meta property=\"og:locale\" content=\"de_DE\" \/>\n<meta property=\"og:type\" content=\"article\" \/>\n<meta property=\"og:title\" content=\"Nutzungsbedingungen\" \/>\n<meta property=\"og:description\" content=\"Mit dem Zugriff auf die Website der Management Factory Corporate Advisory GmbH (in Folge kurz &#8222;MF&#8220;) erkl\u00e4ren Sie sich mit den nachfolgenden Nutzungsbedingungen einverstanden und nehmen diese an. Alle Inhalte der Website werden unentgeltlich und ausschlie\u00dflich zu Informationszwecken bereitgestellt. Dies kann nicht als Angebot, Lizenzvergabe oder Begr\u00fcndung einer beratenden, treuh\u00e4nderischen oder gewerbsm\u00e4\u00dfigen Beziehung zwischen Ihnen [&hellip;]\" \/>\n<meta property=\"og:url\" content=\"https:\/\/mf.ag\/de\/nutzungsbedingungen\/\" \/>\n<meta property=\"og:site_name\" content=\"Management Factory\" \/>\n<meta property=\"article:modified_time\" content=\"2023-07-05T15:51:46+00:00\" \/>\n<meta name=\"twitter:card\" content=\"summary_large_image\" \/>\n<meta name=\"twitter:label1\" content=\"Gesch\u00e4tzte Lesezeit\" \/>\n\t<meta name=\"twitter:data1\" content=\"2\u00a0Minuten\" \/>\n<script type=\"application\/ld+json\" class=\"yoast-schema-graph\">{\"@context\":\"https:\\\/\\\/schema.org\",\"@graph\":[{\"@type\":\"WebPage\",\"@id\":\"https:\\\/\\\/mf.ag\\\/de\\\/nutzungsbedingungen\\\/\",\"url\":\"https:\\\/\\\/mf.ag\\\/de\\\/nutzungsbedingungen\\\/\",\"name\":\"Nutzungsbedingungen &#187; Management Factory\",\"isPartOf\":{\"@id\":\"https:\\\/\\\/mf.ag\\\/de\\\/#website\"},\"datePublished\":\"2023-07-05T15:51:45+00:00\",\"dateModified\":\"2023-07-05T15:51:46+00:00\",\"breadcrumb\":{\"@id\":\"https:\\\/\\\/mf.ag\\\/de\\\/nutzungsbedingungen\\\/#breadcrumb\"},\"inLanguage\":\"de\",\"potentialAction\":[{\"@type\":\"ReadAction\",\"target\":[\"https:\\\/\\\/mf.ag\\\/de\\\/nutzungsbedingungen\\\/\"]}]},{\"@type\":\"BreadcrumbList\",\"@id\":\"https:\\\/\\\/mf.ag\\\/de\\\/nutzungsbedingungen\\\/#breadcrumb\",\"itemListElement\":[{\"@type\":\"ListItem\",\"position\":1,\"name\":\"Home\",\"item\":\"https:\\\/\\\/mf.ag\\\/de\\\/\"},{\"@type\":\"ListItem\",\"position\":2,\"name\":\"Nutzungsbedingungen\"}]},{\"@type\":\"WebSite\",\"@id\":\"https:\\\/\\\/mf.ag\\\/de\\\/#website\",\"url\":\"https:\\\/\\\/mf.ag\\\/de\\\/\",\"name\":\"Management Factory\",\"description\":\"Mit Executive Interim Management und Financial Advisory das Gesch\u00e4ft voranbringen\",\"publisher\":{\"@id\":\"https:\\\/\\\/mf.ag\\\/de\\\/#organization\"},\"potentialAction\":[{\"@type\":\"SearchAction\",\"target\":{\"@type\":\"EntryPoint\",\"urlTemplate\":\"https:\\\/\\\/mf.ag\\\/de\\\/?s={search_term_string}\"},\"query-input\":{\"@type\":\"PropertyValueSpecification\",\"valueRequired\":true,\"valueName\":\"search_term_string\"}}],\"inLanguage\":\"de\"},{\"@type\":\"Organization\",\"@id\":\"https:\\\/\\\/mf.ag\\\/de\\\/#organization\",\"name\":\"Management Factory\",\"url\":\"https:\\\/\\\/mf.ag\\\/de\\\/\",\"logo\":{\"@type\":\"ImageObject\",\"inLanguage\":\"de\",\"@id\":\"https:\\\/\\\/mf.ag\\\/de\\\/#\\\/schema\\\/logo\\\/image\\\/\",\"url\":\"\",\"contentUrl\":\"\",\"caption\":\"Management Factory\"},\"image\":{\"@id\":\"https:\\\/\\\/mf.ag\\\/de\\\/#\\\/schema\\\/logo\\\/image\\\/\"}}]}<\/script>\n<!-- \/ Yoast SEO Premium plugin. -->","yoast_head_json":{"title":"Nutzungsbedingungen &#187; Management Factory","robots":{"index":"index","follow":"follow","max-snippet":"max-snippet:-1","max-image-preview":"max-image-preview:large","max-video-preview":"max-video-preview:-1"},"canonical":"https:\/\/mf.ag\/de\/nutzungsbedingungen\/","og_locale":"de_DE","og_type":"article","og_title":"Nutzungsbedingungen","og_description":"Mit dem Zugriff auf die Website der Management Factory Corporate Advisory GmbH (in Folge kurz &#8222;MF&#8220;) erkl\u00e4ren Sie sich mit den nachfolgenden Nutzungsbedingungen einverstanden und nehmen diese an. Alle Inhalte der Website werden unentgeltlich und ausschlie\u00dflich zu Informationszwecken bereitgestellt. Dies kann nicht als Angebot, Lizenzvergabe oder Begr\u00fcndung einer beratenden, treuh\u00e4nderischen oder gewerbsm\u00e4\u00dfigen Beziehung zwischen Ihnen [&hellip;]","og_url":"https:\/\/mf.ag\/de\/nutzungsbedingungen\/","og_site_name":"Management Factory","article_modified_time":"2023-07-05T15:51:46+00:00","twitter_card":"summary_large_image","twitter_misc":{"Gesch\u00e4tzte Lesezeit":"2\u00a0Minuten"},"schema":{"@context":"https:\/\/schema.org","@graph":[{"@type":"WebPage","@id":"https:\/\/mf.ag\/de\/nutzungsbedingungen\/","url":"https:\/\/mf.ag\/de\/nutzungsbedingungen\/","name":"Nutzungsbedingungen &#187; Management Factory","isPartOf":{"@id":"https:\/\/mf.ag\/de\/#website"},"datePublished":"2023-07-05T15:51:45+00:00","dateModified":"2023-07-05T15:51:46+00:00","breadcrumb":{"@id":"https:\/\/mf.ag\/de\/nutzungsbedingungen\/#breadcrumb"},"inLanguage":"de","potentialAction":[{"@type":"ReadAction","target":["https:\/\/mf.ag\/de\/nutzungsbedingungen\/"]}]},{"@type":"BreadcrumbList","@id":"https:\/\/mf.ag\/de\/nutzungsbedingungen\/#breadcrumb","itemListElement":[{"@type":"ListItem","position":1,"name":"Home","item":"https:\/\/mf.ag\/de\/"},{"@type":"ListItem","position":2,"name":"Nutzungsbedingungen"}]},{"@type":"WebSite","@id":"https:\/\/mf.ag\/de\/#website","url":"https:\/\/mf.ag\/de\/","name":"Management Factory","description":"Mit Executive Interim Management und Financial Advisory das Gesch\u00e4ft voranbringen","publisher":{"@id":"https:\/\/mf.ag\/de\/#organization"},"potentialAction":[{"@type":"SearchAction","target":{"@type":"EntryPoint","urlTemplate":"https:\/\/mf.ag\/de\/?s={search_term_string}"},"query-input":{"@type":"PropertyValueSpecification","valueRequired":true,"valueName":"search_term_string"}}],"inLanguage":"de"},{"@type":"Organization","@id":"https:\/\/mf.ag\/de\/#organization","name":"Management Factory","url":"https:\/\/mf.ag\/de\/","logo":{"@type":"ImageObject","inLanguage":"de","@id":"https:\/\/mf.ag\/de\/#\/schema\/logo\/image\/","url":"","contentUrl":"","caption":"Management Factory"},"image":{"@id":"https:\/\/mf.ag\/de\/#\/schema\/logo\/image\/"}}]}},"_links":{"self":[{"href":"https:\/\/mf.ag\/de\/wp-json\/wp\/v2\/pages\/52632","targetHints":{"allow":["GET"]}}],"collection":[{"href":"https:\/\/mf.ag\/de\/wp-json\/wp\/v2\/pages"}],"about":[{"href":"https:\/\/mf.ag\/de\/wp-json\/wp\/v2\/types\/page"}],"author":[{"embeddable":true,"href":"https:\/\/mf.ag\/de\/wp-json\/wp\/v2\/users\/1"}],"replies":[{"embeddable":true,"href":"https:\/\/mf.ag\/de\/wp-json\/wp\/v2\/comments?post=52632"}],"version-history":[{"count":1,"href":"https:\/\/mf.ag\/de\/wp-json\/wp\/v2\/pages\/52632\/revisions"}],"predecessor-version":[{"id":52633,"href":"https:\/\/mf.ag\/de\/wp-json\/wp\/v2\/pages\/52632\/revisions\/52633"}],"wp:attachment":[{"href":"https:\/\/mf.ag\/de\/wp-json\/wp\/v2\/media?parent=52632"}],"curies":[{"name":"wp","href":"https:\/\/api.w.org\/{rel}","templated":true}]}}