{"id":51962,"date":"2023-06-26T13:22:09","date_gmt":"2023-06-26T11:22:09","guid":{"rendered":"https:\/\/mf.ag\/?page_id=51962"},"modified":"2025-05-16T14:02:08","modified_gmt":"2025-05-16T12:02:08","slug":"referenzen","status":"publish","type":"page","link":"https:\/\/mf.ag\/de\/referenzen\/","title":{"rendered":"Referenzen"},"content":{"rendered":"\n<p>Unsere Kund:innen sind Unternehmen und Konzerne aus den unterschiedlichsten Branchen. Eigent\u00fcmer:innen, Kapitalgeber:innen, Gesch\u00e4ftsf\u00fchrer:innen, CFOs und HR Abteilungen sch\u00e4tzen die einschl\u00e4gige fachliche Kompetenz, die Zuverl\u00e4ssigkeit und das pers\u00f6nliche Engagement unserer Mitarbeiter:innen und Interim Manager:innen.<\/p>\n\n\n\n<p>Es sind vor allem die Weiterempfehlungen, die das Wachstum der Management Factory befl\u00fcgeln.<\/p>\n","protected":false},"excerpt":{"rendered":"<p>Unsere Kund:innen sind Unternehmen und Konzerne aus den unterschiedlichsten Branchen. Eigent\u00fcmer:innen, Kapitalgeber:innen, Gesch\u00e4ftsf\u00fchrer:innen, CFOs und HR Abteilungen sch\u00e4tzen die einschl\u00e4gige fachliche Kompetenz, die Zuverl\u00e4ssigkeit und das pers\u00f6nliche Engagement unserer Mitarbeiter:innen und Interim Manager:innen. Es sind vor allem die Weiterempfehlungen, die das Wachstum der Management Factory befl\u00fcgeln.<\/p>\n","protected":false},"author":28,"featured_media":49736,"parent":0,"menu_order":0,"comment_status":"closed","ping_status":"closed","template":"wp-custom-template-referenzen","meta":{"inline_featured_image":false,"footnotes":""},"class_list":["post-51962","page","type-page","status-publish","has-post-thumbnail","hentry"],"featured_image_urls_v2":{"full":["https:\/\/mf.ag\/wp-content\/uploads\/2021\/09\/valtus_nordicinterim_1.jpg",2200,1217,false],"thumbnail":["https:\/\/mf.ag\/wp-content\/uploads\/2021\/09\/valtus_nordicinterim_1-250x250.jpg",250,250,true],"medium":["https:\/\/mf.ag\/wp-content\/uploads\/2021\/09\/valtus_nordicinterim_1-300x166.jpg",300,166,true],"medium_large":["https:\/\/mf.ag\/wp-content\/uploads\/2021\/09\/valtus_nordicinterim_1-768x425.jpg",768,425,true],"large":["https:\/\/mf.ag\/wp-content\/uploads\/2021\/09\/valtus_nordicinterim_1-1024x566.jpg",1024,566,true],"1536x1536":["https:\/\/mf.ag\/wp-content\/uploads\/2021\/09\/valtus_nordicinterim_1-1536x850.jpg",1536,850,true],"2048x2048":["https:\/\/mf.ag\/wp-content\/uploads\/2021\/09\/valtus_nordicinterim_1-2048x1133.jpg",2048,1133,true],"gform-image-choice-sm":["https:\/\/mf.ag\/wp-content\/uploads\/2021\/09\/valtus_nordicinterim_1.jpg",300,166,false],"gform-image-choice-md":["https:\/\/mf.ag\/wp-content\/uploads\/2021\/09\/valtus_nordicinterim_1.jpg",400,221,false],"gform-image-choice-lg":["https:\/\/mf.ag\/wp-content\/uploads\/2021\/09\/valtus_nordicinterim_1.jpg",600,332,false],"profile_24":["https:\/\/mf.ag\/wp-content\/uploads\/2021\/09\/valtus_nordicinterim_1.jpg",24,13,false],"profile_48":["https:\/\/mf.ag\/wp-content\/uploads\/2021\/09\/valtus_nordicinterim_1.jpg",48,27,false],"profile_96":["https:\/\/mf.ag\/wp-content\/uploads\/2021\/09\/valtus_nordicinterim_1.jpg",96,53,false],"profile_150":["https:\/\/mf.ag\/wp-content\/uploads\/2021\/09\/valtus_nordicinterim_1.jpg",150,83,false],"profile_300":["https:\/\/mf.ag\/wp-content\/uploads\/2021\/09\/valtus_nordicinterim_1.jpg",300,166,false]},"post_excerpt_stackable_v2":"<p>Unsere Kund:innen sind Unternehmen und Konzerne aus den unterschiedlichsten Branchen. Eigent\u00fcmer:innen, Kapitalgeber:innen, Gesch\u00e4ftsf\u00fchrer:innen, CFOs und HR Abteilungen sch\u00e4tzen die einschl\u00e4gige fachliche Kompetenz, die Zuverl\u00e4ssigkeit und das pers\u00f6nliche Engagement unserer Mitarbeiter:innen und Interim Manager:innen. Es sind vor allem die Weiterempfehlungen, die das Wachstum der Management Factory befl\u00fcgeln.<\/p>\n","category_list_v2":"","author_info_v2":{"name":"Gerhard W\u00fcest","url":"https:\/\/mf.ag\/de\/author\/gerhard\/"},"comments_num_v2":"0 comments","yoast_head":"<!-- This site is optimized with the Yoast SEO Premium plugin v25.8 (Yoast SEO v27.4) - https:\/\/yoast.com\/product\/yoast-seo-premium-wordpress\/ -->\n<title>Referenzen &#187; Management Factory<\/title>\n<meta name=\"robots\" content=\"index, follow, max-snippet:-1, max-image-preview:large, max-video-preview:-1\" \/>\n<link rel=\"canonical\" href=\"https:\/\/mf.ag\/de\/referenzen\/\" \/>\n<meta property=\"og:locale\" content=\"de_DE\" \/>\n<meta property=\"og:type\" content=\"article\" \/>\n<meta property=\"og:title\" content=\"Referenzen\" \/>\n<meta property=\"og:description\" content=\"Unsere Kund:innen sind Unternehmen und Konzerne aus den unterschiedlichsten Branchen. Eigent\u00fcmer:innen, Kapitalgeber:innen, Gesch\u00e4ftsf\u00fchrer:innen, CFOs und HR Abteilungen sch\u00e4tzen die einschl\u00e4gige fachliche Kompetenz, die Zuverl\u00e4ssigkeit und das pers\u00f6nliche Engagement unserer Mitarbeiter:innen und Interim Manager:innen. Es sind vor allem die Weiterempfehlungen, die das Wachstum der Management Factory befl\u00fcgeln.\" \/>\n<meta property=\"og:url\" content=\"https:\/\/mf.ag\/de\/referenzen\/\" \/>\n<meta property=\"og:site_name\" content=\"Management Factory\" \/>\n<meta property=\"article:modified_time\" content=\"2025-05-16T12:02:08+00:00\" \/>\n<meta property=\"og:image\" content=\"https:\/\/mf.ag\/wp-content\/uploads\/2021\/09\/valtus_nordicinterim_1.jpg\" \/>\n\t<meta property=\"og:image:width\" content=\"2200\" \/>\n\t<meta property=\"og:image:height\" content=\"1217\" \/>\n\t<meta property=\"og:image:type\" content=\"image\/jpeg\" \/>\n<meta name=\"twitter:card\" content=\"summary_large_image\" \/>\n<meta name=\"twitter:label1\" content=\"Gesch\u00e4tzte Lesezeit\" \/>\n\t<meta name=\"twitter:data1\" content=\"1\u00a0Minute\" \/>\n<script type=\"application\/ld+json\" class=\"yoast-schema-graph\">{\"@context\":\"https:\\\/\\\/schema.org\",\"@graph\":[{\"@type\":\"WebPage\",\"@id\":\"https:\\\/\\\/mf.ag\\\/de\\\/referenzen\\\/\",\"url\":\"https:\\\/\\\/mf.ag\\\/de\\\/referenzen\\\/\",\"name\":\"Referenzen &#187; Management Factory\",\"isPartOf\":{\"@id\":\"https:\\\/\\\/mf.ag\\\/de\\\/#website\"},\"primaryImageOfPage\":{\"@id\":\"https:\\\/\\\/mf.ag\\\/de\\\/referenzen\\\/#primaryimage\"},\"image\":{\"@id\":\"https:\\\/\\\/mf.ag\\\/de\\\/referenzen\\\/#primaryimage\"},\"thumbnailUrl\":\"https:\\\/\\\/mf.ag\\\/wp-content\\\/uploads\\\/2021\\\/09\\\/valtus_nordicinterim_1.jpg\",\"datePublished\":\"2023-06-26T11:22:09+00:00\",\"dateModified\":\"2025-05-16T12:02:08+00:00\",\"breadcrumb\":{\"@id\":\"https:\\\/\\\/mf.ag\\\/de\\\/referenzen\\\/#breadcrumb\"},\"inLanguage\":\"de\",\"potentialAction\":[{\"@type\":\"ReadAction\",\"target\":[\"https:\\\/\\\/mf.ag\\\/de\\\/referenzen\\\/\"]}]},{\"@type\":\"ImageObject\",\"inLanguage\":\"de\",\"@id\":\"https:\\\/\\\/mf.ag\\\/de\\\/referenzen\\\/#primaryimage\",\"url\":\"https:\\\/\\\/mf.ag\\\/wp-content\\\/uploads\\\/2021\\\/09\\\/valtus_nordicinterim_1.jpg\",\"contentUrl\":\"https:\\\/\\\/mf.ag\\\/wp-content\\\/uploads\\\/2021\\\/09\\\/valtus_nordicinterim_1.jpg\",\"width\":2200,\"height\":1217},{\"@type\":\"BreadcrumbList\",\"@id\":\"https:\\\/\\\/mf.ag\\\/de\\\/referenzen\\\/#breadcrumb\",\"itemListElement\":[{\"@type\":\"ListItem\",\"position\":1,\"name\":\"Home\",\"item\":\"https:\\\/\\\/mf.ag\\\/de\\\/\"},{\"@type\":\"ListItem\",\"position\":2,\"name\":\"Referenzen\"}]},{\"@type\":\"WebSite\",\"@id\":\"https:\\\/\\\/mf.ag\\\/de\\\/#website\",\"url\":\"https:\\\/\\\/mf.ag\\\/de\\\/\",\"name\":\"Management Factory\",\"description\":\"Mit Executive Interim Management und Financial Advisory das Gesch\u00e4ft voranbringen\",\"publisher\":{\"@id\":\"https:\\\/\\\/mf.ag\\\/de\\\/#organization\"},\"potentialAction\":[{\"@type\":\"SearchAction\",\"target\":{\"@type\":\"EntryPoint\",\"urlTemplate\":\"https:\\\/\\\/mf.ag\\\/de\\\/?s={search_term_string}\"},\"query-input\":{\"@type\":\"PropertyValueSpecification\",\"valueRequired\":true,\"valueName\":\"search_term_string\"}}],\"inLanguage\":\"de\"},{\"@type\":\"Organization\",\"@id\":\"https:\\\/\\\/mf.ag\\\/de\\\/#organization\",\"name\":\"Management Factory\",\"url\":\"https:\\\/\\\/mf.ag\\\/de\\\/\",\"logo\":{\"@type\":\"ImageObject\",\"inLanguage\":\"de\",\"@id\":\"https:\\\/\\\/mf.ag\\\/de\\\/#\\\/schema\\\/logo\\\/image\\\/\",\"url\":\"\",\"contentUrl\":\"\",\"caption\":\"Management Factory\"},\"image\":{\"@id\":\"https:\\\/\\\/mf.ag\\\/de\\\/#\\\/schema\\\/logo\\\/image\\\/\"}}]}<\/script>\n<!-- \/ Yoast SEO Premium plugin. -->","yoast_head_json":{"title":"Referenzen &#187; Management Factory","robots":{"index":"index","follow":"follow","max-snippet":"max-snippet:-1","max-image-preview":"max-image-preview:large","max-video-preview":"max-video-preview:-1"},"canonical":"https:\/\/mf.ag\/de\/referenzen\/","og_locale":"de_DE","og_type":"article","og_title":"Referenzen","og_description":"Unsere Kund:innen sind Unternehmen und Konzerne aus den unterschiedlichsten Branchen. Eigent\u00fcmer:innen, Kapitalgeber:innen, Gesch\u00e4ftsf\u00fchrer:innen, CFOs und HR Abteilungen sch\u00e4tzen die einschl\u00e4gige fachliche Kompetenz, die Zuverl\u00e4ssigkeit und das pers\u00f6nliche Engagement unserer Mitarbeiter:innen und Interim Manager:innen. Es sind vor allem die Weiterempfehlungen, die das Wachstum der Management Factory befl\u00fcgeln.","og_url":"https:\/\/mf.ag\/de\/referenzen\/","og_site_name":"Management Factory","article_modified_time":"2025-05-16T12:02:08+00:00","og_image":[{"width":2200,"height":1217,"url":"https:\/\/mf.ag\/wp-content\/uploads\/2021\/09\/valtus_nordicinterim_1.jpg","type":"image\/jpeg"}],"twitter_card":"summary_large_image","twitter_misc":{"Gesch\u00e4tzte Lesezeit":"1\u00a0Minute"},"schema":{"@context":"https:\/\/schema.org","@graph":[{"@type":"WebPage","@id":"https:\/\/mf.ag\/de\/referenzen\/","url":"https:\/\/mf.ag\/de\/referenzen\/","name":"Referenzen &#187; Management Factory","isPartOf":{"@id":"https:\/\/mf.ag\/de\/#website"},"primaryImageOfPage":{"@id":"https:\/\/mf.ag\/de\/referenzen\/#primaryimage"},"image":{"@id":"https:\/\/mf.ag\/de\/referenzen\/#primaryimage"},"thumbnailUrl":"https:\/\/mf.ag\/wp-content\/uploads\/2021\/09\/valtus_nordicinterim_1.jpg","datePublished":"2023-06-26T11:22:09+00:00","dateModified":"2025-05-16T12:02:08+00:00","breadcrumb":{"@id":"https:\/\/mf.ag\/de\/referenzen\/#breadcrumb"},"inLanguage":"de","potentialAction":[{"@type":"ReadAction","target":["https:\/\/mf.ag\/de\/referenzen\/"]}]},{"@type":"ImageObject","inLanguage":"de","@id":"https:\/\/mf.ag\/de\/referenzen\/#primaryimage","url":"https:\/\/mf.ag\/wp-content\/uploads\/2021\/09\/valtus_nordicinterim_1.jpg","contentUrl":"https:\/\/mf.ag\/wp-content\/uploads\/2021\/09\/valtus_nordicinterim_1.jpg","width":2200,"height":1217},{"@type":"BreadcrumbList","@id":"https:\/\/mf.ag\/de\/referenzen\/#breadcrumb","itemListElement":[{"@type":"ListItem","position":1,"name":"Home","item":"https:\/\/mf.ag\/de\/"},{"@type":"ListItem","position":2,"name":"Referenzen"}]},{"@type":"WebSite","@id":"https:\/\/mf.ag\/de\/#website","url":"https:\/\/mf.ag\/de\/","name":"Management Factory","description":"Mit Executive Interim Management und Financial Advisory das Gesch\u00e4ft voranbringen","publisher":{"@id":"https:\/\/mf.ag\/de\/#organization"},"potentialAction":[{"@type":"SearchAction","target":{"@type":"EntryPoint","urlTemplate":"https:\/\/mf.ag\/de\/?s={search_term_string}"},"query-input":{"@type":"PropertyValueSpecification","valueRequired":true,"valueName":"search_term_string"}}],"inLanguage":"de"},{"@type":"Organization","@id":"https:\/\/mf.ag\/de\/#organization","name":"Management Factory","url":"https:\/\/mf.ag\/de\/","logo":{"@type":"ImageObject","inLanguage":"de","@id":"https:\/\/mf.ag\/de\/#\/schema\/logo\/image\/","url":"","contentUrl":"","caption":"Management Factory"},"image":{"@id":"https:\/\/mf.ag\/de\/#\/schema\/logo\/image\/"}}]}},"_links":{"self":[{"href":"https:\/\/mf.ag\/de\/wp-json\/wp\/v2\/pages\/51962","targetHints":{"allow":["GET"]}}],"collection":[{"href":"https:\/\/mf.ag\/de\/wp-json\/wp\/v2\/pages"}],"about":[{"href":"https:\/\/mf.ag\/de\/wp-json\/wp\/v2\/types\/page"}],"author":[{"embeddable":true,"href":"https:\/\/mf.ag\/de\/wp-json\/wp\/v2\/users\/28"}],"replies":[{"embeddable":true,"href":"https:\/\/mf.ag\/de\/wp-json\/wp\/v2\/comments?post=51962"}],"version-history":[{"count":9,"href":"https:\/\/mf.ag\/de\/wp-json\/wp\/v2\/pages\/51962\/revisions"}],"predecessor-version":[{"id":63963,"href":"https:\/\/mf.ag\/de\/wp-json\/wp\/v2\/pages\/51962\/revisions\/63963"}],"wp:featuredmedia":[{"embeddable":true,"href":"https:\/\/mf.ag\/de\/wp-json\/wp\/v2\/media\/49736"}],"wp:attachment":[{"href":"https:\/\/mf.ag\/de\/wp-json\/wp\/v2\/media?parent=51962"}],"curies":[{"name":"wp","href":"https:\/\/api.w.org\/{rel}","templated":true}]}}