{"id":51704,"date":"2020-10-13T09:32:20","date_gmt":"2020-10-13T07:32:20","guid":{"rendered":"https:\/\/mf.ag\/?page_id=51704"},"modified":"2023-11-12T11:47:40","modified_gmt":"2023-11-12T10:47:40","slug":"interim-programm-projektmanagerin","status":"publish","type":"page","link":"https:\/\/mf.ag\/de\/interim-programm-projektmanagerin\/","title":{"rendered":"Interim Programm- \/ Projektmanager:in"},"content":{"rendered":"\n<h2 class=\"wp-block-heading\">Erfahrene Interim Programm- und Projekt-Manager:innen<\/h2>\n\n\n\n<p>ie Durchf\u00fchrung gro\u00dfer und komplexer Projekte oder Programme erfordert eine F\u00fchrungskraft mit umfassender Erfahrung, um gesch\u00e4ftskritische Initiativen sowohl schnell als auch sicher zu steuern.<\/p>\n\n\n\n<p>F\u00fcr gro\u00dfe Projekte oder Ver\u00e4nderungen ist es erforderlich, \u00fcber die richtigen F\u00e4higkeiten und F\u00fchrungsqualit\u00e4ten zu verf\u00fcgen. Oftmals sind diese intern nicht vorhanden. Um sicherzustellen, dass die gesetzten Ziele in Bezug auf Fristen, Qualit\u00e4t und Budget erreicht werden, entscheiden sich viele Unternehmen daf\u00fcr, einen Interim-Projekt- oder Programmmanager einzustellen. So k\u00f6nnen Sie sich darauf verlassen, dass mit realistischen Zeitpl\u00e4nen und Meilensteinen sowie profunden Risikoanalysen und Kontrollpl\u00e4nen gearbeitet wird und die Ma\u00dfnahmen finanziell professionell geplant und nachverfolgt werden.<\/p>\n\n\n\n<div class=\"wp-block-media-text alignwide is-stacked-on-mobile is-style-tw-overlap has-background\" style=\"background-color:#ffffff\"><figure class=\"wp-block-media-text__media\"><img loading=\"lazy\" decoding=\"async\" width=\"1024\" height=\"683\" src=\"https:\/\/mf.ag\/wp-content\/uploads\/2023\/11\/ManagementFactory_c_David_Bohmann_161-1024x683.jpg\" alt=\"\" class=\"wp-image-54276 size-full\" srcset=\"https:\/\/mf.ag\/wp-content\/uploads\/2023\/11\/ManagementFactory_c_David_Bohmann_161-1024x683.jpg 1024w, https:\/\/mf.ag\/wp-content\/uploads\/2023\/11\/ManagementFactory_c_David_Bohmann_161-300x200.jpg 300w, https:\/\/mf.ag\/wp-content\/uploads\/2023\/11\/ManagementFactory_c_David_Bohmann_161-768x512.jpg 768w, https:\/\/mf.ag\/wp-content\/uploads\/2023\/11\/ManagementFactory_c_David_Bohmann_161-1536x1024.jpg 1536w, https:\/\/mf.ag\/wp-content\/uploads\/2023\/11\/ManagementFactory_c_David_Bohmann_161.jpg 2048w\" sizes=\"auto, (max-width: 1024px) 100vw, 1024px\" \/><\/figure><div class=\"wp-block-media-text__content\">\n<blockquote class=\"wp-block-quote is-style-tw-icon is-layout-flow wp-block-quote-is-layout-flow\">\n<p>Bei allen Aufgaben im Interim Management geht es darum, einige zentrale Dinge zu verstehen:&nbsp; In welche Richtung gehe ich? Warum tue ich, was ich tue? Welche F\u00e4higkeiten braucht es, damit sich die Dinge k\u00fcnftig in die richtige Richtung entwickeln?<\/p>\n<\/blockquote>\n<\/div><\/div>\n\n\n\n<h2 class=\"wp-block-heading ghostkit-custom-2hN82d\" id=\"h-change-management-fuhren-in-zeiten-des-wandels\">Change Management: F\u00fchren in Zeiten des Wandels<\/h2>\n\n\n\n<p>Leadership im Ver\u00e4nderungsprozess bedeutet, die Organisation und die Stakeholder strukturiert von der aktuellen Situation zum angestrebten Ziel zu f\u00fchren. Ein gro\u00dfes Projekt ist oft sehr zeit-, ressourcen- und kapitalintensiv und muss daher effizient und nachhaltig durchgef\u00fchrt werden.<\/p>\n\n\n\n<p>Projektmanager:innen planen, leiten und verwalten Projekte oder Programme und schaffen so die Voraussetzungen f\u00fcr den Erfolg des Teams. Gute F\u00fchrung ist dabei zentral, um den Fortgang des Projekts und die schnelle Behebung etwaiger Problembereiche zu gew\u00e4hrleisten.<\/p>\n\n\n\n<p><a href=\"https:\/\/mf.ag\/de\/interim-manager\/\">Lesen Sie mehr dar\u00fcber, wann Interim Management die beste L\u00f6sung ist<\/a><\/p>\n\n\n\n<h2 class=\"wp-block-heading\" id=\"h-die-aufgabe-besteht-darin-das-projekt-so-reibungslos-und-schmerzlos-wie-moglich-durchzufuhren\">Die Aufgabe besteht darin, das Projekt so reibungslos und \u201cschmerzlos\u201d wie m\u00f6glich durchzuf\u00fchren<\/h2>\n\n\n\n<p>Ohne effizientes Management werden die Ziele selten rechtzeitig erreicht \u2013 und das Projekt kann sehr teuer werden. Gute Projekt- und Programm-Manager:innen k\u00f6nnen alle wichtigen Stakeholder an Bord holen, w\u00e4hrend das Unternehmen reibungslos weiterl\u00e4uft.<\/p>\n\n\n\n<p>Teilweise ist Expertenwissen in einem bestimmten Bereich erforderlich, teilweise ist es von Vorteil, wenn ein Interim Manager aus einer anderen Branche mit neuen Perspektiven seinen oder ihren frischen Blick auf die Problemlagen einbringt.<\/p>\n\n\n\n<p>Interim Manager:innen k\u00f6nnen beispielsweise bei gro\u00dfen Investitions- und Infrastrukturprojekten sowie bei Digitalisierungsvorhaben unterst\u00fctzen, aber auch in der Koordination verschiedener Unternehmensbereiche.<\/p>\n\n\n\n<h2 class=\"wp-block-heading\" id=\"h-der-vorteil-von-interim-projekt-oder-programm-manager-innen\">Der Vorteil von Interim-Projekt- oder Programm-Manager:innen<\/h2>\n\n\n\n<ul class=\"wp-block-list\">\n<li>Es werden keine Ressourcen vom F\u00fchrungsteam abgezogen.<\/li>\n\n\n\n<li>Der regul\u00e4re Betrieb l\u00e4uft reibungslos weiter.<\/li>\n\n\n\n<li>Interim Manager:innen widmen sich vollst\u00e4ndig der Aufgabe.<\/li>\n\n\n\n<li>Interim-Projekt- oder Programm-Manager:innen haben die gleiche \u201cReise\u201d bereits mehrmals erfolgreich hinter sich gebracht.<\/li>\n\n\n\n<li>Erfahrene Interim Manager:innen zeigen Sicherheit in ihrem F\u00fchrungsverhalten und geben der Organisation Stabilit\u00e4t und Ruhe.<\/li>\n\n\n\n<li>Das Projekt wird termingerecht und innerhalb des geplanten Budgets durchgef\u00fchrt.<\/li>\n<\/ul>\n\n\n\n<div class=\"wp-block-group has-custom-white-color has-secondary-background-color has-text-color has-background has-global-padding is-layout-constrained wp-container-core-group-is-layout-52009084 wp-block-group-is-layout-constrained\" style=\"padding-top:var(--wp--preset--spacing--40);padding-right:var(--wp--preset--spacing--40);padding-bottom:var(--wp--preset--spacing--40);padding-left:var(--wp--preset--spacing--40)\">\n<h4 class=\"wp-block-heading\" id=\"h-quality-power-and-commitment\">Quality, power and commitment<\/h4>\n\n\n\n<p>Management Factor has been supporting clients from a winde range of industries with interim management since 2001. As market leader, we stand for the highest quality of our services, both professional commitment and realisation strength. We offer Interim Management and Executive Interim Management solutions to critical and complex business challenges.<\/p>\n\n\n\n<div class=\"wp-block-buttons is-layout-flex wp-block-buttons-is-layout-flex\">\n<div class=\"wp-block-button\"><a class=\"wp-block-button__link has-base-color has-text-color has-link-color wp-element-button\" href=\"https:\/\/mf.ag\/de\/uber-uns\/\">Read about our story here<\/a><\/div>\n<\/div>\n<\/div>\n","protected":false},"excerpt":{"rendered":"<p>Erfahrene Interim Programm- und Projekt-Manager:innen ie Durchf\u00fchrung gro\u00dfer und komplexer Projekte oder Programme erfordert eine F\u00fchrungskraft mit umfassender Erfahrung, um gesch\u00e4ftskritische Initiativen sowohl schnell als auch sicher zu steuern. F\u00fcr gro\u00dfe Projekte oder Ver\u00e4nderungen ist es erforderlich, \u00fcber die richtigen F\u00e4higkeiten und F\u00fchrungsqualit\u00e4ten zu verf\u00fcgen. Oftmals sind diese intern nicht vorhanden. Um sicherzustellen, dass die [&hellip;]<\/p>\n","protected":false},"author":1,"featured_media":49452,"parent":0,"menu_order":0,"comment_status":"closed","ping_status":"closed","template":"","meta":{"inline_featured_image":false,"footnotes":""},"class_list":["post-51704","page","type-page","status-publish","has-post-thumbnail","hentry"],"featured_image_urls_v2":{"full":["https:\/\/mf.ag\/wp-content\/uploads\/2020\/11\/Nordic-Interim-4-441-5-scaled.jpg",2560,1344,false],"thumbnail":["https:\/\/mf.ag\/wp-content\/uploads\/2020\/11\/Nordic-Interim-4-441-5-250x250.jpg",250,250,true],"medium":["https:\/\/mf.ag\/wp-content\/uploads\/2020\/11\/Nordic-Interim-4-441-5-300x157.jpg",300,157,true],"medium_large":["https:\/\/mf.ag\/wp-content\/uploads\/2020\/11\/Nordic-Interim-4-441-5-768x403.jpg",768,403,true],"large":["https:\/\/mf.ag\/wp-content\/uploads\/2020\/11\/Nordic-Interim-4-441-5-1024x538.jpg",1024,538,true],"1536x1536":["https:\/\/mf.ag\/wp-content\/uploads\/2020\/11\/Nordic-Interim-4-441-5-1536x806.jpg",1536,806,true],"2048x2048":["https:\/\/mf.ag\/wp-content\/uploads\/2020\/11\/Nordic-Interim-4-441-5-2048x1075.jpg",2048,1075,true],"gform-image-choice-sm":["https:\/\/mf.ag\/wp-content\/uploads\/2020\/11\/Nordic-Interim-4-441-5-scaled.jpg",300,158,false],"gform-image-choice-md":["https:\/\/mf.ag\/wp-content\/uploads\/2020\/11\/Nordic-Interim-4-441-5-scaled.jpg",400,210,false],"gform-image-choice-lg":["https:\/\/mf.ag\/wp-content\/uploads\/2020\/11\/Nordic-Interim-4-441-5-scaled.jpg",600,315,false],"profile_24":["https:\/\/mf.ag\/wp-content\/uploads\/2020\/11\/Nordic-Interim-4-441-5-scaled.jpg",24,13,false],"profile_48":["https:\/\/mf.ag\/wp-content\/uploads\/2020\/11\/Nordic-Interim-4-441-5-scaled.jpg",48,25,false],"profile_96":["https:\/\/mf.ag\/wp-content\/uploads\/2020\/11\/Nordic-Interim-4-441-5-scaled.jpg",96,50,false],"profile_150":["https:\/\/mf.ag\/wp-content\/uploads\/2020\/11\/Nordic-Interim-4-441-5-scaled.jpg",150,79,false],"profile_300":["https:\/\/mf.ag\/wp-content\/uploads\/2020\/11\/Nordic-Interim-4-441-5-scaled.jpg",300,158,false]},"post_excerpt_stackable_v2":"<p>Erfahrene Interim Programm- und Projekt-Manager:innen ie Durchf\u00fchrung gro\u00dfer und komplexer Projekte oder Programme erfordert eine F\u00fchrungskraft mit umfassender Erfahrung, um gesch\u00e4ftskritische Initiativen sowohl schnell als auch sicher zu steuern. F\u00fcr gro\u00dfe Projekte oder Ver\u00e4nderungen ist es erforderlich, \u00fcber die richtigen F\u00e4higkeiten und F\u00fchrungsqualit\u00e4ten zu verf\u00fcgen. Oftmals sind diese intern nicht vorhanden. Um sicherzustellen, dass die gesetzten Ziele in Bezug auf Fristen, Qualit\u00e4t und Budget erreicht werden, entscheiden sich viele Unternehmen daf\u00fcr, einen Interim-Projekt- oder Programmmanager einzustellen. So k\u00f6nnen Sie sich darauf verlassen, dass mit realistischen Zeitpl\u00e4nen und Meilensteinen sowie profunden Risikoanalysen und Kontrollpl\u00e4nen gearbeitet wird und die Ma\u00dfnahmen finanziell professionell&hellip;<\/p>\n","category_list_v2":"","author_info_v2":{"name":"Pierre","url":"https:\/\/mf.ag\/de\/author\/superfun\/"},"comments_num_v2":"0 comments","yoast_head":"<!-- This site is optimized with the Yoast SEO Premium plugin v25.8 (Yoast SEO v27.5) - https:\/\/yoast.com\/product\/yoast-seo-premium-wordpress\/ -->\n<title>Interim Programm- \/ Projektmanager:in &#187; Management Factory<\/title>\n<meta name=\"robots\" content=\"index, follow, max-snippet:-1, max-image-preview:large, max-video-preview:-1\" \/>\n<link rel=\"canonical\" href=\"https:\/\/mf.ag\/de\/interim-programm-projektmanagerin\/\" \/>\n<meta property=\"og:locale\" content=\"de_DE\" \/>\n<meta property=\"og:type\" content=\"article\" \/>\n<meta property=\"og:title\" content=\"Interim Programm- \/ Projektmanager:in\" \/>\n<meta property=\"og:description\" content=\"Erfahrene Interim Programm- und Projekt-Manager:innen ie Durchf\u00fchrung gro\u00dfer und komplexer Projekte oder Programme erfordert eine F\u00fchrungskraft mit umfassender Erfahrung, um gesch\u00e4ftskritische Initiativen sowohl schnell als auch sicher zu steuern. F\u00fcr gro\u00dfe Projekte oder Ver\u00e4nderungen ist es erforderlich, \u00fcber die richtigen F\u00e4higkeiten und F\u00fchrungsqualit\u00e4ten zu verf\u00fcgen. Oftmals sind diese intern nicht vorhanden. Um sicherzustellen, dass die [&hellip;]\" \/>\n<meta property=\"og:url\" content=\"https:\/\/mf.ag\/de\/interim-programm-projektmanagerin\/\" \/>\n<meta property=\"og:site_name\" content=\"Management Factory\" \/>\n<meta property=\"article:modified_time\" content=\"2023-11-12T10:47:40+00:00\" \/>\n<meta property=\"og:image\" content=\"https:\/\/mf.ag\/wp-content\/uploads\/2020\/11\/Nordic-Interim-4-441-5-scaled.jpg\" \/>\n\t<meta property=\"og:image:width\" content=\"2560\" \/>\n\t<meta property=\"og:image:height\" content=\"1344\" \/>\n\t<meta property=\"og:image:type\" content=\"image\/jpeg\" \/>\n<meta name=\"twitter:card\" content=\"summary_large_image\" \/>\n<meta name=\"twitter:label1\" content=\"Gesch\u00e4tzte Lesezeit\" \/>\n\t<meta name=\"twitter:data1\" content=\"3\u00a0Minuten\" \/>\n<script type=\"application\/ld+json\" class=\"yoast-schema-graph\">{\"@context\":\"https:\\\/\\\/schema.org\",\"@graph\":[{\"@type\":\"WebPage\",\"@id\":\"https:\\\/\\\/mf.ag\\\/de\\\/interim-programm-projektmanagerin\\\/\",\"url\":\"https:\\\/\\\/mf.ag\\\/de\\\/interim-programm-projektmanagerin\\\/\",\"name\":\"Interim Programm- \\\/ Projektmanager:in &#187; Management Factory\",\"isPartOf\":{\"@id\":\"https:\\\/\\\/mf.ag\\\/de\\\/#website\"},\"primaryImageOfPage\":{\"@id\":\"https:\\\/\\\/mf.ag\\\/de\\\/interim-programm-projektmanagerin\\\/#primaryimage\"},\"image\":{\"@id\":\"https:\\\/\\\/mf.ag\\\/de\\\/interim-programm-projektmanagerin\\\/#primaryimage\"},\"thumbnailUrl\":\"https:\\\/\\\/mf.ag\\\/wp-content\\\/uploads\\\/2020\\\/11\\\/Nordic-Interim-4-441-5-scaled.jpg\",\"datePublished\":\"2020-10-13T07:32:20+00:00\",\"dateModified\":\"2023-11-12T10:47:40+00:00\",\"breadcrumb\":{\"@id\":\"https:\\\/\\\/mf.ag\\\/de\\\/interim-programm-projektmanagerin\\\/#breadcrumb\"},\"inLanguage\":\"de\",\"potentialAction\":[{\"@type\":\"ReadAction\",\"target\":[\"https:\\\/\\\/mf.ag\\\/de\\\/interim-programm-projektmanagerin\\\/\"]}]},{\"@type\":\"ImageObject\",\"inLanguage\":\"de\",\"@id\":\"https:\\\/\\\/mf.ag\\\/de\\\/interim-programm-projektmanagerin\\\/#primaryimage\",\"url\":\"https:\\\/\\\/mf.ag\\\/wp-content\\\/uploads\\\/2020\\\/11\\\/Nordic-Interim-4-441-5-scaled.jpg\",\"contentUrl\":\"https:\\\/\\\/mf.ag\\\/wp-content\\\/uploads\\\/2020\\\/11\\\/Nordic-Interim-4-441-5-scaled.jpg\",\"width\":2560,\"height\":1344},{\"@type\":\"BreadcrumbList\",\"@id\":\"https:\\\/\\\/mf.ag\\\/de\\\/interim-programm-projektmanagerin\\\/#breadcrumb\",\"itemListElement\":[{\"@type\":\"ListItem\",\"position\":1,\"name\":\"Home\",\"item\":\"https:\\\/\\\/mf.ag\\\/de\\\/\"},{\"@type\":\"ListItem\",\"position\":2,\"name\":\"Interim Programm- \\\/ Projektmanager:in\"}]},{\"@type\":\"WebSite\",\"@id\":\"https:\\\/\\\/mf.ag\\\/de\\\/#website\",\"url\":\"https:\\\/\\\/mf.ag\\\/de\\\/\",\"name\":\"Management Factory\",\"description\":\"Mit Executive Interim Management und Financial Advisory das Gesch\u00e4ft voranbringen\",\"publisher\":{\"@id\":\"https:\\\/\\\/mf.ag\\\/de\\\/#organization\"},\"potentialAction\":[{\"@type\":\"SearchAction\",\"target\":{\"@type\":\"EntryPoint\",\"urlTemplate\":\"https:\\\/\\\/mf.ag\\\/de\\\/?s={search_term_string}\"},\"query-input\":{\"@type\":\"PropertyValueSpecification\",\"valueRequired\":true,\"valueName\":\"search_term_string\"}}],\"inLanguage\":\"de\"},{\"@type\":\"Organization\",\"@id\":\"https:\\\/\\\/mf.ag\\\/de\\\/#organization\",\"name\":\"Management Factory\",\"url\":\"https:\\\/\\\/mf.ag\\\/de\\\/\",\"logo\":{\"@type\":\"ImageObject\",\"inLanguage\":\"de\",\"@id\":\"https:\\\/\\\/mf.ag\\\/de\\\/#\\\/schema\\\/logo\\\/image\\\/\",\"url\":\"\",\"contentUrl\":\"\",\"caption\":\"Management Factory\"},\"image\":{\"@id\":\"https:\\\/\\\/mf.ag\\\/de\\\/#\\\/schema\\\/logo\\\/image\\\/\"}}]}<\/script>\n<!-- \/ Yoast SEO Premium plugin. -->","yoast_head_json":{"title":"Interim Programm- \/ Projektmanager:in &#187; Management Factory","robots":{"index":"index","follow":"follow","max-snippet":"max-snippet:-1","max-image-preview":"max-image-preview:large","max-video-preview":"max-video-preview:-1"},"canonical":"https:\/\/mf.ag\/de\/interim-programm-projektmanagerin\/","og_locale":"de_DE","og_type":"article","og_title":"Interim Programm- \/ Projektmanager:in","og_description":"Erfahrene Interim Programm- und Projekt-Manager:innen ie Durchf\u00fchrung gro\u00dfer und komplexer Projekte oder Programme erfordert eine F\u00fchrungskraft mit umfassender Erfahrung, um gesch\u00e4ftskritische Initiativen sowohl schnell als auch sicher zu steuern. F\u00fcr gro\u00dfe Projekte oder Ver\u00e4nderungen ist es erforderlich, \u00fcber die richtigen F\u00e4higkeiten und F\u00fchrungsqualit\u00e4ten zu verf\u00fcgen. Oftmals sind diese intern nicht vorhanden. Um sicherzustellen, dass die [&hellip;]","og_url":"https:\/\/mf.ag\/de\/interim-programm-projektmanagerin\/","og_site_name":"Management Factory","article_modified_time":"2023-11-12T10:47:40+00:00","og_image":[{"width":2560,"height":1344,"url":"https:\/\/mf.ag\/wp-content\/uploads\/2020\/11\/Nordic-Interim-4-441-5-scaled.jpg","type":"image\/jpeg"}],"twitter_card":"summary_large_image","twitter_misc":{"Gesch\u00e4tzte Lesezeit":"3\u00a0Minuten"},"schema":{"@context":"https:\/\/schema.org","@graph":[{"@type":"WebPage","@id":"https:\/\/mf.ag\/de\/interim-programm-projektmanagerin\/","url":"https:\/\/mf.ag\/de\/interim-programm-projektmanagerin\/","name":"Interim Programm- \/ Projektmanager:in &#187; Management Factory","isPartOf":{"@id":"https:\/\/mf.ag\/de\/#website"},"primaryImageOfPage":{"@id":"https:\/\/mf.ag\/de\/interim-programm-projektmanagerin\/#primaryimage"},"image":{"@id":"https:\/\/mf.ag\/de\/interim-programm-projektmanagerin\/#primaryimage"},"thumbnailUrl":"https:\/\/mf.ag\/wp-content\/uploads\/2020\/11\/Nordic-Interim-4-441-5-scaled.jpg","datePublished":"2020-10-13T07:32:20+00:00","dateModified":"2023-11-12T10:47:40+00:00","breadcrumb":{"@id":"https:\/\/mf.ag\/de\/interim-programm-projektmanagerin\/#breadcrumb"},"inLanguage":"de","potentialAction":[{"@type":"ReadAction","target":["https:\/\/mf.ag\/de\/interim-programm-projektmanagerin\/"]}]},{"@type":"ImageObject","inLanguage":"de","@id":"https:\/\/mf.ag\/de\/interim-programm-projektmanagerin\/#primaryimage","url":"https:\/\/mf.ag\/wp-content\/uploads\/2020\/11\/Nordic-Interim-4-441-5-scaled.jpg","contentUrl":"https:\/\/mf.ag\/wp-content\/uploads\/2020\/11\/Nordic-Interim-4-441-5-scaled.jpg","width":2560,"height":1344},{"@type":"BreadcrumbList","@id":"https:\/\/mf.ag\/de\/interim-programm-projektmanagerin\/#breadcrumb","itemListElement":[{"@type":"ListItem","position":1,"name":"Home","item":"https:\/\/mf.ag\/de\/"},{"@type":"ListItem","position":2,"name":"Interim Programm- \/ Projektmanager:in"}]},{"@type":"WebSite","@id":"https:\/\/mf.ag\/de\/#website","url":"https:\/\/mf.ag\/de\/","name":"Management Factory","description":"Mit Executive Interim Management und Financial Advisory das Gesch\u00e4ft voranbringen","publisher":{"@id":"https:\/\/mf.ag\/de\/#organization"},"potentialAction":[{"@type":"SearchAction","target":{"@type":"EntryPoint","urlTemplate":"https:\/\/mf.ag\/de\/?s={search_term_string}"},"query-input":{"@type":"PropertyValueSpecification","valueRequired":true,"valueName":"search_term_string"}}],"inLanguage":"de"},{"@type":"Organization","@id":"https:\/\/mf.ag\/de\/#organization","name":"Management Factory","url":"https:\/\/mf.ag\/de\/","logo":{"@type":"ImageObject","inLanguage":"de","@id":"https:\/\/mf.ag\/de\/#\/schema\/logo\/image\/","url":"","contentUrl":"","caption":"Management Factory"},"image":{"@id":"https:\/\/mf.ag\/de\/#\/schema\/logo\/image\/"}}]}},"_links":{"self":[{"href":"https:\/\/mf.ag\/de\/wp-json\/wp\/v2\/pages\/51704","targetHints":{"allow":["GET"]}}],"collection":[{"href":"https:\/\/mf.ag\/de\/wp-json\/wp\/v2\/pages"}],"about":[{"href":"https:\/\/mf.ag\/de\/wp-json\/wp\/v2\/types\/page"}],"author":[{"embeddable":true,"href":"https:\/\/mf.ag\/de\/wp-json\/wp\/v2\/users\/1"}],"replies":[{"embeddable":true,"href":"https:\/\/mf.ag\/de\/wp-json\/wp\/v2\/comments?post=51704"}],"version-history":[{"count":14,"href":"https:\/\/mf.ag\/de\/wp-json\/wp\/v2\/pages\/51704\/revisions"}],"predecessor-version":[{"id":54610,"href":"https:\/\/mf.ag\/de\/wp-json\/wp\/v2\/pages\/51704\/revisions\/54610"}],"wp:featuredmedia":[{"embeddable":true,"href":"https:\/\/mf.ag\/de\/wp-json\/wp\/v2\/media\/49452"}],"wp:attachment":[{"href":"https:\/\/mf.ag\/de\/wp-json\/wp\/v2\/media?parent=51704"}],"curies":[{"name":"wp","href":"https:\/\/api.w.org\/{rel}","templated":true}]}}