{"id":51695,"date":"2020-10-13T09:33:08","date_gmt":"2020-10-13T07:33:08","guid":{"rendered":"https:\/\/mf.ag\/?page_id=51695"},"modified":"2025-05-16T13:47:28","modified_gmt":"2025-05-16T11:47:28","slug":"interim-cio-it-managerin","status":"publish","type":"page","link":"https:\/\/mf.ag\/de\/interim-cio-it-managerin\/","title":{"rendered":"Interim CIO &amp; IT Manager:in"},"content":{"rendered":"\n<h2 class=\"wp-block-heading\" id=\"h-die-rolle-des-cio-wird-immer-wichtiger\">Die Rolle des CIO wird immer wichtiger<\/h2>\n\n\n\n<p id=\"h-pursuing-digitalisation-developing-business-systems-and-modern-technical-solutions-is-business-critical-for-all-businesses\">Die Digitalisierung voranzutreiben sowie leistungsf\u00e4hige Business-Systeme und moderne technische L\u00f6sungen zu entwickeln, ist f\u00fcr alle Unternehmen und Organisationen erfolgskritisch.<\/p>\n\n\n\n<div class=\"wp-block-media-text alignwide is-stacked-on-mobile is-style-tw-overlap has-background\" style=\"background-color:#ffffff\"><figure class=\"wp-block-media-text__media\"><img loading=\"lazy\" decoding=\"async\" width=\"1024\" height=\"683\" src=\"https:\/\/mf.ag\/wp-content\/uploads\/2023\/11\/ManagementFactory_c_David_Bohmann_166-1024x683.jpg\" alt=\"\" class=\"wp-image-54330 size-full\" srcset=\"https:\/\/mf.ag\/wp-content\/uploads\/2023\/11\/ManagementFactory_c_David_Bohmann_166-1024x683.jpg 1024w, https:\/\/mf.ag\/wp-content\/uploads\/2023\/11\/ManagementFactory_c_David_Bohmann_166-300x200.jpg 300w, https:\/\/mf.ag\/wp-content\/uploads\/2023\/11\/ManagementFactory_c_David_Bohmann_166-768x512.jpg 768w, https:\/\/mf.ag\/wp-content\/uploads\/2023\/11\/ManagementFactory_c_David_Bohmann_166-1536x1024.jpg 1536w, https:\/\/mf.ag\/wp-content\/uploads\/2023\/11\/ManagementFactory_c_David_Bohmann_166.jpg 2048w\" sizes=\"auto, (max-width: 1024px) 100vw, 1024px\" \/><\/figure><div class=\"wp-block-media-text__content\">\n<blockquote class=\"wp-block-quote is-style-tw-icon is-layout-flow wp-block-quote-is-layout-flow\">\n<p>Die Digitalisierung wird unsere Gesellschaft grundlegend ver\u00e4ndern. Wir stehen vor einem gigantischen Kompetenzwandel.<\/p>\n<\/blockquote>\n<\/div><\/div>\n\n\n\n<p>Ein Interim CIO kann je nach Unternehmen unterschiedliche Verantwortlichkeiten haben. Es geht teils um die Sicherstellung effizienter und funktionsf\u00e4higer IT-Systeme, teils um die innovative Entwicklung von Business-Systemen und die strategische Planung f\u00fcr zuk\u00fcnftige Anforderungen und technische Entwicklungen. Erfahrene Interim Manager:innen legen gemeinsam mit dem Management die technische Strategie f\u00fcr die Organisation fest, treiben sie voran und fungieren somit als wichtiges Bindeglied zwischen IT, Besch\u00e4ftigten und Gesch\u00e4ftsf\u00fchrung.<\/p>\n\n\n\n<h2 class=\"wp-block-heading\" id=\"h-management-factory-arbeitet-mit-den-erfahrensten-interims-cios-und-it-manager-innen-zusammen\">Management Factory arbeitet mit den erfahrensten Interims-CIOs und IT-Manager:innen zusammen<\/h2>\n\n\n\n<p>Der Fokus der IT hat sich stark gewandelt: Stand fr\u00fcher oft die Kostenreduzierung im Vordergrund, so geht es heute um einen wichtigen strategischen Beitrag, den die Digitalisierung leistet, was eine enge Zusammenarbeit zwischen IT und Gesch\u00e4ftsf\u00fchrung bedingt. Ein CIO ist oft Teil des Managementteams. Da die Automatisierung in hohem Tempo voranschreitet, wird diese Rolle immer wichtiger.<\/p>\n\n\n\n<p>F\u00fchrung im Ver\u00e4nderungsprozess bedeutet, dass CIOs die Organisation und Stakeholder strukturiert von der Ist-Situation zum angestrebten Ziel f\u00fchren. Die Digitalisierung ist oft sehr zeit-, ressourcen- und kostenintensiv. Daher ist es von gr\u00f6\u00dfter Bedeutung, dass der Wandel effizient und nachhaltig vorangetrieben wird.<\/p>\n\n\n\n<p>Ein Interim-CIO oder Interim-IT-Manager ist verantwortlich f\u00fcr die F\u00fchrung in diesem Bereich, das Out- oder Insourcing bestimmter IT Services, die Digitalisierung, die Durchf\u00fchrung von Beschaffungen im IT-Bereich und die Ergebniskontrolle. Er oder sie ist es gewohnt, mit internen Stakeholdern zu kommunizieren, deren Anspr\u00fcche und jene des Unternehmens zu verstehen und das Team zu motivieren.<\/p>\n\n\n\n<p>Heute k\u00f6nnen IT-Manager:innen oder CIOs auch die Rolle des CTO (Chief Technology Officer) oder CDO (Chief Digitalization Officer bzw. Chief Data Officer) einnehmen. Mit der Weiterentwicklung der KI werden auch neue F\u00e4higkeiten im Unternehmen ben\u00f6tigt. Interims-CIOs k\u00f6nnen diese neuen Anforderungen pr\u00fcfen und das Unternehmen auf die n\u00e4chsten Schritte vorbereiten, damit das Unternehmen auch unter den k\u00fcnftig stark ver\u00e4nderten Rahmenbedingungen konkurrenzf\u00e4hig bleibt.<\/p>\n\n\n\n<p><a href=\"https:\/\/mf.ag\/de\/interim-management\/\">Mehr dazu, wann Interim Management die beste L\u00f6sung ist<\/a><\/p>\n\n\n\n<h2 class=\"wp-block-heading\" id=\"h-den-wandel-so-effizient-und-kostengunstig-wie-moglich-vorantreiben\">Den Wandel so effizient und kosteng\u00fcnstig wie m\u00f6glich vorantreiben<\/h2>\n\n\n\n<p>Ohne ein f\u00e4higes Management im technologischen Bereich werden die Ziele selten rechtzeitig erreicht, Projekte k\u00f6nnen somit sehr teuer werden. Gute Interim Manager:innen holen alle an Bord und treiben effektive Ver\u00e4nderungen voran, w\u00e4hrend die Gesch\u00e4ftsprozesse erfolgreich weiterlaufen k\u00f6nnen.<\/p>\n\n\n\n<p>Der erste Schritt im Ver\u00e4nderungsprozess besteht meist darin, sich ein klares Bild der Ist-Situation und dem Zielbild zu machen. Welche M\u00f6glichkeiten ergeben sich sowohl f\u00fcr das Unternehmen als auch f\u00fcr die einzelnen Besch\u00e4ftigten? Warum tun wir das, wie tun wir es, wann geschieht es und wer trifft die Entscheidungen? Was sind zentrale Fragen, die regelm\u00e4\u00dfig beantwortet und kommuniziert werden m\u00fcssen? Der letzte Punkt ist besonders wichtig, da sich viele Menschen durch Ver\u00e4nderungen gestresst oder bedroht f\u00fchlen. Daher muss jeder verstehen, warum bestimmte Change-Prozesse angesto\u00dfen werden und wie diese Ver\u00e4nderungen sie auf individueller Ebene betreffen.<\/p>\n\n\n\n<div class=\"wp-block-group has-white-background-color has-background is-layout-flow wp-block-group-is-layout-flow\">\n<h3 class=\"wp-block-heading\" id=\"h-der-vorteil-von-interim-cios-oder-interim-it-manager-innen\"><strong>Der Vorteil von Interim CIOs oder Interim IT-Manager:innen:<\/strong><\/h3>\n\n\n\n<ul class=\"wp-block-list\">\n<li>Flexibel einsetzbar, etwa als CIO, IT-Manager:in, CTO oder CDO.<\/li>\n\n\n\n<li>Es werden keine Ressourcen vom F\u00fchrungsteam abgezogen.<\/li>\n\n\n\n<li>Der regul\u00e4re Betrieb l\u00e4uft reibungslos weiter.<\/li>\n\n\n\n<li>Interim Manager:innen widmen sich vollst\u00e4ndig der Aufgabe.<\/li>\n\n\n\n<li>Ein Interim CIO hat die gleiche \u201cReise\u201d schon mehrmals erfolgreich hinter sich gebracht.<\/li>\n\n\n\n<li>Interim CIO\/IT-Manager:innen verf\u00fcgen nachweislich \u00fcber die n\u00f6tige Erfahrung.<\/li>\n\n\n\n<li>Die Transformation wird zeit- und budgetgerecht durchgef\u00fchrt.<\/li>\n<\/ul>\n<\/div>\n\n\n\n<div class=\"wp-block-group has-custom-white-color has-secondary-background-color has-text-color has-background has-global-padding is-layout-constrained wp-container-core-group-is-layout-52009084 wp-block-group-is-layout-constrained\" style=\"padding-top:var(--wp--preset--spacing--40);padding-right:var(--wp--preset--spacing--40);padding-bottom:var(--wp--preset--spacing--40);padding-left:var(--wp--preset--spacing--40)\">\n<h4 class=\"wp-block-heading\" id=\"h-quality-power-and-commitment\">Quality, power and commitment<\/h4>\n\n\n\n<p>Management Factor has been supporting clients from a winde range of industries with interim management since 2001. As market leader, we stand for the highest quality of our services, both professional commitment and realisation strength. We offer Interim Management and Executive Interim Management solutions to critical and complex business challenges.<\/p>\n\n\n\n<div class=\"wp-block-buttons is-layout-flex wp-block-buttons-is-layout-flex\">\n<div class=\"wp-block-button\"><a class=\"wp-block-button__link has-base-color has-text-color has-link-color wp-element-button\" href=\"https:\/\/mf.ag\/de\/uber-uns\/\">Read about our story here<\/a><\/div>\n<\/div>\n<\/div>\n","protected":false},"excerpt":{"rendered":"<p>Die Rolle des CIO wird immer wichtiger Die Digitalisierung voranzutreiben sowie leistungsf\u00e4hige Business-Systeme und moderne technische L\u00f6sungen zu entwickeln, ist f\u00fcr alle Unternehmen und Organisationen erfolgskritisch. Ein Interim CIO kann je nach Unternehmen unterschiedliche Verantwortlichkeiten haben. Es geht teils um die Sicherstellung effizienter und funktionsf\u00e4higer IT-Systeme, teils um die innovative Entwicklung von Business-Systemen und die [&hellip;]<\/p>\n","protected":false},"author":1,"featured_media":49414,"parent":0,"menu_order":0,"comment_status":"closed","ping_status":"closed","template":"","meta":{"inline_featured_image":false,"footnotes":""},"class_list":["post-51695","page","type-page","status-publish","has-post-thumbnail","hentry"],"featured_image_urls_v2":{"full":["https:\/\/mf.ag\/wp-content\/uploads\/2020\/10\/ladda-upp-cv-interimschef.jpg",2400,1260,false],"thumbnail":["https:\/\/mf.ag\/wp-content\/uploads\/2020\/10\/ladda-upp-cv-interimschef-250x250.jpg",250,250,true],"medium":["https:\/\/mf.ag\/wp-content\/uploads\/2020\/10\/ladda-upp-cv-interimschef-300x158.jpg",300,158,true],"medium_large":["https:\/\/mf.ag\/wp-content\/uploads\/2020\/10\/ladda-upp-cv-interimschef-768x403.jpg",768,403,true],"large":["https:\/\/mf.ag\/wp-content\/uploads\/2020\/10\/ladda-upp-cv-interimschef-1024x538.jpg",1024,538,true],"1536x1536":["https:\/\/mf.ag\/wp-content\/uploads\/2020\/10\/ladda-upp-cv-interimschef-1536x806.jpg",1536,806,true],"2048x2048":["https:\/\/mf.ag\/wp-content\/uploads\/2020\/10\/ladda-upp-cv-interimschef-2048x1075.jpg",2048,1075,true],"gform-image-choice-sm":["https:\/\/mf.ag\/wp-content\/uploads\/2020\/10\/ladda-upp-cv-interimschef.jpg",300,158,false],"gform-image-choice-md":["https:\/\/mf.ag\/wp-content\/uploads\/2020\/10\/ladda-upp-cv-interimschef.jpg",400,210,false],"gform-image-choice-lg":["https:\/\/mf.ag\/wp-content\/uploads\/2020\/10\/ladda-upp-cv-interimschef.jpg",600,315,false],"profile_24":["https:\/\/mf.ag\/wp-content\/uploads\/2020\/10\/ladda-upp-cv-interimschef.jpg",24,13,false],"profile_48":["https:\/\/mf.ag\/wp-content\/uploads\/2020\/10\/ladda-upp-cv-interimschef.jpg",48,25,false],"profile_96":["https:\/\/mf.ag\/wp-content\/uploads\/2020\/10\/ladda-upp-cv-interimschef.jpg",96,50,false],"profile_150":["https:\/\/mf.ag\/wp-content\/uploads\/2020\/10\/ladda-upp-cv-interimschef.jpg",150,79,false],"profile_300":["https:\/\/mf.ag\/wp-content\/uploads\/2020\/10\/ladda-upp-cv-interimschef.jpg",300,158,false]},"post_excerpt_stackable_v2":"<p>Die Rolle des CIO wird immer wichtiger Die Digitalisierung voranzutreiben sowie leistungsf\u00e4hige Business-Systeme und moderne technische L\u00f6sungen zu entwickeln, ist f\u00fcr alle Unternehmen und Organisationen erfolgskritisch. Die Digitalisierung wird unsere Gesellschaft grundlegend ver\u00e4ndern. Wir stehen vor einem gigantischen Kompetenzwandel. Ein Interim CIO kann je nach Unternehmen unterschiedliche Verantwortlichkeiten haben. Es geht teils um die Sicherstellung effizienter und funktionsf\u00e4higer IT-Systeme, teils um die innovative Entwicklung von Business-Systemen und die strategische Planung f\u00fcr zuk\u00fcnftige Anforderungen und technische Entwicklungen. Erfahrene Interim Manager:innen legen gemeinsam mit dem Management die technische Strategie f\u00fcr die Organisation fest, treiben sie voran und fungieren somit als wichtiges Bindeglied&hellip;<\/p>\n","category_list_v2":"","author_info_v2":{"name":"Pierre","url":"https:\/\/mf.ag\/de\/author\/superfun\/"},"comments_num_v2":"0 comments","yoast_head":"<!-- This site is optimized with the Yoast SEO Premium plugin v25.8 (Yoast SEO v27.4) - https:\/\/yoast.com\/product\/yoast-seo-premium-wordpress\/ -->\n<title>Interim CIO &amp; IT Manager - Kandidaten finden<\/title>\n<meta name=\"description\" content=\"Interim CIO &amp; IT Manager:in Dienste f\u00fcr Unternehmen, um schnelle und effiziente IT-Transformationen zu gew\u00e4hrleisten.\" \/>\n<meta name=\"robots\" content=\"index, follow, max-snippet:-1, max-image-preview:large, max-video-preview:-1\" \/>\n<link rel=\"canonical\" href=\"https:\/\/mf.ag\/de\/interim-cio-it-managerin\/\" \/>\n<meta property=\"og:locale\" content=\"de_DE\" \/>\n<meta property=\"og:type\" content=\"article\" \/>\n<meta property=\"og:title\" content=\"Interim CIO &amp; IT Manager:in\" \/>\n<meta property=\"og:description\" content=\"Interim CIO &amp; IT Manager:in Dienste f\u00fcr Unternehmen, um schnelle und effiziente IT-Transformationen zu gew\u00e4hrleisten.\" \/>\n<meta property=\"og:url\" content=\"https:\/\/mf.ag\/de\/interim-cio-it-managerin\/\" \/>\n<meta property=\"og:site_name\" content=\"Management Factory\" \/>\n<meta property=\"article:modified_time\" content=\"2025-05-16T11:47:28+00:00\" \/>\n<meta property=\"og:image\" content=\"https:\/\/mf.ag\/wp-content\/uploads\/2020\/10\/ladda-upp-cv-interimschef.jpg\" \/>\n\t<meta property=\"og:image:width\" content=\"2400\" \/>\n\t<meta property=\"og:image:height\" content=\"1260\" \/>\n\t<meta property=\"og:image:type\" content=\"image\/jpeg\" \/>\n<meta name=\"twitter:card\" content=\"summary_large_image\" \/>\n<meta name=\"twitter:label1\" content=\"Gesch\u00e4tzte Lesezeit\" \/>\n\t<meta name=\"twitter:data1\" content=\"1\u00a0Minute\" \/>\n<script type=\"application\/ld+json\" class=\"yoast-schema-graph\">{\"@context\":\"https:\\\/\\\/schema.org\",\"@graph\":[{\"@type\":\"WebPage\",\"@id\":\"https:\\\/\\\/mf.ag\\\/de\\\/interim-cio-it-managerin\\\/\",\"url\":\"https:\\\/\\\/mf.ag\\\/de\\\/interim-cio-it-managerin\\\/\",\"name\":\"Interim CIO & IT Manager - Kandidaten finden\",\"isPartOf\":{\"@id\":\"https:\\\/\\\/mf.ag\\\/de\\\/#website\"},\"primaryImageOfPage\":{\"@id\":\"https:\\\/\\\/mf.ag\\\/de\\\/interim-cio-it-managerin\\\/#primaryimage\"},\"image\":{\"@id\":\"https:\\\/\\\/mf.ag\\\/de\\\/interim-cio-it-managerin\\\/#primaryimage\"},\"thumbnailUrl\":\"https:\\\/\\\/mf.ag\\\/wp-content\\\/uploads\\\/2020\\\/10\\\/ladda-upp-cv-interimschef.jpg\",\"datePublished\":\"2020-10-13T07:33:08+00:00\",\"dateModified\":\"2025-05-16T11:47:28+00:00\",\"description\":\"Interim CIO & IT Manager:in Dienste f\u00fcr Unternehmen, um schnelle und effiziente IT-Transformationen zu gew\u00e4hrleisten.\",\"breadcrumb\":{\"@id\":\"https:\\\/\\\/mf.ag\\\/de\\\/interim-cio-it-managerin\\\/#breadcrumb\"},\"inLanguage\":\"de\",\"potentialAction\":[{\"@type\":\"ReadAction\",\"target\":[\"https:\\\/\\\/mf.ag\\\/de\\\/interim-cio-it-managerin\\\/\"]}]},{\"@type\":\"ImageObject\",\"inLanguage\":\"de\",\"@id\":\"https:\\\/\\\/mf.ag\\\/de\\\/interim-cio-it-managerin\\\/#primaryimage\",\"url\":\"https:\\\/\\\/mf.ag\\\/wp-content\\\/uploads\\\/2020\\\/10\\\/ladda-upp-cv-interimschef.jpg\",\"contentUrl\":\"https:\\\/\\\/mf.ag\\\/wp-content\\\/uploads\\\/2020\\\/10\\\/ladda-upp-cv-interimschef.jpg\",\"width\":2400,\"height\":1260},{\"@type\":\"BreadcrumbList\",\"@id\":\"https:\\\/\\\/mf.ag\\\/de\\\/interim-cio-it-managerin\\\/#breadcrumb\",\"itemListElement\":[{\"@type\":\"ListItem\",\"position\":1,\"name\":\"Home\",\"item\":\"https:\\\/\\\/mf.ag\\\/de\\\/\"},{\"@type\":\"ListItem\",\"position\":2,\"name\":\"Interim CIO &amp; IT Manager:in\"}]},{\"@type\":\"WebSite\",\"@id\":\"https:\\\/\\\/mf.ag\\\/de\\\/#website\",\"url\":\"https:\\\/\\\/mf.ag\\\/de\\\/\",\"name\":\"Management Factory\",\"description\":\"Mit Executive Interim Management und Financial Advisory das Gesch\u00e4ft voranbringen\",\"publisher\":{\"@id\":\"https:\\\/\\\/mf.ag\\\/de\\\/#organization\"},\"potentialAction\":[{\"@type\":\"SearchAction\",\"target\":{\"@type\":\"EntryPoint\",\"urlTemplate\":\"https:\\\/\\\/mf.ag\\\/de\\\/?s={search_term_string}\"},\"query-input\":{\"@type\":\"PropertyValueSpecification\",\"valueRequired\":true,\"valueName\":\"search_term_string\"}}],\"inLanguage\":\"de\"},{\"@type\":\"Organization\",\"@id\":\"https:\\\/\\\/mf.ag\\\/de\\\/#organization\",\"name\":\"Management Factory\",\"url\":\"https:\\\/\\\/mf.ag\\\/de\\\/\",\"logo\":{\"@type\":\"ImageObject\",\"inLanguage\":\"de\",\"@id\":\"https:\\\/\\\/mf.ag\\\/de\\\/#\\\/schema\\\/logo\\\/image\\\/\",\"url\":\"\",\"contentUrl\":\"\",\"caption\":\"Management Factory\"},\"image\":{\"@id\":\"https:\\\/\\\/mf.ag\\\/de\\\/#\\\/schema\\\/logo\\\/image\\\/\"}}]}<\/script>\n<!-- \/ Yoast SEO Premium plugin. -->","yoast_head_json":{"title":"Interim CIO & IT Manager - Kandidaten finden","description":"Interim CIO & IT Manager:in Dienste f\u00fcr Unternehmen, um schnelle und effiziente IT-Transformationen zu gew\u00e4hrleisten.","robots":{"index":"index","follow":"follow","max-snippet":"max-snippet:-1","max-image-preview":"max-image-preview:large","max-video-preview":"max-video-preview:-1"},"canonical":"https:\/\/mf.ag\/de\/interim-cio-it-managerin\/","og_locale":"de_DE","og_type":"article","og_title":"Interim CIO &amp; IT Manager:in","og_description":"Interim CIO & IT Manager:in Dienste f\u00fcr Unternehmen, um schnelle und effiziente IT-Transformationen zu gew\u00e4hrleisten.","og_url":"https:\/\/mf.ag\/de\/interim-cio-it-managerin\/","og_site_name":"Management Factory","article_modified_time":"2025-05-16T11:47:28+00:00","og_image":[{"width":2400,"height":1260,"url":"https:\/\/mf.ag\/wp-content\/uploads\/2020\/10\/ladda-upp-cv-interimschef.jpg","type":"image\/jpeg"}],"twitter_card":"summary_large_image","twitter_misc":{"Gesch\u00e4tzte Lesezeit":"1\u00a0Minute"},"schema":{"@context":"https:\/\/schema.org","@graph":[{"@type":"WebPage","@id":"https:\/\/mf.ag\/de\/interim-cio-it-managerin\/","url":"https:\/\/mf.ag\/de\/interim-cio-it-managerin\/","name":"Interim CIO & IT Manager - Kandidaten finden","isPartOf":{"@id":"https:\/\/mf.ag\/de\/#website"},"primaryImageOfPage":{"@id":"https:\/\/mf.ag\/de\/interim-cio-it-managerin\/#primaryimage"},"image":{"@id":"https:\/\/mf.ag\/de\/interim-cio-it-managerin\/#primaryimage"},"thumbnailUrl":"https:\/\/mf.ag\/wp-content\/uploads\/2020\/10\/ladda-upp-cv-interimschef.jpg","datePublished":"2020-10-13T07:33:08+00:00","dateModified":"2025-05-16T11:47:28+00:00","description":"Interim CIO & IT Manager:in Dienste f\u00fcr Unternehmen, um schnelle und effiziente IT-Transformationen zu gew\u00e4hrleisten.","breadcrumb":{"@id":"https:\/\/mf.ag\/de\/interim-cio-it-managerin\/#breadcrumb"},"inLanguage":"de","potentialAction":[{"@type":"ReadAction","target":["https:\/\/mf.ag\/de\/interim-cio-it-managerin\/"]}]},{"@type":"ImageObject","inLanguage":"de","@id":"https:\/\/mf.ag\/de\/interim-cio-it-managerin\/#primaryimage","url":"https:\/\/mf.ag\/wp-content\/uploads\/2020\/10\/ladda-upp-cv-interimschef.jpg","contentUrl":"https:\/\/mf.ag\/wp-content\/uploads\/2020\/10\/ladda-upp-cv-interimschef.jpg","width":2400,"height":1260},{"@type":"BreadcrumbList","@id":"https:\/\/mf.ag\/de\/interim-cio-it-managerin\/#breadcrumb","itemListElement":[{"@type":"ListItem","position":1,"name":"Home","item":"https:\/\/mf.ag\/de\/"},{"@type":"ListItem","position":2,"name":"Interim CIO &amp; IT Manager:in"}]},{"@type":"WebSite","@id":"https:\/\/mf.ag\/de\/#website","url":"https:\/\/mf.ag\/de\/","name":"Management Factory","description":"Mit Executive Interim Management und Financial Advisory das Gesch\u00e4ft voranbringen","publisher":{"@id":"https:\/\/mf.ag\/de\/#organization"},"potentialAction":[{"@type":"SearchAction","target":{"@type":"EntryPoint","urlTemplate":"https:\/\/mf.ag\/de\/?s={search_term_string}"},"query-input":{"@type":"PropertyValueSpecification","valueRequired":true,"valueName":"search_term_string"}}],"inLanguage":"de"},{"@type":"Organization","@id":"https:\/\/mf.ag\/de\/#organization","name":"Management Factory","url":"https:\/\/mf.ag\/de\/","logo":{"@type":"ImageObject","inLanguage":"de","@id":"https:\/\/mf.ag\/de\/#\/schema\/logo\/image\/","url":"","contentUrl":"","caption":"Management Factory"},"image":{"@id":"https:\/\/mf.ag\/de\/#\/schema\/logo\/image\/"}}]}},"_links":{"self":[{"href":"https:\/\/mf.ag\/de\/wp-json\/wp\/v2\/pages\/51695","targetHints":{"allow":["GET"]}}],"collection":[{"href":"https:\/\/mf.ag\/de\/wp-json\/wp\/v2\/pages"}],"about":[{"href":"https:\/\/mf.ag\/de\/wp-json\/wp\/v2\/types\/page"}],"author":[{"embeddable":true,"href":"https:\/\/mf.ag\/de\/wp-json\/wp\/v2\/users\/1"}],"replies":[{"embeddable":true,"href":"https:\/\/mf.ag\/de\/wp-json\/wp\/v2\/comments?post=51695"}],"version-history":[{"count":12,"href":"https:\/\/mf.ag\/de\/wp-json\/wp\/v2\/pages\/51695\/revisions"}],"predecessor-version":[{"id":60535,"href":"https:\/\/mf.ag\/de\/wp-json\/wp\/v2\/pages\/51695\/revisions\/60535"}],"wp:featuredmedia":[{"embeddable":true,"href":"https:\/\/mf.ag\/de\/wp-json\/wp\/v2\/media\/49414"}],"wp:attachment":[{"href":"https:\/\/mf.ag\/de\/wp-json\/wp\/v2\/media?parent=51695"}],"curies":[{"name":"wp","href":"https:\/\/api.w.org\/{rel}","templated":true}]}}