{"id":51682,"date":"2021-10-29T15:05:26","date_gmt":"2021-10-29T13:05:26","guid":{"rendered":"https:\/\/mf.ag\/?page_id=51682"},"modified":"2025-05-26T15:26:32","modified_gmt":"2025-05-26T13:26:32","slug":"interim-supply-chain-managerin","status":"publish","type":"page","link":"https:\/\/mf.ag\/de\/interim-supply-chain-managerin\/","title":{"rendered":"Interim Supply Chain Manager:in"},"content":{"rendered":"\n<h2 class=\"wp-block-heading\">Der Supply Chain Manager spielt eine sehr wichtige Rolle in der produzierenden Industrie. <\/h2>\n\n\n\n<p>Interim Supply Chain Manager:innen sind sehr hilfreich, wenn ein Unternehmen vor einer Ver\u00e4nderung, Internationalisierung oder Schlie\u00dfung steht. Dar\u00fcber hinaus kommt Interim Management zum Einsatz, wenn die gesuchte Kompetenz weder intern noch extern verf\u00fcgbar ist oder eine offene F\u00fchrungsposition zur \u00dcberbr\u00fcckung besetzt werden muss. Ein Interim Manager kann sofort starten und bringt Erfahrung und eine souver\u00e4ne F\u00fchrungspers\u00f6nlichkeit mit. Er oder sie verf\u00fcgt au\u00dferdem \u00fcber die F\u00e4higkeit, die beschlossenen Ma\u00dfnahmen tatkr\u00e4ftig umzusetzen.<\/p>\n\n\n\n<div class=\"wp-block-media-text alignwide is-stacked-on-mobile is-style-tw-overlap has-background\" style=\"background-color:#ffffff\"><figure class=\"wp-block-media-text__media\"><img loading=\"lazy\" decoding=\"async\" width=\"1024\" height=\"683\" src=\"https:\/\/mf.ag\/wp-content\/uploads\/2023\/11\/ManagementFactory_c_David_Bohmann_005-1-1024x683.jpg\" alt=\"\" class=\"wp-image-54373 size-full\" srcset=\"https:\/\/mf.ag\/wp-content\/uploads\/2023\/11\/ManagementFactory_c_David_Bohmann_005-1-1024x683.jpg 1024w, https:\/\/mf.ag\/wp-content\/uploads\/2023\/11\/ManagementFactory_c_David_Bohmann_005-1-300x200.jpg 300w, https:\/\/mf.ag\/wp-content\/uploads\/2023\/11\/ManagementFactory_c_David_Bohmann_005-1-768x512.jpg 768w, https:\/\/mf.ag\/wp-content\/uploads\/2023\/11\/ManagementFactory_c_David_Bohmann_005-1-1536x1024.jpg 1536w, https:\/\/mf.ag\/wp-content\/uploads\/2023\/11\/ManagementFactory_c_David_Bohmann_005-1.jpg 2048w\" sizes=\"auto, (max-width: 1024px) 100vw, 1024px\" \/><\/figure><div class=\"wp-block-media-text__content\">\n<blockquote class=\"wp-block-quote is-style-tw-icon is-layout-flow wp-block-quote-is-layout-flow\">\n<p>Wir haben das st\u00e4rkste Netzwerk von Interim Supply Chain Managern.<\/p>\n<\/blockquote>\n<\/div><\/div>\n\n\n\n<p>Interim Supply Chain Manager im Netzwerk der Management Factory verf\u00fcgen \u00fcber mindestens 15 Jahre Erfahrung in operativ erfolgreichen Ver\u00e4nderungsprozessen aus unterschiedlichen Unternehmen und Branchen, meist im internationalen Kontext. Sie haben umfassendes Know-how in Bezug auf Lieferketten, Warenfluss, Einkauf, Fertigung, Vertrieb und Logistik. Alle unsere Interim Manager sind nachweislich erfahrene und kompetente F\u00fchrungskr\u00e4fte, die auch in Ausnahmesituationen trittsicher agieren und vom ersten Tag an Ergebnisse liefern.<\/p>\n\n\n\n<hr class=\"wp-block-separator has-css-opacity\"\/>\n\n\n\n<h2 class=\"wp-block-heading\" id=\"h-warum-sollten-sie-sich-fur-einen-interim-supply-chain-manager-entscheiden\"><strong>Warum sollten Sie sich f\u00fcr einen Interim Supply Chain Manager entscheiden?<\/strong><\/h2>\n\n\n\n<p>Interim Supply Chain Management ist eine sichere und kosteng\u00fcnstige Wahl, wenn Ihr Unternehmen vor einer Ver\u00e4nderung, Integration oder anderen komplexen Situationen steht, in denen Sie den Einkauf, die Logistik oder den Warenfluss neu aufstellen oder adaptieren m\u00fcssen. Interim Supply Chain Manager:innen k\u00f6nnen auch einspringen und das bestehende Team bei einem bestimmten Projekt oder in Teilbereichen unterst\u00fctzen. Wenn Sie eine Vakanz haben, k\u00f6nnen Sie zur \u00dcberbr\u00fcckung, bis die neue F\u00fchrungskraft gefunden ist, einen Interim Supply Chain Manager besch\u00e4ftigen, um schnelle Ergebnisse zu erzielen und \u00c4nderungen umzusetzen.<\/p>\n\n\n\n<p><a href=\"https:\/\/mf.ag\/de\/interim-management\/\">Mehr \u00fcber Interim Management<\/a><\/p>\n\n\n\n<div class=\"wp-block-columns alignwide is-layout-flex wp-container-core-columns-is-layout-d0b3c9c8 wp-block-columns-is-layout-flex\">\n<div class=\"wp-block-column has-white-background-color has-background is-layout-flow wp-block-column-is-layout-flow\" style=\"padding-top:var(--wp--preset--spacing--40);padding-right:var(--wp--preset--spacing--40);padding-bottom:var(--wp--preset--spacing--40);padding-left:var(--wp--preset--spacing--40)\">\n<h4 class=\"wp-block-heading\">Wann brauchen Sie einen Interim Supply Chain Manager?<\/h4>\n\n\n\n<ul class=\"wp-block-list\">\n<li>Bei Transformationen und in Integrationsprojekten<\/li>\n\n\n\n<li>Um neue Strukturen und Prozesse zu implementieren<\/li>\n\n\n\n<li>Bei aktuell unzureichender F\u00fchrung dieses Bereichs<\/li>\n\n\n\n<li>Wenn Unterst\u00fctzungsbedarf bei konkreten Aufgaben besteht<\/li>\n\n\n\n<li>Wenn eine entsprechende F\u00fchrungsposition kurzfristig zu besetzen ist<\/li>\n\n\n\n<li>Wenn es Probleme im Lieferketten-Management gibt<\/li>\n<\/ul>\n<\/div>\n\n\n\n<div class=\"wp-block-column has-white-color has-primary-background-color has-text-color has-background has-link-color wp-elements-ba6199cbaa038ec9806ee899ce4d6a7f is-layout-flow wp-block-column-is-layout-flow\" style=\"padding-top:var(--wp--preset--spacing--40);padding-right:var(--wp--preset--spacing--40);padding-bottom:var(--wp--preset--spacing--40);padding-left:var(--wp--preset--spacing--40)\">\n<h4 class=\"wp-block-heading\" id=\"h-welche-aufgaben-kann-ein-interim-supply-chain-manager-wahrnehmen\">Welche Aufgaben kann ein Interim Supply Chain Manager wahrnehmen?<\/h4>\n\n\n\n<p>Abh\u00e4ngig von der Komplexit\u00e4t der Aufgabe und der Gr\u00f6\u00dfe des Unternehmens kann ein Interim Supply Chain Manager folgende Rollen \u00fcbernehmen:<\/p>\n\n\n\n<ul class=\"wp-block-list\">\n<li>Supply Chain Manager:in<\/li>\n\n\n\n<li>Logistik-Manager:in<\/li>\n\n\n\n<li>Einkaufsleiter:in<\/li>\n\n\n\n<li>Warenfluss-Manager:in<\/li>\n\n\n\n<li>Projektmanager:in f\u00fcr spezifische Projekte im Beschaffungsbereich<\/li>\n<\/ul>\n\n\n\n<p>Wollen Sie mehr wissen? <a href=\"https:\/\/mf.ag\/de\/kontakt\/\">Kontaktieren Sie uns!<\/a><\/p>\n<\/div>\n<\/div>\n\n\n\n<div class=\"wp-block-group has-custom-white-color has-secondary-background-color has-text-color has-background has-global-padding is-layout-constrained wp-container-core-group-is-layout-52009084 wp-block-group-is-layout-constrained\" style=\"padding-top:var(--wp--preset--spacing--40);padding-right:var(--wp--preset--spacing--40);padding-bottom:var(--wp--preset--spacing--40);padding-left:var(--wp--preset--spacing--40)\">\n<h4 class=\"wp-block-heading\" id=\"h-quality-power-and-commitment\">Quality, power and commitment<\/h4>\n\n\n\n<p>Management Factor has been supporting clients from a winde range of industries with interim management since 2001. As market leader, we stand for the highest quality of our services, both professional commitment and realisation strength. We offer Interim Management and Executive Interim Management solutions to critical and complex business challenges.<\/p>\n\n\n\n<div class=\"wp-block-buttons is-layout-flex wp-block-buttons-is-layout-flex\">\n<div class=\"wp-block-button\"><a class=\"wp-block-button__link has-base-color has-text-color has-link-color wp-element-button\" href=\"https:\/\/mf.ag\/de\/uber-uns\/\">Read about our story here<\/a><\/div>\n<\/div>\n<\/div>\n","protected":false},"excerpt":{"rendered":"<p>Der Supply Chain Manager spielt eine sehr wichtige Rolle in der produzierenden Industrie. Interim Supply Chain Manager:innen sind sehr hilfreich, wenn ein Unternehmen vor einer Ver\u00e4nderung, Internationalisierung oder Schlie\u00dfung steht. Dar\u00fcber hinaus kommt Interim Management zum Einsatz, wenn die gesuchte Kompetenz weder intern noch extern verf\u00fcgbar ist oder eine offene F\u00fchrungsposition zur \u00dcberbr\u00fcckung besetzt werden [&hellip;]<\/p>\n","protected":false},"author":1,"featured_media":0,"parent":0,"menu_order":0,"comment_status":"closed","ping_status":"closed","template":"","meta":{"inline_featured_image":false,"footnotes":""},"class_list":["post-51682","page","type-page","status-publish","hentry"],"featured_image_urls_v2":{"full":"","thumbnail":"","medium":"","medium_large":"","large":"","1536x1536":"","2048x2048":"","gform-image-choice-sm":"","gform-image-choice-md":"","gform-image-choice-lg":"","profile_24":"","profile_48":"","profile_96":"","profile_150":"","profile_300":""},"post_excerpt_stackable_v2":"<p>Der Supply Chain Manager spielt eine sehr wichtige Rolle in der produzierenden Industrie. Interim Supply Chain Manager:innen sind sehr hilfreich, wenn ein Unternehmen vor einer Ver\u00e4nderung, Internationalisierung oder Schlie\u00dfung steht. Dar\u00fcber hinaus kommt Interim Management zum Einsatz, wenn die gesuchte Kompetenz weder intern noch extern verf\u00fcgbar ist oder eine offene F\u00fchrungsposition zur \u00dcberbr\u00fcckung besetzt werden muss. Ein Interim Manager kann sofort starten und bringt Erfahrung und eine souver\u00e4ne F\u00fchrungspers\u00f6nlichkeit mit. Er oder sie verf\u00fcgt au\u00dferdem \u00fcber die F\u00e4higkeit, die beschlossenen Ma\u00dfnahmen tatkr\u00e4ftig umzusetzen. Wir haben das st\u00e4rkste Netzwerk von Interim Supply Chain Managern. Interim Supply Chain Manager im Netzwerk der&hellip;<\/p>\n","category_list_v2":"","author_info_v2":{"name":"Pierre","url":"https:\/\/mf.ag\/de\/author\/superfun\/"},"comments_num_v2":"0 comments","yoast_head":"<!-- This site is optimized with the Yoast SEO Premium plugin v25.8 (Yoast SEO v27.4) - https:\/\/yoast.com\/product\/yoast-seo-premium-wordpress\/ -->\n<title>Interim Supply Chain Manager | Management Factory<\/title>\n<meta name=\"description\" content=\"Entdecken Sie unsere erfahrenen Interim Manager und Managerinnen f\u00fcr Ihr Unternehmen. Finden Sie hier den richtigen Kandidaten.\" \/>\n<meta name=\"robots\" content=\"index, follow, max-snippet:-1, max-image-preview:large, max-video-preview:-1\" \/>\n<link rel=\"canonical\" href=\"https:\/\/mf.ag\/de\/interim-supply-chain-managerin\/\" \/>\n<meta property=\"og:locale\" content=\"de_DE\" \/>\n<meta property=\"og:type\" content=\"article\" \/>\n<meta property=\"og:title\" content=\"Interim Supply Chain Manager:in\" \/>\n<meta property=\"og:description\" content=\"Entdecken Sie unsere erfahrenen Interim Manager und Managerinnen f\u00fcr Ihr Unternehmen. Finden Sie hier den richtigen Kandidaten.\" \/>\n<meta property=\"og:url\" content=\"https:\/\/mf.ag\/de\/interim-supply-chain-managerin\/\" \/>\n<meta property=\"og:site_name\" content=\"Management Factory\" \/>\n<meta property=\"article:modified_time\" content=\"2025-05-26T13:26:32+00:00\" \/>\n<meta property=\"og:image\" content=\"https:\/\/mf.ag\/wp-content\/uploads\/2023\/11\/ManagementFactory_c_David_Bohmann_005-1-1024x683.jpg\" \/>\n<meta name=\"twitter:card\" content=\"summary_large_image\" \/>\n<meta name=\"twitter:label1\" content=\"Gesch\u00e4tzte Lesezeit\" \/>\n\t<meta name=\"twitter:data1\" content=\"4\u00a0Minuten\" \/>\n<script type=\"application\/ld+json\" class=\"yoast-schema-graph\">{\"@context\":\"https:\\\/\\\/schema.org\",\"@graph\":[{\"@type\":\"WebPage\",\"@id\":\"https:\\\/\\\/mf.ag\\\/de\\\/interim-supply-chain-managerin\\\/\",\"url\":\"https:\\\/\\\/mf.ag\\\/de\\\/interim-supply-chain-managerin\\\/\",\"name\":\"Interim Supply Chain Manager | Management Factory\",\"isPartOf\":{\"@id\":\"https:\\\/\\\/mf.ag\\\/de\\\/#website\"},\"primaryImageOfPage\":{\"@id\":\"https:\\\/\\\/mf.ag\\\/de\\\/interim-supply-chain-managerin\\\/#primaryimage\"},\"image\":{\"@id\":\"https:\\\/\\\/mf.ag\\\/de\\\/interim-supply-chain-managerin\\\/#primaryimage\"},\"thumbnailUrl\":\"https:\\\/\\\/mf.ag\\\/wp-content\\\/uploads\\\/2023\\\/11\\\/ManagementFactory_c_David_Bohmann_005-1-1024x683.jpg\",\"datePublished\":\"2021-10-29T13:05:26+00:00\",\"dateModified\":\"2025-05-26T13:26:32+00:00\",\"description\":\"Entdecken Sie unsere erfahrenen Interim Manager und Managerinnen f\u00fcr Ihr Unternehmen. Finden Sie hier den richtigen Kandidaten.\",\"breadcrumb\":{\"@id\":\"https:\\\/\\\/mf.ag\\\/de\\\/interim-supply-chain-managerin\\\/#breadcrumb\"},\"inLanguage\":\"de\",\"potentialAction\":[{\"@type\":\"ReadAction\",\"target\":[\"https:\\\/\\\/mf.ag\\\/de\\\/interim-supply-chain-managerin\\\/\"]}]},{\"@type\":\"ImageObject\",\"inLanguage\":\"de\",\"@id\":\"https:\\\/\\\/mf.ag\\\/de\\\/interim-supply-chain-managerin\\\/#primaryimage\",\"url\":\"https:\\\/\\\/mf.ag\\\/wp-content\\\/uploads\\\/2023\\\/11\\\/ManagementFactory_c_David_Bohmann_005-1-1024x683.jpg\",\"contentUrl\":\"https:\\\/\\\/mf.ag\\\/wp-content\\\/uploads\\\/2023\\\/11\\\/ManagementFactory_c_David_Bohmann_005-1-1024x683.jpg\"},{\"@type\":\"BreadcrumbList\",\"@id\":\"https:\\\/\\\/mf.ag\\\/de\\\/interim-supply-chain-managerin\\\/#breadcrumb\",\"itemListElement\":[{\"@type\":\"ListItem\",\"position\":1,\"name\":\"Home\",\"item\":\"https:\\\/\\\/mf.ag\\\/de\\\/\"},{\"@type\":\"ListItem\",\"position\":2,\"name\":\"Interim Supply Chain Manager:in\"}]},{\"@type\":\"WebSite\",\"@id\":\"https:\\\/\\\/mf.ag\\\/de\\\/#website\",\"url\":\"https:\\\/\\\/mf.ag\\\/de\\\/\",\"name\":\"Management Factory\",\"description\":\"Mit Executive Interim Management und Financial Advisory das Gesch\u00e4ft voranbringen\",\"publisher\":{\"@id\":\"https:\\\/\\\/mf.ag\\\/de\\\/#organization\"},\"potentialAction\":[{\"@type\":\"SearchAction\",\"target\":{\"@type\":\"EntryPoint\",\"urlTemplate\":\"https:\\\/\\\/mf.ag\\\/de\\\/?s={search_term_string}\"},\"query-input\":{\"@type\":\"PropertyValueSpecification\",\"valueRequired\":true,\"valueName\":\"search_term_string\"}}],\"inLanguage\":\"de\"},{\"@type\":\"Organization\",\"@id\":\"https:\\\/\\\/mf.ag\\\/de\\\/#organization\",\"name\":\"Management Factory\",\"url\":\"https:\\\/\\\/mf.ag\\\/de\\\/\",\"logo\":{\"@type\":\"ImageObject\",\"inLanguage\":\"de\",\"@id\":\"https:\\\/\\\/mf.ag\\\/de\\\/#\\\/schema\\\/logo\\\/image\\\/\",\"url\":\"\",\"contentUrl\":\"\",\"caption\":\"Management Factory\"},\"image\":{\"@id\":\"https:\\\/\\\/mf.ag\\\/de\\\/#\\\/schema\\\/logo\\\/image\\\/\"}}]}<\/script>\n<!-- \/ Yoast SEO Premium plugin. -->","yoast_head_json":{"title":"Interim Supply Chain Manager | Management Factory","description":"Entdecken Sie unsere erfahrenen Interim Manager und Managerinnen f\u00fcr Ihr Unternehmen. Finden Sie hier den richtigen Kandidaten.","robots":{"index":"index","follow":"follow","max-snippet":"max-snippet:-1","max-image-preview":"max-image-preview:large","max-video-preview":"max-video-preview:-1"},"canonical":"https:\/\/mf.ag\/de\/interim-supply-chain-managerin\/","og_locale":"de_DE","og_type":"article","og_title":"Interim Supply Chain Manager:in","og_description":"Entdecken Sie unsere erfahrenen Interim Manager und Managerinnen f\u00fcr Ihr Unternehmen. Finden Sie hier den richtigen Kandidaten.","og_url":"https:\/\/mf.ag\/de\/interim-supply-chain-managerin\/","og_site_name":"Management Factory","article_modified_time":"2025-05-26T13:26:32+00:00","og_image":[{"url":"https:\/\/mf.ag\/wp-content\/uploads\/2023\/11\/ManagementFactory_c_David_Bohmann_005-1-1024x683.jpg","type":"","width":"","height":""}],"twitter_card":"summary_large_image","twitter_misc":{"Gesch\u00e4tzte Lesezeit":"4\u00a0Minuten"},"schema":{"@context":"https:\/\/schema.org","@graph":[{"@type":"WebPage","@id":"https:\/\/mf.ag\/de\/interim-supply-chain-managerin\/","url":"https:\/\/mf.ag\/de\/interim-supply-chain-managerin\/","name":"Interim Supply Chain Manager | Management Factory","isPartOf":{"@id":"https:\/\/mf.ag\/de\/#website"},"primaryImageOfPage":{"@id":"https:\/\/mf.ag\/de\/interim-supply-chain-managerin\/#primaryimage"},"image":{"@id":"https:\/\/mf.ag\/de\/interim-supply-chain-managerin\/#primaryimage"},"thumbnailUrl":"https:\/\/mf.ag\/wp-content\/uploads\/2023\/11\/ManagementFactory_c_David_Bohmann_005-1-1024x683.jpg","datePublished":"2021-10-29T13:05:26+00:00","dateModified":"2025-05-26T13:26:32+00:00","description":"Entdecken Sie unsere erfahrenen Interim Manager und Managerinnen f\u00fcr Ihr Unternehmen. Finden Sie hier den richtigen Kandidaten.","breadcrumb":{"@id":"https:\/\/mf.ag\/de\/interim-supply-chain-managerin\/#breadcrumb"},"inLanguage":"de","potentialAction":[{"@type":"ReadAction","target":["https:\/\/mf.ag\/de\/interim-supply-chain-managerin\/"]}]},{"@type":"ImageObject","inLanguage":"de","@id":"https:\/\/mf.ag\/de\/interim-supply-chain-managerin\/#primaryimage","url":"https:\/\/mf.ag\/wp-content\/uploads\/2023\/11\/ManagementFactory_c_David_Bohmann_005-1-1024x683.jpg","contentUrl":"https:\/\/mf.ag\/wp-content\/uploads\/2023\/11\/ManagementFactory_c_David_Bohmann_005-1-1024x683.jpg"},{"@type":"BreadcrumbList","@id":"https:\/\/mf.ag\/de\/interim-supply-chain-managerin\/#breadcrumb","itemListElement":[{"@type":"ListItem","position":1,"name":"Home","item":"https:\/\/mf.ag\/de\/"},{"@type":"ListItem","position":2,"name":"Interim Supply Chain Manager:in"}]},{"@type":"WebSite","@id":"https:\/\/mf.ag\/de\/#website","url":"https:\/\/mf.ag\/de\/","name":"Management Factory","description":"Mit Executive Interim Management und Financial Advisory das Gesch\u00e4ft voranbringen","publisher":{"@id":"https:\/\/mf.ag\/de\/#organization"},"potentialAction":[{"@type":"SearchAction","target":{"@type":"EntryPoint","urlTemplate":"https:\/\/mf.ag\/de\/?s={search_term_string}"},"query-input":{"@type":"PropertyValueSpecification","valueRequired":true,"valueName":"search_term_string"}}],"inLanguage":"de"},{"@type":"Organization","@id":"https:\/\/mf.ag\/de\/#organization","name":"Management Factory","url":"https:\/\/mf.ag\/de\/","logo":{"@type":"ImageObject","inLanguage":"de","@id":"https:\/\/mf.ag\/de\/#\/schema\/logo\/image\/","url":"","contentUrl":"","caption":"Management Factory"},"image":{"@id":"https:\/\/mf.ag\/de\/#\/schema\/logo\/image\/"}}]}},"_links":{"self":[{"href":"https:\/\/mf.ag\/de\/wp-json\/wp\/v2\/pages\/51682","targetHints":{"allow":["GET"]}}],"collection":[{"href":"https:\/\/mf.ag\/de\/wp-json\/wp\/v2\/pages"}],"about":[{"href":"https:\/\/mf.ag\/de\/wp-json\/wp\/v2\/types\/page"}],"author":[{"embeddable":true,"href":"https:\/\/mf.ag\/de\/wp-json\/wp\/v2\/users\/1"}],"replies":[{"embeddable":true,"href":"https:\/\/mf.ag\/de\/wp-json\/wp\/v2\/comments?post=51682"}],"version-history":[{"count":16,"href":"https:\/\/mf.ag\/de\/wp-json\/wp\/v2\/pages\/51682\/revisions"}],"predecessor-version":[{"id":60906,"href":"https:\/\/mf.ag\/de\/wp-json\/wp\/v2\/pages\/51682\/revisions\/60906"}],"wp:attachment":[{"href":"https:\/\/mf.ag\/de\/wp-json\/wp\/v2\/media?parent=51682"}],"curies":[{"name":"wp","href":"https:\/\/api.w.org\/{rel}","templated":true}]}}